{"id":2857,"date":"2025-07-14T09:45:40","date_gmt":"2025-07-14T09:45:40","guid":{"rendered":"https:\/\/customizedwaterbottles.com\/?post_type=product&#038;p=2857"},"modified":"2025-07-15T07:47:59","modified_gmt":"2025-07-15T07:47:59","slug":"20oz-30oz-40oz-wholesale-stainless-steel-coffee-tumblers-with-portable-lid","status":"publish","type":"product","link":"https:\/\/customizedwaterbottles.com\/pt\/product\/20oz-30oz-40oz-wholesale-stainless-steel-coffee-tumblers-with-portable-lid\/","title":{"rendered":"Copos de caf\u00e9 de a\u00e7o inoxid\u00e1vel de 20 oz 30 oz 40 oz por atacado com tampa port\u00e1til 1081610T"},"content":{"rendered":"<table>\n<tbody>\n<tr>\n<td width=\"426\">Nome do produto<\/td>\n<td width=\"426\">Copos de caf\u00e9 de a\u00e7o inoxid\u00e1vel de 20 oz 30 oz 40 oz por atacado com tampa port\u00e1til<\/td>\n<\/tr>\n<tr>\n<td width=\"426\">Capacidade<\/td>\n<td width=\"426\">20 on\u00e7as 30 on\u00e7as 40 on\u00e7as<\/td>\n<\/tr>\n<tr>\n<td width=\"426\">Material<\/td>\n<td width=\"426\">Parede dupla em a\u00e7o inoxid\u00e1vel<\/td>\n<\/tr>\n<tr>\n<td width=\"426\">Cor<\/td>\n<td width=\"426\">Pintura brilhante, pintura mate, revestimento em p\u00f3, etc.<\/td>\n<\/tr>\n<tr>\n<td width=\"426\">Log\u00f3tipo<\/td>\n<td width=\"426\">Impress\u00e3o serigr\u00e1fica, impress\u00e3o por transfer\u00eancia t\u00e9rmica, grava\u00e7\u00e3o a laser, transfer\u00eancia de \u00e1gua, etc.<\/td>\n<\/tr>\n<tr>\n<td width=\"426\">MOQ<\/td>\n<td width=\"426\">50 unidades<\/td>\n<\/tr>\n<tr>\n<td width=\"426\">Tempo de amostragem<\/td>\n<td width=\"426\">3-7 dias para design personalizado<\/td>\n<\/tr>\n<tr>\n<td width=\"426\">Certifica\u00e7\u00e3o<\/td>\n<td width=\"426\">FDA, LFGB<\/td>\n<\/tr>\n<tr>\n<td width=\"426\">Embalagem<\/td>\n<td width=\"426\">Caixa branca, caixa de cor ou caixa com desenho personalizado<\/td>\n<\/tr>\n<tr>\n<td width=\"426\">Capacidade de produ\u00e7\u00e3o<\/td>\n<td width=\"426\">500.000 unidades por m\u00eas<\/td>\n<\/tr>\n<tr>\n<td width=\"426\">Prazo de entrega<\/td>\n<td width=\"426\">25-35dias para quantidades inferiores a 20.000pcs<\/td>\n<\/tr>\n<\/tbody>\n<\/table>\n<h2><strong>Por que escolher Ifun Customized Wholesale Travel Tumblers?<\/strong><\/h2>\n<p><span style=\"color: #000000;\"><strong>1. controlo da temperatura durante todo o dia<\/strong><\/span><\/p>\n<p>O isolamento a v\u00e1cuo de parede dupla da Ifun mant\u00e9m a temperatura durante muito mais tempo do que as garrafas normais. Quer esteja a trabalhar, a estudar, a viajar ou a aventurar-se ao ar livre, desfrute das suas bebidas \u00e0 temperatura perfeita em qualquer altura.<\/p>\n<p><span style=\"color: #000000;\"><strong>2. constru\u00e7\u00e3o robusta com materiais de qualidade superior<\/strong><\/span><\/p>\n<p>Fabricado no interior e no exterior com a\u00e7o inoxid\u00e1vel 304 de qualidade alimentar e de alta qualidade, \u00e9 seguro para todas as bebidas, n\u00e3o tem sabores estranhos e \u00e9 extremamente resistente a amolgadelas e riscos.<\/p>\n<p><span style=\"color: #000000;\"><strong>3. design \u00fanico da tampa<\/strong><\/span><\/p>\n<p>As garrafas de \u00e1gua Ifun v\u00eam com uma tampa \u00e0 prova de fugas, pode lev\u00e1-las para o exterior para viajar, n\u00e3o importa onde for, sem preocupa\u00e7\u00f5es.<\/p>\n<p><span style=\"color: #000000;\"><strong>4. escolha de capacidade m\u00faltipla<\/strong><\/span><\/p>\n<p>Com capacidade para 20 oz, 30 oz, 40 oz, este copo \u00e9 perfeito para quem bebe muito, para os amantes da boa forma f\u00edsica ou para os profissionais que trabalham \u00e0 secret\u00e1ria.<\/p>\n<p><span style=\"color: #000000;\"><strong>5. exterior sem suor<\/strong><\/span><\/p>\n<p>O nosso frasco de v\u00e1cuo com isolamento a v\u00e1cuo n\u00e3o s\u00f3 mant\u00e9m as bebidas frias, como tamb\u00e9m mant\u00e9m o exterior seco. N\u00e3o precisa de se preocupar com a condensa\u00e7\u00e3o das bebidas frias que molha as suas m\u00e3os ou a mesa.<\/p>\n<p><span style=\"color: #000000;\"><strong>6.15anos+ de experi\u00eancia de fabrico<\/strong><\/span><\/p>\n<p>Ifun concentra-se em produtos de bebidas h\u00e1 mais de 15 anos, nosso produto inclui copo de a\u00e7o inoxid\u00e1vel, garrafas de \u00e1gua isoladas a v\u00e1cuo, canecas de viagem, copos t\u00e9rmicos etc. Temos equipas profissionais para garantir que os produtos s\u00e3o de alta qualidade.<\/p>\n<p><span style=\"color: #000000;\"><strong>7. servi\u00e7o OEM e ODM dispon\u00edvel<\/strong><\/span><\/p>\n<p>Como fabricante de garrafas de a\u00e7o inoxid\u00e1vel, a Ifun fornece servi\u00e7os OEM e ODM aos nossos clientes. Independentemente das cores, log\u00f3tipos, embalagens ou tamanhos, tamb\u00e9m podemos personalizar para si.<\/p>\n<p>&nbsp;<\/p>\n<p><img decoding=\"async\" class=\"alignnone size-medium wp-image-2865\" src=\"https:\/\/customizedwaterbottles.com\/wp-content\/uploads\/2025\/07\/thermal-tumbler-1.webp\" alt=\"\" width=\"800\" height=\"800\" srcset=\"https:\/\/customizedwaterbottles.com\/wp-content\/uploads\/2025\/07\/thermal-tumbler-1.webp 800w, https:\/\/customizedwaterbottles.com\/wp-content\/uploads\/2025\/07\/thermal-tumbler-1-768x768.webp 768w, https:\/\/customizedwaterbottles.com\/wp-content\/uploads\/2025\/07\/thermal-tumbler-1-300x300.webp 300w, https:\/\/customizedwaterbottles.com\/wp-content\/uploads\/2025\/07\/thermal-tumbler-1-600x600.webp 600w, https:\/\/customizedwaterbottles.com\/wp-content\/uploads\/2025\/07\/thermal-tumbler-1-100x100.webp 100w\" sizes=\"(max-width: 800px) 100vw, 800px\" \/> <img decoding=\"async\" class=\"alignnone size-medium wp-image-2866\" src=\"https:\/\/customizedwaterbottles.com\/wp-content\/uploads\/2025\/07\/thermal-tumbler-2-1.webp\" alt=\"\" width=\"1600\" height=\"1600\" srcset=\"https:\/\/customizedwaterbottles.com\/wp-content\/uploads\/2025\/07\/thermal-tumbler-2-1.webp 1600w, https:\/\/customizedwaterbottles.com\/wp-content\/uploads\/2025\/07\/thermal-tumbler-2-1-1024x1024.webp 1024w, https:\/\/customizedwaterbottles.com\/wp-content\/uploads\/2025\/07\/thermal-tumbler-2-1-768x768.webp 768w, https:\/\/customizedwaterbottles.com\/wp-content\/uploads\/2025\/07\/thermal-tumbler-2-1-1536x1536.webp 1536w, https:\/\/customizedwaterbottles.com\/wp-content\/uploads\/2025\/07\/thermal-tumbler-2-1-300x300.webp 300w, https:\/\/customizedwaterbottles.com\/wp-content\/uploads\/2025\/07\/thermal-tumbler-2-1-600x600.webp 600w, https:\/\/customizedwaterbottles.com\/wp-content\/uploads\/2025\/07\/thermal-tumbler-2-1-100x100.webp 100w\" sizes=\"(max-width: 1600px) 100vw, 1600px\" \/> <img decoding=\"async\" class=\"alignnone size-medium wp-image-2867\" src=\"https:\/\/customizedwaterbottles.com\/wp-content\/uploads\/2025\/07\/thermal-tumbler-3-1.webp\" alt=\"\" width=\"1600\" height=\"1600\" srcset=\"https:\/\/customizedwaterbottles.com\/wp-content\/uploads\/2025\/07\/thermal-tumbler-3-1.webp 1600w, https:\/\/customizedwaterbottles.com\/wp-content\/uploads\/2025\/07\/thermal-tumbler-3-1-1024x1024.webp 1024w, https:\/\/customizedwaterbottles.com\/wp-content\/uploads\/2025\/07\/thermal-tumbler-3-1-768x768.webp 768w, https:\/\/customizedwaterbottles.com\/wp-content\/uploads\/2025\/07\/thermal-tumbler-3-1-1536x1536.webp 1536w, https:\/\/customizedwaterbottles.com\/wp-content\/uploads\/2025\/07\/thermal-tumbler-3-1-300x300.webp 300w, https:\/\/customizedwaterbottles.com\/wp-content\/uploads\/2025\/07\/thermal-tumbler-3-1-600x600.webp 600w, https:\/\/customizedwaterbottles.com\/wp-content\/uploads\/2025\/07\/thermal-tumbler-3-1-100x100.webp 100w\" sizes=\"(max-width: 1600px) 100vw, 1600px\" \/> <img decoding=\"async\" class=\"alignnone size-medium wp-image-2868\" src=\"https:\/\/customizedwaterbottles.com\/wp-content\/uploads\/2025\/07\/thermal-tumbler-4.webp\" alt=\"\" width=\"1600\" height=\"1600\" srcset=\"https:\/\/customizedwaterbottles.com\/wp-content\/uploads\/2025\/07\/thermal-tumbler-4.webp 1600w, https:\/\/customizedwaterbottles.com\/wp-content\/uploads\/2025\/07\/thermal-tumbler-4-1024x1024.webp 1024w, https:\/\/customizedwaterbottles.com\/wp-content\/uploads\/2025\/07\/thermal-tumbler-4-768x768.webp 768w, https:\/\/customizedwaterbottles.com\/wp-content\/uploads\/2025\/07\/thermal-tumbler-4-1536x1536.webp 1536w, https:\/\/customizedwaterbottles.com\/wp-content\/uploads\/2025\/07\/thermal-tumbler-4-300x300.webp 300w, https:\/\/customizedwaterbottles.com\/wp-content\/uploads\/2025\/07\/thermal-tumbler-4-600x600.webp 600w, https:\/\/customizedwaterbottles.com\/wp-content\/uploads\/2025\/07\/thermal-tumbler-4-100x100.webp 100w\" sizes=\"(max-width: 1600px) 100vw, 1600px\" \/><\/p>","protected":false},"excerpt":{"rendered":"<h3><strong>Carater\u00edsticas do produto:<\/strong><\/h3>\n<ul>\n<li><strong>Op\u00e7\u00f5es de capacidade tripla: <\/strong>Os copos de caf\u00e9 Ifun oferecem um tamanho vers\u00e1til para satisfazer as suas necessidades: 20 on\u00e7as para por\u00e7\u00f5es normais, 30 on\u00e7as para uma utiliza\u00e7\u00e3o mais prolongada e 40 on\u00e7as para hidrata\u00e7\u00e3o durante todo o dia. Ideal para compradores grossistas que satisfazem as diferentes prefer\u00eancias dos clientes ou cen\u00e1rios de utiliza\u00e7\u00e3o.<\/li>\n<li><strong>Tecnologia avan\u00e7ada de isolamento a v\u00e1cuo:<\/strong> Possui uma constru\u00e7\u00e3o de parede dupla com uma camada selada a v\u00e1cuo. Mant\u00e9m eficazmente a temperatura das bebidas - mantendo o caf\u00e9 quente durante mais de 12 horas ou as bebidas geladas frias durante mais de 24 horas - ao mesmo tempo que evita a condensa\u00e7\u00e3o exterior.<\/li>\n<li><strong>A\u00e7o inoxid\u00e1vel 18\/8 de qualidade alimentar:<\/strong> Fabricado em a\u00e7o inoxid\u00e1vel 18\/8, seguro para alimentos e resistente \u00e0 ferrugem. Assegura a durabilidade contra amolgadelas, corros\u00e3o e transfer\u00eancia de sabor, tornando-o adequado para uma utiliza\u00e7\u00e3o di\u00e1ria e robusta em qualquer ambiente.<\/li>\n<li><strong>Tampa port\u00e1til \u00e0 prova de fugas: <\/strong>Este copo de caf\u00e9 inclui uma tampa 2 em 1 \u00e0 prova de fugas. Concebido para utiliza\u00e7\u00e3o em viagem, evita derrames em sacos ou suportes para copos, permitindo um gole f\u00e1cil.<\/li>\n<li><strong>Sweat-Free &amp; Non-Slip Base Design: <\/strong>Vacuum insulation eliminates &#8220;sweating&#8221; to protect surfaces. Features a non-slip, scratch-resistant base ring for stability on desks, car consoles, or uneven surfaces.<\/li>\n<li><strong>Punho com contorno ergon\u00f3mico:<\/strong> Corpo concebido com um afunilamento subtil ou acabamento texturado para uma pega confort\u00e1vel e segura com uma m\u00e3o - mesmo com tamanhos maiores de 30 oz\/40 oz - reduzindo a fadiga durante uma utiliza\u00e7\u00e3o prolongada.<\/li>\n<li><strong>Wholesale-Ready &amp; Customization-Friendly: <\/strong>Os copos t\u00e9rmicos Ifun s\u00e3o enviados em embalagens eficientes a granel para um aprovisionamento econ\u00f3mico. O acabamento em a\u00e7o inoxid\u00e1vel simples permite a grava\u00e7\u00e3o a laser, a impress\u00e3o ou a grava\u00e7\u00e3o para uma marca personalizada, aumentando o valor de revenda.<\/li>\n<\/ul>\n<h3><strong>Servi\u00e7os personalizados:<\/strong><\/h3>\n<ul>\n<li><strong>Log\u00f3tipo e design:<\/strong> As garrafas de a\u00e7o inoxid\u00e1vel Ifun suportam o log\u00f3tipo personalizado da sua marca. Podemos fazer o seu log\u00f3tipo e design com serigrafia, grava\u00e7\u00e3o a laser, transfer\u00eancia de calor, impress\u00e3o 3D, impress\u00e3o UV, etc.<\/li>\n<li><strong>Cor:<\/strong> As cores podem ser personalizadas de acordo com o n\u00famero de cor pantone, podemos faz\u00ea-lo com acabamento mate, pintura brilhante, revestimento em p\u00f3, etc.<\/li>\n<li><strong>Capacidade:<\/strong> Temos capacidade de 20 on\u00e7as, 30 on\u00e7as, 40 on\u00e7as, outras capacidades tamb\u00e9m podemos personalizar para si.<\/li>\n<li><strong>Tampas: <\/strong>100% Tampa estanque BPA FREE, a cor pode ser personalizada.<\/li>\n<li><strong>Embalagem: <\/strong>Caixa de cor, caixa branca, caixa de oferta, caixa de cart\u00e3o castanho, caixa cil\u00edndrica, etc.<\/li>\n<\/ul>","protected":false},"featured_media":2858,"comment_status":"open","ping_status":"closed","template":"","meta":[],"product_brand":[],"product_cat":[23],"product_tag":[103,105,104],"class_list":{"0":"post-2857","1":"product","2":"type-product","3":"status-publish","4":"has-post-thumbnail","6":"product_cat-insulated-tumblers-mugs","7":"product_tag-coffee-tumblers","8":"product_tag-oem-tumblers","9":"product_tag-promotional-tumblers","11":"first","12":"instock","13":"shipping-taxable","14":"product-type-simple"},"yoast_head":"<!-- This site is optimized with the Yoast SEO plugin v25.4 - https:\/\/yoast.com\/wordpress\/plugins\/seo\/ -->\n<title>20oz 30oz 40oz Wholesale Stainless Steel Coffee Tumblers<\/title>\n<meta name=\"description\" content=\"Durable stainless steel coffee tumbler, come with sip and spout 2 in 1 drinking lid, 100% leakage proof. It is portable for outdoor travelling.\" \/>\n<meta name=\"robots\" content=\"index, follow, max-snippet:-1, max-image-preview:large, max-video-preview:-1\" \/>\n<link rel=\"canonical\" href=\"https:\/\/customizedwaterbottles.com\/pt\/product\/20oz-30oz-40oz-wholesale-stainless-steel-coffee-tumblers-with-portable-lid\/\" \/>\n<meta property=\"og:locale\" content=\"pt_PT\" \/>\n<meta property=\"og:type\" content=\"article\" \/>\n<meta property=\"og:title\" content=\"20oz 30oz 40oz Wholesale Stainless Steel Coffee Tumblers\" \/>\n<meta property=\"og:description\" content=\"Durable stainless steel coffee tumbler, come with sip and spout 2 in 1 drinking lid, 100% leakage proof. It is portable for outdoor travelling.\" \/>\n<meta property=\"og:url\" content=\"https:\/\/customizedwaterbottles.com\/pt\/product\/20oz-30oz-40oz-wholesale-stainless-steel-coffee-tumblers-with-portable-lid\/\" \/>\n<meta property=\"og:site_name\" content=\"iFun\" \/>\n<meta property=\"article:modified_time\" content=\"2025-07-15T07:47:59+00:00\" \/>\n<meta property=\"og:image\" content=\"https:\/\/customizedwaterbottles.com\/wp-content\/uploads\/2025\/07\/thermal-tumbler-8.webp\" \/>\n\t<meta property=\"og:image:width\" content=\"1280\" \/>\n\t<meta property=\"og:image:height\" content=\"1280\" \/>\n\t<meta property=\"og:image:type\" content=\"image\/webp\" \/>\n<meta name=\"twitter:card\" content=\"summary_large_image\" \/>\n<meta name=\"twitter:label1\" content=\"Tempo estimado de leitura\" \/>\n\t<meta name=\"twitter:data1\" content=\"3 minutos\" \/>\n<script type=\"application\/ld+json\" class=\"yoast-schema-graph\">{\"@context\":\"https:\/\/schema.org\",\"@graph\":[{\"@type\":\"WebPage\",\"@id\":\"https:\/\/customizedwaterbottles.com\/product\/20oz-30oz-40oz-wholesale-stainless-steel-coffee-tumblers-with-portable-lid\/\",\"url\":\"https:\/\/customizedwaterbottles.com\/product\/20oz-30oz-40oz-wholesale-stainless-steel-coffee-tumblers-with-portable-lid\/\",\"name\":\"20oz 30oz 40oz Wholesale Stainless Steel Coffee Tumblers\",\"isPartOf\":{\"@id\":\"https:\/\/customizedwaterbottles.com\/#website\"},\"primaryImageOfPage\":{\"@id\":\"https:\/\/customizedwaterbottles.com\/product\/20oz-30oz-40oz-wholesale-stainless-steel-coffee-tumblers-with-portable-lid\/#primaryimage\"},\"image\":{\"@id\":\"https:\/\/customizedwaterbottles.com\/product\/20oz-30oz-40oz-wholesale-stainless-steel-coffee-tumblers-with-portable-lid\/#primaryimage\"},\"thumbnailUrl\":\"https:\/\/customizedwaterbottles.com\/wp-content\/uploads\/2025\/07\/thermal-tumbler-8.webp\",\"datePublished\":\"2025-07-14T09:45:40+00:00\",\"dateModified\":\"2025-07-15T07:47:59+00:00\",\"description\":\"Durable stainless steel coffee tumbler, come with sip and spout 2 in 1 drinking lid, 100% leakage proof. It is portable for outdoor travelling.\",\"breadcrumb\":{\"@id\":\"https:\/\/customizedwaterbottles.com\/product\/20oz-30oz-40oz-wholesale-stainless-steel-coffee-tumblers-with-portable-lid\/#breadcrumb\"},\"inLanguage\":\"pt-PT\",\"potentialAction\":[{\"@type\":\"ReadAction\",\"target\":[\"https:\/\/customizedwaterbottles.com\/product\/20oz-30oz-40oz-wholesale-stainless-steel-coffee-tumblers-with-portable-lid\/\"]}]},{\"@type\":\"ImageObject\",\"inLanguage\":\"pt-PT\",\"@id\":\"https:\/\/customizedwaterbottles.com\/product\/20oz-30oz-40oz-wholesale-stainless-steel-coffee-tumblers-with-portable-lid\/#primaryimage\",\"url\":\"https:\/\/customizedwaterbottles.com\/wp-content\/uploads\/2025\/07\/thermal-tumbler-8.webp\",\"contentUrl\":\"https:\/\/customizedwaterbottles.com\/wp-content\/uploads\/2025\/07\/thermal-tumbler-8.webp\",\"width\":1280,\"height\":1280},{\"@type\":\"BreadcrumbList\",\"@id\":\"https:\/\/customizedwaterbottles.com\/product\/20oz-30oz-40oz-wholesale-stainless-steel-coffee-tumblers-with-portable-lid\/#breadcrumb\",\"itemListElement\":[{\"@type\":\"ListItem\",\"position\":1,\"name\":\"Home\",\"item\":\"https:\/\/customizedwaterbottles.com\/\"},{\"@type\":\"ListItem\",\"position\":2,\"name\":\"Products\",\"item\":\"https:\/\/customizedwaterbottles.com\/wholesale-drinkware-manufacturer-water-bottles-tumblers\/\"},{\"@type\":\"ListItem\",\"position\":3,\"name\":\"20oz 30oz 40oz Wholesale Stainless Steel Coffee Tumblers with Portable Lid 1081610T\"}]},{\"@type\":\"WebSite\",\"@id\":\"https:\/\/customizedwaterbottles.com\/#website\",\"url\":\"https:\/\/customizedwaterbottles.com\/\",\"name\":\"iFun\",\"description\":\"Water Bottles Stainless Steel Vacuum Flask\",\"potentialAction\":[{\"@type\":\"SearchAction\",\"target\":{\"@type\":\"EntryPoint\",\"urlTemplate\":\"https:\/\/customizedwaterbottles.com\/?s={search_term_string}\"},\"query-input\":{\"@type\":\"PropertyValueSpecification\",\"valueRequired\":true,\"valueName\":\"search_term_string\"}}],\"inLanguage\":\"pt-PT\"}]}<\/script>\n<!-- \/ Yoast SEO plugin. -->","yoast_head_json":{"title":"20oz 30oz 40oz Wholesale Stainless Steel Coffee Tumblers","description":"Durable stainless steel coffee tumbler, come with sip and spout 2 in 1 drinking lid, 100% leakage proof. It is portable for outdoor travelling.","robots":{"index":"index","follow":"follow","max-snippet":"max-snippet:-1","max-image-preview":"max-image-preview:large","max-video-preview":"max-video-preview:-1"},"canonical":"https:\/\/customizedwaterbottles.com\/pt\/product\/20oz-30oz-40oz-wholesale-stainless-steel-coffee-tumblers-with-portable-lid\/","og_locale":"pt_PT","og_type":"article","og_title":"20oz 30oz 40oz Wholesale Stainless Steel Coffee Tumblers","og_description":"Durable stainless steel coffee tumbler, come with sip and spout 2 in 1 drinking lid, 100% leakage proof. It is portable for outdoor travelling.","og_url":"https:\/\/customizedwaterbottles.com\/pt\/product\/20oz-30oz-40oz-wholesale-stainless-steel-coffee-tumblers-with-portable-lid\/","og_site_name":"iFun","article_modified_time":"2025-07-15T07:47:59+00:00","og_image":[{"width":1280,"height":1280,"url":"https:\/\/customizedwaterbottles.com\/wp-content\/uploads\/2025\/07\/thermal-tumbler-8.webp","type":"image\/webp"}],"twitter_card":"summary_large_image","twitter_misc":{"Tempo estimado de leitura":"3 minutos"},"schema":{"@context":"https:\/\/schema.org","@graph":[{"@type":"WebPage","@id":"https:\/\/customizedwaterbottles.com\/product\/20oz-30oz-40oz-wholesale-stainless-steel-coffee-tumblers-with-portable-lid\/","url":"https:\/\/customizedwaterbottles.com\/product\/20oz-30oz-40oz-wholesale-stainless-steel-coffee-tumblers-with-portable-lid\/","name":"20oz 30oz 40oz Wholesale Stainless Steel Coffee Tumblers","isPartOf":{"@id":"https:\/\/customizedwaterbottles.com\/#website"},"primaryImageOfPage":{"@id":"https:\/\/customizedwaterbottles.com\/product\/20oz-30oz-40oz-wholesale-stainless-steel-coffee-tumblers-with-portable-lid\/#primaryimage"},"image":{"@id":"https:\/\/customizedwaterbottles.com\/product\/20oz-30oz-40oz-wholesale-stainless-steel-coffee-tumblers-with-portable-lid\/#primaryimage"},"thumbnailUrl":"https:\/\/customizedwaterbottles.com\/wp-content\/uploads\/2025\/07\/thermal-tumbler-8.webp","datePublished":"2025-07-14T09:45:40+00:00","dateModified":"2025-07-15T07:47:59+00:00","description":"Durable stainless steel coffee tumbler, come with sip and spout 2 in 1 drinking lid, 100% leakage proof. It is portable for outdoor travelling.","breadcrumb":{"@id":"https:\/\/customizedwaterbottles.com\/product\/20oz-30oz-40oz-wholesale-stainless-steel-coffee-tumblers-with-portable-lid\/#breadcrumb"},"inLanguage":"pt-PT","potentialAction":[{"@type":"ReadAction","target":["https:\/\/customizedwaterbottles.com\/product\/20oz-30oz-40oz-wholesale-stainless-steel-coffee-tumblers-with-portable-lid\/"]}]},{"@type":"ImageObject","inLanguage":"pt-PT","@id":"https:\/\/customizedwaterbottles.com\/product\/20oz-30oz-40oz-wholesale-stainless-steel-coffee-tumblers-with-portable-lid\/#primaryimage","url":"https:\/\/customizedwaterbottles.com\/wp-content\/uploads\/2025\/07\/thermal-tumbler-8.webp","contentUrl":"https:\/\/customizedwaterbottles.com\/wp-content\/uploads\/2025\/07\/thermal-tumbler-8.webp","width":1280,"height":1280},{"@type":"BreadcrumbList","@id":"https:\/\/customizedwaterbottles.com\/product\/20oz-30oz-40oz-wholesale-stainless-steel-coffee-tumblers-with-portable-lid\/#breadcrumb","itemListElement":[{"@type":"ListItem","position":1,"name":"Home","item":"https:\/\/customizedwaterbottles.com\/"},{"@type":"ListItem","position":2,"name":"Products","item":"https:\/\/customizedwaterbottles.com\/wholesale-drinkware-manufacturer-water-bottles-tumblers\/"},{"@type":"ListItem","position":3,"name":"20oz 30oz 40oz Wholesale Stainless Steel Coffee Tumblers with Portable Lid 1081610T"}]},{"@type":"WebSite","@id":"https:\/\/customizedwaterbottles.com\/#website","url":"https:\/\/customizedwaterbottles.com\/","name":"iFun","description":"Water Bottles Stainless Steel Vacuum Flask","potentialAction":[{"@type":"SearchAction","target":{"@type":"EntryPoint","urlTemplate":"https:\/\/customizedwaterbottles.com\/?s={search_term_string}"},"query-input":{"@type":"PropertyValueSpecification","valueRequired":true,"valueName":"search_term_string"}}],"inLanguage":"pt-PT"}]}},"_links":{"self":[{"href":"https:\/\/customizedwaterbottles.com\/pt\/wp-json\/wp\/v2\/product\/2857","targetHints":{"allow":["GET"]}}],"collection":[{"href":"https:\/\/customizedwaterbottles.com\/pt\/wp-json\/wp\/v2\/product"}],"about":[{"href":"https:\/\/customizedwaterbottles.com\/pt\/wp-json\/wp\/v2\/types\/product"}],"replies":[{"embeddable":true,"href":"https:\/\/customizedwaterbottles.com\/pt\/wp-json\/wp\/v2\/comments?post=2857"}],"wp:featuredmedia":[{"embeddable":true,"href":"https:\/\/customizedwaterbottles.com\/pt\/wp-json\/wp\/v2\/media\/2858"}],"wp:attachment":[{"href":"https:\/\/customizedwaterbottles.com\/pt\/wp-json\/wp\/v2\/media?parent=2857"}],"wp:term":[{"taxonomy":"product_brand","embeddable":true,"href":"https:\/\/customizedwaterbottles.com\/pt\/wp-json\/wp\/v2\/product_brand?post=2857"},{"taxonomy":"product_cat","embeddable":true,"href":"https:\/\/customizedwaterbottles.com\/pt\/wp-json\/wp\/v2\/product_cat?post=2857"},{"taxonomy":"product_tag","embeddable":true,"href":"https:\/\/customizedwaterbottles.com\/pt\/wp-json\/wp\/v2\/product_tag?post=2857"}],"curies":[{"name":"wp","href":"https:\/\/api.w.org\/{rel}","templated":true}]}}