{"id":2897,"date":"2025-07-15T08:51:32","date_gmt":"2025-07-15T08:51:32","guid":{"rendered":"https:\/\/customizedwaterbottles.com\/?post_type=product&#038;p=2897"},"modified":"2025-07-15T09:14:25","modified_gmt":"2025-07-15T09:14:25","slug":"office-coffee-tumblers-durable-stainless-steel-304-inner-wall","status":"publish","type":"product","link":"https:\/\/customizedwaterbottles.com\/pt\/product\/office-coffee-tumblers-durable-stainless-steel-304-inner-wall\/","title":{"rendered":"Copos de caf\u00e9 para escrit\u00f3rio Parede interior em a\u00e7o inoxid\u00e1vel 304 dur\u00e1vel 1081613T"},"content":{"rendered":"<table>\n<tbody>\n<tr>\n<td width=\"426\">Nome do produto<\/td>\n<td width=\"426\">Office Coffee Tumblers Durable Stainless Steel 304 Inner Wall<\/td>\n<\/tr>\n<tr>\n<td width=\"426\">Capacidade<\/td>\n<td width=\"426\">350ml 500ml<\/td>\n<\/tr>\n<tr>\n<td width=\"426\">Material<\/td>\n<td width=\"426\">Parede dupla em a\u00e7o inoxid\u00e1vel<\/td>\n<\/tr>\n<tr>\n<td width=\"426\">Cor<\/td>\n<td width=\"426\">Pintura brilhante, pintura mate, revestimento em p\u00f3, etc.<\/td>\n<\/tr>\n<tr>\n<td width=\"426\">Log\u00f3tipo<\/td>\n<td width=\"426\">Impress\u00e3o serigr\u00e1fica, impress\u00e3o por transfer\u00eancia t\u00e9rmica, grava\u00e7\u00e3o a laser, transfer\u00eancia de \u00e1gua, etc.<\/td>\n<\/tr>\n<tr>\n<td width=\"426\">MOQ<\/td>\n<td width=\"426\">50 unidades<\/td>\n<\/tr>\n<tr>\n<td width=\"426\">Tempo de amostragem<\/td>\n<td width=\"426\">3-7 dias para design personalizado<\/td>\n<\/tr>\n<tr>\n<td width=\"426\">Certifica\u00e7\u00e3o<\/td>\n<td width=\"426\">FDA, LFGB<\/td>\n<\/tr>\n<tr>\n<td width=\"426\">Embalagem<\/td>\n<td width=\"426\">Caixa branca, caixa de cor ou caixa com desenho personalizado<\/td>\n<\/tr>\n<tr>\n<td width=\"426\">Capacidade de produ\u00e7\u00e3o<\/td>\n<td width=\"426\">500.000 unidades por m\u00eas<\/td>\n<\/tr>\n<tr>\n<td width=\"426\">Prazo de entrega<\/td>\n<td width=\"426\">25-35dias para quantidades inferiores a 20.000pcs<\/td>\n<\/tr>\n<\/tbody>\n<\/table>\n<h2><strong>Why Choose Ifun Thermos Coffee Tumblers?<\/strong><\/h2>\n<p><span style=\"color: #000000;\"><strong>1. controlo da temperatura durante todo o dia<\/strong><\/span><\/p>\n<p>O isolamento a v\u00e1cuo de parede dupla da Ifun mant\u00e9m a temperatura durante muito mais tempo do que as garrafas normais. Quer esteja a trabalhar, a estudar, a viajar ou a aventurar-se ao ar livre, desfrute das suas bebidas \u00e0 temperatura perfeita em qualquer altura.<\/p>\n<p><span style=\"color: #000000;\"><strong>2. constru\u00e7\u00e3o robusta com materiais de qualidade superior<\/strong><\/span><\/p>\n<p>Fabricado no interior e no exterior com a\u00e7o inoxid\u00e1vel 304 de qualidade alimentar e de alta qualidade, \u00e9 seguro para todas as bebidas, n\u00e3o tem sabores estranhos e \u00e9 extremamente resistente a amolgadelas e riscos.<\/p>\n<p><span style=\"color: #000000;\"><strong>3. design \u00fanico da tampa<\/strong><\/span><\/p>\n<p>As garrafas de \u00e1gua Ifun v\u00eam com uma tampa \u00e0 prova de fugas, pode lev\u00e1-las para o exterior para viajar, n\u00e3o importa onde for, sem preocupa\u00e7\u00f5es.<\/p>\n<p><span style=\"color: #000000;\"><strong>4. escolha de capacidade m\u00faltipla<\/strong><\/span><\/p>\n<p>With the capacity of 350ml and 500ml, this tumbler is perfect for heavy drinkers, fitness lovers, or desk-bound professionals.<\/p>\n<p><span style=\"color: #000000;\"><strong>5. exterior sem suor<\/strong><\/span><\/p>\n<p>O nosso frasco de v\u00e1cuo com isolamento a v\u00e1cuo n\u00e3o s\u00f3 mant\u00e9m as bebidas frias, como tamb\u00e9m mant\u00e9m o exterior seco. N\u00e3o precisa de se preocupar com a condensa\u00e7\u00e3o das bebidas frias que molha as suas m\u00e3os ou a mesa.<\/p>\n<p><span style=\"color: #000000;\"><strong>6.15anos+ de experi\u00eancia de fabrico<\/strong><\/span><\/p>\n<p>Ifun concentra-se em produtos de bebidas h\u00e1 mais de 15 anos, nosso produto inclui copo de a\u00e7o inoxid\u00e1vel, garrafas de \u00e1gua isoladas a v\u00e1cuo, canecas de viagem, copos t\u00e9rmicos etc. Temos equipas profissionais para garantir que os produtos s\u00e3o de alta qualidade.<\/p>\n<p><span style=\"color: #000000;\"><strong>7. servi\u00e7o OEM e ODM dispon\u00edvel<\/strong><\/span><\/p>\n<p>Como fabricante de garrafas de a\u00e7o inoxid\u00e1vel, a Ifun fornece servi\u00e7os OEM e ODM aos nossos clientes. Independentemente das cores, log\u00f3tipos, embalagens ou tamanhos, tamb\u00e9m podemos personalizar para si.<\/p>\n<p><img decoding=\"async\" class=\"alignnone size-medium wp-image-2909\" src=\"https:\/\/customizedwaterbottles.com\/wp-content\/uploads\/2025\/07\/Metal-coffee-cups-9.webp\" alt=\"\" width=\"1000\" height=\"1000\" srcset=\"https:\/\/customizedwaterbottles.com\/wp-content\/uploads\/2025\/07\/Metal-coffee-cups-9.webp 1000w, https:\/\/customizedwaterbottles.com\/wp-content\/uploads\/2025\/07\/Metal-coffee-cups-9-768x768.webp 768w, https:\/\/customizedwaterbottles.com\/wp-content\/uploads\/2025\/07\/Metal-coffee-cups-9-300x300.webp 300w, https:\/\/customizedwaterbottles.com\/wp-content\/uploads\/2025\/07\/Metal-coffee-cups-9-600x600.webp 600w, https:\/\/customizedwaterbottles.com\/wp-content\/uploads\/2025\/07\/Metal-coffee-cups-9-100x100.webp 100w\" sizes=\"(max-width: 1000px) 100vw, 1000px\" \/><img decoding=\"async\" class=\"alignnone size-medium wp-image-2910\" src=\"https:\/\/customizedwaterbottles.com\/wp-content\/uploads\/2025\/07\/Metal-coffee-cups-10.webp\" alt=\"\" width=\"1000\" height=\"1000\" srcset=\"https:\/\/customizedwaterbottles.com\/wp-content\/uploads\/2025\/07\/Metal-coffee-cups-10.webp 1000w, https:\/\/customizedwaterbottles.com\/wp-content\/uploads\/2025\/07\/Metal-coffee-cups-10-768x768.webp 768w, https:\/\/customizedwaterbottles.com\/wp-content\/uploads\/2025\/07\/Metal-coffee-cups-10-300x300.webp 300w, https:\/\/customizedwaterbottles.com\/wp-content\/uploads\/2025\/07\/Metal-coffee-cups-10-600x600.webp 600w, https:\/\/customizedwaterbottles.com\/wp-content\/uploads\/2025\/07\/Metal-coffee-cups-10-100x100.webp 100w\" sizes=\"(max-width: 1000px) 100vw, 1000px\" \/><\/p>\n<p><img decoding=\"async\" class=\"alignnone size-medium wp-image-2906\" src=\"https:\/\/customizedwaterbottles.com\/wp-content\/uploads\/2025\/07\/Metal-coffee-cups-2.webp\" alt=\"\" width=\"1000\" height=\"1000\" srcset=\"https:\/\/customizedwaterbottles.com\/wp-content\/uploads\/2025\/07\/Metal-coffee-cups-2.webp 1000w, https:\/\/customizedwaterbottles.com\/wp-content\/uploads\/2025\/07\/Metal-coffee-cups-2-768x768.webp 768w, https:\/\/customizedwaterbottles.com\/wp-content\/uploads\/2025\/07\/Metal-coffee-cups-2-300x300.webp 300w, https:\/\/customizedwaterbottles.com\/wp-content\/uploads\/2025\/07\/Metal-coffee-cups-2-600x600.webp 600w, https:\/\/customizedwaterbottles.com\/wp-content\/uploads\/2025\/07\/Metal-coffee-cups-2-100x100.webp 100w\" sizes=\"(max-width: 1000px) 100vw, 1000px\" \/><\/p>\n<p><img decoding=\"async\" class=\"alignnone size-medium wp-image-2905\" src=\"https:\/\/customizedwaterbottles.com\/wp-content\/uploads\/2025\/07\/metal-coffee-cups-1.jpg\" alt=\"\" width=\"790\" height=\"462\" srcset=\"https:\/\/customizedwaterbottles.com\/wp-content\/uploads\/2025\/07\/metal-coffee-cups-1.jpg 790w, https:\/\/customizedwaterbottles.com\/wp-content\/uploads\/2025\/07\/metal-coffee-cups-1-768x449.jpg 768w, https:\/\/customizedwaterbottles.com\/wp-content\/uploads\/2025\/07\/metal-coffee-cups-1-600x351.jpg 600w\" sizes=\"(max-width: 790px) 100vw, 790px\" \/><\/p>\n<p><img decoding=\"async\" class=\"alignnone size-full wp-image-2908\" src=\"https:\/\/customizedwaterbottles.com\/wp-content\/uploads\/2025\/07\/metal-coffee-cups-4-scaled.jpg\" alt=\"\" width=\"2560\" height=\"1893\" srcset=\"https:\/\/customizedwaterbottles.com\/wp-content\/uploads\/2025\/07\/metal-coffee-cups-4-scaled.jpg 2560w, https:\/\/customizedwaterbottles.com\/wp-content\/uploads\/2025\/07\/metal-coffee-cups-4-1024x757.jpg 1024w, https:\/\/customizedwaterbottles.com\/wp-content\/uploads\/2025\/07\/metal-coffee-cups-4-768x568.jpg 768w, https:\/\/customizedwaterbottles.com\/wp-content\/uploads\/2025\/07\/metal-coffee-cups-4-1536x1136.jpg 1536w, https:\/\/customizedwaterbottles.com\/wp-content\/uploads\/2025\/07\/metal-coffee-cups-4-2048x1514.jpg 2048w, https:\/\/customizedwaterbottles.com\/wp-content\/uploads\/2025\/07\/metal-coffee-cups-4-600x444.jpg 600w\" sizes=\"(max-width: 2560px) 100vw, 2560px\" \/> \u00a0<img decoding=\"async\" class=\"alignnone size-medium wp-image-2907\" src=\"https:\/\/customizedwaterbottles.com\/wp-content\/uploads\/2025\/07\/metal-coffee-cups-3-scaled.jpg\" alt=\"\" width=\"2560\" height=\"1778\" srcset=\"https:\/\/customizedwaterbottles.com\/wp-content\/uploads\/2025\/07\/metal-coffee-cups-3-scaled.jpg 2560w, https:\/\/customizedwaterbottles.com\/wp-content\/uploads\/2025\/07\/metal-coffee-cups-3-1024x711.jpg 1024w, https:\/\/customizedwaterbottles.com\/wp-content\/uploads\/2025\/07\/metal-coffee-cups-3-768x533.jpg 768w, https:\/\/customizedwaterbottles.com\/wp-content\/uploads\/2025\/07\/metal-coffee-cups-3-1536x1067.jpg 1536w, https:\/\/customizedwaterbottles.com\/wp-content\/uploads\/2025\/07\/metal-coffee-cups-3-2048x1422.jpg 2048w, https:\/\/customizedwaterbottles.com\/wp-content\/uploads\/2025\/07\/metal-coffee-cups-3-600x417.jpg 600w\" sizes=\"(max-width: 2560px) 100vw, 2560px\" \/><\/p>","protected":false},"excerpt":{"rendered":"<h3><strong>Carater\u00edsticas do produto:<\/strong><\/h3>\n<ul>\n<li><strong>304 Stainless Steel Interior:<\/strong>\u00a0Food-grade 304 steel inner wall resists corrosion, prevents flavor transfer, and ensures drink purity.<\/li>\n<li><strong>Vacuum Insulation:<\/strong> Double-wall vacuum insulation structure can prevent heat transfer for superior temperature retention.<\/li>\n<li><strong>Hot\/Cold Retention:<\/strong>\u00a0Effectively keeps coffee hot for hours and iced beverages cold for extended periods.<\/li>\n<li><strong>Rust &amp; Corrosion Resistant:<\/strong>\u00a0Durable 304 stainless steel construction withstands daily use and prevents rusting.<\/li>\n<li><strong>Exterior \u00e0 prova de suor:<\/strong> Vacuum layer prevents condensation, keeping surfaces dry.<\/li>\n<li><strong>Mug-Style Design:<\/strong> Typically features a comfortable shape and size 350ml and 500ml, ideal for office coffee.<\/li>\n<li><strong>Impact Resistant:<\/strong>\u00a0Sturdy stainless steel body resists dents and damage from typical workplace handling.<\/li>\n<\/ul>\n<h3><strong>Servi\u00e7os personalizados:<\/strong><\/h3>\n<ul>\n<li><strong>Log\u00f3tipo e design:<\/strong> As garrafas de a\u00e7o inoxid\u00e1vel Ifun suportam o log\u00f3tipo personalizado da sua marca. Podemos fazer o seu log\u00f3tipo e design com serigrafia, grava\u00e7\u00e3o a laser, transfer\u00eancia de calor, impress\u00e3o 3D, impress\u00e3o UV, etc.<\/li>\n<li><strong>Cor:<\/strong> As cores podem ser personalizadas de acordo com o n\u00famero de cor pantone, podemos faz\u00ea-lo com acabamento mate, pintura brilhante, revestimento em p\u00f3, etc.<\/li>\n<li><strong>Capacidade:<\/strong> We have 350ml and 500ml capacity, other capacity we can also custom for you.<\/li>\n<li><strong>Tampas: <\/strong>100% Tampa estanque BPA FREE, a cor pode ser personalizada.<\/li>\n<li><strong>Embalagem: <\/strong>Caixa de cor, caixa branca, caixa de oferta, caixa de cart\u00e3o castanho, caixa cil\u00edndrica, etc.<\/li>\n<\/ul>","protected":false},"featured_media":2898,"comment_status":"open","ping_status":"closed","template":"","meta":[],"product_brand":[],"product_cat":[23],"product_tag":[109,111,110],"class_list":{"0":"post-2897","1":"product","2":"type-product","3":"status-publish","4":"has-post-thumbnail","6":"product_cat-insulated-tumblers-mugs","7":"product_tag-coffee-cups","8":"product_tag-coffee-cups-with-handle","9":"product_tag-thermal-coffee-cups","11":"first","12":"instock","13":"shipping-taxable","14":"product-type-simple"},"yoast_head":"<!-- This site is optimized with the Yoast SEO plugin v25.4 - https:\/\/yoast.com\/wordpress\/plugins\/seo\/ -->\n<title>Office Coffee Tumblers Durable Stainless Steel 304 Inner Wall<\/title>\n<meta name=\"description\" content=\"office use stainless steeel vacuum cold coffee cups, multi colors in stock. 350ml and 500ml capacity for choice, convenient to clean.\" \/>\n<meta name=\"robots\" content=\"index, follow, max-snippet:-1, max-image-preview:large, max-video-preview:-1\" \/>\n<link rel=\"canonical\" href=\"https:\/\/customizedwaterbottles.com\/pt\/product\/office-coffee-tumblers-durable-stainless-steel-304-inner-wall\/\" \/>\n<meta property=\"og:locale\" content=\"pt_PT\" \/>\n<meta property=\"og:type\" content=\"article\" \/>\n<meta property=\"og:title\" content=\"Office Coffee Tumblers Durable Stainless Steel 304 Inner Wall\" \/>\n<meta property=\"og:description\" content=\"office use stainless steeel vacuum cold coffee cups, multi colors in stock. 350ml and 500ml capacity for choice, convenient to clean.\" \/>\n<meta property=\"og:url\" content=\"https:\/\/customizedwaterbottles.com\/pt\/product\/office-coffee-tumblers-durable-stainless-steel-304-inner-wall\/\" \/>\n<meta property=\"og:site_name\" content=\"iFun\" \/>\n<meta property=\"article:modified_time\" content=\"2025-07-15T09:14:25+00:00\" \/>\n<meta property=\"og:image\" content=\"https:\/\/customizedwaterbottles.com\/wp-content\/uploads\/2025\/07\/Metal-coffee-cups-1.webp\" \/>\n\t<meta property=\"og:image:width\" content=\"1000\" \/>\n\t<meta property=\"og:image:height\" content=\"1000\" \/>\n\t<meta property=\"og:image:type\" content=\"image\/webp\" \/>\n<meta name=\"twitter:card\" content=\"summary_large_image\" \/>\n<meta name=\"twitter:label1\" content=\"Tempo estimado de leitura\" \/>\n\t<meta name=\"twitter:data1\" content=\"3 minutos\" \/>\n<script type=\"application\/ld+json\" class=\"yoast-schema-graph\">{\"@context\":\"https:\/\/schema.org\",\"@graph\":[{\"@type\":\"WebPage\",\"@id\":\"https:\/\/customizedwaterbottles.com\/product\/office-coffee-tumblers-durable-stainless-steel-304-inner-wall\/\",\"url\":\"https:\/\/customizedwaterbottles.com\/product\/office-coffee-tumblers-durable-stainless-steel-304-inner-wall\/\",\"name\":\"Office Coffee Tumblers Durable Stainless Steel 304 Inner Wall\",\"isPartOf\":{\"@id\":\"https:\/\/customizedwaterbottles.com\/#website\"},\"primaryImageOfPage\":{\"@id\":\"https:\/\/customizedwaterbottles.com\/product\/office-coffee-tumblers-durable-stainless-steel-304-inner-wall\/#primaryimage\"},\"image\":{\"@id\":\"https:\/\/customizedwaterbottles.com\/product\/office-coffee-tumblers-durable-stainless-steel-304-inner-wall\/#primaryimage\"},\"thumbnailUrl\":\"https:\/\/customizedwaterbottles.com\/wp-content\/uploads\/2025\/07\/Metal-coffee-cups-1.webp\",\"datePublished\":\"2025-07-15T08:51:32+00:00\",\"dateModified\":\"2025-07-15T09:14:25+00:00\",\"description\":\"office use stainless steeel vacuum cold coffee cups, multi colors in stock. 350ml and 500ml capacity for choice, convenient to clean.\",\"breadcrumb\":{\"@id\":\"https:\/\/customizedwaterbottles.com\/product\/office-coffee-tumblers-durable-stainless-steel-304-inner-wall\/#breadcrumb\"},\"inLanguage\":\"pt-PT\",\"potentialAction\":[{\"@type\":\"ReadAction\",\"target\":[\"https:\/\/customizedwaterbottles.com\/product\/office-coffee-tumblers-durable-stainless-steel-304-inner-wall\/\"]}]},{\"@type\":\"ImageObject\",\"inLanguage\":\"pt-PT\",\"@id\":\"https:\/\/customizedwaterbottles.com\/product\/office-coffee-tumblers-durable-stainless-steel-304-inner-wall\/#primaryimage\",\"url\":\"https:\/\/customizedwaterbottles.com\/wp-content\/uploads\/2025\/07\/Metal-coffee-cups-1.webp\",\"contentUrl\":\"https:\/\/customizedwaterbottles.com\/wp-content\/uploads\/2025\/07\/Metal-coffee-cups-1.webp\",\"width\":1000,\"height\":1000},{\"@type\":\"BreadcrumbList\",\"@id\":\"https:\/\/customizedwaterbottles.com\/product\/office-coffee-tumblers-durable-stainless-steel-304-inner-wall\/#breadcrumb\",\"itemListElement\":[{\"@type\":\"ListItem\",\"position\":1,\"name\":\"Home\",\"item\":\"https:\/\/customizedwaterbottles.com\/\"},{\"@type\":\"ListItem\",\"position\":2,\"name\":\"Products\",\"item\":\"https:\/\/customizedwaterbottles.com\/wholesale-drinkware-manufacturer-water-bottles-tumblers\/\"},{\"@type\":\"ListItem\",\"position\":3,\"name\":\"Office Coffee Tumblers Durable Stainless Steel 304 Inner Wall 1081613T\"}]},{\"@type\":\"WebSite\",\"@id\":\"https:\/\/customizedwaterbottles.com\/#website\",\"url\":\"https:\/\/customizedwaterbottles.com\/\",\"name\":\"iFun\",\"description\":\"Water Bottles Stainless Steel Vacuum Flask\",\"potentialAction\":[{\"@type\":\"SearchAction\",\"target\":{\"@type\":\"EntryPoint\",\"urlTemplate\":\"https:\/\/customizedwaterbottles.com\/?s={search_term_string}\"},\"query-input\":{\"@type\":\"PropertyValueSpecification\",\"valueRequired\":true,\"valueName\":\"search_term_string\"}}],\"inLanguage\":\"pt-PT\"}]}<\/script>\n<!-- \/ Yoast SEO plugin. -->","yoast_head_json":{"title":"Office Coffee Tumblers Durable Stainless Steel 304 Inner Wall","description":"office use stainless steeel vacuum cold coffee cups, multi colors in stock. 350ml and 500ml capacity for choice, convenient to clean.","robots":{"index":"index","follow":"follow","max-snippet":"max-snippet:-1","max-image-preview":"max-image-preview:large","max-video-preview":"max-video-preview:-1"},"canonical":"https:\/\/customizedwaterbottles.com\/pt\/product\/office-coffee-tumblers-durable-stainless-steel-304-inner-wall\/","og_locale":"pt_PT","og_type":"article","og_title":"Office Coffee Tumblers Durable Stainless Steel 304 Inner Wall","og_description":"office use stainless steeel vacuum cold coffee cups, multi colors in stock. 350ml and 500ml capacity for choice, convenient to clean.","og_url":"https:\/\/customizedwaterbottles.com\/pt\/product\/office-coffee-tumblers-durable-stainless-steel-304-inner-wall\/","og_site_name":"iFun","article_modified_time":"2025-07-15T09:14:25+00:00","og_image":[{"width":1000,"height":1000,"url":"https:\/\/customizedwaterbottles.com\/wp-content\/uploads\/2025\/07\/Metal-coffee-cups-1.webp","type":"image\/webp"}],"twitter_card":"summary_large_image","twitter_misc":{"Tempo estimado de leitura":"3 minutos"},"schema":{"@context":"https:\/\/schema.org","@graph":[{"@type":"WebPage","@id":"https:\/\/customizedwaterbottles.com\/product\/office-coffee-tumblers-durable-stainless-steel-304-inner-wall\/","url":"https:\/\/customizedwaterbottles.com\/product\/office-coffee-tumblers-durable-stainless-steel-304-inner-wall\/","name":"Office Coffee Tumblers Durable Stainless Steel 304 Inner Wall","isPartOf":{"@id":"https:\/\/customizedwaterbottles.com\/#website"},"primaryImageOfPage":{"@id":"https:\/\/customizedwaterbottles.com\/product\/office-coffee-tumblers-durable-stainless-steel-304-inner-wall\/#primaryimage"},"image":{"@id":"https:\/\/customizedwaterbottles.com\/product\/office-coffee-tumblers-durable-stainless-steel-304-inner-wall\/#primaryimage"},"thumbnailUrl":"https:\/\/customizedwaterbottles.com\/wp-content\/uploads\/2025\/07\/Metal-coffee-cups-1.webp","datePublished":"2025-07-15T08:51:32+00:00","dateModified":"2025-07-15T09:14:25+00:00","description":"office use stainless steeel vacuum cold coffee cups, multi colors in stock. 350ml and 500ml capacity for choice, convenient to clean.","breadcrumb":{"@id":"https:\/\/customizedwaterbottles.com\/product\/office-coffee-tumblers-durable-stainless-steel-304-inner-wall\/#breadcrumb"},"inLanguage":"pt-PT","potentialAction":[{"@type":"ReadAction","target":["https:\/\/customizedwaterbottles.com\/product\/office-coffee-tumblers-durable-stainless-steel-304-inner-wall\/"]}]},{"@type":"ImageObject","inLanguage":"pt-PT","@id":"https:\/\/customizedwaterbottles.com\/product\/office-coffee-tumblers-durable-stainless-steel-304-inner-wall\/#primaryimage","url":"https:\/\/customizedwaterbottles.com\/wp-content\/uploads\/2025\/07\/Metal-coffee-cups-1.webp","contentUrl":"https:\/\/customizedwaterbottles.com\/wp-content\/uploads\/2025\/07\/Metal-coffee-cups-1.webp","width":1000,"height":1000},{"@type":"BreadcrumbList","@id":"https:\/\/customizedwaterbottles.com\/product\/office-coffee-tumblers-durable-stainless-steel-304-inner-wall\/#breadcrumb","itemListElement":[{"@type":"ListItem","position":1,"name":"Home","item":"https:\/\/customizedwaterbottles.com\/"},{"@type":"ListItem","position":2,"name":"Products","item":"https:\/\/customizedwaterbottles.com\/wholesale-drinkware-manufacturer-water-bottles-tumblers\/"},{"@type":"ListItem","position":3,"name":"Office Coffee Tumblers Durable Stainless Steel 304 Inner Wall 1081613T"}]},{"@type":"WebSite","@id":"https:\/\/customizedwaterbottles.com\/#website","url":"https:\/\/customizedwaterbottles.com\/","name":"iFun","description":"Water Bottles Stainless Steel Vacuum Flask","potentialAction":[{"@type":"SearchAction","target":{"@type":"EntryPoint","urlTemplate":"https:\/\/customizedwaterbottles.com\/?s={search_term_string}"},"query-input":{"@type":"PropertyValueSpecification","valueRequired":true,"valueName":"search_term_string"}}],"inLanguage":"pt-PT"}]}},"_links":{"self":[{"href":"https:\/\/customizedwaterbottles.com\/pt\/wp-json\/wp\/v2\/product\/2897","targetHints":{"allow":["GET"]}}],"collection":[{"href":"https:\/\/customizedwaterbottles.com\/pt\/wp-json\/wp\/v2\/product"}],"about":[{"href":"https:\/\/customizedwaterbottles.com\/pt\/wp-json\/wp\/v2\/types\/product"}],"replies":[{"embeddable":true,"href":"https:\/\/customizedwaterbottles.com\/pt\/wp-json\/wp\/v2\/comments?post=2897"}],"wp:featuredmedia":[{"embeddable":true,"href":"https:\/\/customizedwaterbottles.com\/pt\/wp-json\/wp\/v2\/media\/2898"}],"wp:attachment":[{"href":"https:\/\/customizedwaterbottles.com\/pt\/wp-json\/wp\/v2\/media?parent=2897"}],"wp:term":[{"taxonomy":"product_brand","embeddable":true,"href":"https:\/\/customizedwaterbottles.com\/pt\/wp-json\/wp\/v2\/product_brand?post=2897"},{"taxonomy":"product_cat","embeddable":true,"href":"https:\/\/customizedwaterbottles.com\/pt\/wp-json\/wp\/v2\/product_cat?post=2897"},{"taxonomy":"product_tag","embeddable":true,"href":"https:\/\/customizedwaterbottles.com\/pt\/wp-json\/wp\/v2\/product_tag?post=2897"}],"curies":[{"name":"wp","href":"https:\/\/api.w.org\/{rel}","templated":true}]}}