{"id":2912,"date":"2025-07-16T03:20:01","date_gmt":"2025-07-16T03:20:01","guid":{"rendered":"https:\/\/customizedwaterbottles.com\/?post_type=product&#038;p=2912"},"modified":"2025-07-16T04:47:41","modified_gmt":"2025-07-16T04:47:41","slug":"classic-vacuum-insulated-500ml-coffee-cups-with-flip-up-lid","status":"publish","type":"product","link":"https:\/\/customizedwaterbottles.com\/pt\/product\/classic-vacuum-insulated-500ml-coffee-cups-with-flip-up-lid\/","title":{"rendered":"Ch\u00e1venas de caf\u00e9 cl\u00e1ssicas de 500 ml isoladas em v\u00e1cuo com tampa basculante 1081614T"},"content":{"rendered":"<table>\n<tbody>\n<tr>\n<td width=\"426\">Nome do produto<\/td>\n<td width=\"426\">Classic Vacuum Insulated 500ml Coffee Cups With Flip Up Lid<\/td>\n<\/tr>\n<tr>\n<td width=\"426\">Capacidade<\/td>\n<td width=\"426\">450ml<\/td>\n<\/tr>\n<tr>\n<td width=\"426\">Material<\/td>\n<td width=\"426\">Parede dupla em a\u00e7o inoxid\u00e1vel<\/td>\n<\/tr>\n<tr>\n<td width=\"426\">Cor<\/td>\n<td width=\"426\">Pintura brilhante, pintura mate, revestimento em p\u00f3, etc.<\/td>\n<\/tr>\n<tr>\n<td width=\"426\">Log\u00f3tipo<\/td>\n<td width=\"426\">Impress\u00e3o serigr\u00e1fica, impress\u00e3o por transfer\u00eancia t\u00e9rmica, grava\u00e7\u00e3o a laser, transfer\u00eancia de \u00e1gua, etc.<\/td>\n<\/tr>\n<tr>\n<td width=\"426\">MOQ<\/td>\n<td width=\"426\">50 unidades<\/td>\n<\/tr>\n<tr>\n<td width=\"426\">Tempo de amostragem<\/td>\n<td width=\"426\">3-7 dias para design personalizado<\/td>\n<\/tr>\n<tr>\n<td width=\"426\">Certifica\u00e7\u00e3o<\/td>\n<td width=\"426\">FDA, LFGB<\/td>\n<\/tr>\n<tr>\n<td width=\"426\">Embalagem<\/td>\n<td width=\"426\">Caixa branca, caixa de cor ou caixa com desenho personalizado<\/td>\n<\/tr>\n<tr>\n<td width=\"426\">Capacidade de produ\u00e7\u00e3o<\/td>\n<td width=\"426\">500.000 unidades por m\u00eas<\/td>\n<\/tr>\n<tr>\n<td width=\"426\">Prazo de entrega<\/td>\n<td width=\"426\">25-35dias para quantidades inferiores a 20.000pcs<\/td>\n<\/tr>\n<\/tbody>\n<\/table>\n<h2><strong>Why Choose Ifun Thermos Coffee Cups?<\/strong><\/h2>\n<p><span style=\"color: #000000;\"><strong>1. controlo da temperatura durante todo o dia<\/strong><\/span><\/p>\n<p>O isolamento a v\u00e1cuo de parede dupla da Ifun mant\u00e9m a temperatura durante muito mais tempo do que as garrafas normais. Quer esteja a trabalhar, a estudar, a viajar ou a aventurar-se ao ar livre, desfrute das suas bebidas \u00e0 temperatura perfeita em qualquer altura.<\/p>\n<p><span style=\"color: #000000;\"><strong>2. constru\u00e7\u00e3o robusta com materiais de qualidade superior<\/strong><\/span><\/p>\n<p>Fabricado no interior e no exterior com a\u00e7o inoxid\u00e1vel 304 de qualidade alimentar e de alta qualidade, \u00e9 seguro para todas as bebidas, n\u00e3o tem sabores estranhos e \u00e9 extremamente resistente a amolgadelas e riscos.<\/p>\n<p><span style=\"color: #000000;\"><strong>3. design \u00fanico da tampa<\/strong><\/span><\/p>\n<p>As garrafas de \u00e1gua Ifun v\u00eam com uma tampa \u00e0 prova de fugas, pode lev\u00e1-las para o exterior para viajar, n\u00e3o importa onde for, sem preocupa\u00e7\u00f5es.<\/p>\n<p><span style=\"color: #000000;\"><strong>4. escolha de capacidade m\u00faltipla<\/strong><\/span><\/p>\n<p>Com uma capacidade de 450 ml, este copo \u00e9 perfeito para quem bebe muito, para os amantes do fitness ou para os profissionais que trabalham \u00e0 secret\u00e1ria.<\/p>\n<p><span style=\"color: #000000;\"><strong>5. exterior sem suor<\/strong><\/span><\/p>\n<p>O nosso frasco de v\u00e1cuo com isolamento a v\u00e1cuo n\u00e3o s\u00f3 mant\u00e9m as bebidas frias, como tamb\u00e9m mant\u00e9m o exterior seco. N\u00e3o precisa de se preocupar com a condensa\u00e7\u00e3o das bebidas frias que molha as suas m\u00e3os ou a mesa.<\/p>\n<p><span style=\"color: #000000;\"><strong>6.15anos+ de experi\u00eancia de fabrico<\/strong><\/span><\/p>\n<p>Ifun concentra-se em produtos de bebidas h\u00e1 mais de 15 anos, nosso produto inclui copo de a\u00e7o inoxid\u00e1vel, garrafas de \u00e1gua isoladas a v\u00e1cuo, canecas de viagem, copos t\u00e9rmicos etc. Temos equipas profissionais para garantir que os produtos s\u00e3o de alta qualidade.<\/p>\n<p><span style=\"color: #000000;\"><strong>7. servi\u00e7o OEM e ODM dispon\u00edvel<\/strong><\/span><\/p>\n<p>Como fabricante de garrafas de a\u00e7o inoxid\u00e1vel, a Ifun fornece servi\u00e7os OEM e ODM aos nossos clientes. Independentemente das cores, log\u00f3tipos, embalagens ou tamanhos, tamb\u00e9m podemos personalizar para si.<\/p>\n<p><img decoding=\"async\" class=\"alignnone size-medium wp-image-2921\" src=\"https:\/\/customizedwaterbottles.com\/wp-content\/uploads\/2025\/07\/coffee-cups-4.webp\" alt=\"\" width=\"790\" height=\"632\" srcset=\"https:\/\/customizedwaterbottles.com\/wp-content\/uploads\/2025\/07\/coffee-cups-4.webp 790w, https:\/\/customizedwaterbottles.com\/wp-content\/uploads\/2025\/07\/coffee-cups-4-768x614.webp 768w, https:\/\/customizedwaterbottles.com\/wp-content\/uploads\/2025\/07\/coffee-cups-4-600x480.webp 600w\" sizes=\"(max-width: 790px) 100vw, 790px\" \/> <img decoding=\"async\" class=\"alignnone size-medium wp-image-2922\" src=\"https:\/\/customizedwaterbottles.com\/wp-content\/uploads\/2025\/07\/coffee-cups-11.webp\" alt=\"\" width=\"1080\" height=\"1080\" srcset=\"https:\/\/customizedwaterbottles.com\/wp-content\/uploads\/2025\/07\/coffee-cups-11.webp 1080w, https:\/\/customizedwaterbottles.com\/wp-content\/uploads\/2025\/07\/coffee-cups-11-1024x1024.webp 1024w, https:\/\/customizedwaterbottles.com\/wp-content\/uploads\/2025\/07\/coffee-cups-11-768x768.webp 768w, https:\/\/customizedwaterbottles.com\/wp-content\/uploads\/2025\/07\/coffee-cups-11-300x300.webp 300w, https:\/\/customizedwaterbottles.com\/wp-content\/uploads\/2025\/07\/coffee-cups-11-600x600.webp 600w, https:\/\/customizedwaterbottles.com\/wp-content\/uploads\/2025\/07\/coffee-cups-11-100x100.webp 100w\" sizes=\"(max-width: 1080px) 100vw, 1080px\" \/> <img decoding=\"async\" class=\"alignnone size-medium wp-image-2923\" src=\"https:\/\/customizedwaterbottles.com\/wp-content\/uploads\/2025\/07\/coffee-cups-12.webp\" alt=\"\" width=\"1080\" height=\"1080\" srcset=\"https:\/\/customizedwaterbottles.com\/wp-content\/uploads\/2025\/07\/coffee-cups-12.webp 1080w, https:\/\/customizedwaterbottles.com\/wp-content\/uploads\/2025\/07\/coffee-cups-12-1024x1024.webp 1024w, https:\/\/customizedwaterbottles.com\/wp-content\/uploads\/2025\/07\/coffee-cups-12-768x768.webp 768w, https:\/\/customizedwaterbottles.com\/wp-content\/uploads\/2025\/07\/coffee-cups-12-300x300.webp 300w, https:\/\/customizedwaterbottles.com\/wp-content\/uploads\/2025\/07\/coffee-cups-12-600x600.webp 600w, https:\/\/customizedwaterbottles.com\/wp-content\/uploads\/2025\/07\/coffee-cups-12-100x100.webp 100w\" sizes=\"(max-width: 1080px) 100vw, 1080px\" \/> <img decoding=\"async\" class=\"alignnone size-medium wp-image-2924\" src=\"https:\/\/customizedwaterbottles.com\/wp-content\/uploads\/2025\/07\/coffee-cups-13.webp\" alt=\"\" width=\"1080\" height=\"1080\" srcset=\"https:\/\/customizedwaterbottles.com\/wp-content\/uploads\/2025\/07\/coffee-cups-13.webp 1080w, https:\/\/customizedwaterbottles.com\/wp-content\/uploads\/2025\/07\/coffee-cups-13-1024x1024.webp 1024w, https:\/\/customizedwaterbottles.com\/wp-content\/uploads\/2025\/07\/coffee-cups-13-768x768.webp 768w, https:\/\/customizedwaterbottles.com\/wp-content\/uploads\/2025\/07\/coffee-cups-13-300x300.webp 300w, https:\/\/customizedwaterbottles.com\/wp-content\/uploads\/2025\/07\/coffee-cups-13-600x600.webp 600w, https:\/\/customizedwaterbottles.com\/wp-content\/uploads\/2025\/07\/coffee-cups-13-100x100.webp 100w\" sizes=\"(max-width: 1080px) 100vw, 1080px\" \/> <img decoding=\"async\" class=\"alignnone size-medium wp-image-2925\" src=\"https:\/\/customizedwaterbottles.com\/wp-content\/uploads\/2025\/07\/coffee-cups-14.webp\" alt=\"\" width=\"1000\" height=\"1000\" srcset=\"https:\/\/customizedwaterbottles.com\/wp-content\/uploads\/2025\/07\/coffee-cups-14.webp 1000w, https:\/\/customizedwaterbottles.com\/wp-content\/uploads\/2025\/07\/coffee-cups-14-768x768.webp 768w, https:\/\/customizedwaterbottles.com\/wp-content\/uploads\/2025\/07\/coffee-cups-14-300x300.webp 300w, https:\/\/customizedwaterbottles.com\/wp-content\/uploads\/2025\/07\/coffee-cups-14-600x600.webp 600w, https:\/\/customizedwaterbottles.com\/wp-content\/uploads\/2025\/07\/coffee-cups-14-100x100.webp 100w\" sizes=\"(max-width: 1000px) 100vw, 1000px\" \/><img decoding=\"async\" class=\"alignnone size-medium wp-image-2920\" src=\"https:\/\/customizedwaterbottles.com\/wp-content\/uploads\/2025\/07\/coffee-cups-2.webp\" alt=\"\" width=\"750\" height=\"750\" srcset=\"https:\/\/customizedwaterbottles.com\/wp-content\/uploads\/2025\/07\/coffee-cups-2.webp 750w, https:\/\/customizedwaterbottles.com\/wp-content\/uploads\/2025\/07\/coffee-cups-2-300x300.webp 300w, https:\/\/customizedwaterbottles.com\/wp-content\/uploads\/2025\/07\/coffee-cups-2-600x600.webp 600w, https:\/\/customizedwaterbottles.com\/wp-content\/uploads\/2025\/07\/coffee-cups-2-100x100.webp 100w\" sizes=\"(max-width: 750px) 100vw, 750px\" \/><\/p>","protected":false},"excerpt":{"rendered":"<h3><strong>Carater\u00edsticas do produto:<\/strong><\/h3>\n<ul>\n<li><strong>Reten\u00e7\u00e3o de temperatura superior:<\/strong> Possui tecnologia de isolamento a v\u00e1cuo de parede dupla, mantendo eficazmente as bebidas quentes, como o caf\u00e9, quentes durante horas e as bebidas frias refrigeradas tamb\u00e9m durante horas.<\/li>\n<li><strong>Tampa rebat\u00edvel pr\u00e1tica:<\/strong> Equipada com uma tampa basculante f\u00e1cil de utilizar, que se abre suavemente com uma m\u00e3o para beber e se fecha com seguran\u00e7a para evitar fugas durante as viagens.<\/li>\n<li><strong>Capacidade de 500ml:<\/strong> Oferece um volume substancial de 450 ml, perfeito para caf\u00e9, ch\u00e1 ou outra bebida, reduzindo a necessidade de reabastecimentos frequentes.<\/li>\n<li><strong>Design \u00e0 prova de fugas:<\/strong> Concebida com um vedante de silicone seguro no interior da tampa, garantindo um fecho estanque para evitar fugas e derrames quando fechada, mesmo quando virada.<\/li>\n<li><strong>Constru\u00e7\u00e3o em a\u00e7o inoxid\u00e1vel dur\u00e1vel:<\/strong> Fabricado em a\u00e7o inoxid\u00e1vel 18\/8 de alta qualidade e de qualidade alimentar, o que o torna resistente \u00e0 ferrugem, \u00e0 corros\u00e3o, \u00e0s mossas e n\u00e3o ret\u00e9m sabores ou odores.<\/li>\n<li><strong>Exterior \u00e0 prova de suor:<\/strong> A estrutura de isolamento a v\u00e1cuo evita a forma\u00e7\u00e3o de condensa\u00e7\u00e3o na parede exterior, mantendo as m\u00e3os secas e as superf\u00edcies limpas, quer esteja a segurar uma bebida fria ou quente.<\/li>\n<\/ul>\n<h3><strong>Servi\u00e7os personalizados:<\/strong><\/h3>\n<ul>\n<li><strong>Log\u00f3tipo e design:<\/strong> As garrafas de a\u00e7o inoxid\u00e1vel Ifun suportam o log\u00f3tipo personalizado da sua marca. Podemos fazer o seu log\u00f3tipo e design com serigrafia, grava\u00e7\u00e3o a laser, transfer\u00eancia de calor, impress\u00e3o 3D, impress\u00e3o UV, etc.<\/li>\n<li><strong>Cor:<\/strong> As cores podem ser personalizadas de acordo com o n\u00famero de cor pantone, podemos faz\u00ea-lo com acabamento mate, pintura brilhante, revestimento em p\u00f3, etc.<\/li>\n<li><strong>Capacidade:<\/strong> Temos capacidade para 450ml, outras capacidades tamb\u00e9m podemos personalizar para si.<\/li>\n<li><strong>Tampas: <\/strong>100% Tampa estanque BPA FREE, a cor pode ser personalizada.<\/li>\n<li><strong>Embalagem: <\/strong>Caixa de cor, caixa branca, caixa de oferta, caixa de cart\u00e3o castanho, caixa cil\u00edndrica, etc.<\/li>\n<\/ul>","protected":false},"featured_media":2913,"comment_status":"open","ping_status":"closed","template":"","meta":[],"product_brand":[],"product_cat":[23],"product_tag":[112,113,114],"class_list":{"0":"post-2912","1":"product","2":"type-product","3":"status-publish","4":"has-post-thumbnail","6":"product_cat-insulated-tumblers-mugs","7":"product_tag-450ml-coffee-cups","8":"product_tag-stainless-steel-coffee-mugs","9":"product_tag-vacuum-bottles","11":"first","12":"instock","13":"shipping-taxable","14":"product-type-simple"},"yoast_head":"<!-- This site is optimized with the Yoast SEO plugin v25.4 - https:\/\/yoast.com\/wordpress\/plugins\/seo\/ -->\n<title>Classic Vacuum Insulated 500ml Coffee Cups With Flip Up Lid<\/title>\n<meta name=\"description\" content=\"Classic design coffee cups, double wall thermal insulation structure, which can keep drinks hot or cold for several hours. Flip up lid is very convenient.\" \/>\n<meta name=\"robots\" content=\"index, follow, max-snippet:-1, max-image-preview:large, max-video-preview:-1\" \/>\n<link rel=\"canonical\" href=\"https:\/\/customizedwaterbottles.com\/pt\/product\/classic-vacuum-insulated-500ml-coffee-cups-with-flip-up-lid\/\" \/>\n<meta property=\"og:locale\" content=\"pt_PT\" \/>\n<meta property=\"og:type\" content=\"article\" \/>\n<meta property=\"og:title\" content=\"Classic Vacuum Insulated 500ml Coffee Cups With Flip Up Lid\" \/>\n<meta property=\"og:description\" content=\"Classic design coffee cups, double wall thermal insulation structure, which can keep drinks hot or cold for several hours. Flip up lid is very convenient.\" \/>\n<meta property=\"og:url\" content=\"https:\/\/customizedwaterbottles.com\/pt\/product\/classic-vacuum-insulated-500ml-coffee-cups-with-flip-up-lid\/\" \/>\n<meta property=\"og:site_name\" content=\"iFun\" \/>\n<meta property=\"article:modified_time\" content=\"2025-07-16T04:47:41+00:00\" \/>\n<meta property=\"og:image\" content=\"https:\/\/customizedwaterbottles.com\/wp-content\/uploads\/2025\/07\/coffee-cups-10.webp\" \/>\n\t<meta property=\"og:image:width\" content=\"1000\" \/>\n\t<meta property=\"og:image:height\" content=\"1000\" \/>\n\t<meta property=\"og:image:type\" content=\"image\/webp\" \/>\n<meta name=\"twitter:card\" content=\"summary_large_image\" \/>\n<meta name=\"twitter:label1\" content=\"Tempo estimado de leitura\" \/>\n\t<meta name=\"twitter:data1\" content=\"3 minutos\" \/>\n<script type=\"application\/ld+json\" class=\"yoast-schema-graph\">{\"@context\":\"https:\/\/schema.org\",\"@graph\":[{\"@type\":\"WebPage\",\"@id\":\"https:\/\/customizedwaterbottles.com\/product\/classic-vacuum-insulated-500ml-coffee-cups-with-flip-up-lid\/\",\"url\":\"https:\/\/customizedwaterbottles.com\/product\/classic-vacuum-insulated-500ml-coffee-cups-with-flip-up-lid\/\",\"name\":\"Classic Vacuum Insulated 500ml Coffee Cups With Flip Up Lid\",\"isPartOf\":{\"@id\":\"https:\/\/customizedwaterbottles.com\/#website\"},\"primaryImageOfPage\":{\"@id\":\"https:\/\/customizedwaterbottles.com\/product\/classic-vacuum-insulated-500ml-coffee-cups-with-flip-up-lid\/#primaryimage\"},\"image\":{\"@id\":\"https:\/\/customizedwaterbottles.com\/product\/classic-vacuum-insulated-500ml-coffee-cups-with-flip-up-lid\/#primaryimage\"},\"thumbnailUrl\":\"https:\/\/customizedwaterbottles.com\/wp-content\/uploads\/2025\/07\/coffee-cups-10.webp\",\"datePublished\":\"2025-07-16T03:20:01+00:00\",\"dateModified\":\"2025-07-16T04:47:41+00:00\",\"description\":\"Classic design coffee cups, double wall thermal insulation structure, which can keep drinks hot or cold for several hours. Flip up lid is very convenient.\",\"breadcrumb\":{\"@id\":\"https:\/\/customizedwaterbottles.com\/product\/classic-vacuum-insulated-500ml-coffee-cups-with-flip-up-lid\/#breadcrumb\"},\"inLanguage\":\"pt-PT\",\"potentialAction\":[{\"@type\":\"ReadAction\",\"target\":[\"https:\/\/customizedwaterbottles.com\/product\/classic-vacuum-insulated-500ml-coffee-cups-with-flip-up-lid\/\"]}]},{\"@type\":\"ImageObject\",\"inLanguage\":\"pt-PT\",\"@id\":\"https:\/\/customizedwaterbottles.com\/product\/classic-vacuum-insulated-500ml-coffee-cups-with-flip-up-lid\/#primaryimage\",\"url\":\"https:\/\/customizedwaterbottles.com\/wp-content\/uploads\/2025\/07\/coffee-cups-10.webp\",\"contentUrl\":\"https:\/\/customizedwaterbottles.com\/wp-content\/uploads\/2025\/07\/coffee-cups-10.webp\",\"width\":1000,\"height\":1000},{\"@type\":\"BreadcrumbList\",\"@id\":\"https:\/\/customizedwaterbottles.com\/product\/classic-vacuum-insulated-500ml-coffee-cups-with-flip-up-lid\/#breadcrumb\",\"itemListElement\":[{\"@type\":\"ListItem\",\"position\":1,\"name\":\"Home\",\"item\":\"https:\/\/customizedwaterbottles.com\/\"},{\"@type\":\"ListItem\",\"position\":2,\"name\":\"Products\",\"item\":\"https:\/\/customizedwaterbottles.com\/wholesale-drinkware-manufacturer-water-bottles-tumblers\/\"},{\"@type\":\"ListItem\",\"position\":3,\"name\":\"Classic Vacuum Insulated 500ml Coffee Cups With Flip Up Lid 1081614T\"}]},{\"@type\":\"WebSite\",\"@id\":\"https:\/\/customizedwaterbottles.com\/#website\",\"url\":\"https:\/\/customizedwaterbottles.com\/\",\"name\":\"iFun\",\"description\":\"Water Bottles Stainless Steel Vacuum Flask\",\"potentialAction\":[{\"@type\":\"SearchAction\",\"target\":{\"@type\":\"EntryPoint\",\"urlTemplate\":\"https:\/\/customizedwaterbottles.com\/?s={search_term_string}\"},\"query-input\":{\"@type\":\"PropertyValueSpecification\",\"valueRequired\":true,\"valueName\":\"search_term_string\"}}],\"inLanguage\":\"pt-PT\"}]}<\/script>\n<!-- \/ Yoast SEO plugin. -->","yoast_head_json":{"title":"Classic Vacuum Insulated 500ml Coffee Cups With Flip Up Lid","description":"Classic design coffee cups, double wall thermal insulation structure, which can keep drinks hot or cold for several hours. Flip up lid is very convenient.","robots":{"index":"index","follow":"follow","max-snippet":"max-snippet:-1","max-image-preview":"max-image-preview:large","max-video-preview":"max-video-preview:-1"},"canonical":"https:\/\/customizedwaterbottles.com\/pt\/product\/classic-vacuum-insulated-500ml-coffee-cups-with-flip-up-lid\/","og_locale":"pt_PT","og_type":"article","og_title":"Classic Vacuum Insulated 500ml Coffee Cups With Flip Up Lid","og_description":"Classic design coffee cups, double wall thermal insulation structure, which can keep drinks hot or cold for several hours. Flip up lid is very convenient.","og_url":"https:\/\/customizedwaterbottles.com\/pt\/product\/classic-vacuum-insulated-500ml-coffee-cups-with-flip-up-lid\/","og_site_name":"iFun","article_modified_time":"2025-07-16T04:47:41+00:00","og_image":[{"width":1000,"height":1000,"url":"https:\/\/customizedwaterbottles.com\/wp-content\/uploads\/2025\/07\/coffee-cups-10.webp","type":"image\/webp"}],"twitter_card":"summary_large_image","twitter_misc":{"Tempo estimado de leitura":"3 minutos"},"schema":{"@context":"https:\/\/schema.org","@graph":[{"@type":"WebPage","@id":"https:\/\/customizedwaterbottles.com\/product\/classic-vacuum-insulated-500ml-coffee-cups-with-flip-up-lid\/","url":"https:\/\/customizedwaterbottles.com\/product\/classic-vacuum-insulated-500ml-coffee-cups-with-flip-up-lid\/","name":"Classic Vacuum Insulated 500ml Coffee Cups With Flip Up Lid","isPartOf":{"@id":"https:\/\/customizedwaterbottles.com\/#website"},"primaryImageOfPage":{"@id":"https:\/\/customizedwaterbottles.com\/product\/classic-vacuum-insulated-500ml-coffee-cups-with-flip-up-lid\/#primaryimage"},"image":{"@id":"https:\/\/customizedwaterbottles.com\/product\/classic-vacuum-insulated-500ml-coffee-cups-with-flip-up-lid\/#primaryimage"},"thumbnailUrl":"https:\/\/customizedwaterbottles.com\/wp-content\/uploads\/2025\/07\/coffee-cups-10.webp","datePublished":"2025-07-16T03:20:01+00:00","dateModified":"2025-07-16T04:47:41+00:00","description":"Classic design coffee cups, double wall thermal insulation structure, which can keep drinks hot or cold for several hours. Flip up lid is very convenient.","breadcrumb":{"@id":"https:\/\/customizedwaterbottles.com\/product\/classic-vacuum-insulated-500ml-coffee-cups-with-flip-up-lid\/#breadcrumb"},"inLanguage":"pt-PT","potentialAction":[{"@type":"ReadAction","target":["https:\/\/customizedwaterbottles.com\/product\/classic-vacuum-insulated-500ml-coffee-cups-with-flip-up-lid\/"]}]},{"@type":"ImageObject","inLanguage":"pt-PT","@id":"https:\/\/customizedwaterbottles.com\/product\/classic-vacuum-insulated-500ml-coffee-cups-with-flip-up-lid\/#primaryimage","url":"https:\/\/customizedwaterbottles.com\/wp-content\/uploads\/2025\/07\/coffee-cups-10.webp","contentUrl":"https:\/\/customizedwaterbottles.com\/wp-content\/uploads\/2025\/07\/coffee-cups-10.webp","width":1000,"height":1000},{"@type":"BreadcrumbList","@id":"https:\/\/customizedwaterbottles.com\/product\/classic-vacuum-insulated-500ml-coffee-cups-with-flip-up-lid\/#breadcrumb","itemListElement":[{"@type":"ListItem","position":1,"name":"Home","item":"https:\/\/customizedwaterbottles.com\/"},{"@type":"ListItem","position":2,"name":"Products","item":"https:\/\/customizedwaterbottles.com\/wholesale-drinkware-manufacturer-water-bottles-tumblers\/"},{"@type":"ListItem","position":3,"name":"Classic Vacuum Insulated 500ml Coffee Cups With Flip Up Lid 1081614T"}]},{"@type":"WebSite","@id":"https:\/\/customizedwaterbottles.com\/#website","url":"https:\/\/customizedwaterbottles.com\/","name":"iFun","description":"Water Bottles Stainless Steel Vacuum Flask","potentialAction":[{"@type":"SearchAction","target":{"@type":"EntryPoint","urlTemplate":"https:\/\/customizedwaterbottles.com\/?s={search_term_string}"},"query-input":{"@type":"PropertyValueSpecification","valueRequired":true,"valueName":"search_term_string"}}],"inLanguage":"pt-PT"}]}},"_links":{"self":[{"href":"https:\/\/customizedwaterbottles.com\/pt\/wp-json\/wp\/v2\/product\/2912","targetHints":{"allow":["GET"]}}],"collection":[{"href":"https:\/\/customizedwaterbottles.com\/pt\/wp-json\/wp\/v2\/product"}],"about":[{"href":"https:\/\/customizedwaterbottles.com\/pt\/wp-json\/wp\/v2\/types\/product"}],"replies":[{"embeddable":true,"href":"https:\/\/customizedwaterbottles.com\/pt\/wp-json\/wp\/v2\/comments?post=2912"}],"wp:featuredmedia":[{"embeddable":true,"href":"https:\/\/customizedwaterbottles.com\/pt\/wp-json\/wp\/v2\/media\/2913"}],"wp:attachment":[{"href":"https:\/\/customizedwaterbottles.com\/pt\/wp-json\/wp\/v2\/media?parent=2912"}],"wp:term":[{"taxonomy":"product_brand","embeddable":true,"href":"https:\/\/customizedwaterbottles.com\/pt\/wp-json\/wp\/v2\/product_brand?post=2912"},{"taxonomy":"product_cat","embeddable":true,"href":"https:\/\/customizedwaterbottles.com\/pt\/wp-json\/wp\/v2\/product_cat?post=2912"},{"taxonomy":"product_tag","embeddable":true,"href":"https:\/\/customizedwaterbottles.com\/pt\/wp-json\/wp\/v2\/product_tag?post=2912"}],"curies":[{"name":"wp","href":"https:\/\/api.w.org\/{rel}","templated":true}]}}