{"id":2984,"date":"2025-07-17T02:56:17","date_gmt":"2025-07-17T02:56:17","guid":{"rendered":"https:\/\/customizedwaterbottles.com\/?post_type=product&#038;p=2984"},"modified":"2025-07-17T03:45:53","modified_gmt":"2025-07-17T03:45:53","slug":"kids-insulation-stainless-steel-tumbler-with-spill-resistant-flexible-straw","status":"publish","type":"product","link":"https:\/\/customizedwaterbottles.com\/pt\/product\/kids-insulation-stainless-steel-tumbler-with-spill-resistant-flexible-straw\/","title":{"rendered":"Copo de a\u00e7o inoxid\u00e1vel com isolamento para crian\u00e7as e palhinha flex\u00edvel resistente a derrames 1081612T"},"content":{"rendered":"<table>\n<tbody>\n<tr>\n<td width=\"426\">Nome do produto<\/td>\n<td width=\"426\">Copo de a\u00e7o inoxid\u00e1vel com isolamento para crian\u00e7as e palhinha flex\u00edvel resistente a derrames<\/td>\n<\/tr>\n<tr>\n<td width=\"426\">Capacidade<\/td>\n<td width=\"426\">12 on\u00e7as<\/td>\n<\/tr>\n<tr>\n<td width=\"426\">Material<\/td>\n<td width=\"426\">Parede dupla em a\u00e7o inoxid\u00e1vel<\/td>\n<\/tr>\n<tr>\n<td width=\"426\">Cor<\/td>\n<td width=\"426\">Pintura brilhante, pintura mate, revestimento em p\u00f3, etc.<\/td>\n<\/tr>\n<tr>\n<td width=\"426\">Log\u00f3tipo<\/td>\n<td width=\"426\">Impress\u00e3o serigr\u00e1fica, impress\u00e3o por transfer\u00eancia t\u00e9rmica, grava\u00e7\u00e3o a laser, transfer\u00eancia de \u00e1gua, etc.<\/td>\n<\/tr>\n<tr>\n<td width=\"426\">MOQ<\/td>\n<td width=\"426\">50 unidades<\/td>\n<\/tr>\n<tr>\n<td width=\"426\">Tempo de amostragem<\/td>\n<td width=\"426\">3-7 dias para design personalizado<\/td>\n<\/tr>\n<tr>\n<td width=\"426\">Certifica\u00e7\u00e3o<\/td>\n<td width=\"426\">FDA, LFGB<\/td>\n<\/tr>\n<tr>\n<td width=\"426\">Embalagem<\/td>\n<td width=\"426\">Caixa branca, caixa de cor ou caixa com desenho personalizado<\/td>\n<\/tr>\n<tr>\n<td width=\"426\">Capacidade de produ\u00e7\u00e3o<\/td>\n<td width=\"426\">500.000 unidades por m\u00eas<\/td>\n<\/tr>\n<tr>\n<td width=\"426\">Prazo de entrega<\/td>\n<td width=\"426\">25-35dias para quantidades inferiores a 20.000pcs<\/td>\n<\/tr>\n<\/tbody>\n<\/table>\n<h2><strong>Porqu\u00ea escolher o copo de a\u00e7o inoxid\u00e1vel com isolamento t\u00e9rmico Ifun Kids com palhinha flex\u00edvel resistente a derrames?<\/strong><\/h2>\n<p><span style=\"color: #000000;\"><strong>1. controlo da temperatura durante todo o dia<\/strong><\/span><\/p>\n<p>O isolamento a v\u00e1cuo de parede dupla da Ifun mant\u00e9m a temperatura durante muito mais tempo do que as garrafas normais. Quer esteja a trabalhar, a estudar, a viajar ou a aventurar-se ao ar livre, desfrute das suas bebidas \u00e0 temperatura perfeita em qualquer altura.<\/p>\n<p><span style=\"color: #000000;\"><strong>2. constru\u00e7\u00e3o robusta com materiais de qualidade superior<\/strong><\/span><\/p>\n<p>Fabricado no interior e no exterior com a\u00e7o inoxid\u00e1vel 304 de qualidade alimentar e de alta qualidade, \u00e9 seguro para todas as bebidas, n\u00e3o tem sabores estranhos e \u00e9 extremamente resistente a amolgadelas e riscos.<span class=\"a-list-item\">O a\u00e7o inoxid\u00e1vel isolado mant\u00e9m as bebidas frias durante as brincadeiras e aventuras. Este tumblr n\u00e3o deve ser utilizado com l\u00edquidos quentes, gaseificados ou perec\u00edveis.<\/span><\/p>\n<p><span style=\"color: #000000;\"><strong>3. design \u00fanico da tampa<\/strong><\/span><\/p>\n<p>Copo de a\u00e7o inoxid\u00e1vel isolado de 12 on\u00e7as que \u00e9 f\u00e1cil de beber e de limpar<br \/>\nTampa resistente a derrames para menos confus\u00e3o e stress; perfeita para usar em casa, beber no banco elevat\u00f3rio e relaxar no porta-copos do carrinho de beb\u00e9.<br \/>\nPalhinha amov\u00edvel e reutiliz\u00e1vel, f\u00e1cil de limpar: Para retirar a junta da palhinha, retire a tampa e, em seguida, empurre a palhinha atrav\u00e9s da tampa a partir do topo e limpe-a. \u00c9 assim t\u00e3o f\u00e1cil!<\/p>\n<p><span style=\"color: #000000;\"><strong>4. escolha de capacidade m\u00faltipla<\/strong><\/span><\/p>\n<p>Com uma capacidade de 450 ml, este copo \u00e9 perfeito para quem bebe muito, para os amantes do fitness ou para os profissionais que trabalham \u00e0 secret\u00e1ria.<\/p>\n<p><span style=\"color: #000000;\"><strong>5. exterior sem suor<\/strong><\/span><\/p>\n<p>O nosso frasco de v\u00e1cuo com isolamento a v\u00e1cuo n\u00e3o s\u00f3 mant\u00e9m as bebidas frias, como tamb\u00e9m mant\u00e9m o exterior seco. N\u00e3o precisa de se preocupar com a condensa\u00e7\u00e3o das bebidas frias que molha as suas m\u00e3os ou a mesa.<\/p>\n<p><span style=\"color: #000000;\"><strong>6.15anos+ de experi\u00eancia de fabrico<\/strong><\/span><\/p>\n<p>Ifun concentra-se em produtos de bebidas h\u00e1 mais de 15 anos, nosso produto inclui copo de a\u00e7o inoxid\u00e1vel, garrafas de \u00e1gua isoladas a v\u00e1cuo, canecas de viagem, copos t\u00e9rmicos etc. Temos equipas profissionais para garantir que os produtos s\u00e3o de alta qualidade.<\/p>\n<p><span style=\"color: #000000;\"><strong>7. servi\u00e7o OEM e ODM dispon\u00edvel<\/strong><\/span><\/p>\n<p>Como fabricante de garrafas de a\u00e7o inoxid\u00e1vel, a Ifun fornece servi\u00e7os OEM e ODM aos nossos clientes. Independentemente das cores, log\u00f3tipos, embalagens ou tamanhos, tamb\u00e9m podemos personalizar para si.<\/p>\n<p><img decoding=\"async\" class=\"alignnone  wp-image-2987\" src=\"https:\/\/customizedwaterbottles.com\/wp-content\/uploads\/2025\/07\/owala-kids-tumbler-3.webp\" alt=\"\" width=\"799\" height=\"799\" srcset=\"https:\/\/customizedwaterbottles.com\/wp-content\/uploads\/2025\/07\/owala-kids-tumbler-3.webp 1200w, https:\/\/customizedwaterbottles.com\/wp-content\/uploads\/2025\/07\/owala-kids-tumbler-3-1024x1024.webp 1024w, https:\/\/customizedwaterbottles.com\/wp-content\/uploads\/2025\/07\/owala-kids-tumbler-3-768x768.webp 768w, https:\/\/customizedwaterbottles.com\/wp-content\/uploads\/2025\/07\/owala-kids-tumbler-3-300x300.webp 300w, https:\/\/customizedwaterbottles.com\/wp-content\/uploads\/2025\/07\/owala-kids-tumbler-3-600x600.webp 600w, https:\/\/customizedwaterbottles.com\/wp-content\/uploads\/2025\/07\/owala-kids-tumbler-3-100x100.webp 100w\" sizes=\"(max-width: 799px) 100vw, 799px\" \/><\/p>\n<p><img decoding=\"async\" class=\"alignnone size-medium wp-image-2986\" src=\"https:\/\/customizedwaterbottles.com\/wp-content\/uploads\/2025\/07\/owala-kids-tumbler-2.webp\" alt=\"\" width=\"800\" height=\"800\" srcset=\"https:\/\/customizedwaterbottles.com\/wp-content\/uploads\/2025\/07\/owala-kids-tumbler-2.webp 800w, https:\/\/customizedwaterbottles.com\/wp-content\/uploads\/2025\/07\/owala-kids-tumbler-2-768x768.webp 768w, https:\/\/customizedwaterbottles.com\/wp-content\/uploads\/2025\/07\/owala-kids-tumbler-2-300x300.webp 300w, https:\/\/customizedwaterbottles.com\/wp-content\/uploads\/2025\/07\/owala-kids-tumbler-2-600x600.webp 600w, https:\/\/customizedwaterbottles.com\/wp-content\/uploads\/2025\/07\/owala-kids-tumbler-2-100x100.webp 100w\" sizes=\"(max-width: 800px) 100vw, 800px\" \/> \u00a0<img decoding=\"async\" class=\"alignnone size-medium wp-image-2988\" src=\"https:\/\/customizedwaterbottles.com\/wp-content\/uploads\/2025\/07\/owala-kids-tumbler-4.webp\" alt=\"\" width=\"800\" height=\"800\" srcset=\"https:\/\/customizedwaterbottles.com\/wp-content\/uploads\/2025\/07\/owala-kids-tumbler-4.webp 800w, https:\/\/customizedwaterbottles.com\/wp-content\/uploads\/2025\/07\/owala-kids-tumbler-4-768x768.webp 768w, https:\/\/customizedwaterbottles.com\/wp-content\/uploads\/2025\/07\/owala-kids-tumbler-4-300x300.webp 300w, https:\/\/customizedwaterbottles.com\/wp-content\/uploads\/2025\/07\/owala-kids-tumbler-4-600x600.webp 600w, https:\/\/customizedwaterbottles.com\/wp-content\/uploads\/2025\/07\/owala-kids-tumbler-4-100x100.webp 100w\" sizes=\"(max-width: 800px) 100vw, 800px\" \/> <img decoding=\"async\" class=\"alignnone size-medium wp-image-2989\" src=\"https:\/\/customizedwaterbottles.com\/wp-content\/uploads\/2025\/07\/owala-kids-tumbler-5.webp\" alt=\"\" width=\"800\" height=\"800\" srcset=\"https:\/\/customizedwaterbottles.com\/wp-content\/uploads\/2025\/07\/owala-kids-tumbler-5.webp 800w, https:\/\/customizedwaterbottles.com\/wp-content\/uploads\/2025\/07\/owala-kids-tumbler-5-768x768.webp 768w, https:\/\/customizedwaterbottles.com\/wp-content\/uploads\/2025\/07\/owala-kids-tumbler-5-300x300.webp 300w, https:\/\/customizedwaterbottles.com\/wp-content\/uploads\/2025\/07\/owala-kids-tumbler-5-600x600.webp 600w, https:\/\/customizedwaterbottles.com\/wp-content\/uploads\/2025\/07\/owala-kids-tumbler-5-100x100.webp 100w\" sizes=\"(max-width: 800px) 100vw, 800px\" \/> <img decoding=\"async\" class=\"alignnone size-medium wp-image-2990\" src=\"https:\/\/customizedwaterbottles.com\/wp-content\/uploads\/2025\/07\/owala-kids-tumbler-6.webp\" alt=\"\" width=\"800\" height=\"800\" srcset=\"https:\/\/customizedwaterbottles.com\/wp-content\/uploads\/2025\/07\/owala-kids-tumbler-6.webp 800w, https:\/\/customizedwaterbottles.com\/wp-content\/uploads\/2025\/07\/owala-kids-tumbler-6-768x768.webp 768w, https:\/\/customizedwaterbottles.com\/wp-content\/uploads\/2025\/07\/owala-kids-tumbler-6-300x300.webp 300w, https:\/\/customizedwaterbottles.com\/wp-content\/uploads\/2025\/07\/owala-kids-tumbler-6-600x600.webp 600w, https:\/\/customizedwaterbottles.com\/wp-content\/uploads\/2025\/07\/owala-kids-tumbler-6-100x100.webp 100w\" sizes=\"(max-width: 800px) 100vw, 800px\" \/> <img decoding=\"async\" class=\"alignnone size-full wp-image-2985\" src=\"https:\/\/customizedwaterbottles.com\/wp-content\/uploads\/2025\/07\/owala-kids-tumbler-1.webp\" alt=\"\" width=\"800\" height=\"800\" srcset=\"https:\/\/customizedwaterbottles.com\/wp-content\/uploads\/2025\/07\/owala-kids-tumbler-1.webp 800w, https:\/\/customizedwaterbottles.com\/wp-content\/uploads\/2025\/07\/owala-kids-tumbler-1-768x768.webp 768w, https:\/\/customizedwaterbottles.com\/wp-content\/uploads\/2025\/07\/owala-kids-tumbler-1-300x300.webp 300w, https:\/\/customizedwaterbottles.com\/wp-content\/uploads\/2025\/07\/owala-kids-tumbler-1-600x600.webp 600w, https:\/\/customizedwaterbottles.com\/wp-content\/uploads\/2025\/07\/owala-kids-tumbler-1-100x100.webp 100w\" sizes=\"(max-width: 800px) 100vw, 800px\" \/><\/p>","protected":false},"excerpt":{"rendered":"<h3><strong>Carater\u00edsticas do produto:<\/strong><\/h3>\n<ul>\n<li><strong>Reten\u00e7\u00e3o de temperatura superior:<\/strong> Possui tecnologia de isolamento a v\u00e1cuo de parede dupla, mantendo eficazmente as bebidas quentes, como o caf\u00e9, quentes durante horas e as bebidas frias refrigeradas tamb\u00e9m durante horas.<\/li>\n<li><strong>Tampa rebat\u00edvel pr\u00e1tica:<\/strong> Equipada com uma tampa basculante f\u00e1cil de utilizar, que se abre suavemente com uma m\u00e3o para beber e se fecha com seguran\u00e7a para evitar fugas durante as viagens.<\/li>\n<li><strong>Capacidade de 500ml:<\/strong> Oferece um volume substancial de 450 ml, perfeito para caf\u00e9, ch\u00e1 ou outra bebida, reduzindo a necessidade de reabastecimentos frequentes.<\/li>\n<li><strong>Design \u00e0 prova de fugas:<\/strong> Concebida com um vedante de silicone seguro no interior da tampa, garantindo um fecho estanque para evitar fugas e derrames quando fechada, mesmo quando virada.<\/li>\n<li><strong>Constru\u00e7\u00e3o em a\u00e7o inoxid\u00e1vel dur\u00e1vel:<\/strong> Fabricado em a\u00e7o inoxid\u00e1vel 18\/8 de alta qualidade e de qualidade alimentar, o que o torna resistente \u00e0 ferrugem, \u00e0 corros\u00e3o, \u00e0s mossas e n\u00e3o ret\u00e9m sabores ou odores.<\/li>\n<li><strong>Exterior \u00e0 prova de suor:<\/strong> A estrutura de isolamento a v\u00e1cuo evita a forma\u00e7\u00e3o de condensa\u00e7\u00e3o na parede exterior, mantendo as m\u00e3os secas e as superf\u00edcies limpas, quer esteja a segurar uma bebida fria ou quente.<\/li>\n<\/ul>\n<h3><strong>Servi\u00e7os personalizados:<\/strong><\/h3>\n<ul>\n<li><strong>Log\u00f3tipo e design:<\/strong> As garrafas de a\u00e7o inoxid\u00e1vel Ifun suportam o log\u00f3tipo personalizado da sua marca. Podemos fazer o seu log\u00f3tipo e design com serigrafia, grava\u00e7\u00e3o a laser, transfer\u00eancia de calor, impress\u00e3o 3D, impress\u00e3o UV, etc.<\/li>\n<li><strong>Cor:<\/strong> As cores podem ser personalizadas de acordo com o n\u00famero de cor pantone, podemos faz\u00ea-lo com acabamento mate, pintura brilhante, revestimento em p\u00f3, etc.<\/li>\n<li><strong>Capacidade:<\/strong> Temos capacidade para 450ml, outras capacidades tamb\u00e9m podemos personalizar para si.<\/li>\n<li><strong>Tampas: <\/strong>100% Tampa estanque BPA FREE, a cor pode ser personalizada.<\/li>\n<li><strong>Embalagem: <\/strong>Caixa de cor, caixa branca, caixa de oferta, caixa de cart\u00e3o castanho, caixa cil\u00edndrica, etc.<\/li>\n<\/ul>","protected":false},"featured_media":2993,"comment_status":"open","ping_status":"closed","template":"","meta":[],"product_brand":[],"product_cat":[23,34],"product_tag":[116,117,115],"class_list":{"0":"post-2984","1":"product","2":"type-product","3":"status-publish","4":"has-post-thumbnail","6":"product_cat-insulated-tumblers-mugs","7":"product_cat-kids-drinkware","8":"product_tag-kids-insulation-stainless-steel-tumbler-with-spill-resistant-flexible-straw","9":"product_tag-kids-insulation-tumbler","10":"product_tag-kids-tumbler","12":"first","13":"instock","14":"shipping-taxable","15":"product-type-simple"},"yoast_head":"<!-- This site is optimized with the Yoast SEO plugin v25.4 - https:\/\/yoast.com\/wordpress\/plugins\/seo\/ -->\n<title>Kids Insulation Stainless Steel Tumbler with Spill Resistant Flexible Straw<\/title>\n<meta name=\"description\" content=\"12oz insulated stainless steel kids tumbler with spill-resistant flexible straw. Easy to clean, dishwasher safe &amp; perfect for travel. Keep drinks cold on the go!\" \/>\n<meta name=\"robots\" content=\"index, follow, max-snippet:-1, max-image-preview:large, max-video-preview:-1\" \/>\n<link rel=\"canonical\" href=\"https:\/\/customizedwaterbottles.com\/pt\/product\/kids-insulation-stainless-steel-tumbler-with-spill-resistant-flexible-straw\/\" \/>\n<meta property=\"og:locale\" content=\"pt_PT\" \/>\n<meta property=\"og:type\" content=\"article\" \/>\n<meta property=\"og:title\" content=\"Kids Insulation Stainless Steel Tumbler with Spill Resistant Flexible Straw\" \/>\n<meta property=\"og:description\" content=\"12oz insulated stainless steel kids tumbler with spill-resistant flexible straw. Easy to clean, dishwasher safe &amp; perfect for travel. Keep drinks cold on the go!\" \/>\n<meta property=\"og:url\" content=\"https:\/\/customizedwaterbottles.com\/pt\/product\/kids-insulation-stainless-steel-tumbler-with-spill-resistant-flexible-straw\/\" \/>\n<meta property=\"og:site_name\" content=\"iFun\" \/>\n<meta property=\"article:modified_time\" content=\"2025-07-17T03:45:53+00:00\" \/>\n<meta property=\"og:image\" content=\"https:\/\/customizedwaterbottles.com\/wp-content\/uploads\/2025\/07\/owala-kids-tumbler-9.webp\" \/>\n\t<meta property=\"og:image:width\" content=\"1600\" \/>\n\t<meta property=\"og:image:height\" content=\"1600\" \/>\n\t<meta property=\"og:image:type\" content=\"image\/webp\" \/>\n<meta name=\"twitter:card\" content=\"summary_large_image\" \/>\n<meta name=\"twitter:label1\" content=\"Tempo estimado de leitura\" \/>\n\t<meta name=\"twitter:data1\" content=\"3 minutos\" \/>\n<script type=\"application\/ld+json\" class=\"yoast-schema-graph\">{\"@context\":\"https:\/\/schema.org\",\"@graph\":[{\"@type\":\"WebPage\",\"@id\":\"https:\/\/customizedwaterbottles.com\/product\/kids-insulation-stainless-steel-tumbler-with-spill-resistant-flexible-straw\/\",\"url\":\"https:\/\/customizedwaterbottles.com\/product\/kids-insulation-stainless-steel-tumbler-with-spill-resistant-flexible-straw\/\",\"name\":\"Kids Insulation Stainless Steel Tumbler with Spill Resistant Flexible Straw\",\"isPartOf\":{\"@id\":\"https:\/\/customizedwaterbottles.com\/#website\"},\"primaryImageOfPage\":{\"@id\":\"https:\/\/customizedwaterbottles.com\/product\/kids-insulation-stainless-steel-tumbler-with-spill-resistant-flexible-straw\/#primaryimage\"},\"image\":{\"@id\":\"https:\/\/customizedwaterbottles.com\/product\/kids-insulation-stainless-steel-tumbler-with-spill-resistant-flexible-straw\/#primaryimage\"},\"thumbnailUrl\":\"https:\/\/customizedwaterbottles.com\/wp-content\/uploads\/2025\/07\/owala-kids-tumbler-9.webp\",\"datePublished\":\"2025-07-17T02:56:17+00:00\",\"dateModified\":\"2025-07-17T03:45:53+00:00\",\"description\":\"12oz insulated stainless steel kids tumbler with spill-resistant flexible straw. Easy to clean, dishwasher safe & perfect for travel. Keep drinks cold on the go!\",\"breadcrumb\":{\"@id\":\"https:\/\/customizedwaterbottles.com\/product\/kids-insulation-stainless-steel-tumbler-with-spill-resistant-flexible-straw\/#breadcrumb\"},\"inLanguage\":\"pt-PT\",\"potentialAction\":[{\"@type\":\"ReadAction\",\"target\":[\"https:\/\/customizedwaterbottles.com\/product\/kids-insulation-stainless-steel-tumbler-with-spill-resistant-flexible-straw\/\"]}]},{\"@type\":\"ImageObject\",\"inLanguage\":\"pt-PT\",\"@id\":\"https:\/\/customizedwaterbottles.com\/product\/kids-insulation-stainless-steel-tumbler-with-spill-resistant-flexible-straw\/#primaryimage\",\"url\":\"https:\/\/customizedwaterbottles.com\/wp-content\/uploads\/2025\/07\/owala-kids-tumbler-9.webp\",\"contentUrl\":\"https:\/\/customizedwaterbottles.com\/wp-content\/uploads\/2025\/07\/owala-kids-tumbler-9.webp\",\"width\":1600,\"height\":1600},{\"@type\":\"BreadcrumbList\",\"@id\":\"https:\/\/customizedwaterbottles.com\/product\/kids-insulation-stainless-steel-tumbler-with-spill-resistant-flexible-straw\/#breadcrumb\",\"itemListElement\":[{\"@type\":\"ListItem\",\"position\":1,\"name\":\"Home\",\"item\":\"https:\/\/customizedwaterbottles.com\/\"},{\"@type\":\"ListItem\",\"position\":2,\"name\":\"Products\",\"item\":\"https:\/\/customizedwaterbottles.com\/wholesale-drinkware-manufacturer-water-bottles-tumblers\/\"},{\"@type\":\"ListItem\",\"position\":3,\"name\":\"Kids Insulation Stainless Steel Tumbler with Spill Resistant Flexible Straw 1081612T\"}]},{\"@type\":\"WebSite\",\"@id\":\"https:\/\/customizedwaterbottles.com\/#website\",\"url\":\"https:\/\/customizedwaterbottles.com\/\",\"name\":\"iFun\",\"description\":\"Water Bottles Stainless Steel Vacuum Flask\",\"potentialAction\":[{\"@type\":\"SearchAction\",\"target\":{\"@type\":\"EntryPoint\",\"urlTemplate\":\"https:\/\/customizedwaterbottles.com\/?s={search_term_string}\"},\"query-input\":{\"@type\":\"PropertyValueSpecification\",\"valueRequired\":true,\"valueName\":\"search_term_string\"}}],\"inLanguage\":\"pt-PT\"}]}<\/script>\n<!-- \/ Yoast SEO plugin. -->","yoast_head_json":{"title":"Kids Insulation Stainless Steel Tumbler with Spill Resistant Flexible Straw","description":"12oz insulated stainless steel kids tumbler with spill-resistant flexible straw. Easy to clean, dishwasher safe & perfect for travel. Keep drinks cold on the go!","robots":{"index":"index","follow":"follow","max-snippet":"max-snippet:-1","max-image-preview":"max-image-preview:large","max-video-preview":"max-video-preview:-1"},"canonical":"https:\/\/customizedwaterbottles.com\/pt\/product\/kids-insulation-stainless-steel-tumbler-with-spill-resistant-flexible-straw\/","og_locale":"pt_PT","og_type":"article","og_title":"Kids Insulation Stainless Steel Tumbler with Spill Resistant Flexible Straw","og_description":"12oz insulated stainless steel kids tumbler with spill-resistant flexible straw. Easy to clean, dishwasher safe & perfect for travel. Keep drinks cold on the go!","og_url":"https:\/\/customizedwaterbottles.com\/pt\/product\/kids-insulation-stainless-steel-tumbler-with-spill-resistant-flexible-straw\/","og_site_name":"iFun","article_modified_time":"2025-07-17T03:45:53+00:00","og_image":[{"width":1600,"height":1600,"url":"https:\/\/customizedwaterbottles.com\/wp-content\/uploads\/2025\/07\/owala-kids-tumbler-9.webp","type":"image\/webp"}],"twitter_card":"summary_large_image","twitter_misc":{"Tempo estimado de leitura":"3 minutos"},"schema":{"@context":"https:\/\/schema.org","@graph":[{"@type":"WebPage","@id":"https:\/\/customizedwaterbottles.com\/product\/kids-insulation-stainless-steel-tumbler-with-spill-resistant-flexible-straw\/","url":"https:\/\/customizedwaterbottles.com\/product\/kids-insulation-stainless-steel-tumbler-with-spill-resistant-flexible-straw\/","name":"Kids Insulation Stainless Steel Tumbler with Spill Resistant Flexible Straw","isPartOf":{"@id":"https:\/\/customizedwaterbottles.com\/#website"},"primaryImageOfPage":{"@id":"https:\/\/customizedwaterbottles.com\/product\/kids-insulation-stainless-steel-tumbler-with-spill-resistant-flexible-straw\/#primaryimage"},"image":{"@id":"https:\/\/customizedwaterbottles.com\/product\/kids-insulation-stainless-steel-tumbler-with-spill-resistant-flexible-straw\/#primaryimage"},"thumbnailUrl":"https:\/\/customizedwaterbottles.com\/wp-content\/uploads\/2025\/07\/owala-kids-tumbler-9.webp","datePublished":"2025-07-17T02:56:17+00:00","dateModified":"2025-07-17T03:45:53+00:00","description":"12oz insulated stainless steel kids tumbler with spill-resistant flexible straw. Easy to clean, dishwasher safe & perfect for travel. Keep drinks cold on the go!","breadcrumb":{"@id":"https:\/\/customizedwaterbottles.com\/product\/kids-insulation-stainless-steel-tumbler-with-spill-resistant-flexible-straw\/#breadcrumb"},"inLanguage":"pt-PT","potentialAction":[{"@type":"ReadAction","target":["https:\/\/customizedwaterbottles.com\/product\/kids-insulation-stainless-steel-tumbler-with-spill-resistant-flexible-straw\/"]}]},{"@type":"ImageObject","inLanguage":"pt-PT","@id":"https:\/\/customizedwaterbottles.com\/product\/kids-insulation-stainless-steel-tumbler-with-spill-resistant-flexible-straw\/#primaryimage","url":"https:\/\/customizedwaterbottles.com\/wp-content\/uploads\/2025\/07\/owala-kids-tumbler-9.webp","contentUrl":"https:\/\/customizedwaterbottles.com\/wp-content\/uploads\/2025\/07\/owala-kids-tumbler-9.webp","width":1600,"height":1600},{"@type":"BreadcrumbList","@id":"https:\/\/customizedwaterbottles.com\/product\/kids-insulation-stainless-steel-tumbler-with-spill-resistant-flexible-straw\/#breadcrumb","itemListElement":[{"@type":"ListItem","position":1,"name":"Home","item":"https:\/\/customizedwaterbottles.com\/"},{"@type":"ListItem","position":2,"name":"Products","item":"https:\/\/customizedwaterbottles.com\/wholesale-drinkware-manufacturer-water-bottles-tumblers\/"},{"@type":"ListItem","position":3,"name":"Kids Insulation Stainless Steel Tumbler with Spill Resistant Flexible Straw 1081612T"}]},{"@type":"WebSite","@id":"https:\/\/customizedwaterbottles.com\/#website","url":"https:\/\/customizedwaterbottles.com\/","name":"iFun","description":"Water Bottles Stainless Steel Vacuum Flask","potentialAction":[{"@type":"SearchAction","target":{"@type":"EntryPoint","urlTemplate":"https:\/\/customizedwaterbottles.com\/?s={search_term_string}"},"query-input":{"@type":"PropertyValueSpecification","valueRequired":true,"valueName":"search_term_string"}}],"inLanguage":"pt-PT"}]}},"_links":{"self":[{"href":"https:\/\/customizedwaterbottles.com\/pt\/wp-json\/wp\/v2\/product\/2984","targetHints":{"allow":["GET"]}}],"collection":[{"href":"https:\/\/customizedwaterbottles.com\/pt\/wp-json\/wp\/v2\/product"}],"about":[{"href":"https:\/\/customizedwaterbottles.com\/pt\/wp-json\/wp\/v2\/types\/product"}],"replies":[{"embeddable":true,"href":"https:\/\/customizedwaterbottles.com\/pt\/wp-json\/wp\/v2\/comments?post=2984"}],"wp:featuredmedia":[{"embeddable":true,"href":"https:\/\/customizedwaterbottles.com\/pt\/wp-json\/wp\/v2\/media\/2993"}],"wp:attachment":[{"href":"https:\/\/customizedwaterbottles.com\/pt\/wp-json\/wp\/v2\/media?parent=2984"}],"wp:term":[{"taxonomy":"product_brand","embeddable":true,"href":"https:\/\/customizedwaterbottles.com\/pt\/wp-json\/wp\/v2\/product_brand?post=2984"},{"taxonomy":"product_cat","embeddable":true,"href":"https:\/\/customizedwaterbottles.com\/pt\/wp-json\/wp\/v2\/product_cat?post=2984"},{"taxonomy":"product_tag","embeddable":true,"href":"https:\/\/customizedwaterbottles.com\/pt\/wp-json\/wp\/v2\/product_tag?post=2984"}],"curies":[{"name":"wp","href":"https:\/\/api.w.org\/{rel}","templated":true}]}}