{"id":3057,"date":"2025-07-18T01:57:29","date_gmt":"2025-07-18T01:57:29","guid":{"rendered":"https:\/\/customizedwaterbottles.com\/?post_type=product&#038;p=3057"},"modified":"2025-07-18T09:38:43","modified_gmt":"2025-07-18T09:38:43","slug":"18oz-24oz-freesiptwist-bpa-free-insulated-stainless-steel-water-bottle-with-straw-for-sports-and-travel","status":"publish","type":"product","link":"https:\/\/customizedwaterbottles.com\/pt\/product\/18oz-24oz-freesiptwist-bpa-free-insulated-stainless-steel-water-bottle-with-straw-for-sports-and-travel\/","title":{"rendered":"Garrafa de \u00e1gua de a\u00e7o inoxid\u00e1vel isolada, sem BPA, de 18 oz 24 oz FreeSipTwist com palhinha para desporto e viagens 1081609W"},"content":{"rendered":"<table>\n<tbody>\n<tr>\n<td width=\"426\">Nome do produto<\/td>\n<td width=\"426\">18oz 24oz FreeSipTwist BPA-Free Insulated Stainless Steel Water Bottle with Straw for Sports and Travel<\/td>\n<\/tr>\n<tr>\n<td width=\"426\">Capacidade<\/td>\n<td width=\"426\">18oz,24oz<\/td>\n<\/tr>\n<tr>\n<td width=\"426\">Material<\/td>\n<td width=\"426\">Parede dupla em a\u00e7o inoxid\u00e1vel<\/td>\n<\/tr>\n<tr>\n<td width=\"426\">Cor<\/td>\n<td width=\"426\">Pintura brilhante, pintura mate, revestimento em p\u00f3, etc.<\/td>\n<\/tr>\n<tr>\n<td width=\"426\">Log\u00f3tipo<\/td>\n<td width=\"426\">Impress\u00e3o serigr\u00e1fica, impress\u00e3o por transfer\u00eancia t\u00e9rmica, grava\u00e7\u00e3o a laser, transfer\u00eancia de \u00e1gua, etc.<\/td>\n<\/tr>\n<tr>\n<td width=\"426\">MOQ<\/td>\n<td width=\"426\">50 unidades<\/td>\n<\/tr>\n<tr>\n<td width=\"426\">Tempo de amostragem<\/td>\n<td width=\"426\">3-7 dias para design personalizado<\/td>\n<\/tr>\n<tr>\n<td width=\"426\">Certifica\u00e7\u00e3o<\/td>\n<td width=\"426\">FDA, LFGB<\/td>\n<\/tr>\n<tr>\n<td width=\"426\">Embalagem<\/td>\n<td width=\"426\">Caixa branca, caixa de cor ou caixa com desenho personalizado<\/td>\n<\/tr>\n<tr>\n<td width=\"426\">Capacidade de produ\u00e7\u00e3o<\/td>\n<td width=\"426\">500.000 unidades por m\u00eas<\/td>\n<\/tr>\n<tr>\n<td width=\"426\">Prazo de entrega<\/td>\n<td width=\"426\">25-35dias para quantidades inferiores a 20.000pcs<\/td>\n<\/tr>\n<\/tbody>\n<\/table>\n<h2><strong>Porqu\u00ea escolher as garrafas de a\u00e7o inoxid\u00e1vel isoladas a v\u00e1cuo Ifun?<\/strong><\/h2>\n<p><strong>1. controlo da temperatura durante todo o dia<\/strong><\/p>\n<p>O isolamento a v\u00e1cuo de parede dupla da Ifun mant\u00e9m a temperatura durante muito mais tempo do que as garrafas normais. Quer esteja a trabalhar, a estudar, a viajar ou a aventurar-se ao ar livre, desfrute das suas bebidas \u00e0 temperatura perfeita em qualquer altura.<\/p>\n<p><strong>2. constru\u00e7\u00e3o robusta com materiais de qualidade superior<\/strong><\/p>\n<p>Fabricado no interior e no exterior com a\u00e7o inoxid\u00e1vel 304 de qualidade alimentar e de alta qualidade, \u00e9 seguro para todas as bebidas, n\u00e3o tem sabores estranhos e \u00e9 extremamente resistente a amolgadelas e riscos.<\/p>\n<p><strong>3. conce\u00e7\u00e3o \u00fanica<\/strong><\/p>\n<p>As garrafas de \u00e1gua Ifun v\u00eam com uma tampa \u00e0 prova de fugas, pode lev\u00e1-las para o exterior para viajar, n\u00e3o importa onde for, sem preocupa\u00e7\u00f5es.<\/p>\n<p>FreeSip spout designed for either sipping upright through the built-in straw or tilting back to swig from the spout opening.<\/p>\n<p><span class=\"a-list-item\">Tampa rotativa protetora \u00e0 prova de fugas; al\u00e7a de transporte conveniente para um transporte f\u00e1cil<\/span><\/p>\n<p><strong>4.2 Capacidade, menos recargas<\/strong><\/p>\n<p>Com uma capacidade de 18 oz 24 oz, sacia a sua sede durante meio dia! Este frasco t\u00e9rmico \u00e9 perfeito para quem bebe muito, para os amantes da boa forma f\u00edsica ou para os profissionais que trabalham \u00e0 secret\u00e1ria. Encha uma vez e mantenha-se hidratado sem necessidade de reabastecer constantemente - pr\u00e1tico e eficiente.<\/p>\n<p><strong>5. exterior sem suor<\/strong><\/p>\n<p>O nosso frasco de v\u00e1cuo com isolamento a v\u00e1cuo n\u00e3o s\u00f3 mant\u00e9m as bebidas frias, como tamb\u00e9m mant\u00e9m o exterior seco. N\u00e3o precisa de se preocupar com a condensa\u00e7\u00e3o das bebidas frias que molha as suas m\u00e3os ou a mesa.<\/p>\n<p><strong>6.15anos+ de experi\u00eancia de fabrico<\/strong><\/p>\n<p>Ifun concentra-se em produtos de bebidas h\u00e1 mais de 15 anos, nosso produto inclui copo de a\u00e7o inoxid\u00e1vel, garrafas de \u00e1gua isoladas a v\u00e1cuo, canecas de viagem, copos t\u00e9rmicos etc. Temos equipas profissionais para garantir que os produtos s\u00e3o de alta qualidade.<\/p>\n<p>7. servi\u00e7o OEM e ODM dispon\u00edvel<\/p>\n<p>Como fabricante de garrafas de a\u00e7o inoxid\u00e1vel, a Ifun fornece servi\u00e7os OEM e ODM aos nossos clientes. Independentemente das cores, log\u00f3tipos, embalagens ou tamanhos, tamb\u00e9m podemos personalizar para si.<\/p>\n[post-link-list]\n<p><img decoding=\"async\" class=\"alignnone size-full wp-image-3059\" src=\"https:\/\/customizedwaterbottles.com\/wp-content\/uploads\/2025\/07\/owala-sports-water-bottles-2.webp\" alt=\"\" width=\"1200\" height=\"1200\" srcset=\"https:\/\/customizedwaterbottles.com\/wp-content\/uploads\/2025\/07\/owala-sports-water-bottles-2.webp 1200w, https:\/\/customizedwaterbottles.com\/wp-content\/uploads\/2025\/07\/owala-sports-water-bottles-2-1024x1024.webp 1024w, https:\/\/customizedwaterbottles.com\/wp-content\/uploads\/2025\/07\/owala-sports-water-bottles-2-768x768.webp 768w, https:\/\/customizedwaterbottles.com\/wp-content\/uploads\/2025\/07\/owala-sports-water-bottles-2-300x300.webp 300w, https:\/\/customizedwaterbottles.com\/wp-content\/uploads\/2025\/07\/owala-sports-water-bottles-2-600x600.webp 600w, https:\/\/customizedwaterbottles.com\/wp-content\/uploads\/2025\/07\/owala-sports-water-bottles-2-100x100.webp 100w\" sizes=\"(max-width: 1200px) 100vw, 1200px\" \/> \u00a0<img decoding=\"async\" class=\"alignnone size-medium wp-image-3063\" src=\"https:\/\/customizedwaterbottles.com\/wp-content\/uploads\/2025\/07\/owala-sports-water-bottles-12.webp\" alt=\"\" width=\"1000\" height=\"1000\" srcset=\"https:\/\/customizedwaterbottles.com\/wp-content\/uploads\/2025\/07\/owala-sports-water-bottles-12.webp 1000w, https:\/\/customizedwaterbottles.com\/wp-content\/uploads\/2025\/07\/owala-sports-water-bottles-12-768x768.webp 768w, https:\/\/customizedwaterbottles.com\/wp-content\/uploads\/2025\/07\/owala-sports-water-bottles-12-300x300.webp 300w, https:\/\/customizedwaterbottles.com\/wp-content\/uploads\/2025\/07\/owala-sports-water-bottles-12-600x600.webp 600w, https:\/\/customizedwaterbottles.com\/wp-content\/uploads\/2025\/07\/owala-sports-water-bottles-12-100x100.webp 100w\" sizes=\"(max-width: 1000px) 100vw, 1000px\" \/> <img decoding=\"async\" class=\"alignnone size-medium wp-image-3064\" src=\"https:\/\/customizedwaterbottles.com\/wp-content\/uploads\/2025\/07\/owala-sports-water-bottles-13.webp\" alt=\"\" width=\"800\" height=\"800\" srcset=\"https:\/\/customizedwaterbottles.com\/wp-content\/uploads\/2025\/07\/owala-sports-water-bottles-13.webp 800w, https:\/\/customizedwaterbottles.com\/wp-content\/uploads\/2025\/07\/owala-sports-water-bottles-13-768x768.webp 768w, https:\/\/customizedwaterbottles.com\/wp-content\/uploads\/2025\/07\/owala-sports-water-bottles-13-300x300.webp 300w, https:\/\/customizedwaterbottles.com\/wp-content\/uploads\/2025\/07\/owala-sports-water-bottles-13-600x600.webp 600w, https:\/\/customizedwaterbottles.com\/wp-content\/uploads\/2025\/07\/owala-sports-water-bottles-13-100x100.webp 100w\" sizes=\"(max-width: 800px) 100vw, 800px\" \/> <img decoding=\"async\" class=\"alignnone size-medium wp-image-3065\" src=\"https:\/\/customizedwaterbottles.com\/wp-content\/uploads\/2025\/07\/owala-sports-water-bottles-14.webp\" alt=\"\" width=\"800\" height=\"800\" srcset=\"https:\/\/customizedwaterbottles.com\/wp-content\/uploads\/2025\/07\/owala-sports-water-bottles-14.webp 800w, https:\/\/customizedwaterbottles.com\/wp-content\/uploads\/2025\/07\/owala-sports-water-bottles-14-768x768.webp 768w, https:\/\/customizedwaterbottles.com\/wp-content\/uploads\/2025\/07\/owala-sports-water-bottles-14-300x300.webp 300w, https:\/\/customizedwaterbottles.com\/wp-content\/uploads\/2025\/07\/owala-sports-water-bottles-14-600x600.webp 600w, https:\/\/customizedwaterbottles.com\/wp-content\/uploads\/2025\/07\/owala-sports-water-bottles-14-100x100.webp 100w\" sizes=\"(max-width: 800px) 100vw, 800px\" \/> <img decoding=\"async\" class=\"alignnone wp-image-3066\" src=\"https:\/\/customizedwaterbottles.com\/wp-content\/uploads\/2025\/07\/owala-sports-water-bottles-16.webp\" alt=\"\" width=\"811\" height=\"811\" srcset=\"https:\/\/customizedwaterbottles.com\/wp-content\/uploads\/2025\/07\/owala-sports-water-bottles-16.webp 1500w, https:\/\/customizedwaterbottles.com\/wp-content\/uploads\/2025\/07\/owala-sports-water-bottles-16-1024x1024.webp 1024w, https:\/\/customizedwaterbottles.com\/wp-content\/uploads\/2025\/07\/owala-sports-water-bottles-16-768x768.webp 768w, https:\/\/customizedwaterbottles.com\/wp-content\/uploads\/2025\/07\/owala-sports-water-bottles-16-300x300.webp 300w, https:\/\/customizedwaterbottles.com\/wp-content\/uploads\/2025\/07\/owala-sports-water-bottles-16-600x600.webp 600w, https:\/\/customizedwaterbottles.com\/wp-content\/uploads\/2025\/07\/owala-sports-water-bottles-16-100x100.webp 100w\" sizes=\"(max-width: 811px) 100vw, 811px\" \/><\/p>\n<p><img decoding=\"async\" class=\"alignnone wp-image-3062\" src=\"https:\/\/customizedwaterbottles.com\/wp-content\/uploads\/2025\/07\/owala-sports-water-bottles-11.webp\" alt=\"\" width=\"884\" height=\"884\" srcset=\"https:\/\/customizedwaterbottles.com\/wp-content\/uploads\/2025\/07\/owala-sports-water-bottles-11.webp 1000w, https:\/\/customizedwaterbottles.com\/wp-content\/uploads\/2025\/07\/owala-sports-water-bottles-11-768x768.webp 768w, https:\/\/customizedwaterbottles.com\/wp-content\/uploads\/2025\/07\/owala-sports-water-bottles-11-300x300.webp 300w, https:\/\/customizedwaterbottles.com\/wp-content\/uploads\/2025\/07\/owala-sports-water-bottles-11-600x600.webp 600w, https:\/\/customizedwaterbottles.com\/wp-content\/uploads\/2025\/07\/owala-sports-water-bottles-11-100x100.webp 100w\" sizes=\"(max-width: 884px) 100vw, 884px\" \/><\/p>","protected":false},"excerpt":{"rendered":"<h3><strong>Carater\u00edsticas do produto:<\/strong><\/h3>\n<ul>\n<li><strong>Constru\u00e7\u00e3o em a\u00e7o inoxid\u00e1vel 18\/8 de qualidade alimentar de primeira qualidade: <\/strong>Garrafas de \u00e1gua Ifun feitas de a\u00e7o inoxid\u00e1vel 18\/8 (304) de alta qualidade e resistente \u00e0 corros\u00e3o. Isto garante uma pureza absoluta. N\u00e3o cont\u00e9m BPA, ftalatos e n\u00e3o \u00e9 t\u00f3xico, garantindo uma hidrata\u00e7\u00e3o segura. O material robusto resiste a amolgadelas, riscos e aos rigores das aventuras ao ar livre, durando significativamente mais do que as garrafas de pl\u00e1stico ou alum\u00ednio.<\/li>\n<li><strong>Isolamento a v\u00e1cuo avan\u00e7ado de parede dupla: <\/strong>O frasco t\u00e9rmico Ifun apresenta uma tecnologia superior de selagem a v\u00e1cuo entre paredes duplas de a\u00e7o inoxid\u00e1vel. Isto cria uma barreira t\u00e9rmica quase perfeita, mantendo as bebidas geladas durante mais de 24 horas ou quentes durante mais de 12 horas.<\/li>\n<li><strong>Versatilidade inigual\u00e1vel em termos de capacidade:<\/strong> Este frasco de v\u00e1cuo pode satisfazer a sua hidrata\u00e7\u00e3o para qualquer atividade. Oferecemos uma vasta gama de tamanhos, tipicamente desde os compactos 12 oz, 16oz, 18oz para corridas r\u00e1pidas ou crian\u00e7as, passando pelos populares 22oz, 25oz para caminhadas di\u00e1rias e sess\u00f5es de gin\u00e1sio, at\u00e9 32oz, 40oz ou maiores para expedi\u00e7\u00f5es prolongadas, mochila \u00e0s costas ou minimiza\u00e7\u00e3o de recargas.<\/li>\n<li><strong>Design da tampa intercambi\u00e1vel e funcional: <\/strong>Pode escolher a tampa que melhor se adequa \u00e0 sua atividade. As op\u00e7\u00f5es incluem normalmente: tampa flip up \u00e0 prova de fugas, tampa de rosca para palha, tampa de boca larga, tampa com pega, etc. Todas as tampas possuem mecanismos de fecho seguros e vedantes de silicone fi\u00e1veis para um desempenho garantido \u00e0 prova de fugas nas mochilas.<\/li>\n<li><strong>Estrutura duradoura:<\/strong> O corpo em a\u00e7o inoxid\u00e1vel resistente resiste a quedas, choques e abras\u00f5es encontradas em trilhos, subidas ou passeios de bicicleta. \u00c9 um investimento a longo prazo concebido para sobreviver a in\u00fameras aventuras.<\/li>\n<li><strong>Personaliza\u00e7\u00e3o da cor e do log\u00f3tipo:<\/strong> Torne a sua garrafa \u00fanica ou para promo\u00e7\u00e3o da marca. Pode escolher entre n\u00fameros de cores pantone para combinar com o seu estilo ou cores da marca. Al\u00e9m disso, oferecemos personaliza\u00e7\u00e3o profissional do log\u00f3tipo, como grava\u00e7\u00e3o a laser, impress\u00e3o em ecr\u00e3, impress\u00e3o 3D, impress\u00e3o UV, etc. Perfeito para brindes de empresas, artigos de equipa, eventos ou equipamento personalizado.<\/li>\n<li><strong>Design port\u00e1til:<\/strong> Existe um la\u00e7o integrado ou uma pega articulada para uma f\u00e1cil fixa\u00e7\u00e3o a mochilas, mosquet\u00f5es ou simplesmente para transportar.<\/li>\n<li><strong>F\u00e1cil manuten\u00e7\u00e3o e resist\u00eancia ao odor:<\/strong> As op\u00e7\u00f5es de boca larga permitem a limpeza \u00e0 m\u00e3o ou na m\u00e1quina de lavar loi\u00e7a. O a\u00e7o inoxid\u00e1vel de alta qualidade \u00e9 naturalmente resistente \u00e0 reten\u00e7\u00e3o de sabores e odores de bebidas anteriores, garantindo que cada bebida saiba a fresco.<\/li>\n<\/ul>\n<h3><strong>Servi\u00e7os personalizados:<\/strong><\/h3>\n<ul>\n<li><strong>Log\u00f3tipo e design:<\/strong> As garrafas t\u00e9rmicas de a\u00e7o inoxid\u00e1vel Ifun suportam o log\u00f3tipo personalizado da sua marca. Podemos fazer o seu log\u00f3tipo e design com serigrafia, grava\u00e7\u00e3o a laser, transfer\u00eancia de calor, impress\u00e3o 3D, impress\u00e3o UV, etc.<\/li>\n<li><strong>Cor:<\/strong> As cores podem ser personalizadas de acordo com o n\u00famero de cor pantone, podemos faz\u00ea-lo com acabamento mate, pintura brilhante, revestimento em p\u00f3, etc.<\/li>\n<li><strong>Capacidade:<\/strong> Temos 12 on\u00e7as, 16 on\u00e7as, 18 on\u00e7as, 22 on\u00e7as, 25 on\u00e7as, 32 on\u00e7as, 40 on\u00e7as, outras capacidades que tamb\u00e9m podemos personalizar para si.<\/li>\n<li><strong>Tampas: <\/strong>100% Tampa estanque BPA FREE, a cor pode ser personalizada.<\/li>\n<li><strong>Embalagem: <\/strong>Caixa de cor, caixa branca, caixa de oferta, caixa de cart\u00e3o castanho, caixa cil\u00edndrica, etc.<\/li>\n<\/ul>","protected":false},"featured_media":3070,"comment_status":"open","ping_status":"closed","template":"","meta":[],"product_brand":[],"product_cat":[24],"product_tag":[58,45,57],"class_list":{"0":"post-3057","1":"product","2":"type-product","3":"status-publish","4":"has-post-thumbnail","6":"product_cat-water-bottles","7":"product_tag-sports-thermal-bottles","8":"product_tag-thermos-flask","9":"product_tag-vacuum-insulated-bottles","11":"first","12":"instock","13":"shipping-taxable","14":"product-type-simple"},"yoast_head":"<!-- This site is optimized with the Yoast SEO plugin v25.4 - https:\/\/yoast.com\/wordpress\/plugins\/seo\/ -->\n<title>18oz 24oz FreeSipTwist BPA-Free Insulated Stainless Steel Water Bottle with Straw for Sports and Travel 1081609W - iFun<\/title>\n<meta name=\"description\" content=\"Stay hydrated on the go with our Wholesale Factory BPA-free 18oz &amp; 24oz FreeSipTwist insulated stainless steel water bottle! Perfect for sports, travel, and everyday use. Leak-proof, durable, and keeps drinks cold\/hot for hours.\" \/>\n<meta name=\"robots\" content=\"index, follow, max-snippet:-1, max-image-preview:large, max-video-preview:-1\" \/>\n<link rel=\"canonical\" href=\"https:\/\/customizedwaterbottles.com\/pt\/product\/18oz-24oz-freesiptwist-bpa-free-insulated-stainless-steel-water-bottle-with-straw-for-sports-and-travel\/\" \/>\n<meta property=\"og:locale\" content=\"pt_PT\" \/>\n<meta property=\"og:type\" content=\"article\" \/>\n<meta property=\"og:title\" content=\"18oz 24oz FreeSipTwist BPA-Free Insulated Stainless Steel Water Bottle with Straw for Sports and Travel 1081609W - iFun\" \/>\n<meta property=\"og:description\" content=\"Stay hydrated on the go with our Wholesale Factory BPA-free 18oz &amp; 24oz FreeSipTwist insulated stainless steel water bottle! Perfect for sports, travel, and everyday use. Leak-proof, durable, and keeps drinks cold\/hot for hours.\" \/>\n<meta property=\"og:url\" content=\"https:\/\/customizedwaterbottles.com\/pt\/product\/18oz-24oz-freesiptwist-bpa-free-insulated-stainless-steel-water-bottle-with-straw-for-sports-and-travel\/\" \/>\n<meta property=\"og:site_name\" content=\"iFun\" \/>\n<meta property=\"article:modified_time\" content=\"2025-07-18T09:38:43+00:00\" \/>\n<meta property=\"og:image\" content=\"https:\/\/customizedwaterbottles.com\/wp-content\/uploads\/2025\/07\/owala-sports-water-bottles-2-1.webp\" \/>\n\t<meta property=\"og:image:width\" content=\"1200\" \/>\n\t<meta property=\"og:image:height\" content=\"1200\" \/>\n\t<meta property=\"og:image:type\" content=\"image\/webp\" \/>\n<meta name=\"twitter:card\" content=\"summary_large_image\" \/>\n<meta name=\"twitter:label1\" content=\"Tempo estimado de leitura\" \/>\n\t<meta name=\"twitter:data1\" content=\"3 minutos\" \/>\n<script type=\"application\/ld+json\" class=\"yoast-schema-graph\">{\"@context\":\"https:\/\/schema.org\",\"@graph\":[{\"@type\":\"WebPage\",\"@id\":\"https:\/\/customizedwaterbottles.com\/product\/18oz-24oz-freesiptwist-bpa-free-insulated-stainless-steel-water-bottle-with-straw-for-sports-and-travel\/\",\"url\":\"https:\/\/customizedwaterbottles.com\/product\/18oz-24oz-freesiptwist-bpa-free-insulated-stainless-steel-water-bottle-with-straw-for-sports-and-travel\/\",\"name\":\"18oz 24oz FreeSipTwist BPA-Free Insulated Stainless Steel Water Bottle with Straw for Sports and Travel 1081609W - iFun\",\"isPartOf\":{\"@id\":\"https:\/\/customizedwaterbottles.com\/#website\"},\"primaryImageOfPage\":{\"@id\":\"https:\/\/customizedwaterbottles.com\/product\/18oz-24oz-freesiptwist-bpa-free-insulated-stainless-steel-water-bottle-with-straw-for-sports-and-travel\/#primaryimage\"},\"image\":{\"@id\":\"https:\/\/customizedwaterbottles.com\/product\/18oz-24oz-freesiptwist-bpa-free-insulated-stainless-steel-water-bottle-with-straw-for-sports-and-travel\/#primaryimage\"},\"thumbnailUrl\":\"https:\/\/customizedwaterbottles.com\/wp-content\/uploads\/2025\/07\/owala-sports-water-bottles-2-1.webp\",\"datePublished\":\"2025-07-18T01:57:29+00:00\",\"dateModified\":\"2025-07-18T09:38:43+00:00\",\"description\":\"Stay hydrated on the go with our Wholesale Factory BPA-free 18oz & 24oz FreeSipTwist insulated stainless steel water bottle! Perfect for sports, travel, and everyday use. Leak-proof, durable, and keeps drinks cold\/hot for hours.\",\"breadcrumb\":{\"@id\":\"https:\/\/customizedwaterbottles.com\/product\/18oz-24oz-freesiptwist-bpa-free-insulated-stainless-steel-water-bottle-with-straw-for-sports-and-travel\/#breadcrumb\"},\"inLanguage\":\"pt-PT\",\"potentialAction\":[{\"@type\":\"ReadAction\",\"target\":[\"https:\/\/customizedwaterbottles.com\/product\/18oz-24oz-freesiptwist-bpa-free-insulated-stainless-steel-water-bottle-with-straw-for-sports-and-travel\/\"]}]},{\"@type\":\"ImageObject\",\"inLanguage\":\"pt-PT\",\"@id\":\"https:\/\/customizedwaterbottles.com\/product\/18oz-24oz-freesiptwist-bpa-free-insulated-stainless-steel-water-bottle-with-straw-for-sports-and-travel\/#primaryimage\",\"url\":\"https:\/\/customizedwaterbottles.com\/wp-content\/uploads\/2025\/07\/owala-sports-water-bottles-2-1.webp\",\"contentUrl\":\"https:\/\/customizedwaterbottles.com\/wp-content\/uploads\/2025\/07\/owala-sports-water-bottles-2-1.webp\",\"width\":1200,\"height\":1200},{\"@type\":\"BreadcrumbList\",\"@id\":\"https:\/\/customizedwaterbottles.com\/product\/18oz-24oz-freesiptwist-bpa-free-insulated-stainless-steel-water-bottle-with-straw-for-sports-and-travel\/#breadcrumb\",\"itemListElement\":[{\"@type\":\"ListItem\",\"position\":1,\"name\":\"Home\",\"item\":\"https:\/\/customizedwaterbottles.com\/\"},{\"@type\":\"ListItem\",\"position\":2,\"name\":\"Products\",\"item\":\"https:\/\/customizedwaterbottles.com\/wholesale-drinkware-manufacturer-water-bottles-tumblers\/\"},{\"@type\":\"ListItem\",\"position\":3,\"name\":\"18oz 24oz FreeSipTwist BPA-Free Insulated Stainless Steel Water Bottle with Straw for Sports and Travel 1081609W\"}]},{\"@type\":\"WebSite\",\"@id\":\"https:\/\/customizedwaterbottles.com\/#website\",\"url\":\"https:\/\/customizedwaterbottles.com\/\",\"name\":\"iFun\",\"description\":\"Water Bottles Stainless Steel Vacuum Flask\",\"potentialAction\":[{\"@type\":\"SearchAction\",\"target\":{\"@type\":\"EntryPoint\",\"urlTemplate\":\"https:\/\/customizedwaterbottles.com\/?s={search_term_string}\"},\"query-input\":{\"@type\":\"PropertyValueSpecification\",\"valueRequired\":true,\"valueName\":\"search_term_string\"}}],\"inLanguage\":\"pt-PT\"}]}<\/script>\n<!-- \/ Yoast SEO plugin. -->","yoast_head_json":{"title":"18oz 24oz FreeSipTwist BPA-Free Insulated Stainless Steel Water Bottle with Straw for Sports and Travel 1081609W - iFun","description":"Stay hydrated on the go with our Wholesale Factory BPA-free 18oz & 24oz FreeSipTwist insulated stainless steel water bottle! Perfect for sports, travel, and everyday use. Leak-proof, durable, and keeps drinks cold\/hot for hours.","robots":{"index":"index","follow":"follow","max-snippet":"max-snippet:-1","max-image-preview":"max-image-preview:large","max-video-preview":"max-video-preview:-1"},"canonical":"https:\/\/customizedwaterbottles.com\/pt\/product\/18oz-24oz-freesiptwist-bpa-free-insulated-stainless-steel-water-bottle-with-straw-for-sports-and-travel\/","og_locale":"pt_PT","og_type":"article","og_title":"18oz 24oz FreeSipTwist BPA-Free Insulated Stainless Steel Water Bottle with Straw for Sports and Travel 1081609W - iFun","og_description":"Stay hydrated on the go with our Wholesale Factory BPA-free 18oz & 24oz FreeSipTwist insulated stainless steel water bottle! Perfect for sports, travel, and everyday use. Leak-proof, durable, and keeps drinks cold\/hot for hours.","og_url":"https:\/\/customizedwaterbottles.com\/pt\/product\/18oz-24oz-freesiptwist-bpa-free-insulated-stainless-steel-water-bottle-with-straw-for-sports-and-travel\/","og_site_name":"iFun","article_modified_time":"2025-07-18T09:38:43+00:00","og_image":[{"width":1200,"height":1200,"url":"https:\/\/customizedwaterbottles.com\/wp-content\/uploads\/2025\/07\/owala-sports-water-bottles-2-1.webp","type":"image\/webp"}],"twitter_card":"summary_large_image","twitter_misc":{"Tempo estimado de leitura":"3 minutos"},"schema":{"@context":"https:\/\/schema.org","@graph":[{"@type":"WebPage","@id":"https:\/\/customizedwaterbottles.com\/product\/18oz-24oz-freesiptwist-bpa-free-insulated-stainless-steel-water-bottle-with-straw-for-sports-and-travel\/","url":"https:\/\/customizedwaterbottles.com\/product\/18oz-24oz-freesiptwist-bpa-free-insulated-stainless-steel-water-bottle-with-straw-for-sports-and-travel\/","name":"18oz 24oz FreeSipTwist BPA-Free Insulated Stainless Steel Water Bottle with Straw for Sports and Travel 1081609W - iFun","isPartOf":{"@id":"https:\/\/customizedwaterbottles.com\/#website"},"primaryImageOfPage":{"@id":"https:\/\/customizedwaterbottles.com\/product\/18oz-24oz-freesiptwist-bpa-free-insulated-stainless-steel-water-bottle-with-straw-for-sports-and-travel\/#primaryimage"},"image":{"@id":"https:\/\/customizedwaterbottles.com\/product\/18oz-24oz-freesiptwist-bpa-free-insulated-stainless-steel-water-bottle-with-straw-for-sports-and-travel\/#primaryimage"},"thumbnailUrl":"https:\/\/customizedwaterbottles.com\/wp-content\/uploads\/2025\/07\/owala-sports-water-bottles-2-1.webp","datePublished":"2025-07-18T01:57:29+00:00","dateModified":"2025-07-18T09:38:43+00:00","description":"Stay hydrated on the go with our Wholesale Factory BPA-free 18oz & 24oz FreeSipTwist insulated stainless steel water bottle! Perfect for sports, travel, and everyday use. Leak-proof, durable, and keeps drinks cold\/hot for hours.","breadcrumb":{"@id":"https:\/\/customizedwaterbottles.com\/product\/18oz-24oz-freesiptwist-bpa-free-insulated-stainless-steel-water-bottle-with-straw-for-sports-and-travel\/#breadcrumb"},"inLanguage":"pt-PT","potentialAction":[{"@type":"ReadAction","target":["https:\/\/customizedwaterbottles.com\/product\/18oz-24oz-freesiptwist-bpa-free-insulated-stainless-steel-water-bottle-with-straw-for-sports-and-travel\/"]}]},{"@type":"ImageObject","inLanguage":"pt-PT","@id":"https:\/\/customizedwaterbottles.com\/product\/18oz-24oz-freesiptwist-bpa-free-insulated-stainless-steel-water-bottle-with-straw-for-sports-and-travel\/#primaryimage","url":"https:\/\/customizedwaterbottles.com\/wp-content\/uploads\/2025\/07\/owala-sports-water-bottles-2-1.webp","contentUrl":"https:\/\/customizedwaterbottles.com\/wp-content\/uploads\/2025\/07\/owala-sports-water-bottles-2-1.webp","width":1200,"height":1200},{"@type":"BreadcrumbList","@id":"https:\/\/customizedwaterbottles.com\/product\/18oz-24oz-freesiptwist-bpa-free-insulated-stainless-steel-water-bottle-with-straw-for-sports-and-travel\/#breadcrumb","itemListElement":[{"@type":"ListItem","position":1,"name":"Home","item":"https:\/\/customizedwaterbottles.com\/"},{"@type":"ListItem","position":2,"name":"Products","item":"https:\/\/customizedwaterbottles.com\/wholesale-drinkware-manufacturer-water-bottles-tumblers\/"},{"@type":"ListItem","position":3,"name":"18oz 24oz FreeSipTwist BPA-Free Insulated Stainless Steel Water Bottle with Straw for Sports and Travel 1081609W"}]},{"@type":"WebSite","@id":"https:\/\/customizedwaterbottles.com\/#website","url":"https:\/\/customizedwaterbottles.com\/","name":"iFun","description":"Water Bottles Stainless Steel Vacuum Flask","potentialAction":[{"@type":"SearchAction","target":{"@type":"EntryPoint","urlTemplate":"https:\/\/customizedwaterbottles.com\/?s={search_term_string}"},"query-input":{"@type":"PropertyValueSpecification","valueRequired":true,"valueName":"search_term_string"}}],"inLanguage":"pt-PT"}]}},"_links":{"self":[{"href":"https:\/\/customizedwaterbottles.com\/pt\/wp-json\/wp\/v2\/product\/3057","targetHints":{"allow":["GET"]}}],"collection":[{"href":"https:\/\/customizedwaterbottles.com\/pt\/wp-json\/wp\/v2\/product"}],"about":[{"href":"https:\/\/customizedwaterbottles.com\/pt\/wp-json\/wp\/v2\/types\/product"}],"replies":[{"embeddable":true,"href":"https:\/\/customizedwaterbottles.com\/pt\/wp-json\/wp\/v2\/comments?post=3057"}],"wp:featuredmedia":[{"embeddable":true,"href":"https:\/\/customizedwaterbottles.com\/pt\/wp-json\/wp\/v2\/media\/3070"}],"wp:attachment":[{"href":"https:\/\/customizedwaterbottles.com\/pt\/wp-json\/wp\/v2\/media?parent=3057"}],"wp:term":[{"taxonomy":"product_brand","embeddable":true,"href":"https:\/\/customizedwaterbottles.com\/pt\/wp-json\/wp\/v2\/product_brand?post=3057"},{"taxonomy":"product_cat","embeddable":true,"href":"https:\/\/customizedwaterbottles.com\/pt\/wp-json\/wp\/v2\/product_cat?post=3057"},{"taxonomy":"product_tag","embeddable":true,"href":"https:\/\/customizedwaterbottles.com\/pt\/wp-json\/wp\/v2\/product_tag?post=3057"}],"curies":[{"name":"wp","href":"https:\/\/api.w.org\/{rel}","templated":true}]}}