{"id":3361,"date":"2025-08-22T09:05:29","date_gmt":"2025-08-22T09:05:29","guid":{"rendered":"https:\/\/customizedwaterbottles.com\/?post_type=product&#038;p=3361"},"modified":"2025-08-26T06:35:06","modified_gmt":"2025-08-26T06:35:06","slug":"12oz-kids-bulk-hydro-flask-customized-manufacturer-travel-coffee-mug","status":"publish","type":"product","link":"https:\/\/customizedwaterbottles.com\/pt\/product\/12oz-kids-bulk-hydro-flask-customized-manufacturer-travel-coffee-mug\/","title":{"rendered":"Caneca de caf\u00e9 de viagem de 12 oz para crian\u00e7as a granel Hydro Flask personalizada pelo fabricante 1081619W"},"content":{"rendered":"<p><strong>\u00a0 \u00a0 \u00a0 Nome do produto\uff1a<\/strong>Caneca de caf\u00e9 de viagem de 12 oz para crian\u00e7as a granel Hydro Flask personalizada pelo fabricante<strong><br \/>\n<\/strong><strong>\u00a0 \u00a0 \u00a0 Capacidade\uff1a<\/strong>12 on\u00e7as, 16 on\u00e7as, 18 on\u00e7as, 22 on\u00e7as, 25 on\u00e7as, 32 on\u00e7as, 40 on\u00e7as<br \/>\n<strong>\u00a0 \u00a0 \u00a0 Material\uff1a<\/strong>A\u00e7o inoxid\u00e1vel<br \/>\n<strong>\u00a0 \u00a0 \u00a0 Cor\uff1a<\/strong>Pintura brilhante, pintura mate, revestimento em p\u00f3, etc.<br \/>\n<strong>\u00a0 \u00a0 \u00a0 Log\u00f3tipo\uff1a<\/strong>Impress\u00e3o serigr\u00e1fica, impress\u00e3o por transfer\u00eancia t\u00e9rmica, grava\u00e7\u00e3o a laser, transfer\u00eancia de \u00e1gua, etc.<br \/>\n<strong>\u00a0 \u00a0 \u00a0 MOQ\uff1a<\/strong>100 unidades<br \/>\n<strong>\u00a0 \u00a0 \u00a0 Tempo de amostragem\uff1a<\/strong>3-7 dias para design personalizado<br \/>\n<strong>\u00a0 \u00a0 \u00a0 Certifica\u00e7\u00e3o\uff1a<\/strong>FDA, LFGB<br \/>\n<strong>\u00a0 \u00a0 \u00a0 Embalagem<\/strong>\uff1aCaixa branca, caixa de cor ou caixa de design personalizado<br \/>\n<strong>\u00a0 \u00a0 \u00a0 Capacidade de produ\u00e7\u00e3o\uff1a<\/strong>500.000 unidades por m\u00eas<br \/>\n<strong>\u00a0 \u00a0 \u00a0 Prazo de entrega\uff1a<\/strong>5-35dias para quantidades inferiores a 20.000pcs<\/p>\n<h2><strong>Por que escolher Ifun 12oz Kids Hydro Flask Caneca de caf\u00e9 de viagem personalizada\uff1f<\/strong><\/h2>\n<ol>\n<li><strong>Certificado de Qualidade e Seguran\u00e7a<\/strong><br \/>\nOs nossos hydro flask personalizados, garrafas de \u00e1gua e artigos para beber cumprem as normas internacionais (CE, FDA, CA65\/Prop65, LFGB), garantindo produtos sem BPA, duradouros e seguros para os seus clientes.<\/li>\n<li><strong style=\"color: #555555;\">\u00a0Destaque-se com designs personalizados<br \/>\n<\/strong>A sua marca merece um objeto de bebida \u00fanico que capte a aten\u00e7\u00e3o. Com os designs elegantes e personaliz\u00e1veis da Anhui iFun, o seu frasco de \u00e1gua personalizado reflectir\u00e1 a identidade da sua marca e ajud\u00e1-lo-\u00e1 a destacar-se num mercado competitivo.<\/li>\n<li><strong style=\"color: #555555;\">Controlo de qualidade rigoroso<br \/>\n<\/strong>A qualidade est\u00e1 no centro do nosso processo de fabrico. A nossa equipa dedicada de inspectores garante que cada frasco de \u00e1gua personalizado cumpre normas rigorosas antes de chegar aos seus clientes em todo o mundo.<\/li>\n<li><strong style=\"color: #555555;\">Proteger a sua marca e as suas ideias<br \/>\n<\/strong>Respeitamos a propriedade intelectual e a confidencialidade. Se necess\u00e1rio, teremos todo o gosto em assinar acordos NDA ou NNN para salvaguardar os seus projectos OEM\/ODM.<\/li>\n<li><strong style=\"color: #555555;\">Produ\u00e7\u00e3o eficiente e automatizada<br \/>\n<\/strong>Especializados no fabrico de copos, aproveitamos as linhas de produ\u00e7\u00e3o avan\u00e7adas e as tecnologias da Ind\u00fastria 4.0 para fornecer produtos rent\u00e1veis e de alta qualidade a pre\u00e7os competitivos.<\/li>\n<li><strong style=\"color: #555555;\">Especializa\u00e7\u00e3o em OEM\/ODM<br \/>\n<\/strong>Os nossos engenheiros experientes, com mais de 20 anos de experi\u00eancia no fabrico de artigos para bebidas, podem transformar as suas ideias em frascos de \u00e1gua personalizados prontos para o mercado - ajudando-o a criar best-sellers.<\/li>\n<li><strong style=\"color: #555555;\">Servi\u00e7os de personaliza\u00e7\u00e3o completa<br \/>\n<\/strong>Desde a moldagem at\u00e9 \u00e0 embalagem, oferecemos uma personaliza\u00e7\u00e3o de ponta a ponta para corresponder \u00e0s necessidades da sua marca:<br \/>\n<strong style=\"color: #555555;\">Moldagem personalizada<\/strong><span style=\"color: #555555;\"> - <\/span><a href=\"https:\/\/customizedwaterbottles.com\/pt\/custom-water-bottle-mold-maker-bpa-free-vacuum-flask-oem\/\" target=\"_blank\" rel=\"noopener\">https:\/\/customizedwaterbottles.com\/custom-water-bottle-mold-maker-bpa-free-vacuum-flask-oem\/<\/a><br \/>\n<strong style=\"color: #555555;\">Decora\u00e7\u00e3o personalizada<\/strong><span style=\"color: #555555;\"> -<\/span><a href=\"https:\/\/customizedwaterbottles.com\/pt\/graphic-design-water-bottles-custom-stainless-steel-oem\/\" target=\"_blank\" rel=\"noopener\"> https:\/\/customizedwaterbottles.com\/graphic-design-water-bottles-custom-stainless-steel-oem\/<\/a><br \/>\n<strong style=\"color: #555555;\">Log\u00f3tipos e embalagens personalizados<\/strong><span style=\"color: #555555;\"> - <\/span><a href=\"https:\/\/customizedwaterbottles.com\/pt\/wholesale-custom-packaging-for-water-bottles-tumblers\/\" target=\"_blank\" rel=\"noopener\">https:\/\/customizedwaterbottles.com\/wholesale-custom-packaging-for-water-bottles-tumblers\/<\/a><br \/>\n<strong style=\"color: #555555;\">Prenda personalizada<\/strong><span style=\"color: #555555;\"> - <\/span><a href=\"https:\/\/customizedwaterbottles.com\/pt\/promotional-drinkware-for-businesses-custom-branded-gifts\/\" target=\"_blank\" rel=\"noopener\">https:\/\/customizedwaterbottles.com\/promotional-drinkware-for-businesses-custom-branded-gifts\/<\/a><\/li>\n<\/ol>\n[post-link-list]\n<p><img decoding=\"async\" class=\"alignnone size-full wp-image-3388\" src=\"https:\/\/customizedwaterbottles.com\/wp-content\/uploads\/2025\/08\/hydro-flask-customized-13.jpg\" alt=\"\" width=\"800\" height=\"800\" srcset=\"https:\/\/customizedwaterbottles.com\/wp-content\/uploads\/2025\/08\/hydro-flask-customized-13.jpg 800w, https:\/\/customizedwaterbottles.com\/wp-content\/uploads\/2025\/08\/hydro-flask-customized-13-768x768.jpg 768w, https:\/\/customizedwaterbottles.com\/wp-content\/uploads\/2025\/08\/hydro-flask-customized-13-300x300.jpg 300w, https:\/\/customizedwaterbottles.com\/wp-content\/uploads\/2025\/08\/hydro-flask-customized-13-600x600.jpg 600w, https:\/\/customizedwaterbottles.com\/wp-content\/uploads\/2025\/08\/hydro-flask-customized-13-100x100.jpg 100w\" sizes=\"(max-width: 800px) 100vw, 800px\" \/><\/p>\n<p><img decoding=\"async\" class=\"alignnone size-medium wp-image-3392\" src=\"https:\/\/customizedwaterbottles.com\/wp-content\/uploads\/2025\/08\/hydro-flask-customized-10.jpg\" alt=\"\" width=\"800\" height=\"800\" srcset=\"https:\/\/customizedwaterbottles.com\/wp-content\/uploads\/2025\/08\/hydro-flask-customized-10.jpg 800w, https:\/\/customizedwaterbottles.com\/wp-content\/uploads\/2025\/08\/hydro-flask-customized-10-768x768.jpg 768w, https:\/\/customizedwaterbottles.com\/wp-content\/uploads\/2025\/08\/hydro-flask-customized-10-300x300.jpg 300w, https:\/\/customizedwaterbottles.com\/wp-content\/uploads\/2025\/08\/hydro-flask-customized-10-600x600.jpg 600w, https:\/\/customizedwaterbottles.com\/wp-content\/uploads\/2025\/08\/hydro-flask-customized-10-100x100.jpg 100w\" sizes=\"(max-width: 800px) 100vw, 800px\" \/><img decoding=\"async\" class=\"alignnone size-medium wp-image-3393\" src=\"https:\/\/customizedwaterbottles.com\/wp-content\/uploads\/2025\/08\/hydro-flask-customized-11.jpg\" alt=\"\" width=\"800\" height=\"800\" srcset=\"https:\/\/customizedwaterbottles.com\/wp-content\/uploads\/2025\/08\/hydro-flask-customized-11.jpg 800w, https:\/\/customizedwaterbottles.com\/wp-content\/uploads\/2025\/08\/hydro-flask-customized-11-768x768.jpg 768w, https:\/\/customizedwaterbottles.com\/wp-content\/uploads\/2025\/08\/hydro-flask-customized-11-300x300.jpg 300w, https:\/\/customizedwaterbottles.com\/wp-content\/uploads\/2025\/08\/hydro-flask-customized-11-600x600.jpg 600w, https:\/\/customizedwaterbottles.com\/wp-content\/uploads\/2025\/08\/hydro-flask-customized-11-100x100.jpg 100w\" sizes=\"(max-width: 800px) 100vw, 800px\" \/><img decoding=\"async\" class=\"alignnone size-full wp-image-3394\" src=\"https:\/\/customizedwaterbottles.com\/wp-content\/uploads\/2025\/08\/hydro-flask-customized-2.jpg\" alt=\"\" width=\"1280\" height=\"1280\" srcset=\"https:\/\/customizedwaterbottles.com\/wp-content\/uploads\/2025\/08\/hydro-flask-customized-2.jpg 1280w, https:\/\/customizedwaterbottles.com\/wp-content\/uploads\/2025\/08\/hydro-flask-customized-2-1024x1024.jpg 1024w, https:\/\/customizedwaterbottles.com\/wp-content\/uploads\/2025\/08\/hydro-flask-customized-2-768x768.jpg 768w, https:\/\/customizedwaterbottles.com\/wp-content\/uploads\/2025\/08\/hydro-flask-customized-2-300x300.jpg 300w, https:\/\/customizedwaterbottles.com\/wp-content\/uploads\/2025\/08\/hydro-flask-customized-2-600x600.jpg 600w, https:\/\/customizedwaterbottles.com\/wp-content\/uploads\/2025\/08\/hydro-flask-customized-2-100x100.jpg 100w\" sizes=\"(max-width: 1280px) 100vw, 1280px\" \/><img decoding=\"async\" class=\"alignnone size-medium wp-image-3389\" src=\"https:\/\/customizedwaterbottles.com\/wp-content\/uploads\/2025\/08\/hydro-flask-customized-3.jpg\" alt=\"\" width=\"1000\" height=\"1000\" srcset=\"https:\/\/customizedwaterbottles.com\/wp-content\/uploads\/2025\/08\/hydro-flask-customized-3.jpg 1000w, https:\/\/customizedwaterbottles.com\/wp-content\/uploads\/2025\/08\/hydro-flask-customized-3-768x768.jpg 768w, https:\/\/customizedwaterbottles.com\/wp-content\/uploads\/2025\/08\/hydro-flask-customized-3-300x300.jpg 300w, https:\/\/customizedwaterbottles.com\/wp-content\/uploads\/2025\/08\/hydro-flask-customized-3-600x600.jpg 600w, https:\/\/customizedwaterbottles.com\/wp-content\/uploads\/2025\/08\/hydro-flask-customized-3-100x100.jpg 100w\" sizes=\"(max-width: 1000px) 100vw, 1000px\" \/> <img decoding=\"async\" class=\"alignnone size-medium wp-image-3390\" src=\"https:\/\/customizedwaterbottles.com\/wp-content\/uploads\/2025\/08\/hydro-flask-customized-4.jpg\" alt=\"\" width=\"1000\" height=\"1000\" srcset=\"https:\/\/customizedwaterbottles.com\/wp-content\/uploads\/2025\/08\/hydro-flask-customized-4.jpg 1000w, https:\/\/customizedwaterbottles.com\/wp-content\/uploads\/2025\/08\/hydro-flask-customized-4-768x768.jpg 768w, https:\/\/customizedwaterbottles.com\/wp-content\/uploads\/2025\/08\/hydro-flask-customized-4-300x300.jpg 300w, https:\/\/customizedwaterbottles.com\/wp-content\/uploads\/2025\/08\/hydro-flask-customized-4-600x600.jpg 600w, https:\/\/customizedwaterbottles.com\/wp-content\/uploads\/2025\/08\/hydro-flask-customized-4-100x100.jpg 100w\" sizes=\"(max-width: 1000px) 100vw, 1000px\" \/> <img decoding=\"async\" class=\"alignnone size-medium wp-image-3391\" src=\"https:\/\/customizedwaterbottles.com\/wp-content\/uploads\/2025\/08\/hydro-flask-customized-5.jpg\" alt=\"\" width=\"1000\" height=\"1000\" srcset=\"https:\/\/customizedwaterbottles.com\/wp-content\/uploads\/2025\/08\/hydro-flask-customized-5.jpg 1000w, https:\/\/customizedwaterbottles.com\/wp-content\/uploads\/2025\/08\/hydro-flask-customized-5-768x768.jpg 768w, https:\/\/customizedwaterbottles.com\/wp-content\/uploads\/2025\/08\/hydro-flask-customized-5-300x300.jpg 300w, https:\/\/customizedwaterbottles.com\/wp-content\/uploads\/2025\/08\/hydro-flask-customized-5-600x600.jpg 600w, https:\/\/customizedwaterbottles.com\/wp-content\/uploads\/2025\/08\/hydro-flask-customized-5-100x100.jpg 100w\" sizes=\"(max-width: 1000px) 100vw, 1000px\" \/><\/p>","protected":false},"excerpt":{"rendered":"<h3><strong>\u00a0 \u00a0 \u00a0 \u00a0Carater\u00edsticas do produto:<\/strong><\/h3>\n<ul>\n<li><strong data-start=\"100\" data-end=\"143\">Tamanho adequado para crian\u00e7as: <\/strong>A capacidade de 12 on\u00e7as foi perfeitamente concebida para as necessidades di\u00e1rias de hidrata\u00e7\u00e3o das crian\u00e7as, tornando o frasco de \u00e1gua personalizado leve e f\u00e1cil de transportar, sem acrescentar peso extra.<\/li>\n<li><strong data-start=\"346\" data-end=\"381\">A\u00e7o inoxid\u00e1vel duradouro: <\/strong>Fabricado em a\u00e7o inoxid\u00e1vel 18\/8 de qualidade alimentar de primeira qualidade, este frasco de \u00e1gua personalizado \u00e9 resistente \u00e0 ferrugem, amolgadelas e corros\u00e3o, garantindo uma utiliza\u00e7\u00e3o a longo prazo.<\/li>\n<li><strong data-start=\"545\" data-end=\"581\">Tecnologia de isolamento a v\u00e1cuo: <\/strong>O isolamento a v\u00e1cuo de parede dupla mant\u00e9m as bebidas frias at\u00e9 12 horas e quentes at\u00e9 6 horas, ideal para actividades escolares e ao ar livre.<\/li>\n<li><strong data-start=\"741\" data-end=\"768\">Design personaliz\u00e1vel: <\/strong>Dispon\u00edvel para encomendas a granel com op\u00e7\u00f5es de personaliza\u00e7\u00e3o completas, incluindo cores, padr\u00f5es e log\u00f3tipos, permitindo que as marcas ou escolas criem uma identidade \u00fanica.<\/li>\n<li><strong data-start=\"947\" data-end=\"973\">Seguro para crian\u00e7as: <\/strong>Os materiais sem BPA, n\u00e3o t\u00f3xicos e inodoros garantem que cada gole \u00e9 seguro e saud\u00e1vel para as crian\u00e7as.<\/li>\n<li><strong data-start=\"1139\" data-end=\"1166\">Tampa \u00e0 prova de fugas: <\/strong>Equipado com uma tampa resistente a derrames, tornando-o seguro para mochilas e sacos de viagem sem se preocupar com fugas.<\/li>\n<li><strong data-start=\"1309\" data-end=\"1334\">F\u00e1cil de segurar e transportar: <\/strong>Concebido com uma pega ou \u00e1rea de ader\u00eancia adequada para crian\u00e7as, tornando o frasco de \u00e1gua personalizado simples para as m\u00e3os pequenas segurarem e transportarem confortavelmente.<\/li>\n<li><strong data-start=\"1453\" data-end=\"1483\">Abertura de boca larga:<\/strong>O design de boca larga permite um enchimento f\u00e1cil, a adi\u00e7\u00e3o de cubos de gelo e uma limpeza sem esfor\u00e7o, tornando-o conveniente para os pais manterem.<br \/>\n<h3><strong><br \/>\nServi\u00e7os personalizados:<\/strong><\/h3>\n<\/li>\n<li><strong>Log\u00f3tipo e design:<\/strong> O frasco de \u00e1gua personalizado da Ifun suporta o log\u00f3tipo personalizado da sua marca. Podemos fazer o seu log\u00f3tipo e design com serigrafia, grava\u00e7\u00e3o a laser, transfer\u00eancia de calor, impress\u00e3o 3D, impress\u00e3o UV, etc.<\/li>\n<li><strong>Cor:<\/strong> As cores podem ser personalizadas de acordo com o n\u00famero de cor pantone, podemos faz\u00ea-lo com acabamento mate, pintura brilhante, revestimento em p\u00f3, etc.<\/li>\n<li><strong>Capacidade:<\/strong> Temos 12oz, 16oz, 18oz, 22oz, 25oz, 32oz, 40oz, outras capacidades que tamb\u00e9m podemos personalizar para si.<\/li>\n<li><strong>Tampas: <\/strong>100% Tampa estanque BPA FREE, a cor pode ser personalizada.<\/li>\n<li><strong>Embalagem: <\/strong>Caixa de cor, caixa branca, caixa de oferta, caixa de cart\u00e3o castanho, caixa cil\u00edndrica, etc.<\/li>\n<\/ul>","protected":false},"featured_media":3381,"comment_status":"open","ping_status":"closed","template":"","meta":[],"product_brand":[],"product_cat":[152,24],"product_tag":[177,176,178],"class_list":{"0":"post-3361","1":"product","2":"type-product","3":"status-publish","4":"has-post-thumbnail","6":"product_cat-custom-hydro-flask-manufacturer","7":"product_cat-water-bottles","8":"product_tag-12oz-hydra-flask","9":"product_tag-china-hydro-flask","10":"product_tag-custom-design-hydro-flask","12":"first","13":"instock","14":"shipping-taxable","15":"product-type-simple"},"yoast_head":"<!-- This site is optimized with the Yoast SEO plugin v25.4 - https:\/\/yoast.com\/wordpress\/plugins\/seo\/ -->\n<title>12oz Kids Bulk Hydro Flask Customized Manufacturer Travel Coffee Mug<\/title>\n<meta name=\"description\" content=\"This wide mouth insulated water bottle with a convenient straw lid stands out from the rest. Its practical capacity and effortless portability make it a top choice for everyday use.\" \/>\n<meta name=\"robots\" content=\"index, follow, max-snippet:-1, max-image-preview:large, max-video-preview:-1\" \/>\n<link rel=\"canonical\" href=\"https:\/\/customizedwaterbottles.com\/pt\/product\/12oz-kids-bulk-hydro-flask-customized-manufacturer-travel-coffee-mug\/\" \/>\n<meta property=\"og:locale\" content=\"pt_PT\" \/>\n<meta property=\"og:type\" content=\"article\" \/>\n<meta property=\"og:title\" content=\"12oz Kids Bulk Hydro Flask Customized Manufacturer Travel Coffee Mug\" \/>\n<meta property=\"og:description\" content=\"This wide mouth insulated water bottle with a convenient straw lid stands out from the rest. Its practical capacity and effortless portability make it a top choice for everyday use.\" \/>\n<meta property=\"og:url\" content=\"https:\/\/customizedwaterbottles.com\/pt\/product\/12oz-kids-bulk-hydro-flask-customized-manufacturer-travel-coffee-mug\/\" \/>\n<meta property=\"og:site_name\" content=\"iFun\" \/>\n<meta property=\"article:modified_time\" content=\"2025-08-26T06:35:06+00:00\" \/>\n<meta property=\"og:image\" content=\"https:\/\/customizedwaterbottles.com\/wp-content\/uploads\/2025\/08\/hydro-flask-customized-1.jpg\" \/>\n\t<meta property=\"og:image:width\" content=\"800\" \/>\n\t<meta property=\"og:image:height\" content=\"800\" \/>\n\t<meta property=\"og:image:type\" content=\"image\/jpeg\" \/>\n<meta name=\"twitter:card\" content=\"summary_large_image\" \/>\n<meta name=\"twitter:label1\" content=\"Tempo estimado de leitura\" \/>\n\t<meta name=\"twitter:data1\" content=\"3 minutos\" \/>\n<script type=\"application\/ld+json\" class=\"yoast-schema-graph\">{\"@context\":\"https:\/\/schema.org\",\"@graph\":[{\"@type\":\"WebPage\",\"@id\":\"https:\/\/customizedwaterbottles.com\/product\/12oz-kids-bulk-hydro-flask-customized-manufacturer-travel-coffee-mug\/\",\"url\":\"https:\/\/customizedwaterbottles.com\/product\/12oz-kids-bulk-hydro-flask-customized-manufacturer-travel-coffee-mug\/\",\"name\":\"12oz Kids Bulk Hydro Flask Customized Manufacturer Travel Coffee Mug\",\"isPartOf\":{\"@id\":\"https:\/\/customizedwaterbottles.com\/#website\"},\"primaryImageOfPage\":{\"@id\":\"https:\/\/customizedwaterbottles.com\/product\/12oz-kids-bulk-hydro-flask-customized-manufacturer-travel-coffee-mug\/#primaryimage\"},\"image\":{\"@id\":\"https:\/\/customizedwaterbottles.com\/product\/12oz-kids-bulk-hydro-flask-customized-manufacturer-travel-coffee-mug\/#primaryimage\"},\"thumbnailUrl\":\"https:\/\/customizedwaterbottles.com\/wp-content\/uploads\/2025\/08\/hydro-flask-customized-1.jpg\",\"datePublished\":\"2025-08-22T09:05:29+00:00\",\"dateModified\":\"2025-08-26T06:35:06+00:00\",\"description\":\"This wide mouth insulated water bottle with a convenient straw lid stands out from the rest. Its practical capacity and effortless portability make it a top choice for everyday use.\",\"breadcrumb\":{\"@id\":\"https:\/\/customizedwaterbottles.com\/product\/12oz-kids-bulk-hydro-flask-customized-manufacturer-travel-coffee-mug\/#breadcrumb\"},\"inLanguage\":\"pt-PT\",\"potentialAction\":[{\"@type\":\"ReadAction\",\"target\":[\"https:\/\/customizedwaterbottles.com\/product\/12oz-kids-bulk-hydro-flask-customized-manufacturer-travel-coffee-mug\/\"]}]},{\"@type\":\"ImageObject\",\"inLanguage\":\"pt-PT\",\"@id\":\"https:\/\/customizedwaterbottles.com\/product\/12oz-kids-bulk-hydro-flask-customized-manufacturer-travel-coffee-mug\/#primaryimage\",\"url\":\"https:\/\/customizedwaterbottles.com\/wp-content\/uploads\/2025\/08\/hydro-flask-customized-1.jpg\",\"contentUrl\":\"https:\/\/customizedwaterbottles.com\/wp-content\/uploads\/2025\/08\/hydro-flask-customized-1.jpg\",\"width\":800,\"height\":800},{\"@type\":\"BreadcrumbList\",\"@id\":\"https:\/\/customizedwaterbottles.com\/product\/12oz-kids-bulk-hydro-flask-customized-manufacturer-travel-coffee-mug\/#breadcrumb\",\"itemListElement\":[{\"@type\":\"ListItem\",\"position\":1,\"name\":\"Home\",\"item\":\"https:\/\/customizedwaterbottles.com\/\"},{\"@type\":\"ListItem\",\"position\":2,\"name\":\"Products\",\"item\":\"https:\/\/customizedwaterbottles.com\/wholesale-drinkware-manufacturer-water-bottles-tumblers\/\"},{\"@type\":\"ListItem\",\"position\":3,\"name\":\"12oz Kids Bulk Hydro Flask Customized Manufacturer Travel Coffee Mug 1081619W\"}]},{\"@type\":\"WebSite\",\"@id\":\"https:\/\/customizedwaterbottles.com\/#website\",\"url\":\"https:\/\/customizedwaterbottles.com\/\",\"name\":\"iFun\",\"description\":\"Water Bottles Stainless Steel Vacuum Flask\",\"potentialAction\":[{\"@type\":\"SearchAction\",\"target\":{\"@type\":\"EntryPoint\",\"urlTemplate\":\"https:\/\/customizedwaterbottles.com\/?s={search_term_string}\"},\"query-input\":{\"@type\":\"PropertyValueSpecification\",\"valueRequired\":true,\"valueName\":\"search_term_string\"}}],\"inLanguage\":\"pt-PT\"}]}<\/script>\n<!-- \/ Yoast SEO plugin. -->","yoast_head_json":{"title":"12oz Kids Bulk Hydro Flask Customized Manufacturer Travel Coffee Mug","description":"This wide mouth insulated water bottle with a convenient straw lid stands out from the rest. Its practical capacity and effortless portability make it a top choice for everyday use.","robots":{"index":"index","follow":"follow","max-snippet":"max-snippet:-1","max-image-preview":"max-image-preview:large","max-video-preview":"max-video-preview:-1"},"canonical":"https:\/\/customizedwaterbottles.com\/pt\/product\/12oz-kids-bulk-hydro-flask-customized-manufacturer-travel-coffee-mug\/","og_locale":"pt_PT","og_type":"article","og_title":"12oz Kids Bulk Hydro Flask Customized Manufacturer Travel Coffee Mug","og_description":"This wide mouth insulated water bottle with a convenient straw lid stands out from the rest. Its practical capacity and effortless portability make it a top choice for everyday use.","og_url":"https:\/\/customizedwaterbottles.com\/pt\/product\/12oz-kids-bulk-hydro-flask-customized-manufacturer-travel-coffee-mug\/","og_site_name":"iFun","article_modified_time":"2025-08-26T06:35:06+00:00","og_image":[{"width":800,"height":800,"url":"https:\/\/customizedwaterbottles.com\/wp-content\/uploads\/2025\/08\/hydro-flask-customized-1.jpg","type":"image\/jpeg"}],"twitter_card":"summary_large_image","twitter_misc":{"Tempo estimado de leitura":"3 minutos"},"schema":{"@context":"https:\/\/schema.org","@graph":[{"@type":"WebPage","@id":"https:\/\/customizedwaterbottles.com\/product\/12oz-kids-bulk-hydro-flask-customized-manufacturer-travel-coffee-mug\/","url":"https:\/\/customizedwaterbottles.com\/product\/12oz-kids-bulk-hydro-flask-customized-manufacturer-travel-coffee-mug\/","name":"12oz Kids Bulk Hydro Flask Customized Manufacturer Travel Coffee Mug","isPartOf":{"@id":"https:\/\/customizedwaterbottles.com\/#website"},"primaryImageOfPage":{"@id":"https:\/\/customizedwaterbottles.com\/product\/12oz-kids-bulk-hydro-flask-customized-manufacturer-travel-coffee-mug\/#primaryimage"},"image":{"@id":"https:\/\/customizedwaterbottles.com\/product\/12oz-kids-bulk-hydro-flask-customized-manufacturer-travel-coffee-mug\/#primaryimage"},"thumbnailUrl":"https:\/\/customizedwaterbottles.com\/wp-content\/uploads\/2025\/08\/hydro-flask-customized-1.jpg","datePublished":"2025-08-22T09:05:29+00:00","dateModified":"2025-08-26T06:35:06+00:00","description":"This wide mouth insulated water bottle with a convenient straw lid stands out from the rest. Its practical capacity and effortless portability make it a top choice for everyday use.","breadcrumb":{"@id":"https:\/\/customizedwaterbottles.com\/product\/12oz-kids-bulk-hydro-flask-customized-manufacturer-travel-coffee-mug\/#breadcrumb"},"inLanguage":"pt-PT","potentialAction":[{"@type":"ReadAction","target":["https:\/\/customizedwaterbottles.com\/product\/12oz-kids-bulk-hydro-flask-customized-manufacturer-travel-coffee-mug\/"]}]},{"@type":"ImageObject","inLanguage":"pt-PT","@id":"https:\/\/customizedwaterbottles.com\/product\/12oz-kids-bulk-hydro-flask-customized-manufacturer-travel-coffee-mug\/#primaryimage","url":"https:\/\/customizedwaterbottles.com\/wp-content\/uploads\/2025\/08\/hydro-flask-customized-1.jpg","contentUrl":"https:\/\/customizedwaterbottles.com\/wp-content\/uploads\/2025\/08\/hydro-flask-customized-1.jpg","width":800,"height":800},{"@type":"BreadcrumbList","@id":"https:\/\/customizedwaterbottles.com\/product\/12oz-kids-bulk-hydro-flask-customized-manufacturer-travel-coffee-mug\/#breadcrumb","itemListElement":[{"@type":"ListItem","position":1,"name":"Home","item":"https:\/\/customizedwaterbottles.com\/"},{"@type":"ListItem","position":2,"name":"Products","item":"https:\/\/customizedwaterbottles.com\/wholesale-drinkware-manufacturer-water-bottles-tumblers\/"},{"@type":"ListItem","position":3,"name":"12oz Kids Bulk Hydro Flask Customized Manufacturer Travel Coffee Mug 1081619W"}]},{"@type":"WebSite","@id":"https:\/\/customizedwaterbottles.com\/#website","url":"https:\/\/customizedwaterbottles.com\/","name":"iFun","description":"Water Bottles Stainless Steel Vacuum Flask","potentialAction":[{"@type":"SearchAction","target":{"@type":"EntryPoint","urlTemplate":"https:\/\/customizedwaterbottles.com\/?s={search_term_string}"},"query-input":{"@type":"PropertyValueSpecification","valueRequired":true,"valueName":"search_term_string"}}],"inLanguage":"pt-PT"}]}},"_links":{"self":[{"href":"https:\/\/customizedwaterbottles.com\/pt\/wp-json\/wp\/v2\/product\/3361","targetHints":{"allow":["GET"]}}],"collection":[{"href":"https:\/\/customizedwaterbottles.com\/pt\/wp-json\/wp\/v2\/product"}],"about":[{"href":"https:\/\/customizedwaterbottles.com\/pt\/wp-json\/wp\/v2\/types\/product"}],"replies":[{"embeddable":true,"href":"https:\/\/customizedwaterbottles.com\/pt\/wp-json\/wp\/v2\/comments?post=3361"}],"wp:featuredmedia":[{"embeddable":true,"href":"https:\/\/customizedwaterbottles.com\/pt\/wp-json\/wp\/v2\/media\/3381"}],"wp:attachment":[{"href":"https:\/\/customizedwaterbottles.com\/pt\/wp-json\/wp\/v2\/media?parent=3361"}],"wp:term":[{"taxonomy":"product_brand","embeddable":true,"href":"https:\/\/customizedwaterbottles.com\/pt\/wp-json\/wp\/v2\/product_brand?post=3361"},{"taxonomy":"product_cat","embeddable":true,"href":"https:\/\/customizedwaterbottles.com\/pt\/wp-json\/wp\/v2\/product_cat?post=3361"},{"taxonomy":"product_tag","embeddable":true,"href":"https:\/\/customizedwaterbottles.com\/pt\/wp-json\/wp\/v2\/product_tag?post=3361"}],"curies":[{"name":"wp","href":"https:\/\/api.w.org\/{rel}","templated":true}]}}