{"id":3482,"date":"2025-08-29T06:40:42","date_gmt":"2025-08-29T06:40:42","guid":{"rendered":"https:\/\/customizedwaterbottles.com\/?post_type=product&#038;p=3482"},"modified":"2025-08-29T07:32:00","modified_gmt":"2025-08-29T07:32:00","slug":"owala-kids-tumbler","status":"publish","type":"product","link":"https:\/\/customizedwaterbottles.com\/pt\/product\/owala-kids-tumbler\/","title":{"rendered":"Copo para crian\u00e7as de 12 oz em a\u00e7o inoxid\u00e1vel com palhinha flex\u00edvel resistente a derrames 1081625T"},"content":{"rendered":"<p><strong>\u00a0 \u00a0 \u00a0 Nome do produto\uff1a<\/strong>Stainless Steel 12oz kid Sippy Cup with Spill Resistant Flexible Straw<strong><br \/>\n<\/strong><strong>\u00a0 \u00a0 \u00a0 Capacidade\uff1a<\/strong>12 on\u00e7as<br \/>\n<strong>\u00a0 \u00a0 \u00a0 Accessories\uff1a <\/strong>WITH LID And Straw<strong><br \/>\nBottle Material: <\/strong>18\/8 food-grade stainless steel (SUS304 stainless steel)<strong><br \/>\nLid Material: <\/strong>SS + PP + Silicone<strong><br \/>\nCor\uff1a<\/strong>Glossy painting,matte painting, powder coating etc<strong>.<br \/>\nLog\u00f3tipo\uff1a<\/strong>Customized Logo Acceptabl. Screen printing, heat transfer printing,laser engrave, water transfer etc.<strong><br \/>\nType \uff1a<\/strong>Cup<strong><br \/>\nFeature\uff1a<\/strong>Spill Proof<strong><br \/>\nInsulation Performance: <\/strong>Keep cold up to 24 hours\/ keep hot up to 12 hours<strong><br \/>\nBPA Free: <\/strong>Sim<strong><br \/>\nPhthalate-Free: <\/strong>Sim<strong><br \/>\nLead Free:<\/strong> Sim<strong><br \/>\nECO Friendly: <\/strong>Sim<strong><br \/>\nOEM OEM: <\/strong>Welcomed<strong><br \/>\n<\/strong><strong>\u00a0 \u00a0 \u00a0 MOQ\uff1a<\/strong>300 unidades<br \/>\n<strong>\u00a0 \u00a0 \u00a0 Tempo de amostragem\uff1a<\/strong>3-7 dias para design personalizado<br \/>\n<strong>\u00a0 \u00a0 \u00a0 Certifica\u00e7\u00e3o\uff1a<\/strong>FDA, LFGB<br \/>\n<strong>\u00a0 \u00a0 \u00a0 Embalagem<\/strong>\uff1aCaixa branca, caixa de cor ou caixa de design personalizado<br \/>\n<strong>\u00a0 \u00a0 \u00a0 Capacidade de produ\u00e7\u00e3o\uff1a<\/strong>500.000 unidades por m\u00eas<br \/>\n<strong>\u00a0 \u00a0 \u00a0 Prazo de entrega\uff1a<\/strong>5-35dias para quantidades inferiores a 20.000pcs<\/p>\n<h3><strong>Why Choose Ifun 12oz Kid Sippy Cup\uff1f<\/strong><\/h3>\n<ol>\n<li><strong>Certificado de Qualidade e Seguran\u00e7a<\/strong><br \/>\nOur Sippy Cup, Travel Mug, and drinkware meet international standards (CE, FDA, CA65\/Prop65, LFGB), ensuring BPA-free, durable, andsafe products for your customers.<\/li>\n<li><strong style=\"color: #555555;\">\u00a0Destaque-se com designs personalizados<br \/>\n<\/strong>Your brand deserves unique drinkware that captures attention. With Anhui iFun\u2019s stylish and customizable designs, your 12oz kids tumblers will reflect your brand identity and help you stand out in a competitive market.<\/li>\n<li><strong style=\"color: #555555;\">Controlo de qualidade rigoroso<br \/>\n<\/strong>Quality is at the heart of our manufacturing process. Our dedicated team of inspectors ensures every Sippy Cup strict standards before reaching your customers worldwide.<\/li>\n<li><strong style=\"color: #555555;\">Proteger a sua marca e as suas ideias<br \/>\n<\/strong>Respeitamos a propriedade intelectual e a confidencialidade. Se necess\u00e1rio, teremos todo o gosto em assinar acordos NDA ou NNN para salvaguardar os seus projectos OEM\/ODM.<\/li>\n<li><strong style=\"color: #555555;\">Produ\u00e7\u00e3o eficiente e automatizada<br \/>\n<\/strong>Especializados no fabrico de copos, aproveitamos as linhas de produ\u00e7\u00e3o avan\u00e7adas e as tecnologias da Ind\u00fastria 4.0 para fornecer produtos rent\u00e1veis e de alta qualidade a pre\u00e7os competitivos.<\/li>\n<li><strong style=\"color: #555555;\">Especializa\u00e7\u00e3o em OEM\/ODM<br \/>\n<\/strong>Os nossos engenheiros experientes, com mais de 20 anos de experi\u00eancia no fabrico de artigos para bebidas, podem transformar as suas ideias em garrafas de bicicleta com hidra-frasco prontas para o mercado - ajudando-o a criar bestsellers.<\/li>\n<li><strong style=\"color: #555555;\">Servi\u00e7os de personaliza\u00e7\u00e3o completa<br \/>\n<\/strong>Desde a moldagem at\u00e9 \u00e0 embalagem, oferecemos uma personaliza\u00e7\u00e3o de ponta a ponta para corresponder \u00e0s necessidades da sua marca:<br \/>\n<strong style=\"color: #555555;\">Moldagem personalizada<\/strong><span style=\"color: #555555;\"> - <\/span><a href=\"https:\/\/customizedwaterbottles.com\/pt\/custom-water-bottle-mold-maker-bpa-free-vacuum-flask-oem\/\" target=\"_blank\" rel=\"noopener\">https:\/\/customizedwaterbottles.com\/custom-water-bottle-mold-maker-bpa-free-vacuum-flask-oem\/<\/a><br \/>\n<strong style=\"color: #555555;\">Decora\u00e7\u00e3o personalizada<\/strong><span style=\"color: #555555;\"> -<\/span><a href=\"https:\/\/customizedwaterbottles.com\/pt\/graphic-design-water-bottles-custom-stainless-steel-oem\/\" target=\"_blank\" rel=\"noopener\"> https:\/\/customizedwaterbottles.com\/graphic-design-water-bottles-custom-stainless-steel-oem\/<\/a><br \/>\n<strong style=\"color: #555555;\">Log\u00f3tipos e embalagens personalizados<\/strong><span style=\"color: #555555;\"> - <\/span><a href=\"https:\/\/customizedwaterbottles.com\/pt\/wholesale-custom-packaging-for-water-bottles-tumblers\/\" target=\"_blank\" rel=\"noopener\">https:\/\/customizedwaterbottles.com\/wholesale-custom-packaging-for-water-bottles-tumblers\/<\/a><br \/>\n<strong style=\"color: #555555;\">Prenda personalizada<\/strong><span style=\"color: #555555;\"> - <\/span><a href=\"https:\/\/customizedwaterbottles.com\/pt\/promotional-drinkware-for-businesses-custom-branded-gifts\/\" target=\"_blank\" rel=\"noopener\">https:\/\/customizedwaterbottles.com\/promotional-drinkware-for-businesses-custom-branded-gifts\/<\/a><\/li>\n<\/ol>\n[post-link-list]\n<p><img decoding=\"async\" class=\"alignnone  wp-image-3483\" src=\"https:\/\/customizedwaterbottles.com\/wp-content\/uploads\/2025\/08\/12oz-kid-Sippy-Cup.webp\" alt=\"copos com canudinho para crian\u00e7as\" width=\"260\" height=\"260\" srcset=\"https:\/\/customizedwaterbottles.com\/wp-content\/uploads\/2025\/08\/12oz-kid-Sippy-Cup.webp 1600w, https:\/\/customizedwaterbottles.com\/wp-content\/uploads\/2025\/08\/12oz-kid-Sippy-Cup-1024x1024.webp 1024w, https:\/\/customizedwaterbottles.com\/wp-content\/uploads\/2025\/08\/12oz-kid-Sippy-Cup-768x768.webp 768w, https:\/\/customizedwaterbottles.com\/wp-content\/uploads\/2025\/08\/12oz-kid-Sippy-Cup-1536x1536.webp 1536w, https:\/\/customizedwaterbottles.com\/wp-content\/uploads\/2025\/08\/12oz-kid-Sippy-Cup-300x300.webp 300w, https:\/\/customizedwaterbottles.com\/wp-content\/uploads\/2025\/08\/12oz-kid-Sippy-Cup-600x600.webp 600w, https:\/\/customizedwaterbottles.com\/wp-content\/uploads\/2025\/08\/12oz-kid-Sippy-Cup-100x100.webp 100w\" sizes=\"(max-width: 260px) 100vw, 260px\" \/>\u00a0<img decoding=\"async\" class=\"alignnone  wp-image-3487\" style=\"color: #333333;\" src=\"https:\/\/customizedwaterbottles.com\/wp-content\/uploads\/2025\/08\/owala-kids-tumbler.webp\" alt=\"copo para crian\u00e7as owala\" width=\"276\" height=\"276\" srcset=\"https:\/\/customizedwaterbottles.com\/wp-content\/uploads\/2025\/08\/owala-kids-tumbler.webp 800w, https:\/\/customizedwaterbottles.com\/wp-content\/uploads\/2025\/08\/owala-kids-tumbler-768x768.webp 768w, https:\/\/customizedwaterbottles.com\/wp-content\/uploads\/2025\/08\/owala-kids-tumbler-300x300.webp 300w, https:\/\/customizedwaterbottles.com\/wp-content\/uploads\/2025\/08\/owala-kids-tumbler-600x600.webp 600w, https:\/\/customizedwaterbottles.com\/wp-content\/uploads\/2025\/08\/owala-kids-tumbler-100x100.webp 100w\" sizes=\"(max-width: 276px) 100vw, 276px\" \/><img decoding=\"async\" class=\"alignnone  wp-image-3486\" style=\"color: #333333;\" src=\"https:\/\/customizedwaterbottles.com\/wp-content\/uploads\/2025\/08\/owala-sippy-cup.webp\" alt=\"owala sippy cup\" width=\"262\" height=\"262\" srcset=\"https:\/\/customizedwaterbottles.com\/wp-content\/uploads\/2025\/08\/owala-sippy-cup.webp 800w, https:\/\/customizedwaterbottles.com\/wp-content\/uploads\/2025\/08\/owala-sippy-cup-768x768.webp 768w, https:\/\/customizedwaterbottles.com\/wp-content\/uploads\/2025\/08\/owala-sippy-cup-300x300.webp 300w, https:\/\/customizedwaterbottles.com\/wp-content\/uploads\/2025\/08\/owala-sippy-cup-600x600.webp 600w, https:\/\/customizedwaterbottles.com\/wp-content\/uploads\/2025\/08\/owala-sippy-cup-100x100.webp 100w\" sizes=\"(max-width: 262px) 100vw, 262px\" \/><img decoding=\"async\" class=\"alignnone  wp-image-3484\" src=\"https:\/\/customizedwaterbottles.com\/wp-content\/uploads\/2025\/08\/owala-kids-tumbler-.webp\" alt=\"copo para crian\u00e7as owala\" width=\"268\" height=\"268\" srcset=\"https:\/\/customizedwaterbottles.com\/wp-content\/uploads\/2025\/08\/owala-kids-tumbler-.webp 1200w, https:\/\/customizedwaterbottles.com\/wp-content\/uploads\/2025\/08\/owala-kids-tumbler--1024x1024.webp 1024w, https:\/\/customizedwaterbottles.com\/wp-content\/uploads\/2025\/08\/owala-kids-tumbler--768x768.webp 768w, https:\/\/customizedwaterbottles.com\/wp-content\/uploads\/2025\/08\/owala-kids-tumbler--300x300.webp 300w, https:\/\/customizedwaterbottles.com\/wp-content\/uploads\/2025\/08\/owala-kids-tumbler--600x600.webp 600w, https:\/\/customizedwaterbottles.com\/wp-content\/uploads\/2025\/08\/owala-kids-tumbler--100x100.webp 100w\" sizes=\"(max-width: 268px) 100vw, 268px\" \/><img decoding=\"async\" class=\"alignnone  wp-image-3485\" src=\"https:\/\/customizedwaterbottles.com\/wp-content\/uploads\/2025\/08\/childrens-sippy-cups.webp\" alt=\"copos com canudinho para crian\u00e7as\" width=\"266\" height=\"266\" srcset=\"https:\/\/customizedwaterbottles.com\/wp-content\/uploads\/2025\/08\/childrens-sippy-cups.webp 1200w, https:\/\/customizedwaterbottles.com\/wp-content\/uploads\/2025\/08\/childrens-sippy-cups-1024x1024.webp 1024w, https:\/\/customizedwaterbottles.com\/wp-content\/uploads\/2025\/08\/childrens-sippy-cups-768x768.webp 768w, https:\/\/customizedwaterbottles.com\/wp-content\/uploads\/2025\/08\/childrens-sippy-cups-300x300.webp 300w, https:\/\/customizedwaterbottles.com\/wp-content\/uploads\/2025\/08\/childrens-sippy-cups-600x600.webp 600w, https:\/\/customizedwaterbottles.com\/wp-content\/uploads\/2025\/08\/childrens-sippy-cups-100x100.webp 100w\" sizes=\"(max-width: 266px) 100vw, 266px\" \/>\u00a0<img decoding=\"async\" class=\"alignnone  wp-image-3488\" src=\"https:\/\/customizedwaterbottles.com\/wp-content\/uploads\/2025\/08\/Sippy-Cup.webp\" alt=\"Sippy Cup\" width=\"268\" height=\"268\" srcset=\"https:\/\/customizedwaterbottles.com\/wp-content\/uploads\/2025\/08\/Sippy-Cup.webp 1200w, https:\/\/customizedwaterbottles.com\/wp-content\/uploads\/2025\/08\/Sippy-Cup-1024x1024.webp 1024w, https:\/\/customizedwaterbottles.com\/wp-content\/uploads\/2025\/08\/Sippy-Cup-768x768.webp 768w, https:\/\/customizedwaterbottles.com\/wp-content\/uploads\/2025\/08\/Sippy-Cup-300x300.webp 300w, https:\/\/customizedwaterbottles.com\/wp-content\/uploads\/2025\/08\/Sippy-Cup-600x600.webp 600w, https:\/\/customizedwaterbottles.com\/wp-content\/uploads\/2025\/08\/Sippy-Cup-100x100.webp 100w\" sizes=\"(max-width: 268px) 100vw, 268px\" \/><\/p>\n<p>&nbsp;<\/p>","protected":false},"excerpt":{"rendered":"<h3><strong>\u00a0 \u00a0 \u00a0 \u00a0Carater\u00edsticas do produto:<\/strong><\/h3>\n<ul>\n<li><strong>Ideal for Little Hands &amp; Big Adventures<\/strong><br \/>\nOur 12-ounce insulated stainless-steel sippy cup is perfectly sized for toddlers, offering a smooth, easy-to-sip experience and a hassle-free, easy-to-clean design for parents.<\/li>\n<li><strong>Spill-Resistant for Peace of Mind<\/strong><br \/>\nThe secure, spill-resistant lid minimizes mess and stress, making this children&#8217;s sippy cup perfect for use at home, in the booster seat, or chilling in the stroller cup holder.<\/li>\n<li><strong>Easy-Clean, Removable Straw<\/strong><br \/>\nFeatures a removable, reusable straw that&#8217;s incredibly easy to clean: simply remove the lid, push the straw through from the top, and rinse. It\u2019s that easy!<\/li>\n<li><strong>Keeps Drinks Cool &amp; Refreshing<\/strong><br \/>\nThe insulated stainless steel construction keeps beverages cold during playtime and adventures. Please note: This tumbler is designed to keep cold drinks cold and is not for use with hot, carbonated, or perishable liquids.<\/li>\n<li><strong>Built to Withstand Toddler Life<\/strong><br \/>\nCrafted from durable materials that can survive a tumble or two. This sippy cup with straw is 100% BPA, lead, and phthalate-free. For care, hand wash the cup; the lid is dishwasher-safe.<\/p>\n<h3><strong>\u00a0Servi\u00e7os personalizados:<\/strong><\/h3>\n<\/li>\n<li><strong>Logo &amp; Design\uff1a<\/strong>Customize your children&#8217;s sippy cups with logos and designs using techniques like screen printing, laser engraving, heat transfer, 3D printing, or UV printing.<\/li>\n<li><strong>Color Options\uff1a<\/strong>Escolha entre as cores correspondentes ao Pantone com acabamentos como mate, brilhante ou revestimento em p\u00f3 para alinhar com a identidade da sua marca.<\/li>\n<li><strong>Capacity Variety\uff1b<\/strong>Available in 12oz, with options for custom capacities to meet specific needs.<\/li>\n<li><strong>Lid Customization\uff1a<\/strong>Selecione entre 100% Tampas estanques sem BPA em cores personaliz\u00e1veis.<\/li>\n<li><strong>Packaging Solutions\uff1a<\/strong>As op\u00e7\u00f5es incluem caixas de cor, caixas brancas, caixas de oferta, caixas de cart\u00e3o castanho e caixas cil\u00edndricas adaptadas \u00e0s suas necessidades.<\/li>\n<\/ul>","protected":false},"featured_media":3483,"comment_status":"open","ping_status":"closed","template":"","meta":[],"product_brand":[],"product_cat":[23],"product_tag":[205,202,204,203],"class_list":{"0":"post-3482","1":"product","2":"type-product","3":"status-publish","4":"has-post-thumbnail","6":"product_cat-insulated-tumblers-mugs","7":"product_tag-12oz-kids-tumbler","8":"product_tag-childrens-sippy-cups","9":"product_tag-owala-kids-tumbler","10":"product_tag-owala-sippy-cups","12":"first","13":"instock","14":"shipping-taxable","15":"product-type-simple"},"yoast_head":"<!-- This site is optimized with the Yoast SEO plugin v25.4 - https:\/\/yoast.com\/wordpress\/plugins\/seo\/ -->\n<title>Wholesale Custom Logo Stainless Steel 12oz Kid Sippy Cup with Straw<\/title>\n<meta name=\"description\" content=\"China OEM Factory: Custom 12oz stainless steel sippy cups for kids. We make leak-proof straw tumblers with your logo. Bulk order &amp; wholesale pricing.\" \/>\n<meta name=\"robots\" content=\"index, follow, max-snippet:-1, max-image-preview:large, max-video-preview:-1\" \/>\n<link rel=\"canonical\" href=\"https:\/\/customizedwaterbottles.com\/pt\/product\/owala-kids-tumbler\/\" \/>\n<meta property=\"og:locale\" content=\"pt_PT\" \/>\n<meta property=\"og:type\" content=\"article\" \/>\n<meta property=\"og:title\" content=\"Wholesale Custom Logo Stainless Steel 12oz Kid Sippy Cup with Straw\" \/>\n<meta property=\"og:description\" content=\"China OEM Factory: Custom 12oz stainless steel sippy cups for kids. We make leak-proof straw tumblers with your logo. Bulk order &amp; wholesale pricing.\" \/>\n<meta property=\"og:url\" content=\"https:\/\/customizedwaterbottles.com\/pt\/product\/owala-kids-tumbler\/\" \/>\n<meta property=\"og:site_name\" content=\"iFun\" \/>\n<meta property=\"article:modified_time\" content=\"2025-08-29T07:32:00+00:00\" \/>\n<meta property=\"og:image\" content=\"https:\/\/customizedwaterbottles.com\/wp-content\/uploads\/2025\/08\/12oz-kid-Sippy-Cup.webp\" \/>\n\t<meta property=\"og:image:width\" content=\"1600\" \/>\n\t<meta property=\"og:image:height\" content=\"1600\" \/>\n\t<meta property=\"og:image:type\" content=\"image\/webp\" \/>\n<meta name=\"twitter:card\" content=\"summary_large_image\" \/>\n<meta name=\"twitter:label1\" content=\"Tempo estimado de leitura\" \/>\n\t<meta name=\"twitter:data1\" content=\"3 minutos\" \/>\n<script type=\"application\/ld+json\" class=\"yoast-schema-graph\">{\"@context\":\"https:\/\/schema.org\",\"@graph\":[{\"@type\":\"WebPage\",\"@id\":\"https:\/\/customizedwaterbottles.com\/product\/owala-kids-tumbler\/\",\"url\":\"https:\/\/customizedwaterbottles.com\/product\/owala-kids-tumbler\/\",\"name\":\"Wholesale Custom Logo Stainless Steel 12oz Kid Sippy Cup with Straw\",\"isPartOf\":{\"@id\":\"https:\/\/customizedwaterbottles.com\/#website\"},\"primaryImageOfPage\":{\"@id\":\"https:\/\/customizedwaterbottles.com\/product\/owala-kids-tumbler\/#primaryimage\"},\"image\":{\"@id\":\"https:\/\/customizedwaterbottles.com\/product\/owala-kids-tumbler\/#primaryimage\"},\"thumbnailUrl\":\"https:\/\/customizedwaterbottles.com\/wp-content\/uploads\/2025\/08\/12oz-kid-Sippy-Cup.webp\",\"datePublished\":\"2025-08-29T06:40:42+00:00\",\"dateModified\":\"2025-08-29T07:32:00+00:00\",\"description\":\"China OEM Factory: Custom 12oz stainless steel sippy cups for kids. We make leak-proof straw tumblers with your logo. Bulk order & wholesale pricing.\",\"breadcrumb\":{\"@id\":\"https:\/\/customizedwaterbottles.com\/product\/owala-kids-tumbler\/#breadcrumb\"},\"inLanguage\":\"pt-PT\",\"potentialAction\":[{\"@type\":\"ReadAction\",\"target\":[\"https:\/\/customizedwaterbottles.com\/product\/owala-kids-tumbler\/\"]}]},{\"@type\":\"ImageObject\",\"inLanguage\":\"pt-PT\",\"@id\":\"https:\/\/customizedwaterbottles.com\/product\/owala-kids-tumbler\/#primaryimage\",\"url\":\"https:\/\/customizedwaterbottles.com\/wp-content\/uploads\/2025\/08\/12oz-kid-Sippy-Cup.webp\",\"contentUrl\":\"https:\/\/customizedwaterbottles.com\/wp-content\/uploads\/2025\/08\/12oz-kid-Sippy-Cup.webp\",\"width\":1600,\"height\":1600,\"caption\":\"children's sippy cups\"},{\"@type\":\"BreadcrumbList\",\"@id\":\"https:\/\/customizedwaterbottles.com\/product\/owala-kids-tumbler\/#breadcrumb\",\"itemListElement\":[{\"@type\":\"ListItem\",\"position\":1,\"name\":\"Home\",\"item\":\"https:\/\/customizedwaterbottles.com\/\"},{\"@type\":\"ListItem\",\"position\":2,\"name\":\"Products\",\"item\":\"https:\/\/customizedwaterbottles.com\/wholesale-drinkware-manufacturer-water-bottles-tumblers\/\"},{\"@type\":\"ListItem\",\"position\":3,\"name\":\"Stainless Steel 12oz Kid Sippy Cup with Spill Resistant Flexible Straw 1081625T\"}]},{\"@type\":\"WebSite\",\"@id\":\"https:\/\/customizedwaterbottles.com\/#website\",\"url\":\"https:\/\/customizedwaterbottles.com\/\",\"name\":\"iFun\",\"description\":\"Water Bottles Stainless Steel Vacuum Flask\",\"potentialAction\":[{\"@type\":\"SearchAction\",\"target\":{\"@type\":\"EntryPoint\",\"urlTemplate\":\"https:\/\/customizedwaterbottles.com\/?s={search_term_string}\"},\"query-input\":{\"@type\":\"PropertyValueSpecification\",\"valueRequired\":true,\"valueName\":\"search_term_string\"}}],\"inLanguage\":\"pt-PT\"}]}<\/script>\n<!-- \/ Yoast SEO plugin. -->","yoast_head_json":{"title":"Wholesale Custom Logo Stainless Steel 12oz Kid Sippy Cup with Straw","description":"China OEM Factory: Custom 12oz stainless steel sippy cups for kids. We make leak-proof straw tumblers with your logo. Bulk order & wholesale pricing.","robots":{"index":"index","follow":"follow","max-snippet":"max-snippet:-1","max-image-preview":"max-image-preview:large","max-video-preview":"max-video-preview:-1"},"canonical":"https:\/\/customizedwaterbottles.com\/pt\/product\/owala-kids-tumbler\/","og_locale":"pt_PT","og_type":"article","og_title":"Wholesale Custom Logo Stainless Steel 12oz Kid Sippy Cup with Straw","og_description":"China OEM Factory: Custom 12oz stainless steel sippy cups for kids. We make leak-proof straw tumblers with your logo. Bulk order & wholesale pricing.","og_url":"https:\/\/customizedwaterbottles.com\/pt\/product\/owala-kids-tumbler\/","og_site_name":"iFun","article_modified_time":"2025-08-29T07:32:00+00:00","og_image":[{"width":1600,"height":1600,"url":"https:\/\/customizedwaterbottles.com\/wp-content\/uploads\/2025\/08\/12oz-kid-Sippy-Cup.webp","type":"image\/webp"}],"twitter_card":"summary_large_image","twitter_misc":{"Tempo estimado de leitura":"3 minutos"},"schema":{"@context":"https:\/\/schema.org","@graph":[{"@type":"WebPage","@id":"https:\/\/customizedwaterbottles.com\/product\/owala-kids-tumbler\/","url":"https:\/\/customizedwaterbottles.com\/product\/owala-kids-tumbler\/","name":"Wholesale Custom Logo Stainless Steel 12oz Kid Sippy Cup with Straw","isPartOf":{"@id":"https:\/\/customizedwaterbottles.com\/#website"},"primaryImageOfPage":{"@id":"https:\/\/customizedwaterbottles.com\/product\/owala-kids-tumbler\/#primaryimage"},"image":{"@id":"https:\/\/customizedwaterbottles.com\/product\/owala-kids-tumbler\/#primaryimage"},"thumbnailUrl":"https:\/\/customizedwaterbottles.com\/wp-content\/uploads\/2025\/08\/12oz-kid-Sippy-Cup.webp","datePublished":"2025-08-29T06:40:42+00:00","dateModified":"2025-08-29T07:32:00+00:00","description":"China OEM Factory: Custom 12oz stainless steel sippy cups for kids. We make leak-proof straw tumblers with your logo. Bulk order & wholesale pricing.","breadcrumb":{"@id":"https:\/\/customizedwaterbottles.com\/product\/owala-kids-tumbler\/#breadcrumb"},"inLanguage":"pt-PT","potentialAction":[{"@type":"ReadAction","target":["https:\/\/customizedwaterbottles.com\/product\/owala-kids-tumbler\/"]}]},{"@type":"ImageObject","inLanguage":"pt-PT","@id":"https:\/\/customizedwaterbottles.com\/product\/owala-kids-tumbler\/#primaryimage","url":"https:\/\/customizedwaterbottles.com\/wp-content\/uploads\/2025\/08\/12oz-kid-Sippy-Cup.webp","contentUrl":"https:\/\/customizedwaterbottles.com\/wp-content\/uploads\/2025\/08\/12oz-kid-Sippy-Cup.webp","width":1600,"height":1600,"caption":"children's sippy cups"},{"@type":"BreadcrumbList","@id":"https:\/\/customizedwaterbottles.com\/product\/owala-kids-tumbler\/#breadcrumb","itemListElement":[{"@type":"ListItem","position":1,"name":"Home","item":"https:\/\/customizedwaterbottles.com\/"},{"@type":"ListItem","position":2,"name":"Products","item":"https:\/\/customizedwaterbottles.com\/wholesale-drinkware-manufacturer-water-bottles-tumblers\/"},{"@type":"ListItem","position":3,"name":"Stainless Steel 12oz Kid Sippy Cup with Spill Resistant Flexible Straw 1081625T"}]},{"@type":"WebSite","@id":"https:\/\/customizedwaterbottles.com\/#website","url":"https:\/\/customizedwaterbottles.com\/","name":"iFun","description":"Water Bottles Stainless Steel Vacuum Flask","potentialAction":[{"@type":"SearchAction","target":{"@type":"EntryPoint","urlTemplate":"https:\/\/customizedwaterbottles.com\/?s={search_term_string}"},"query-input":{"@type":"PropertyValueSpecification","valueRequired":true,"valueName":"search_term_string"}}],"inLanguage":"pt-PT"}]}},"_links":{"self":[{"href":"https:\/\/customizedwaterbottles.com\/pt\/wp-json\/wp\/v2\/product\/3482","targetHints":{"allow":["GET"]}}],"collection":[{"href":"https:\/\/customizedwaterbottles.com\/pt\/wp-json\/wp\/v2\/product"}],"about":[{"href":"https:\/\/customizedwaterbottles.com\/pt\/wp-json\/wp\/v2\/types\/product"}],"replies":[{"embeddable":true,"href":"https:\/\/customizedwaterbottles.com\/pt\/wp-json\/wp\/v2\/comments?post=3482"}],"wp:featuredmedia":[{"embeddable":true,"href":"https:\/\/customizedwaterbottles.com\/pt\/wp-json\/wp\/v2\/media\/3483"}],"wp:attachment":[{"href":"https:\/\/customizedwaterbottles.com\/pt\/wp-json\/wp\/v2\/media?parent=3482"}],"wp:term":[{"taxonomy":"product_brand","embeddable":true,"href":"https:\/\/customizedwaterbottles.com\/pt\/wp-json\/wp\/v2\/product_brand?post=3482"},{"taxonomy":"product_cat","embeddable":true,"href":"https:\/\/customizedwaterbottles.com\/pt\/wp-json\/wp\/v2\/product_cat?post=3482"},{"taxonomy":"product_tag","embeddable":true,"href":"https:\/\/customizedwaterbottles.com\/pt\/wp-json\/wp\/v2\/product_tag?post=3482"}],"curies":[{"name":"wp","href":"https:\/\/api.w.org\/{rel}","templated":true}]}}