{"id":3521,"date":"2025-09-02T08:36:11","date_gmt":"2025-09-02T08:36:11","guid":{"rendered":"https:\/\/customizedwaterbottles.com\/?post_type=product&#038;p=3521"},"modified":"2025-09-02T09:14:39","modified_gmt":"2025-09-02T09:14:39","slug":"customize-20oz-insulated-tumbler-with-convenient-braided-carrystrap","status":"publish","type":"product","link":"https:\/\/customizedwaterbottles.com\/pt\/product\/customize-20oz-insulated-tumbler-with-convenient-braided-carrystrap\/","title":{"rendered":"Personalize o copo isolado de 20 oz com uma pr\u00e1tica al\u00e7a de transporte entran\u00e7ada1081626T"},"content":{"rendered":"<p><strong>\u00a0Product Name\uff1aCustomize tumbler\u00a0 Quick Custom 20oz Travel Tumbler &#8211; Detachable Braided Strap, Dishwasher Safe<\/strong><strong><br \/>\n<\/strong><strong>\u00a0Capacidade\uff1a<\/strong>20 on\u00e7as<br \/>\n<strong>\u00a0Accessories\uff1a <\/strong>WITH LID And Straw<strong><br \/>\nBottle Material: <\/strong>18\/8 food-grade stainless steel (SUS304 stainless steel)<strong><br \/>\nLid Material: <\/strong>SS + PP + Silicone<strong><br \/>\nCor\uff1a<\/strong>Glossy painting,matte painting, powder coating etc<strong>.<br \/>\nLog\u00f3tipo\uff1a<\/strong>Customized Logo Acceptabl. Screen printing, heat transfer printing,laser engrave, water transfer etc.<strong><br \/>\nType \uff1a<\/strong>Cup<strong><br \/>\nFeature\uff1a<\/strong>Spill Proof<strong><br \/>\nInsulation Performance: <\/strong>Keep cold up to 24 hours\/ keep hot up to 12 hours<strong><br \/>\nBPA Free: <\/strong>Sim<strong><br \/>\nPhthalate-Free: <\/strong>Sim<strong><br \/>\nLead Free:<\/strong> Sim<strong><br \/>\nECO Friendly: <\/strong>Sim<strong><br \/>\nOEM OEM: <\/strong>Welcomed<strong><br \/>\n<\/strong><strong>\u00a0 \u00a0 \u00a0 MOQ\uff1a<\/strong>300 unidades<br \/>\n<strong>\u00a0 \u00a0 \u00a0 Tempo de amostragem\uff1a<\/strong>3-7 dias para design personalizado<br \/>\n<strong>\u00a0 \u00a0 \u00a0 Certifica\u00e7\u00e3o\uff1a<\/strong>FDA, LFGB<br \/>\n<strong>\u00a0 \u00a0 \u00a0 Embalagem<\/strong>\uff1aCaixa branca, caixa de cor ou caixa de design personalizado<br \/>\n<strong>\u00a0 \u00a0 \u00a0 Capacidade de produ\u00e7\u00e3o\uff1a<\/strong>500.000 unidades por m\u00eas<br \/>\n<strong>\u00a0 \u00a0 \u00a0 Prazo de entrega\uff1a<\/strong>5-35dias para quantidades inferiores a 20.000pcs<\/p>\n<h3><strong>Why Choose IfunCustom 20oz Travel Tumbler &#8211; Detachable Braided Strap\uff1f<\/strong><\/h3>\n<ol>\n<li><strong>Certificado de Qualidade e Seguran\u00e7a<\/strong><br \/>\nOur Sippy Cup, Travel Mug, and drinkware meet international standards (CE, FDA, CA65\/Prop65, LFGB), ensuring BPA-free, durable, andsafe products for your customers.<\/li>\n<li><strong style=\"color: #555555;\">\u00a0Destaque-se com designs personalizados<br \/>\n<\/strong>Your brand deserves unique drinkware that captures attention. With Anhui iFun\u2019s stylish and customizable designs, your 12oz kids tumblers will reflect your brand identity and help you stand out in a competitive market.<\/li>\n<li><strong style=\"color: #555555;\">Controlo de qualidade rigoroso<br \/>\n<\/strong>Quality is at the heart of our manufacturing process. Our dedicated team of inspectors ensures every Sippy Cup strict standards before reaching your customers worldwide.<\/li>\n<li><strong style=\"color: #555555;\">Proteger a sua marca e as suas ideias<br \/>\n<\/strong>Respeitamos a propriedade intelectual e a confidencialidade. Se necess\u00e1rio, teremos todo o gosto em assinar acordos NDA ou NNN para salvaguardar os seus projectos OEM\/ODM.<\/li>\n<li><strong style=\"color: #555555;\">Produ\u00e7\u00e3o eficiente e automatizada<br \/>\n<\/strong>Especializados no fabrico de copos, aproveitamos as linhas de produ\u00e7\u00e3o avan\u00e7adas e as tecnologias da Ind\u00fastria 4.0 para fornecer produtos rent\u00e1veis e de alta qualidade a pre\u00e7os competitivos.<\/li>\n<li><strong style=\"color: #555555;\">Especializa\u00e7\u00e3o em OEM\/ODM<br \/>\n<\/strong>Os nossos engenheiros experientes, com mais de 20 anos de experi\u00eancia no fabrico de artigos para bebidas, podem transformar as suas ideias em garrafas de bicicleta com hidra-frasco prontas para o mercado - ajudando-o a criar bestsellers.<\/li>\n<li><strong style=\"color: #555555;\">Servi\u00e7os de personaliza\u00e7\u00e3o completa<br \/>\n<\/strong>Desde a moldagem at\u00e9 \u00e0 embalagem, oferecemos uma personaliza\u00e7\u00e3o de ponta a ponta para corresponder \u00e0s necessidades da sua marca:<br \/>\n<strong style=\"color: #555555;\">Moldagem personalizada<\/strong><span style=\"color: #555555;\"> - <\/span><a href=\"https:\/\/customizedwaterbottles.com\/pt\/custom-water-bottle-mold-maker-bpa-free-vacuum-flask-oem\/\" target=\"_blank\" rel=\"noopener\">https:\/\/customizedwaterbottles.com\/custom-water-bottle-mold-maker-bpa-free-vacuum-flask-oem\/<\/a><br \/>\n<strong style=\"color: #555555;\">Decora\u00e7\u00e3o personalizada<\/strong><span style=\"color: #555555;\"> -<\/span><a href=\"https:\/\/customizedwaterbottles.com\/pt\/graphic-design-water-bottles-custom-stainless-steel-oem\/\" target=\"_blank\" rel=\"noopener\"> https:\/\/customizedwaterbottles.com\/graphic-design-water-bottles-custom-stainless-steel-oem\/<\/a><br \/>\n<strong style=\"color: #555555;\">Log\u00f3tipos e embalagens personalizados<\/strong><span style=\"color: #555555;\"> - <\/span><a href=\"https:\/\/customizedwaterbottles.com\/pt\/wholesale-custom-packaging-for-water-bottles-tumblers\/\" target=\"_blank\" rel=\"noopener\">https:\/\/customizedwaterbottles.com\/wholesale-custom-packaging-for-water-bottles-tumblers\/<\/a><br \/>\n<strong style=\"color: #555555;\">Prenda personalizada<\/strong><span style=\"color: #555555;\"> - <\/span><a href=\"https:\/\/customizedwaterbottles.com\/pt\/promotional-drinkware-for-businesses-custom-branded-gifts\/\" target=\"_blank\" rel=\"noopener\">https:\/\/customizedwaterbottles.com\/promotional-drinkware-for-businesses-custom-branded-gifts\/<\/a><\/li>\n<\/ol>\n[post-link-list]\n<p><img decoding=\"async\" class=\"alignnone size-medium wp-image-3531\" src=\"https:\/\/customizedwaterbottles.com\/wp-content\/uploads\/2025\/09\/20oz-tumbler-3.webp\" alt=\"\" width=\"750\" height=\"1000\" srcset=\"https:\/\/customizedwaterbottles.com\/wp-content\/uploads\/2025\/09\/20oz-tumbler-3.webp 750w, https:\/\/customizedwaterbottles.com\/wp-content\/uploads\/2025\/09\/20oz-tumbler-3-600x800.webp 600w\" sizes=\"(max-width: 750px) 100vw, 750px\" \/> <img decoding=\"async\" class=\"alignnone size-medium wp-image-3532\" src=\"https:\/\/customizedwaterbottles.com\/wp-content\/uploads\/2025\/09\/20oz-tumbler-4.webp\" alt=\"\" width=\"750\" height=\"1000\" srcset=\"https:\/\/customizedwaterbottles.com\/wp-content\/uploads\/2025\/09\/20oz-tumbler-4.webp 750w, https:\/\/customizedwaterbottles.com\/wp-content\/uploads\/2025\/09\/20oz-tumbler-4-600x800.webp 600w\" sizes=\"(max-width: 750px) 100vw, 750px\" \/> <img decoding=\"async\" class=\"alignnone size-medium wp-image-3533\" src=\"https:\/\/customizedwaterbottles.com\/wp-content\/uploads\/2025\/09\/20oz-tumbler-5.webp\" alt=\"\" width=\"800\" height=\"800\" srcset=\"https:\/\/customizedwaterbottles.com\/wp-content\/uploads\/2025\/09\/20oz-tumbler-5.webp 800w, https:\/\/customizedwaterbottles.com\/wp-content\/uploads\/2025\/09\/20oz-tumbler-5-768x768.webp 768w, https:\/\/customizedwaterbottles.com\/wp-content\/uploads\/2025\/09\/20oz-tumbler-5-300x300.webp 300w, https:\/\/customizedwaterbottles.com\/wp-content\/uploads\/2025\/09\/20oz-tumbler-5-600x600.webp 600w, https:\/\/customizedwaterbottles.com\/wp-content\/uploads\/2025\/09\/20oz-tumbler-5-100x100.webp 100w\" sizes=\"(max-width: 800px) 100vw, 800px\" \/><\/p>\n<p><img decoding=\"async\" class=\"alignnone size-medium wp-image-3530\" src=\"https:\/\/customizedwaterbottles.com\/wp-content\/uploads\/2025\/09\/20oz-tumbler-2.webp\" alt=\"\" width=\"750\" height=\"1000\" srcset=\"https:\/\/customizedwaterbottles.com\/wp-content\/uploads\/2025\/09\/20oz-tumbler-2.webp 750w, https:\/\/customizedwaterbottles.com\/wp-content\/uploads\/2025\/09\/20oz-tumbler-2-600x800.webp 600w\" sizes=\"(max-width: 750px) 100vw, 750px\" \/><\/p>","protected":false},"excerpt":{"rendered":"<h3><strong>\u00a0 \u00a0 \u00a0 \u00a0Carater\u00edsticas do produto:<\/strong><\/h3>\n<ul>\n<li><strong>Ideal for Little Hands &amp; Big Adventures<\/strong><br \/>\nOur 20oz Stainless Steel Tumbler &#8211; Braided Carry Strap, Personalized for Coffee Lovers is perfectly sized for toddlers, offering a smooth, easy-to-sip experience and a hassle-free, easy-to-clean design for parents.<\/li>\n<li><strong>Spill-Resistant for Peace of Mind<\/strong><br \/>\nThe secure, spill-resistant lid minimizes mess and stress, making this children&#8217;s sippy cup perfect for use at home, in the booster seat, or chilling in the stroller cup holder.<\/li>\n<li><strong>Easy-Clean, Removable Straw<\/strong><br \/>\nFeatures a removable, reusable straw that&#8217;s incredibly easy to clean: simply remove the lid, push the straw through from the top, and rinse. It\u2019s that easy!<\/li>\n<li><strong>Keeps Drinks Cool &amp; Refreshing<\/strong><br \/>\nThe insulated stainless steel construction keeps beverages cold during playtime and adventures. Please note: This tumbler is designed to keep cold drinks cold and is not for use with hot, carbonated, or perishable liquids.<\/li>\n<li><strong>Built to Withstand Toddler Life<\/strong><br \/>\nCrafted from durable materials that can survive a tumble or two. This sippy cup with straw is 100% BPA, lead, and phthalate-free. For care, hand wash the cup; the lid is dishwasher-safe.<\/p>\n<h3><strong>\u00a0Servi\u00e7os personalizados:<\/strong><\/h3>\n<\/li>\n<li><strong>Logo &amp; Design\uff1a<\/strong>Customize your children&#8217;s sippy cups with logos and designs using techniques like screen printing, laser engraving, heat transfer, 3D printing, or UV printing.<\/li>\n<li><strong>Color Options\uff1a<\/strong>Escolha entre as cores correspondentes ao Pantone com acabamentos como mate, brilhante ou revestimento em p\u00f3 para alinhar com a identidade da sua marca.<\/li>\n<li><strong>Capacity Variety\uff1b<\/strong>Available in 12oz, with options for custom capacities to meet specific needs.<\/li>\n<li><strong>Lid Customization\uff1a<\/strong>Selecione entre 100% Tampas estanques sem BPA em cores personaliz\u00e1veis.<\/li>\n<li><strong>Packaging Solutions\uff1a<\/strong>As op\u00e7\u00f5es incluem caixas de cor, caixas brancas, caixas de oferta, caixas de cart\u00e3o castanho e caixas cil\u00edndricas adaptadas \u00e0s suas necessidades.<\/li>\n<\/ul>","protected":false},"featured_media":3537,"comment_status":"open","ping_status":"closed","template":"","meta":[],"product_brand":[216,214,215],"product_cat":[23],"product_tag":[221,218,217,219,220],"class_list":{"0":"post-3521","1":"product","2":"type-product","3":"status-publish","4":"has-post-thumbnail","6":"product_brand-20oz-tumbler-manufacture","7":"product_brand-customize-tumbler-20oz","8":"product_brand-wholesale-insulated-tumbler-20oz","9":"product_cat-insulated-tumblers-mugs","10":"product_tag-20oz-tumblers","11":"product_tag-custom-tumbler","12":"product_tag-customize-tumbler","13":"product_tag-tumblers-factory","14":"product_tag-wholesale-tumbler-manufacturer","16":"first","17":"instock","18":"shipping-taxable","19":"product-type-simple"},"yoast_head":"<!-- This site is optimized with the Yoast SEO plugin v25.4 - https:\/\/yoast.com\/wordpress\/plugins\/seo\/ -->\n<title>Quick Custom 20oz Travel Tumbler - Detachable Braided Strap<\/title>\n<meta name=\"description\" content=\"China OEM Tumbler Factory: Custom 20oz Insulated Tumbler With Convenient Braided Carrystrap. Bulk order &amp; wholesale pricing.\" \/>\n<meta name=\"robots\" content=\"index, follow, max-snippet:-1, max-image-preview:large, max-video-preview:-1\" \/>\n<link rel=\"canonical\" href=\"https:\/\/customizedwaterbottles.com\/pt\/product\/customize-20oz-insulated-tumbler-with-convenient-braided-carrystrap\/\" \/>\n<meta property=\"og:locale\" content=\"pt_PT\" \/>\n<meta property=\"og:type\" content=\"article\" \/>\n<meta property=\"og:title\" content=\"Quick Custom 20oz Travel Tumbler - Detachable Braided Strap\" \/>\n<meta property=\"og:description\" content=\"China OEM Tumbler Factory: Custom 20oz Insulated Tumbler With Convenient Braided Carrystrap. Bulk order &amp; wholesale pricing.\" \/>\n<meta property=\"og:url\" content=\"https:\/\/customizedwaterbottles.com\/pt\/product\/customize-20oz-insulated-tumbler-with-convenient-braided-carrystrap\/\" \/>\n<meta property=\"og:site_name\" content=\"iFun\" \/>\n<meta property=\"article:modified_time\" content=\"2025-09-02T09:14:39+00:00\" \/>\n<meta property=\"og:image\" content=\"https:\/\/customizedwaterbottles.com\/wp-content\/uploads\/2025\/09\/20oz-tumbler-9.webp\" \/>\n\t<meta property=\"og:image:width\" content=\"800\" \/>\n\t<meta property=\"og:image:height\" content=\"800\" \/>\n\t<meta property=\"og:image:type\" content=\"image\/webp\" \/>\n<meta name=\"twitter:card\" content=\"summary_large_image\" \/>\n<meta name=\"twitter:label1\" content=\"Tempo estimado de leitura\" \/>\n\t<meta name=\"twitter:data1\" content=\"3 minutos\" \/>\n<script type=\"application\/ld+json\" class=\"yoast-schema-graph\">{\"@context\":\"https:\/\/schema.org\",\"@graph\":[{\"@type\":\"WebPage\",\"@id\":\"https:\/\/customizedwaterbottles.com\/product\/customize-20oz-insulated-tumbler-with-convenient-braided-carrystrap\/\",\"url\":\"https:\/\/customizedwaterbottles.com\/product\/customize-20oz-insulated-tumbler-with-convenient-braided-carrystrap\/\",\"name\":\"Quick Custom 20oz Travel Tumbler - Detachable Braided Strap\",\"isPartOf\":{\"@id\":\"https:\/\/customizedwaterbottles.com\/#website\"},\"primaryImageOfPage\":{\"@id\":\"https:\/\/customizedwaterbottles.com\/product\/customize-20oz-insulated-tumbler-with-convenient-braided-carrystrap\/#primaryimage\"},\"image\":{\"@id\":\"https:\/\/customizedwaterbottles.com\/product\/customize-20oz-insulated-tumbler-with-convenient-braided-carrystrap\/#primaryimage\"},\"thumbnailUrl\":\"https:\/\/customizedwaterbottles.com\/wp-content\/uploads\/2025\/09\/20oz-tumbler-9.webp\",\"datePublished\":\"2025-09-02T08:36:11+00:00\",\"dateModified\":\"2025-09-02T09:14:39+00:00\",\"description\":\"China OEM Tumbler Factory: Custom 20oz Insulated Tumbler With Convenient Braided Carrystrap. Bulk order & wholesale pricing.\",\"breadcrumb\":{\"@id\":\"https:\/\/customizedwaterbottles.com\/product\/customize-20oz-insulated-tumbler-with-convenient-braided-carrystrap\/#breadcrumb\"},\"inLanguage\":\"pt-PT\",\"potentialAction\":[{\"@type\":\"ReadAction\",\"target\":[\"https:\/\/customizedwaterbottles.com\/product\/customize-20oz-insulated-tumbler-with-convenient-braided-carrystrap\/\"]}]},{\"@type\":\"ImageObject\",\"inLanguage\":\"pt-PT\",\"@id\":\"https:\/\/customizedwaterbottles.com\/product\/customize-20oz-insulated-tumbler-with-convenient-braided-carrystrap\/#primaryimage\",\"url\":\"https:\/\/customizedwaterbottles.com\/wp-content\/uploads\/2025\/09\/20oz-tumbler-9.webp\",\"contentUrl\":\"https:\/\/customizedwaterbottles.com\/wp-content\/uploads\/2025\/09\/20oz-tumbler-9.webp\",\"width\":800,\"height\":800,\"caption\":\"Customize 20oz Insulated Tumbler With Convenient Braided Carrystrap\"},{\"@type\":\"BreadcrumbList\",\"@id\":\"https:\/\/customizedwaterbottles.com\/product\/customize-20oz-insulated-tumbler-with-convenient-braided-carrystrap\/#breadcrumb\",\"itemListElement\":[{\"@type\":\"ListItem\",\"position\":1,\"name\":\"Home\",\"item\":\"https:\/\/customizedwaterbottles.com\/\"},{\"@type\":\"ListItem\",\"position\":2,\"name\":\"Products\",\"item\":\"https:\/\/customizedwaterbottles.com\/wholesale-drinkware-manufacturer-water-bottles-tumblers\/\"},{\"@type\":\"ListItem\",\"position\":3,\"name\":\"Customize 20oz Insulated Tumbler With Convenient Braided Carrystrap1081626T\"}]},{\"@type\":\"WebSite\",\"@id\":\"https:\/\/customizedwaterbottles.com\/#website\",\"url\":\"https:\/\/customizedwaterbottles.com\/\",\"name\":\"iFun\",\"description\":\"Water Bottles Stainless Steel Vacuum Flask\",\"potentialAction\":[{\"@type\":\"SearchAction\",\"target\":{\"@type\":\"EntryPoint\",\"urlTemplate\":\"https:\/\/customizedwaterbottles.com\/?s={search_term_string}\"},\"query-input\":{\"@type\":\"PropertyValueSpecification\",\"valueRequired\":true,\"valueName\":\"search_term_string\"}}],\"inLanguage\":\"pt-PT\"}]}<\/script>\n<!-- \/ Yoast SEO plugin. -->","yoast_head_json":{"title":"Quick Custom 20oz Travel Tumbler - Detachable Braided Strap","description":"China OEM Tumbler Factory: Custom 20oz Insulated Tumbler With Convenient Braided Carrystrap. Bulk order & wholesale pricing.","robots":{"index":"index","follow":"follow","max-snippet":"max-snippet:-1","max-image-preview":"max-image-preview:large","max-video-preview":"max-video-preview:-1"},"canonical":"https:\/\/customizedwaterbottles.com\/pt\/product\/customize-20oz-insulated-tumbler-with-convenient-braided-carrystrap\/","og_locale":"pt_PT","og_type":"article","og_title":"Quick Custom 20oz Travel Tumbler - Detachable Braided Strap","og_description":"China OEM Tumbler Factory: Custom 20oz Insulated Tumbler With Convenient Braided Carrystrap. Bulk order & wholesale pricing.","og_url":"https:\/\/customizedwaterbottles.com\/pt\/product\/customize-20oz-insulated-tumbler-with-convenient-braided-carrystrap\/","og_site_name":"iFun","article_modified_time":"2025-09-02T09:14:39+00:00","og_image":[{"width":800,"height":800,"url":"https:\/\/customizedwaterbottles.com\/wp-content\/uploads\/2025\/09\/20oz-tumbler-9.webp","type":"image\/webp"}],"twitter_card":"summary_large_image","twitter_misc":{"Tempo estimado de leitura":"3 minutos"},"schema":{"@context":"https:\/\/schema.org","@graph":[{"@type":"WebPage","@id":"https:\/\/customizedwaterbottles.com\/product\/customize-20oz-insulated-tumbler-with-convenient-braided-carrystrap\/","url":"https:\/\/customizedwaterbottles.com\/product\/customize-20oz-insulated-tumbler-with-convenient-braided-carrystrap\/","name":"Quick Custom 20oz Travel Tumbler - Detachable Braided Strap","isPartOf":{"@id":"https:\/\/customizedwaterbottles.com\/#website"},"primaryImageOfPage":{"@id":"https:\/\/customizedwaterbottles.com\/product\/customize-20oz-insulated-tumbler-with-convenient-braided-carrystrap\/#primaryimage"},"image":{"@id":"https:\/\/customizedwaterbottles.com\/product\/customize-20oz-insulated-tumbler-with-convenient-braided-carrystrap\/#primaryimage"},"thumbnailUrl":"https:\/\/customizedwaterbottles.com\/wp-content\/uploads\/2025\/09\/20oz-tumbler-9.webp","datePublished":"2025-09-02T08:36:11+00:00","dateModified":"2025-09-02T09:14:39+00:00","description":"China OEM Tumbler Factory: Custom 20oz Insulated Tumbler With Convenient Braided Carrystrap. Bulk order & wholesale pricing.","breadcrumb":{"@id":"https:\/\/customizedwaterbottles.com\/product\/customize-20oz-insulated-tumbler-with-convenient-braided-carrystrap\/#breadcrumb"},"inLanguage":"pt-PT","potentialAction":[{"@type":"ReadAction","target":["https:\/\/customizedwaterbottles.com\/product\/customize-20oz-insulated-tumbler-with-convenient-braided-carrystrap\/"]}]},{"@type":"ImageObject","inLanguage":"pt-PT","@id":"https:\/\/customizedwaterbottles.com\/product\/customize-20oz-insulated-tumbler-with-convenient-braided-carrystrap\/#primaryimage","url":"https:\/\/customizedwaterbottles.com\/wp-content\/uploads\/2025\/09\/20oz-tumbler-9.webp","contentUrl":"https:\/\/customizedwaterbottles.com\/wp-content\/uploads\/2025\/09\/20oz-tumbler-9.webp","width":800,"height":800,"caption":"Customize 20oz Insulated Tumbler With Convenient Braided Carrystrap"},{"@type":"BreadcrumbList","@id":"https:\/\/customizedwaterbottles.com\/product\/customize-20oz-insulated-tumbler-with-convenient-braided-carrystrap\/#breadcrumb","itemListElement":[{"@type":"ListItem","position":1,"name":"Home","item":"https:\/\/customizedwaterbottles.com\/"},{"@type":"ListItem","position":2,"name":"Products","item":"https:\/\/customizedwaterbottles.com\/wholesale-drinkware-manufacturer-water-bottles-tumblers\/"},{"@type":"ListItem","position":3,"name":"Customize 20oz Insulated Tumbler With Convenient Braided Carrystrap1081626T"}]},{"@type":"WebSite","@id":"https:\/\/customizedwaterbottles.com\/#website","url":"https:\/\/customizedwaterbottles.com\/","name":"iFun","description":"Water Bottles Stainless Steel Vacuum Flask","potentialAction":[{"@type":"SearchAction","target":{"@type":"EntryPoint","urlTemplate":"https:\/\/customizedwaterbottles.com\/?s={search_term_string}"},"query-input":{"@type":"PropertyValueSpecification","valueRequired":true,"valueName":"search_term_string"}}],"inLanguage":"pt-PT"}]}},"_links":{"self":[{"href":"https:\/\/customizedwaterbottles.com\/pt\/wp-json\/wp\/v2\/product\/3521","targetHints":{"allow":["GET"]}}],"collection":[{"href":"https:\/\/customizedwaterbottles.com\/pt\/wp-json\/wp\/v2\/product"}],"about":[{"href":"https:\/\/customizedwaterbottles.com\/pt\/wp-json\/wp\/v2\/types\/product"}],"replies":[{"embeddable":true,"href":"https:\/\/customizedwaterbottles.com\/pt\/wp-json\/wp\/v2\/comments?post=3521"}],"wp:featuredmedia":[{"embeddable":true,"href":"https:\/\/customizedwaterbottles.com\/pt\/wp-json\/wp\/v2\/media\/3537"}],"wp:attachment":[{"href":"https:\/\/customizedwaterbottles.com\/pt\/wp-json\/wp\/v2\/media?parent=3521"}],"wp:term":[{"taxonomy":"product_brand","embeddable":true,"href":"https:\/\/customizedwaterbottles.com\/pt\/wp-json\/wp\/v2\/product_brand?post=3521"},{"taxonomy":"product_cat","embeddable":true,"href":"https:\/\/customizedwaterbottles.com\/pt\/wp-json\/wp\/v2\/product_cat?post=3521"},{"taxonomy":"product_tag","embeddable":true,"href":"https:\/\/customizedwaterbottles.com\/pt\/wp-json\/wp\/v2\/product_tag?post=3521"}],"curies":[{"name":"wp","href":"https:\/\/api.w.org\/{rel}","templated":true}]}}