{"id":3656,"date":"2025-09-09T07:35:32","date_gmt":"2025-09-09T07:35:32","guid":{"rendered":"https:\/\/customizedwaterbottles.com\/?post_type=product&#038;p=3656"},"modified":"2025-09-09T08:46:01","modified_gmt":"2025-09-09T08:46:01","slug":"wholesale-17oz-double-wall-stainless-steel-insulated-coffee-mug-with-lid-and-handle","status":"publish","type":"product","link":"https:\/\/customizedwaterbottles.com\/pt\/product\/wholesale-17oz-double-wall-stainless-steel-insulated-coffee-mug-with-lid-and-handle\/","title":{"rendered":"Caneca de caf\u00e9 isolada de a\u00e7o inoxid\u00e1vel de parede dupla de 17 oz com tampa e pega 1081630T"},"content":{"rendered":"<table>\n<tbody>\n<tr>\n<td width=\"426\">Nome do produto<\/td>\n<td width=\"426\">Wholesale 17oz Double Wall Stainless Steel Insulated Coffee Mug With Lid and Handle<\/td>\n<\/tr>\n<tr>\n<td width=\"426\">Capacidade<\/td>\n<td width=\"426\">12oz 17oz<\/td>\n<\/tr>\n<tr>\n<td width=\"426\">Material<\/td>\n<td width=\"426\">Parede dupla em a\u00e7o inoxid\u00e1vel<\/td>\n<\/tr>\n<tr>\n<td width=\"426\">Cor<\/td>\n<td width=\"426\">Pintura brilhante, pintura mate, revestimento em p\u00f3, etc.<\/td>\n<\/tr>\n<tr>\n<td width=\"426\">Log\u00f3tipo<\/td>\n<td width=\"426\">Impress\u00e3o serigr\u00e1fica, impress\u00e3o por transfer\u00eancia t\u00e9rmica, grava\u00e7\u00e3o a laser, transfer\u00eancia de \u00e1gua, etc.<\/td>\n<\/tr>\n<tr>\n<td width=\"426\">MOQ<\/td>\n<td width=\"426\">50 unidades<\/td>\n<\/tr>\n<tr>\n<td width=\"426\">Tempo de amostragem<\/td>\n<td width=\"426\">3-7 dias para design personalizado<\/td>\n<\/tr>\n<tr>\n<td width=\"426\">Certifica\u00e7\u00e3o<\/td>\n<td width=\"426\">FDA, LFGB<\/td>\n<\/tr>\n<tr>\n<td width=\"426\">Embalagem<\/td>\n<td width=\"426\">Caixa branca, caixa de cor ou caixa com desenho personalizado<\/td>\n<\/tr>\n<tr>\n<td width=\"426\">Capacidade de produ\u00e7\u00e3o<\/td>\n<td width=\"426\">500.000 unidades por m\u00eas<\/td>\n<\/tr>\n<tr>\n<td width=\"426\">Prazo de entrega<\/td>\n<td width=\"426\">25-35dias para quantidades inferiores a 20.000pcs<\/td>\n<\/tr>\n<\/tbody>\n<\/table>\n<h2><strong>Why Choose Our Coffee Tumbler?<\/strong><\/h2>\n<p data-start=\"268\" data-end=\"599\"><strong data-start=\"268\" data-end=\"302\"><span style=\"color: #000000;\">1. Controlo da temperatura durante todo o dia<\/span><\/strong><br data-start=\"302\" data-end=\"305\" \/>Ifun Wholesale 17oz Double Wall Stainless Steel Insulated Coffee Mug With Lid and Handle is here to hydrate more and refill less. The insulation keeps drinks cold and the durable handle takes it to the next level. The perfect size stainless steel tumbler bottle can go anywhere, even fitting most cupholders. Cold stays cold, and the flexible straw is easy to sip any which way.<\/p>\n<p data-start=\"601\" data-end=\"1020\"><strong data-start=\"601\" data-end=\"642\"><span style=\"color: #000000;\">2. Constru\u00e7\u00e3o robusta com material de primeira qualidade<\/span><\/strong><br data-start=\"642\" data-end=\"645\" \/>Wholesale 17oz Double Wall Stainless Steel Insulated Coffee Mug With Lid and Carry Handle Double-wall vacuum insulation, drinks stay the coldest and coolest for hours in this tumbler cup. Made inside and outside with high-quality, food-grade 304 stainless steel, it\u2019s safe for all beverages, with no weird tastes and extra resistance to dings and scratches. Our insulated stainless steel keeps drinks cold during playtime and adventures\u2014keep your cool with this owala 40 oz stainless steel straw tumbler. Note: not for use with hot, carbonated, or perishable liquids.<\/p>\n<p data-start=\"1022\" data-end=\"1424\"><strong data-start=\"1022\" data-end=\"1046\"><span style=\"color: #000000;\">3. Design \u00fanico da tampa\u00a0<\/span><\/strong><br data-start=\"1046\" data-end=\"1049\" \/>The Ifun Wholesale 17oz Double Wall Stainless Steel Insulated Coffee Mug is easy to sip and easy to clean. The flip sip lid on the insulated Travel CoffeeTumbler keeps drinks ready to sip.An ideal all-day tumbler, this handheld cup is perfect for cheer, sports, baseball, school, the pool and more.<\/p>\n<p data-start=\"1022\" data-end=\"1424\"><strong data-start=\"1022\" data-end=\"1046\"><span style=\"color: #000000;\">4. Fits Cupholders Insulated Coffee Mug With Handle &amp; Flip Lid<\/span><\/strong>The cupholder-friendly design means this insulated coffee mugs tumbler with handle fits simple and easily in most cupholders. Designed for seamless cupholder cohabitation, these cups are right at home on the open road, on the sidelines, at the gym, outdoor, indoor, at the beach, or wherever you need to set your sips.<\/p>\n<p data-start=\"1426\" data-end=\"1722\"><strong data-start=\"1022\" data-end=\"1046\"><span style=\"color: #000000;\">5. Escolha de capacidade m\u00faltipla\u00a0<\/span><\/strong><br data-start=\"1454\" data-end=\"1457\" \/>With a generous capacity of 12oz 17oz, this tumbler is perfect for heavy drinkers, fitness lovers, or desk-bound professionals. Whether you choose the classic stainless version or the thermos coffee tumbler, you\u2019ll have a stylish and functional drink companion.<\/p>\n<p data-start=\"1724\" data-end=\"1965\"><strong data-start=\"1022\" data-end=\"1046\"><span style=\"color: #000000;\">6. Exterior sem suor\u00a0<\/span><\/strong><br data-start=\"1750\" data-end=\"1753\" \/>O nosso isolamento a v\u00e1cuo n\u00e3o se limita a manter as bebidas frias - tamb\u00e9m mant\u00e9m o exterior seco. N\u00e3o precisa de se preocupar com a condensa\u00e7\u00e3o de bebidas frias que molha as suas m\u00e3os ou a mesa, mesmo com o copo owala 40 oz free sip.<\/p>\n<p data-start=\"1967\" data-end=\"2304\"><strong data-start=\"1022\" data-end=\"1046\"><span style=\"color: #000000;\">7. Mais de 15 anos de experi\u00eancia no sector do fabrico\u00a0<\/span><\/strong><br data-start=\"2008\" data-end=\"2011\" \/>H\u00e1 mais de 15 anos que a Ifun se concentra em produtos para bebidas. A nossa linha de produtos inclui copos de a\u00e7o inoxid\u00e1vel, garrafas de \u00e1gua com isolamento a v\u00e1cuo, canecas de viagem, copos t\u00e9rmicos e muito mais. Temos equipas profissionais para garantir que cada copo owala personalizado cumpre as normas de alta qualidade.<\/p>\n<p data-start=\"2306\" data-end=\"2643\"><strong data-start=\"1022\" data-end=\"1046\"><span style=\"color: #000000;\">8. Servi\u00e7o OEM e ODM dispon\u00edvel<\/span><\/strong><br data-start=\"2340\" data-end=\"2343\" \/>As a stainless steel bottles manufacturer, Ifun provides OEM &amp; ODM services. Whether you need custom colors, logos, packages, or sizes, we can make it happen. From the Wholesale 17oz Double Wall Stainless Steel Insulated Coffee Mug With Lid and Handle, we help you create products tailored to your market.<\/p>\n<p><strong style=\"color: #555555;\">Moldagem personalizada<\/strong><span style=\"color: #555555;\"> - <\/span><a href=\"https:\/\/customizedwaterbottles.com\/pt\/custom-water-bottle-mold-maker-bpa-free-vacuum-flask-oem\/\" target=\"_blank\" rel=\"noopener\">https:\/\/customizedwaterbottles.com\/custom-water-bottle-mold-maker-bpa-free-vacuum-flask-oem\/<\/a><br \/>\n<strong style=\"color: #555555;\">Decora\u00e7\u00e3o personalizada<\/strong><span style=\"color: #555555;\"> -<\/span><a href=\"https:\/\/customizedwaterbottles.com\/pt\/graphic-design-water-bottles-custom-stainless-steel-oem\/\" target=\"_blank\" rel=\"noopener\"> https:\/\/customizedwaterbottles.com\/graphic-design-water-bottles-custom-stainless-steel-oem\/<\/a><br \/>\n<strong style=\"color: #555555;\">Log\u00f3tipos e embalagens personalizados<\/strong><span style=\"color: #555555;\"> - <\/span><a href=\"https:\/\/customizedwaterbottles.com\/pt\/wholesale-custom-packaging-for-water-bottles-tumblers\/\" target=\"_blank\" rel=\"noopener\">https:\/\/customizedwaterbottles.com\/wholesale-custom-packaging-for-water-bottles-tumblers\/<\/a><br \/>\n<strong style=\"color: #555555;\">Prenda personalizada<\/strong><span style=\"color: #555555;\"> - <\/span><a href=\"https:\/\/customizedwaterbottles.com\/pt\/promotional-drinkware-for-businesses-custom-branded-gifts\/\" target=\"_blank\" rel=\"noopener\">https:\/\/customizedwaterbottles.com\/promotional-drinkware-for-businesses-custom-branded-gifts\/<\/a><\/p>\n[post-link-list]\n<p><img decoding=\"async\" class=\"alignnone  wp-image-3663\" src=\"https:\/\/customizedwaterbottles.com\/wp-content\/uploads\/2025\/09\/Insulated-Coffee-Mug-With-Lid-and-Handle-8.webp\" alt=\"Insulated Coffee Mugs manufacturer\" width=\"759\" height=\"759\" srcset=\"https:\/\/customizedwaterbottles.com\/wp-content\/uploads\/2025\/09\/Insulated-Coffee-Mug-With-Lid-and-Handle-8.webp 1200w, https:\/\/customizedwaterbottles.com\/wp-content\/uploads\/2025\/09\/Insulated-Coffee-Mug-With-Lid-and-Handle-8-1024x1024.webp 1024w, https:\/\/customizedwaterbottles.com\/wp-content\/uploads\/2025\/09\/Insulated-Coffee-Mug-With-Lid-and-Handle-8-768x768.webp 768w, https:\/\/customizedwaterbottles.com\/wp-content\/uploads\/2025\/09\/Insulated-Coffee-Mug-With-Lid-and-Handle-8-300x300.webp 300w, https:\/\/customizedwaterbottles.com\/wp-content\/uploads\/2025\/09\/Insulated-Coffee-Mug-With-Lid-and-Handle-8-600x600.webp 600w, https:\/\/customizedwaterbottles.com\/wp-content\/uploads\/2025\/09\/Insulated-Coffee-Mug-With-Lid-and-Handle-8-100x100.webp 100w\" sizes=\"(max-width: 759px) 100vw, 759px\" \/><\/p>\n<p><img decoding=\"async\" class=\"alignnone size-full wp-image-3665\" src=\"https:\/\/customizedwaterbottles.com\/wp-content\/uploads\/2025\/09\/coffe-mug.webp\" alt=\"12oz 17oz Insulated Coffee Mugs With Handle And Flip Lid\" width=\"790\" height=\"462\" srcset=\"https:\/\/customizedwaterbottles.com\/wp-content\/uploads\/2025\/09\/coffe-mug.webp 790w, https:\/\/customizedwaterbottles.com\/wp-content\/uploads\/2025\/09\/coffe-mug-768x449.webp 768w, https:\/\/customizedwaterbottles.com\/wp-content\/uploads\/2025\/09\/coffe-mug-600x351.webp 600w\" sizes=\"(max-width: 790px) 100vw, 790px\" \/><\/p>\n<p><img decoding=\"async\" class=\"alignnone  wp-image-3662\" src=\"https:\/\/customizedwaterbottles.com\/wp-content\/uploads\/2025\/09\/Insulated-Coffee-Mug-With-Lid-and-Handle-7.webp\" alt=\"Insulated Mugs manufacturer\" width=\"739\" height=\"740\" srcset=\"https:\/\/customizedwaterbottles.com\/wp-content\/uploads\/2025\/09\/Insulated-Coffee-Mug-With-Lid-and-Handle-7.webp 761w, https:\/\/customizedwaterbottles.com\/wp-content\/uploads\/2025\/09\/Insulated-Coffee-Mug-With-Lid-and-Handle-7-300x300.webp 300w, https:\/\/customizedwaterbottles.com\/wp-content\/uploads\/2025\/09\/Insulated-Coffee-Mug-With-Lid-and-Handle-7-600x601.webp 600w, https:\/\/customizedwaterbottles.com\/wp-content\/uploads\/2025\/09\/Insulated-Coffee-Mug-With-Lid-and-Handle-7-100x100.webp 100w\" sizes=\"(max-width: 739px) 100vw, 739px\" \/><\/p>\n<p>&nbsp;<\/p>\n<p><img decoding=\"async\" class=\"alignnone size-medium wp-image-3404\" src=\"https:\/\/customizedwaterbottles.com\/wp-content\/uploads\/2025\/08\/\u4e3b\u56fe-77.webp\" alt=\"\" width=\"1000\" height=\"1000\" srcset=\"https:\/\/customizedwaterbottles.com\/wp-content\/uploads\/2025\/08\/\u4e3b\u56fe-77.webp 1000w, https:\/\/customizedwaterbottles.com\/wp-content\/uploads\/2025\/08\/\u4e3b\u56fe-77-768x768.webp 768w, https:\/\/customizedwaterbottles.com\/wp-content\/uploads\/2025\/08\/\u4e3b\u56fe-77-300x300.webp 300w, https:\/\/customizedwaterbottles.com\/wp-content\/uploads\/2025\/08\/\u4e3b\u56fe-77-600x600.webp 600w, https:\/\/customizedwaterbottles.com\/wp-content\/uploads\/2025\/08\/\u4e3b\u56fe-77-100x100.webp 100w\" sizes=\"(max-width: 1000px) 100vw, 1000px\" \/><\/p>","protected":false},"excerpt":{"rendered":"<h3><strong>Carater\u00edsticas do produto:<\/strong><\/h3>\n<ul>\n<li><strong> Custom Wholesale 17oz Double Wall Stainless Steel Insulated Coffee Mug With Lid and Handle:<\/strong> Made of double vacuum insulation stainless steel coffee mug , Anti-wear fall, Rugged and durable. Electrolysis and drawing, easy to clean, with strong corrosion resistance.<\/li>\n<li><strong>Reten\u00e7\u00e3o de temperatura superior <span class=\"a-list-item\">Temperatura ideal para beber<\/span>:<\/strong><span class=\"a-list-item\">our Double-Wall Vacuum insulated thermal coffee mugs with lid and handle quality keeps your drinks cold for around 10 hours or hot for 6+ hours. The insulation also protects your hands from the temperature of beverage. The temperature of our hands does not affect that of the drinks.<\/span><\/li>\n<li><span class=\"a-list-item\"><strong>Wholesale 17oz Double Wall Stainless Steel Insulated Coffee Mug With Lid and Carry Handle :<\/strong>BPA free, Blu-ray PP plastic. The inside of the cover is a silicone seal ring, It has excellent sealing properties to prevent water leakage.<\/span><\/li>\n<li><span class=\"a-list-item\"><strong>\u00a0Wholesale Double Wall Insulated Vacuum Mug With Lid and Handle Keeping beverage hot and cold and Carry Handle <\/strong><\/span>Great for all kinds of hot and cold beverages, designed for coffee, beer, juice etc. Fit to car cup holders.<\/li>\n<li><strong>Styles Meets In Funcation:<\/strong>\u00a0 Available in multiple modern colors, the HydroJug Traveler isn\u2019t just a water bottle \u2013 it\u2019s a lifestyle accessory that keeps you hydrated in style.<\/li>\n<li><strong>V\u00e1rias capacidades:<\/strong> Offers a substantial 12oz 17oz volume, perfect for coffee, tea, or other beverage, reducing the need for frequent refills.<\/li>\n<li><strong>Constru\u00e7\u00e3o em a\u00e7o inoxid\u00e1vel dur\u00e1vel:<\/strong> Fabricado em a\u00e7o inoxid\u00e1vel 18\/8 de alta qualidade e de qualidade alimentar, o que o torna resistente \u00e0 ferrugem, \u00e0 corros\u00e3o, \u00e0s mossas e n\u00e3o ret\u00e9m sabores ou odores.<\/li>\n<li><strong>Exterior \u00e0 prova de suor:<\/strong> A estrutura de isolamento a v\u00e1cuo evita a forma\u00e7\u00e3o de condensa\u00e7\u00e3o na parede exterior, mantendo as m\u00e3os secas e as superf\u00edcies limpas, quer esteja a segurar uma bebida fria ou quente.<\/li>\n<\/ul>\n<h3><strong>Servi\u00e7os personalizados:<\/strong><\/h3>\n<ul>\n<li><strong>Log\u00f3tipo e design:<\/strong> As garrafas de a\u00e7o inoxid\u00e1vel Ifun suportam o log\u00f3tipo personalizado da sua marca. Podemos fazer o seu log\u00f3tipo e design com serigrafia, grava\u00e7\u00e3o a laser, transfer\u00eancia de calor, impress\u00e3o 3D, impress\u00e3o UV, etc.<\/li>\n<li><strong>Cor:<\/strong> As cores podem ser personalizadas de acordo com o n\u00famero de cor pantone, podemos faz\u00ea-lo com acabamento mate, pintura brilhante, revestimento em p\u00f3, etc.<\/li>\n<li><strong>Capacidade:<\/strong> We have12oz 17oz capacity, other capacity we can also custom for you.<\/li>\n<li><strong>Tampas: <\/strong>BPA FREE leakproof lid, the color can be customized.<\/li>\n<li><strong>Embalagem: <\/strong>Caixa de cor, caixa branca, caixa de oferta, caixa de cart\u00e3o castanho, caixa cil\u00edndrica, etc.<\/li>\n<\/ul>","protected":false},"featured_media":3664,"comment_status":"open","ping_status":"closed","template":"","meta":[],"product_brand":[233,231,230,232],"product_cat":[22,23],"product_tag":[239,243,241,242,240],"class_list":{"0":"post-3656","1":"product","2":"type-product","3":"status-publish","4":"has-post-thumbnail","6":"product_brand-100-hydrojug-leak-proof-tumbler","7":"product_brand-40-oz-insulated-tumbler-with-handle-flip-straw","8":"product_brand-hydrojug-traveler-tumbler","9":"product_brand-hydrojug-tumbler-with-handle-flip-straw","10":"product_cat-new-drinkware-collection","11":"product_cat-insulated-tumblers-mugs","12":"product_tag-coffee-tumblers-manufacturer","13":"product_tag-insulated-coffee-tumbler","14":"product_tag-promotional-giveaway-tumblers","15":"product_tag-tumbler-cup-supplier","16":"product_tag-tumbler-wholesaler","18":"first","19":"instock","20":"shipping-taxable","21":"product-type-simple"},"yoast_head":"<!-- This site is optimized with the Yoast SEO plugin v25.4 - https:\/\/yoast.com\/wordpress\/plugins\/seo\/ -->\n<title>Insulated Coffee Mug With Lid and Handle<\/title>\n<meta name=\"description\" content=\"Manufacturer-Direct Wholesale Custom Stainless Steel Coffee Mugs.Vacuum Insulation with Lids And Handle, Logo Printing,Low MOQ. Get Free Samples!\" \/>\n<meta name=\"robots\" content=\"index, follow, max-snippet:-1, max-image-preview:large, max-video-preview:-1\" \/>\n<link rel=\"canonical\" href=\"https:\/\/customizedwaterbottles.com\/pt\/product\/wholesale-17oz-double-wall-stainless-steel-insulated-coffee-mug-with-lid-and-handle\/\" \/>\n<meta property=\"og:locale\" content=\"pt_PT\" \/>\n<meta property=\"og:type\" content=\"article\" \/>\n<meta property=\"og:title\" content=\"Insulated Coffee Mug With Lid and Handle\" \/>\n<meta property=\"og:description\" content=\"Manufacturer-Direct Wholesale Custom Stainless Steel Coffee Mugs.Vacuum Insulation with Lids And Handle, Logo Printing,Low MOQ. Get Free Samples!\" \/>\n<meta property=\"og:url\" content=\"https:\/\/customizedwaterbottles.com\/pt\/product\/wholesale-17oz-double-wall-stainless-steel-insulated-coffee-mug-with-lid-and-handle\/\" \/>\n<meta property=\"og:site_name\" content=\"iFun\" \/>\n<meta property=\"article:modified_time\" content=\"2025-09-09T08:46:01+00:00\" \/>\n<meta property=\"og:image\" content=\"https:\/\/customizedwaterbottles.com\/wp-content\/uploads\/2025\/09\/Insulated-Coffee-Mug-With-Lid-and-Handle-1.webp\" \/>\n\t<meta property=\"og:image:width\" content=\"1200\" \/>\n\t<meta property=\"og:image:height\" content=\"1200\" \/>\n\t<meta property=\"og:image:type\" content=\"image\/webp\" \/>\n<meta name=\"twitter:card\" content=\"summary_large_image\" \/>\n<meta name=\"twitter:label1\" content=\"Tempo estimado de leitura\" \/>\n\t<meta name=\"twitter:data1\" content=\"4 minutos\" \/>\n<script type=\"application\/ld+json\" class=\"yoast-schema-graph\">{\"@context\":\"https:\/\/schema.org\",\"@graph\":[{\"@type\":\"WebPage\",\"@id\":\"https:\/\/customizedwaterbottles.com\/product\/wholesale-17oz-double-wall-stainless-steel-insulated-coffee-mug-with-lid-and-handle\/\",\"url\":\"https:\/\/customizedwaterbottles.com\/product\/wholesale-17oz-double-wall-stainless-steel-insulated-coffee-mug-with-lid-and-handle\/\",\"name\":\"Insulated Coffee Mug With Lid and Handle\",\"isPartOf\":{\"@id\":\"https:\/\/customizedwaterbottles.com\/#website\"},\"primaryImageOfPage\":{\"@id\":\"https:\/\/customizedwaterbottles.com\/product\/wholesale-17oz-double-wall-stainless-steel-insulated-coffee-mug-with-lid-and-handle\/#primaryimage\"},\"image\":{\"@id\":\"https:\/\/customizedwaterbottles.com\/product\/wholesale-17oz-double-wall-stainless-steel-insulated-coffee-mug-with-lid-and-handle\/#primaryimage\"},\"thumbnailUrl\":\"https:\/\/customizedwaterbottles.com\/wp-content\/uploads\/2025\/09\/Insulated-Coffee-Mug-With-Lid-and-Handle-1.webp\",\"datePublished\":\"2025-09-09T07:35:32+00:00\",\"dateModified\":\"2025-09-09T08:46:01+00:00\",\"description\":\"Manufacturer-Direct Wholesale Custom Stainless Steel Coffee Mugs.Vacuum Insulation with Lids And Handle, Logo Printing,Low MOQ. Get Free Samples!\",\"breadcrumb\":{\"@id\":\"https:\/\/customizedwaterbottles.com\/product\/wholesale-17oz-double-wall-stainless-steel-insulated-coffee-mug-with-lid-and-handle\/#breadcrumb\"},\"inLanguage\":\"pt-PT\",\"potentialAction\":[{\"@type\":\"ReadAction\",\"target\":[\"https:\/\/customizedwaterbottles.com\/product\/wholesale-17oz-double-wall-stainless-steel-insulated-coffee-mug-with-lid-and-handle\/\"]}]},{\"@type\":\"ImageObject\",\"inLanguage\":\"pt-PT\",\"@id\":\"https:\/\/customizedwaterbottles.com\/product\/wholesale-17oz-double-wall-stainless-steel-insulated-coffee-mug-with-lid-and-handle\/#primaryimage\",\"url\":\"https:\/\/customizedwaterbottles.com\/wp-content\/uploads\/2025\/09\/Insulated-Coffee-Mug-With-Lid-and-Handle-1.webp\",\"contentUrl\":\"https:\/\/customizedwaterbottles.com\/wp-content\/uploads\/2025\/09\/Insulated-Coffee-Mug-With-Lid-and-Handle-1.webp\",\"width\":1200,\"height\":1200,\"caption\":\"Stainless steel Coffee Mugs manufacturer\"},{\"@type\":\"BreadcrumbList\",\"@id\":\"https:\/\/customizedwaterbottles.com\/product\/wholesale-17oz-double-wall-stainless-steel-insulated-coffee-mug-with-lid-and-handle\/#breadcrumb\",\"itemListElement\":[{\"@type\":\"ListItem\",\"position\":1,\"name\":\"Home\",\"item\":\"https:\/\/customizedwaterbottles.com\/\"},{\"@type\":\"ListItem\",\"position\":2,\"name\":\"Products\",\"item\":\"https:\/\/customizedwaterbottles.com\/wholesale-drinkware-manufacturer-water-bottles-tumblers\/\"},{\"@type\":\"ListItem\",\"position\":3,\"name\":\"Wholesale 17oz Double Wall Stainless Steel Insulated Coffee Mug With Lid and Handle 1081630T\"}]},{\"@type\":\"WebSite\",\"@id\":\"https:\/\/customizedwaterbottles.com\/#website\",\"url\":\"https:\/\/customizedwaterbottles.com\/\",\"name\":\"iFun\",\"description\":\"Water Bottles Stainless Steel Vacuum Flask\",\"potentialAction\":[{\"@type\":\"SearchAction\",\"target\":{\"@type\":\"EntryPoint\",\"urlTemplate\":\"https:\/\/customizedwaterbottles.com\/?s={search_term_string}\"},\"query-input\":{\"@type\":\"PropertyValueSpecification\",\"valueRequired\":true,\"valueName\":\"search_term_string\"}}],\"inLanguage\":\"pt-PT\"}]}<\/script>\n<!-- \/ Yoast SEO plugin. -->","yoast_head_json":{"title":"Insulated Coffee Mug With Lid and Handle","description":"Manufacturer-Direct Wholesale Custom Stainless Steel Coffee Mugs.Vacuum Insulation with Lids And Handle, Logo Printing,Low MOQ. Get Free Samples!","robots":{"index":"index","follow":"follow","max-snippet":"max-snippet:-1","max-image-preview":"max-image-preview:large","max-video-preview":"max-video-preview:-1"},"canonical":"https:\/\/customizedwaterbottles.com\/pt\/product\/wholesale-17oz-double-wall-stainless-steel-insulated-coffee-mug-with-lid-and-handle\/","og_locale":"pt_PT","og_type":"article","og_title":"Insulated Coffee Mug With Lid and Handle","og_description":"Manufacturer-Direct Wholesale Custom Stainless Steel Coffee Mugs.Vacuum Insulation with Lids And Handle, Logo Printing,Low MOQ. Get Free Samples!","og_url":"https:\/\/customizedwaterbottles.com\/pt\/product\/wholesale-17oz-double-wall-stainless-steel-insulated-coffee-mug-with-lid-and-handle\/","og_site_name":"iFun","article_modified_time":"2025-09-09T08:46:01+00:00","og_image":[{"width":1200,"height":1200,"url":"https:\/\/customizedwaterbottles.com\/wp-content\/uploads\/2025\/09\/Insulated-Coffee-Mug-With-Lid-and-Handle-1.webp","type":"image\/webp"}],"twitter_card":"summary_large_image","twitter_misc":{"Tempo estimado de leitura":"4 minutos"},"schema":{"@context":"https:\/\/schema.org","@graph":[{"@type":"WebPage","@id":"https:\/\/customizedwaterbottles.com\/product\/wholesale-17oz-double-wall-stainless-steel-insulated-coffee-mug-with-lid-and-handle\/","url":"https:\/\/customizedwaterbottles.com\/product\/wholesale-17oz-double-wall-stainless-steel-insulated-coffee-mug-with-lid-and-handle\/","name":"Insulated Coffee Mug With Lid and Handle","isPartOf":{"@id":"https:\/\/customizedwaterbottles.com\/#website"},"primaryImageOfPage":{"@id":"https:\/\/customizedwaterbottles.com\/product\/wholesale-17oz-double-wall-stainless-steel-insulated-coffee-mug-with-lid-and-handle\/#primaryimage"},"image":{"@id":"https:\/\/customizedwaterbottles.com\/product\/wholesale-17oz-double-wall-stainless-steel-insulated-coffee-mug-with-lid-and-handle\/#primaryimage"},"thumbnailUrl":"https:\/\/customizedwaterbottles.com\/wp-content\/uploads\/2025\/09\/Insulated-Coffee-Mug-With-Lid-and-Handle-1.webp","datePublished":"2025-09-09T07:35:32+00:00","dateModified":"2025-09-09T08:46:01+00:00","description":"Manufacturer-Direct Wholesale Custom Stainless Steel Coffee Mugs.Vacuum Insulation with Lids And Handle, Logo Printing,Low MOQ. Get Free Samples!","breadcrumb":{"@id":"https:\/\/customizedwaterbottles.com\/product\/wholesale-17oz-double-wall-stainless-steel-insulated-coffee-mug-with-lid-and-handle\/#breadcrumb"},"inLanguage":"pt-PT","potentialAction":[{"@type":"ReadAction","target":["https:\/\/customizedwaterbottles.com\/product\/wholesale-17oz-double-wall-stainless-steel-insulated-coffee-mug-with-lid-and-handle\/"]}]},{"@type":"ImageObject","inLanguage":"pt-PT","@id":"https:\/\/customizedwaterbottles.com\/product\/wholesale-17oz-double-wall-stainless-steel-insulated-coffee-mug-with-lid-and-handle\/#primaryimage","url":"https:\/\/customizedwaterbottles.com\/wp-content\/uploads\/2025\/09\/Insulated-Coffee-Mug-With-Lid-and-Handle-1.webp","contentUrl":"https:\/\/customizedwaterbottles.com\/wp-content\/uploads\/2025\/09\/Insulated-Coffee-Mug-With-Lid-and-Handle-1.webp","width":1200,"height":1200,"caption":"Stainless steel Coffee Mugs manufacturer"},{"@type":"BreadcrumbList","@id":"https:\/\/customizedwaterbottles.com\/product\/wholesale-17oz-double-wall-stainless-steel-insulated-coffee-mug-with-lid-and-handle\/#breadcrumb","itemListElement":[{"@type":"ListItem","position":1,"name":"Home","item":"https:\/\/customizedwaterbottles.com\/"},{"@type":"ListItem","position":2,"name":"Products","item":"https:\/\/customizedwaterbottles.com\/wholesale-drinkware-manufacturer-water-bottles-tumblers\/"},{"@type":"ListItem","position":3,"name":"Wholesale 17oz Double Wall Stainless Steel Insulated Coffee Mug With Lid and Handle 1081630T"}]},{"@type":"WebSite","@id":"https:\/\/customizedwaterbottles.com\/#website","url":"https:\/\/customizedwaterbottles.com\/","name":"iFun","description":"Water Bottles Stainless Steel Vacuum Flask","potentialAction":[{"@type":"SearchAction","target":{"@type":"EntryPoint","urlTemplate":"https:\/\/customizedwaterbottles.com\/?s={search_term_string}"},"query-input":{"@type":"PropertyValueSpecification","valueRequired":true,"valueName":"search_term_string"}}],"inLanguage":"pt-PT"}]}},"_links":{"self":[{"href":"https:\/\/customizedwaterbottles.com\/pt\/wp-json\/wp\/v2\/product\/3656","targetHints":{"allow":["GET"]}}],"collection":[{"href":"https:\/\/customizedwaterbottles.com\/pt\/wp-json\/wp\/v2\/product"}],"about":[{"href":"https:\/\/customizedwaterbottles.com\/pt\/wp-json\/wp\/v2\/types\/product"}],"replies":[{"embeddable":true,"href":"https:\/\/customizedwaterbottles.com\/pt\/wp-json\/wp\/v2\/comments?post=3656"}],"wp:featuredmedia":[{"embeddable":true,"href":"https:\/\/customizedwaterbottles.com\/pt\/wp-json\/wp\/v2\/media\/3664"}],"wp:attachment":[{"href":"https:\/\/customizedwaterbottles.com\/pt\/wp-json\/wp\/v2\/media?parent=3656"}],"wp:term":[{"taxonomy":"product_brand","embeddable":true,"href":"https:\/\/customizedwaterbottles.com\/pt\/wp-json\/wp\/v2\/product_brand?post=3656"},{"taxonomy":"product_cat","embeddable":true,"href":"https:\/\/customizedwaterbottles.com\/pt\/wp-json\/wp\/v2\/product_cat?post=3656"},{"taxonomy":"product_tag","embeddable":true,"href":"https:\/\/customizedwaterbottles.com\/pt\/wp-json\/wp\/v2\/product_tag?post=3656"}],"curies":[{"name":"wp","href":"https:\/\/api.w.org\/{rel}","templated":true}]}}