{"id":3789,"date":"2025-09-24T04:21:52","date_gmt":"2025-09-24T04:21:52","guid":{"rendered":"https:\/\/customizedwaterbottles.com\/?post_type=product&#038;p=3789"},"modified":"2025-09-24T06:43:01","modified_gmt":"2025-09-24T06:43:01","slug":"stainless-steel-food-containers-metal-bento-lunch-box-with-lockable-clips-to-leak-proof","status":"publish","type":"product","link":"https:\/\/customizedwaterbottles.com\/pt\/product\/stainless-steel-food-containers-metal-bento-lunch-box-with-lockable-clips-to-leak-proof\/","title":{"rendered":"Stainless Steel Food Containers Metal Bento Lunch Box With Lockable Clips to Leak Proof 10816001F"},"content":{"rendered":"<p><strong>\u00a0 \u00a0 \u00a0 Nome do produto\uff1a<\/strong>Stainless Steel Food Containers Metal Bento Lunch Box With Lockable Clips to Leak Proof <strong><br \/>\n<\/strong><strong>\u00a0 \u00a0 \u00a0 Capacidade\uff1a<\/strong>550ml\uff0c850ml,1200ml,1400ml, 2400ml<br \/>\n<strong>\u00a0 \u00a0 \u00a0 Material\uff1a<\/strong>A\u00e7o inoxid\u00e1vel<br \/>\n<strong>\u00a0 \u00a0 \u00a0 Cor\uff1a<\/strong>Pintura brilhante, pintura mate, revestimento em p\u00f3, etc.<br \/>\n<strong>\u00a0 \u00a0 \u00a0 Log\u00f3tipo\uff1a<\/strong>Impress\u00e3o serigr\u00e1fica, impress\u00e3o por transfer\u00eancia t\u00e9rmica, grava\u00e7\u00e3o a laser, transfer\u00eancia de \u00e1gua, etc.<br \/>\n<strong>\u00a0 \u00a0 \u00a0 MOQ\uff1a<\/strong>100 unidades<br \/>\n<strong>\u00a0 \u00a0 \u00a0 Tempo de amostragem\uff1a<\/strong>3-7 dias para design personalizado<br \/>\n<strong>\u00a0 \u00a0 \u00a0 Certifica\u00e7\u00e3o\uff1a<\/strong>FDA, LFGB<br \/>\n<strong>\u00a0 \u00a0 \u00a0 Embalagem<\/strong>\uff1aCaixa branca, caixa de cor ou caixa de design personalizado<br \/>\n<strong>\u00a0 \u00a0 \u00a0 Capacidade de produ\u00e7\u00e3o\uff1a<\/strong>500.000 unidades por m\u00eas<br \/>\n<strong>\u00a0 \u00a0 \u00a0 Prazo de entrega\uff1a<\/strong>5-35dias para quantidades inferiores a 20.000pcs<\/p>\n<h2><strong>Why Choose Ifun Metal Bento Lunch Box\uff1f<\/strong><\/h2>\n<ol>\n<li><strong>Certificado de Qualidade e Seguran\u00e7a<\/strong><br \/>\nOur Metal Bento Lunch Box, and drinkware meet international standards (CE, FDA, CA65\/Prop65, LFGB), ensuring BPA-free, durable, and safe products for your customers.<\/li>\n<li><strong style=\"color: #555555;\">\u00a0Destaque-se com designs personalizados<br \/>\n<\/strong>Your brand deserves unique drinkware that captures attention. With Anhui iFun\u2019s stylish and customizable designs, your hydro mini bottle will reflect your brand identity and help you stand out in a competitive market.<\/li>\n<li><strong style=\"color: #555555;\">Controlo de qualidade rigoroso<br \/>\n<\/strong>Quality is at the heart of our manufacturing process. Our dedicated team of inspectors ensures every Metal Bento Lunch Box meets strict standards before reaching your customers worldwide.<\/li>\n<li><strong style=\"color: #555555;\">Proteger a sua marca e as suas ideias<br \/>\n<\/strong>Respeitamos a propriedade intelectual e a confidencialidade. Se necess\u00e1rio, teremos todo o gosto em assinar acordos NDA ou NNN para salvaguardar os seus projectos OEM\/ODM.<\/li>\n<li><strong style=\"color: #555555;\">Produ\u00e7\u00e3o eficiente e automatizada<br \/>\n<\/strong>Especializados no fabrico de copos, utilizamos linhas de produ\u00e7\u00e3o avan\u00e7adas e tecnologias da Ind\u00fastria 4.0 para fornecer produtos rent\u00e1veis e de alta qualidade a pre\u00e7os competitivos.<\/li>\n<li><strong style=\"color: #555555;\">Especializa\u00e7\u00e3o em OEM\/ODM<br \/>\n<\/strong>Os nossos engenheiros experientes, com mais de 20 anos de experi\u00eancia no fabrico de artigos para bebidas, podem transformar as suas ideias em mini-garrafas hidro prontas para o mercado - ajudando-o a criar bestsellers.<\/li>\n<li><strong style=\"color: #555555;\">Servi\u00e7os de personaliza\u00e7\u00e3o completa<br \/>\n<\/strong>Desde a moldagem at\u00e9 \u00e0 embalagem, oferecemos uma personaliza\u00e7\u00e3o de ponta a ponta para corresponder \u00e0s necessidades da sua marca:<br \/>\n<strong style=\"color: #555555;\">Moldagem personalizada<\/strong><span style=\"color: #555555;\"> - <\/span><a href=\"https:\/\/customizedwaterbottles.com\/pt\/custom-water-bottle-mold-maker-bpa-free-vacuum-flask-oem\/\" target=\"_blank\" rel=\"noopener\">https:\/\/customizedwaterbottles.com\/custom-water-bottle-mold-maker-bpa-free-vacuum-flask-oem\/<\/a><br \/>\n<strong style=\"color: #555555;\">Decora\u00e7\u00e3o personalizada<\/strong><span style=\"color: #555555;\"> -<\/span><a href=\"https:\/\/customizedwaterbottles.com\/pt\/graphic-design-water-bottles-custom-stainless-steel-oem\/\" target=\"_blank\" rel=\"noopener\"> https:\/\/customizedwaterbottles.com\/graphic-design-water-bottles-custom-stainless-steel-oem\/<\/a><br \/>\n<strong style=\"color: #555555;\">Log\u00f3tipos e embalagens personalizados<\/strong><span style=\"color: #555555;\"> - <\/span><a href=\"https:\/\/customizedwaterbottles.com\/pt\/wholesale-custom-packaging-for-water-bottles-tumblers\/\" target=\"_blank\" rel=\"noopener\">https:\/\/customizedwaterbottles.com\/wholesale-custom-packaging-for-water-bottles-tumblers\/<\/a><br \/>\n<strong style=\"color: #555555;\">Prenda personalizada<\/strong><span style=\"color: #555555;\"> - <\/span><a href=\"https:\/\/customizedwaterbottles.com\/pt\/promotional-drinkware-for-businesses-custom-branded-gifts\/\" target=\"_blank\" rel=\"noopener\">https:\/\/customizedwaterbottles.com\/promotional-drinkware-for-businesses-custom-branded-gifts\/<\/a><\/li>\n<\/ol>\n[post-link-list]\n<p>&nbsp;<\/p>\n<p><img decoding=\"async\" class=\"wp-image-3798\" src=\"https:\/\/customizedwaterbottles.com\/wp-content\/uploads\/2025\/09\/Stainless-Steel-Lunch-Box-size.webp\" alt=\"Stainless Steel Lunch Box size\" width=\"614\" height=\"614\" srcset=\"https:\/\/customizedwaterbottles.com\/wp-content\/uploads\/2025\/09\/Stainless-Steel-Lunch-Box-size.webp 1500w, https:\/\/customizedwaterbottles.com\/wp-content\/uploads\/2025\/09\/Stainless-Steel-Lunch-Box-size-1024x1024.webp 1024w, https:\/\/customizedwaterbottles.com\/wp-content\/uploads\/2025\/09\/Stainless-Steel-Lunch-Box-size-768x768.webp 768w, https:\/\/customizedwaterbottles.com\/wp-content\/uploads\/2025\/09\/Stainless-Steel-Lunch-Box-size-300x300.webp 300w, https:\/\/customizedwaterbottles.com\/wp-content\/uploads\/2025\/09\/Stainless-Steel-Lunch-Box-size-600x600.webp 600w, https:\/\/customizedwaterbottles.com\/wp-content\/uploads\/2025\/09\/Stainless-Steel-Lunch-Box-size-100x100.webp 100w\" sizes=\"(max-width: 614px) 100vw, 614px\" \/><\/p>\n<p><img decoding=\"async\" class=\"wp-image-3795\" src=\"https:\/\/customizedwaterbottles.com\/wp-content\/uploads\/2025\/09\/Metal-Bento-Box-with-3-Compartments.webp\" alt=\"Metal Bento Box with 3 Compartments\" width=\"377\" height=\"521\" srcset=\"https:\/\/customizedwaterbottles.com\/wp-content\/uploads\/2025\/09\/Metal-Bento-Box-with-3-Compartments.webp 1086w, https:\/\/customizedwaterbottles.com\/wp-content\/uploads\/2025\/09\/Metal-Bento-Box-with-3-Compartments-741x1024.webp 741w, https:\/\/customizedwaterbottles.com\/wp-content\/uploads\/2025\/09\/Metal-Bento-Box-with-3-Compartments-768x1061.webp 768w, https:\/\/customizedwaterbottles.com\/wp-content\/uploads\/2025\/09\/Metal-Bento-Box-with-3-Compartments-600x829.webp 600w\" sizes=\"(max-width: 377px) 100vw, 377px\" \/><\/p>\n<p><img decoding=\"async\" class=\"wp-image-3797\" style=\"color: #555555; font-size: 14.4px;\" src=\"https:\/\/customizedwaterbottles.com\/wp-content\/uploads\/2025\/09\/Stainless-Steel-Lunch-Box-for-Adults-.webp\" alt=\"Stainless Steel Lunch Box for Adults\" width=\"435\" height=\"435\" srcset=\"https:\/\/customizedwaterbottles.com\/wp-content\/uploads\/2025\/09\/Stainless-Steel-Lunch-Box-for-Adults-.webp 800w, https:\/\/customizedwaterbottles.com\/wp-content\/uploads\/2025\/09\/Stainless-Steel-Lunch-Box-for-Adults--768x768.webp 768w, https:\/\/customizedwaterbottles.com\/wp-content\/uploads\/2025\/09\/Stainless-Steel-Lunch-Box-for-Adults--300x300.webp 300w, https:\/\/customizedwaterbottles.com\/wp-content\/uploads\/2025\/09\/Stainless-Steel-Lunch-Box-for-Adults--600x600.webp 600w, https:\/\/customizedwaterbottles.com\/wp-content\/uploads\/2025\/09\/Stainless-Steel-Lunch-Box-for-Adults--100x100.webp 100w\" sizes=\"(max-width: 435px) 100vw, 435px\" \/><\/p>\n<p><img decoding=\"async\" class=\"wp-image-3799\" src=\"https:\/\/customizedwaterbottles.com\/wp-content\/uploads\/2025\/09\/the-metal-lunch-container-is-designed-with-lockable-clips.webp\" alt=\"the metal lunch container is designed with lockable clips\" width=\"447\" height=\"507\" srcset=\"https:\/\/customizedwaterbottles.com\/wp-content\/uploads\/2025\/09\/the-metal-lunch-container-is-designed-with-lockable-clips.webp 1158w, https:\/\/customizedwaterbottles.com\/wp-content\/uploads\/2025\/09\/the-metal-lunch-container-is-designed-with-lockable-clips-902x1024.webp 902w, https:\/\/customizedwaterbottles.com\/wp-content\/uploads\/2025\/09\/the-metal-lunch-container-is-designed-with-lockable-clips-768x871.webp 768w, https:\/\/customizedwaterbottles.com\/wp-content\/uploads\/2025\/09\/the-metal-lunch-container-is-designed-with-lockable-clips-600x681.webp 600w\" sizes=\"(max-width: 447px) 100vw, 447px\" \/><\/p>\n<p><img decoding=\"async\" class=\"wp-image-3791\" src=\"https:\/\/customizedwaterbottles.com\/wp-content\/uploads\/2025\/09\/1200ml-Metal-Bento-Box-Partitionable-Stainless-Steel-Food-Storage-Container-with-Lockable-Clip.webp\" alt=\"1200ml Metal Bento Box, Partitionable Stainless Steel Food Storage Container with Lockable Clip\" width=\"477\" height=\"477\" srcset=\"https:\/\/customizedwaterbottles.com\/wp-content\/uploads\/2025\/09\/1200ml-Metal-Bento-Box-Partitionable-Stainless-Steel-Food-Storage-Container-with-Lockable-Clip.webp 1000w, https:\/\/customizedwaterbottles.com\/wp-content\/uploads\/2025\/09\/1200ml-Metal-Bento-Box-Partitionable-Stainless-Steel-Food-Storage-Container-with-Lockable-Clip-768x768.webp 768w, https:\/\/customizedwaterbottles.com\/wp-content\/uploads\/2025\/09\/1200ml-Metal-Bento-Box-Partitionable-Stainless-Steel-Food-Storage-Container-with-Lockable-Clip-300x300.webp 300w, https:\/\/customizedwaterbottles.com\/wp-content\/uploads\/2025\/09\/1200ml-Metal-Bento-Box-Partitionable-Stainless-Steel-Food-Storage-Container-with-Lockable-Clip-600x600.webp 600w, https:\/\/customizedwaterbottles.com\/wp-content\/uploads\/2025\/09\/1200ml-Metal-Bento-Box-Partitionable-Stainless-Steel-Food-Storage-Container-with-Lockable-Clip-100x100.webp 100w\" sizes=\"(max-width: 477px) 100vw, 477px\" \/><\/p>\n<p>&nbsp;<\/p>","protected":false},"excerpt":{"rendered":"<h3><strong>\u00a0 \u00a0 \u00a0 \u00a0Carater\u00edsticas do produto:<\/strong><\/h3>\n<ul>\n<li><strong>CONVENIENCE:<\/strong><br \/>\nUpgrade your on-the-go meals with our durable stainless steel lunch box, designed for a seamless experience. Crafted for easy cleaning and dishwasher safety, it&#8217;s the ideal companion for work, school, picnics, or any adventure, combining practicality with environmental consciousness.<\/li>\n<li><strong>SPACE-SAVING DESIGN:<\/strong><br \/>\nMaximize your meal organization with this versatile bento-style lunch box. It features three practical compartments perfect for portion control and keeping different foods separate, helping you pack a well-balanced and delicious meal wherever your day takes you.<\/li>\n<li><strong>LEAK-PROOF PROTECTION:<\/strong><br \/>\nEnjoy peace of mind with our secure, leak-proof lunch box. Its reliable seal effectively contains liquids and prevents spills, keeping your meals fresh and intact during transport. Please note: This container is not designed for storing hot food.<\/li>\n<li><strong>ECO-FRIENDLY &amp; DURABLE:<\/strong><br \/>\nEmbrace sustainability with our high-quality, food-grade stainless steel lunch box. As a reusable and long-lasting solution, it offers a stylish and eco-conscious alternative to single-use plastics, supporting a greener lifestyle with every use.<\/li>\n<li><strong>VERSATILITY &amp; STYLE:<\/strong><br \/>\nMeet the needs of the entire family with this functionally stylish lunch box. Its versatile design is perfect for packing a wide variety of meals for children and adults alike, making it a must-have for ensuring healthy, tasty, and convenient dining anytime.<\/p>\n<h3><strong><br \/>\nServi\u00e7os personalizados:<\/strong><\/h3>\n<\/li>\n<li><strong>Log\u00f3tipo e design:<\/strong> Ifun Metal Bento Lunch Boxcustom your brand logo. We can make your logo &amp; design with screen printing, laser engraved, heat transfer, 3D printing, UV printing etc.<\/li>\n<li><strong>Cor:<\/strong> As cores podem ser personalizadas de acordo com o n\u00famero de cor pantone, podemos faz\u00ea-lo com acabamento mate, pintura brilhante, revestimento em p\u00f3, etc.<\/li>\n<li><strong>Capacidade:<\/strong> We have 550ml\uff0c850ml,1200ml,1400ml, 2400ml and other capacity we can also custom for you.<\/li>\n<li><strong>Tampas: <\/strong>100% Tampa estanque BPA FREE, a cor pode ser personalizada.<\/li>\n<li><strong>Embalagem: <\/strong>Caixa de cor, caixa branca, caixa de oferta, caixa de cart\u00e3o castanho, caixa cil\u00edndrica, etc.<\/li>\n<\/ul>","protected":false},"featured_media":3791,"comment_status":"open","ping_status":"closed","template":"","meta":[],"product_brand":[],"product_cat":[27],"product_tag":[],"class_list":{"0":"post-3789","1":"product","2":"type-product","3":"status-publish","4":"has-post-thumbnail","6":"product_cat-food-jar","8":"first","9":"instock","10":"shipping-taxable","11":"product-type-simple"},"yoast_head":"<!-- This site is optimized with the Yoast SEO plugin v25.4 - https:\/\/yoast.com\/wordpress\/plugins\/seo\/ -->\n<title>Stainless Steel Food Containers Metal Bento Lunch Box With Lockable Clips<\/title>\n<meta name=\"description\" content=\"Seeking a reliable OEM partner for stainless steel bento boxes? Anhui iFun provides high-quality, food-grade manufacturing with consistent results for your business.\" \/>\n<meta name=\"robots\" content=\"index, follow, max-snippet:-1, max-image-preview:large, max-video-preview:-1\" \/>\n<link rel=\"canonical\" href=\"https:\/\/customizedwaterbottles.com\/pt\/product\/stainless-steel-food-containers-metal-bento-lunch-box-with-lockable-clips-to-leak-proof\/\" \/>\n<meta property=\"og:locale\" content=\"pt_PT\" \/>\n<meta property=\"og:type\" content=\"article\" \/>\n<meta property=\"og:title\" content=\"Stainless Steel Food Containers Metal Bento Lunch Box With Lockable Clips\" \/>\n<meta property=\"og:description\" content=\"Seeking a reliable OEM partner for stainless steel bento boxes? Anhui iFun provides high-quality, food-grade manufacturing with consistent results for your business.\" \/>\n<meta property=\"og:url\" content=\"https:\/\/customizedwaterbottles.com\/pt\/product\/stainless-steel-food-containers-metal-bento-lunch-box-with-lockable-clips-to-leak-proof\/\" \/>\n<meta property=\"og:site_name\" content=\"iFun\" \/>\n<meta property=\"article:modified_time\" content=\"2025-09-24T06:43:01+00:00\" \/>\n<meta property=\"og:image\" content=\"https:\/\/customizedwaterbottles.com\/wp-content\/uploads\/2025\/09\/1200ml-Metal-Bento-Box-Partitionable-Stainless-Steel-Food-Storage-Container-with-Lockable-Clip.webp\" \/>\n\t<meta property=\"og:image:width\" content=\"1000\" \/>\n\t<meta property=\"og:image:height\" content=\"1000\" \/>\n\t<meta property=\"og:image:type\" content=\"image\/webp\" \/>\n<meta name=\"twitter:card\" content=\"summary_large_image\" \/>\n<meta name=\"twitter:label1\" content=\"Tempo estimado de leitura\" \/>\n\t<meta name=\"twitter:data1\" content=\"3 minutos\" \/>\n<script type=\"application\/ld+json\" class=\"yoast-schema-graph\">{\"@context\":\"https:\/\/schema.org\",\"@graph\":[{\"@type\":\"WebPage\",\"@id\":\"https:\/\/customizedwaterbottles.com\/product\/stainless-steel-food-containers-metal-bento-lunch-box-with-lockable-clips-to-leak-proof\/\",\"url\":\"https:\/\/customizedwaterbottles.com\/product\/stainless-steel-food-containers-metal-bento-lunch-box-with-lockable-clips-to-leak-proof\/\",\"name\":\"Stainless Steel Food Containers Metal Bento Lunch Box With Lockable Clips\",\"isPartOf\":{\"@id\":\"https:\/\/customizedwaterbottles.com\/#website\"},\"primaryImageOfPage\":{\"@id\":\"https:\/\/customizedwaterbottles.com\/product\/stainless-steel-food-containers-metal-bento-lunch-box-with-lockable-clips-to-leak-proof\/#primaryimage\"},\"image\":{\"@id\":\"https:\/\/customizedwaterbottles.com\/product\/stainless-steel-food-containers-metal-bento-lunch-box-with-lockable-clips-to-leak-proof\/#primaryimage\"},\"thumbnailUrl\":\"https:\/\/customizedwaterbottles.com\/wp-content\/uploads\/2025\/09\/1200ml-Metal-Bento-Box-Partitionable-Stainless-Steel-Food-Storage-Container-with-Lockable-Clip.webp\",\"datePublished\":\"2025-09-24T04:21:52+00:00\",\"dateModified\":\"2025-09-24T06:43:01+00:00\",\"description\":\"Seeking a reliable OEM partner for stainless steel bento boxes? Anhui iFun provides high-quality, food-grade manufacturing with consistent results for your business.\",\"breadcrumb\":{\"@id\":\"https:\/\/customizedwaterbottles.com\/product\/stainless-steel-food-containers-metal-bento-lunch-box-with-lockable-clips-to-leak-proof\/#breadcrumb\"},\"inLanguage\":\"pt-PT\",\"potentialAction\":[{\"@type\":\"ReadAction\",\"target\":[\"https:\/\/customizedwaterbottles.com\/product\/stainless-steel-food-containers-metal-bento-lunch-box-with-lockable-clips-to-leak-proof\/\"]}]},{\"@type\":\"ImageObject\",\"inLanguage\":\"pt-PT\",\"@id\":\"https:\/\/customizedwaterbottles.com\/product\/stainless-steel-food-containers-metal-bento-lunch-box-with-lockable-clips-to-leak-proof\/#primaryimage\",\"url\":\"https:\/\/customizedwaterbottles.com\/wp-content\/uploads\/2025\/09\/1200ml-Metal-Bento-Box-Partitionable-Stainless-Steel-Food-Storage-Container-with-Lockable-Clip.webp\",\"contentUrl\":\"https:\/\/customizedwaterbottles.com\/wp-content\/uploads\/2025\/09\/1200ml-Metal-Bento-Box-Partitionable-Stainless-Steel-Food-Storage-Container-with-Lockable-Clip.webp\",\"width\":1000,\"height\":1000,\"caption\":\"1200ml Metal Bento Box, Partitionable Stainless Steel Food Storage Container with Lockable Clip\"},{\"@type\":\"BreadcrumbList\",\"@id\":\"https:\/\/customizedwaterbottles.com\/product\/stainless-steel-food-containers-metal-bento-lunch-box-with-lockable-clips-to-leak-proof\/#breadcrumb\",\"itemListElement\":[{\"@type\":\"ListItem\",\"position\":1,\"name\":\"Home\",\"item\":\"https:\/\/customizedwaterbottles.com\/\"},{\"@type\":\"ListItem\",\"position\":2,\"name\":\"Products\",\"item\":\"https:\/\/customizedwaterbottles.com\/wholesale-drinkware-manufacturer-water-bottles-tumblers\/\"},{\"@type\":\"ListItem\",\"position\":3,\"name\":\"Stainless Steel Food Containers Metal Bento Lunch Box With Lockable Clips to Leak Proof 10816001F\"}]},{\"@type\":\"WebSite\",\"@id\":\"https:\/\/customizedwaterbottles.com\/#website\",\"url\":\"https:\/\/customizedwaterbottles.com\/\",\"name\":\"iFun\",\"description\":\"Water Bottles Stainless Steel Vacuum Flask\",\"potentialAction\":[{\"@type\":\"SearchAction\",\"target\":{\"@type\":\"EntryPoint\",\"urlTemplate\":\"https:\/\/customizedwaterbottles.com\/?s={search_term_string}\"},\"query-input\":{\"@type\":\"PropertyValueSpecification\",\"valueRequired\":true,\"valueName\":\"search_term_string\"}}],\"inLanguage\":\"pt-PT\"}]}<\/script>\n<!-- \/ Yoast SEO plugin. -->","yoast_head_json":{"title":"Stainless Steel Food Containers Metal Bento Lunch Box With Lockable Clips","description":"Seeking a reliable OEM partner for stainless steel bento boxes? Anhui iFun provides high-quality, food-grade manufacturing with consistent results for your business.","robots":{"index":"index","follow":"follow","max-snippet":"max-snippet:-1","max-image-preview":"max-image-preview:large","max-video-preview":"max-video-preview:-1"},"canonical":"https:\/\/customizedwaterbottles.com\/pt\/product\/stainless-steel-food-containers-metal-bento-lunch-box-with-lockable-clips-to-leak-proof\/","og_locale":"pt_PT","og_type":"article","og_title":"Stainless Steel Food Containers Metal Bento Lunch Box With Lockable Clips","og_description":"Seeking a reliable OEM partner for stainless steel bento boxes? Anhui iFun provides high-quality, food-grade manufacturing with consistent results for your business.","og_url":"https:\/\/customizedwaterbottles.com\/pt\/product\/stainless-steel-food-containers-metal-bento-lunch-box-with-lockable-clips-to-leak-proof\/","og_site_name":"iFun","article_modified_time":"2025-09-24T06:43:01+00:00","og_image":[{"width":1000,"height":1000,"url":"https:\/\/customizedwaterbottles.com\/wp-content\/uploads\/2025\/09\/1200ml-Metal-Bento-Box-Partitionable-Stainless-Steel-Food-Storage-Container-with-Lockable-Clip.webp","type":"image\/webp"}],"twitter_card":"summary_large_image","twitter_misc":{"Tempo estimado de leitura":"3 minutos"},"schema":{"@context":"https:\/\/schema.org","@graph":[{"@type":"WebPage","@id":"https:\/\/customizedwaterbottles.com\/product\/stainless-steel-food-containers-metal-bento-lunch-box-with-lockable-clips-to-leak-proof\/","url":"https:\/\/customizedwaterbottles.com\/product\/stainless-steel-food-containers-metal-bento-lunch-box-with-lockable-clips-to-leak-proof\/","name":"Stainless Steel Food Containers Metal Bento Lunch Box With Lockable Clips","isPartOf":{"@id":"https:\/\/customizedwaterbottles.com\/#website"},"primaryImageOfPage":{"@id":"https:\/\/customizedwaterbottles.com\/product\/stainless-steel-food-containers-metal-bento-lunch-box-with-lockable-clips-to-leak-proof\/#primaryimage"},"image":{"@id":"https:\/\/customizedwaterbottles.com\/product\/stainless-steel-food-containers-metal-bento-lunch-box-with-lockable-clips-to-leak-proof\/#primaryimage"},"thumbnailUrl":"https:\/\/customizedwaterbottles.com\/wp-content\/uploads\/2025\/09\/1200ml-Metal-Bento-Box-Partitionable-Stainless-Steel-Food-Storage-Container-with-Lockable-Clip.webp","datePublished":"2025-09-24T04:21:52+00:00","dateModified":"2025-09-24T06:43:01+00:00","description":"Seeking a reliable OEM partner for stainless steel bento boxes? Anhui iFun provides high-quality, food-grade manufacturing with consistent results for your business.","breadcrumb":{"@id":"https:\/\/customizedwaterbottles.com\/product\/stainless-steel-food-containers-metal-bento-lunch-box-with-lockable-clips-to-leak-proof\/#breadcrumb"},"inLanguage":"pt-PT","potentialAction":[{"@type":"ReadAction","target":["https:\/\/customizedwaterbottles.com\/product\/stainless-steel-food-containers-metal-bento-lunch-box-with-lockable-clips-to-leak-proof\/"]}]},{"@type":"ImageObject","inLanguage":"pt-PT","@id":"https:\/\/customizedwaterbottles.com\/product\/stainless-steel-food-containers-metal-bento-lunch-box-with-lockable-clips-to-leak-proof\/#primaryimage","url":"https:\/\/customizedwaterbottles.com\/wp-content\/uploads\/2025\/09\/1200ml-Metal-Bento-Box-Partitionable-Stainless-Steel-Food-Storage-Container-with-Lockable-Clip.webp","contentUrl":"https:\/\/customizedwaterbottles.com\/wp-content\/uploads\/2025\/09\/1200ml-Metal-Bento-Box-Partitionable-Stainless-Steel-Food-Storage-Container-with-Lockable-Clip.webp","width":1000,"height":1000,"caption":"1200ml Metal Bento Box, Partitionable Stainless Steel Food Storage Container with Lockable Clip"},{"@type":"BreadcrumbList","@id":"https:\/\/customizedwaterbottles.com\/product\/stainless-steel-food-containers-metal-bento-lunch-box-with-lockable-clips-to-leak-proof\/#breadcrumb","itemListElement":[{"@type":"ListItem","position":1,"name":"Home","item":"https:\/\/customizedwaterbottles.com\/"},{"@type":"ListItem","position":2,"name":"Products","item":"https:\/\/customizedwaterbottles.com\/wholesale-drinkware-manufacturer-water-bottles-tumblers\/"},{"@type":"ListItem","position":3,"name":"Stainless Steel Food Containers Metal Bento Lunch Box With Lockable Clips to Leak Proof 10816001F"}]},{"@type":"WebSite","@id":"https:\/\/customizedwaterbottles.com\/#website","url":"https:\/\/customizedwaterbottles.com\/","name":"iFun","description":"Water Bottles Stainless Steel Vacuum Flask","potentialAction":[{"@type":"SearchAction","target":{"@type":"EntryPoint","urlTemplate":"https:\/\/customizedwaterbottles.com\/?s={search_term_string}"},"query-input":{"@type":"PropertyValueSpecification","valueRequired":true,"valueName":"search_term_string"}}],"inLanguage":"pt-PT"}]}},"_links":{"self":[{"href":"https:\/\/customizedwaterbottles.com\/pt\/wp-json\/wp\/v2\/product\/3789","targetHints":{"allow":["GET"]}}],"collection":[{"href":"https:\/\/customizedwaterbottles.com\/pt\/wp-json\/wp\/v2\/product"}],"about":[{"href":"https:\/\/customizedwaterbottles.com\/pt\/wp-json\/wp\/v2\/types\/product"}],"replies":[{"embeddable":true,"href":"https:\/\/customizedwaterbottles.com\/pt\/wp-json\/wp\/v2\/comments?post=3789"}],"wp:featuredmedia":[{"embeddable":true,"href":"https:\/\/customizedwaterbottles.com\/pt\/wp-json\/wp\/v2\/media\/3791"}],"wp:attachment":[{"href":"https:\/\/customizedwaterbottles.com\/pt\/wp-json\/wp\/v2\/media?parent=3789"}],"wp:term":[{"taxonomy":"product_brand","embeddable":true,"href":"https:\/\/customizedwaterbottles.com\/pt\/wp-json\/wp\/v2\/product_brand?post=3789"},{"taxonomy":"product_cat","embeddable":true,"href":"https:\/\/customizedwaterbottles.com\/pt\/wp-json\/wp\/v2\/product_cat?post=3789"},{"taxonomy":"product_tag","embeddable":true,"href":"https:\/\/customizedwaterbottles.com\/pt\/wp-json\/wp\/v2\/product_tag?post=3789"}],"curies":[{"name":"wp","href":"https:\/\/api.w.org\/{rel}","templated":true}]}}