{"id":4039,"date":"2025-11-06T07:48:36","date_gmt":"2025-11-06T07:48:36","guid":{"rendered":"https:\/\/customizedwaterbottles.com\/?post_type=product&#038;p=4039"},"modified":"2025-11-07T05:45:17","modified_gmt":"2025-11-07T05:45:17","slug":"brumate-era-40-oz-tumbler-with-handle-and-straw","status":"publish","type":"product","link":"https:\/\/customizedwaterbottles.com\/pt\/product\/brumate-era-40-oz-tumbler-with-handle-and-straw\/","title":{"rendered":"Br\u00fcMate Era Copo de 40 oz com pega e palhinha 1081639T"},"content":{"rendered":"<p><strong>\u00a0 \u00a0 \u00a0 <span style=\"color: #000000;\">Nome do produto\uff1aCaneca Br\u00fcMate Era 40 oz com pega e palhinha<\/span><\/strong><span style=\"color: #000000;\"><strong><br \/>\n<\/strong><strong>\u00a0 \u00a0 \u00a0 Capacidade\uff1a40oz<\/strong><strong><br \/>\n<\/strong><strong>\u00a0 \u00a0 \u00a0 Material\uff1a<\/strong>A\u00e7o inoxid\u00e1vel<\/span><br \/>\n<span style=\"color: #000000;\"><strong>\u00a0 \u00a0 \u00a0 Cor\uff1a<\/strong>Pintura brilhante, pintura mate, revestimento em p\u00f3, etc.<\/span><br \/>\n<span style=\"color: #000000;\"><strong>\u00a0 \u00a0 \u00a0 Log\u00f3tipo\uff1a<\/strong>Impress\u00e3o serigr\u00e1fica, impress\u00e3o por transfer\u00eancia t\u00e9rmica, grava\u00e7\u00e3o a laser, transfer\u00eancia de \u00e1gua, etc.<\/span><br \/>\n<span style=\"color: #000000;\"><strong>\u00a0 \u00a0 \u00a0 MOQ\uff1a<\/strong>300 unidades<\/span><br \/>\n<span style=\"color: #000000;\"><strong>\u00a0 \u00a0 \u00a0 Tempo de amostragem\uff1a<\/strong>3-7 dias para design personalizado<\/span><br \/>\n<span style=\"color: #000000;\"><strong>\u00a0 \u00a0 \u00a0 Certifica\u00e7\u00e3o\uff1a<\/strong>FDA, LFGB<\/span><br \/>\n<span style=\"color: #000000;\"><strong>\u00a0 \u00a0 \u00a0 Embalagem<\/strong>\uff1aCaixa branca, caixa de cor ou caixa de design personalizado<\/span><br \/>\n<span style=\"color: #000000;\"><strong>\u00a0 \u00a0 \u00a0 Capacidade de produ\u00e7\u00e3o\uff1a<\/strong>500.000 unidades por m\u00eas<\/span><br \/>\n<span style=\"color: #000000;\"><strong>\u00a0 \u00a0 \u00a0 Prazo de entrega\uff1a<\/strong>5-35dias para quantidades inferiores a 20.000pcs<\/span><\/p>\n<h2><strong>Por que escolher o copo de garrafa de \u00e1gua isolada \u00e0 prova de vazamentos 100% com tampa e canudo SoftSip flex\u00edvel\uff1f<\/strong><\/h2>\n<ol>\n<li><span style=\"color: #000000;\"><strong>Certificado de Qualidade e Seguran\u00e7a<\/strong><\/span><br \/>\n<span style=\"color: #000000;\">Os nossos copos e copos OEM cumprem as normas internacionais (CE, FDA, CA65\/Prop65, LFGB), garantindo produtos sem BPA, duradouros e seguros para os seus clientes.<\/span><\/li>\n<li><span style=\"color: #000000;\"><strong>Destaque-se com designs personalizados<br \/>\n<\/strong>A sua marca merece um objeto de bebida \u00fanico que capte a aten\u00e7\u00e3o. Com os designs elegantes e personaliz\u00e1veis da Anhui iFun, o seu copo OEM reflectir\u00e1 a identidade da sua marca e ajud\u00e1-lo-\u00e1 a destacar-se num mercado competitivo.<\/span><\/li>\n<li><span style=\"color: #000000;\"><strong>Controlo de qualidade rigoroso<br \/>\n<\/strong>A qualidade est\u00e1 no centro do nosso processo de fabrico. A nossa equipa dedicada de inspectores garante que cada copo estanque cumpre normas rigorosas antes de chegar aos seus clientes em todo o mundo.<\/span><\/li>\n<li><span style=\"color: #000000;\"><strong>Proteger a sua marca e as suas ideias<br \/>\n<\/strong>Respeitamos a propriedade intelectual e a confidencialidade. Se necess\u00e1rio, teremos todo o gosto em assinar acordos NDA ou NNN para salvaguardar os seus projectos OEM\/ODM.<\/span><\/li>\n<li><span style=\"color: #000000;\"><strong>Produ\u00e7\u00e3o eficiente e automatizada<br \/>\n<\/strong>Especializados no fabrico de copos, utilizamos linhas de produ\u00e7\u00e3o avan\u00e7adas e tecnologias da Ind\u00fastria 4.0 para fornecer produtos rent\u00e1veis e de alta qualidade a pre\u00e7os competitivos.<\/span><\/li>\n<li><span style=\"color: #000000;\"><strong>Especializa\u00e7\u00e3o em OEM\/ODM<br \/>\n<\/strong>Os nossos engenheiros experientes, com mais de 20 anos de experi\u00eancia no fabrico de artigos para bebidas, podem transformar as suas ideias em copos OEM prontos para o mercado, ajudando-o a criar best sellers.<\/span><\/li>\n<li><span style=\"color: #000000;\"><strong>Servi\u00e7os de personaliza\u00e7\u00e3o completa<br \/>\n<\/strong>Desde a moldagem at\u00e9 \u00e0 embalagem, oferecemos uma personaliza\u00e7\u00e3o de ponta a ponta para corresponder \u00e0s necessidades da sua marca:<\/span><br \/>\n<strong style=\"color: #555555;\">Moldagem personalizada<\/strong><span style=\"color: #555555;\"> - <\/span><a href=\"https:\/\/customizedwaterbottles.com\/pt\/custom-water-bottle-mold-maker-bpa-free-vacuum-flask-oem\/\" target=\"_blank\" rel=\"noopener\">https:\/\/customizedwaterbottles.com\/custom-water-bottle-mold-maker-bpa-free-vacuum-flask-oem\/<\/a><br \/>\n<strong style=\"color: #555555;\">Decora\u00e7\u00e3o personalizada<\/strong><span style=\"color: #555555;\"> -<\/span><a href=\"https:\/\/customizedwaterbottles.com\/pt\/graphic-design-water-bottles-custom-stainless-steel-oem\/\" target=\"_blank\" rel=\"noopener\"> https:\/\/customizedwaterbottles.com\/graphic-design-water-bottles-custom-stainless-steel-oem\/<\/a><br \/>\n<strong style=\"color: #555555;\">Log\u00f3tipos e embalagens personalizados<\/strong><span style=\"color: #555555;\"> - <\/span><a href=\"https:\/\/customizedwaterbottles.com\/pt\/wholesale-custom-packaging-for-water-bottles-tumblers\/\" target=\"_blank\" rel=\"noopener\">https:\/\/customizedwaterbottles.com\/wholesale-custom-packaging-for-water-bottles-tumblers\/<\/a><br \/>\n<strong style=\"color: #555555;\">Prenda personalizada<\/strong><span style=\"color: #555555;\"> - <\/span><a href=\"https:\/\/customizedwaterbottles.com\/pt\/promotional-drinkware-for-businesses-custom-branded-gifts\/\" target=\"_blank\" rel=\"noopener\">https:\/\/customizedwaterbottles.com\/promotional-drinkware-for-businesses-custom-branded-gifts\/<\/a><\/li>\n<\/ol>\n[post-link-list]\n<p><img decoding=\"async\" class=\"alignnone size-full wp-image-4040\" src=\"https:\/\/customizedwaterbottles.com\/wp-content\/uploads\/2025\/11\/BruMate-Era-40-oz-Tumbler-6.webp\" alt=\"Tampa amov\u00edvel Magetic para Brumate\" width=\"1280\" height=\"1280\" srcset=\"https:\/\/customizedwaterbottles.com\/wp-content\/uploads\/2025\/11\/BruMate-Era-40-oz-Tumbler-6.webp 1280w, https:\/\/customizedwaterbottles.com\/wp-content\/uploads\/2025\/11\/BruMate-Era-40-oz-Tumbler-6-1024x1024.webp 1024w, https:\/\/customizedwaterbottles.com\/wp-content\/uploads\/2025\/11\/BruMate-Era-40-oz-Tumbler-6-768x768.webp 768w, https:\/\/customizedwaterbottles.com\/wp-content\/uploads\/2025\/11\/BruMate-Era-40-oz-Tumbler-6-300x300.webp 300w, https:\/\/customizedwaterbottles.com\/wp-content\/uploads\/2025\/11\/BruMate-Era-40-oz-Tumbler-6-600x600.webp 600w, https:\/\/customizedwaterbottles.com\/wp-content\/uploads\/2025\/11\/BruMate-Era-40-oz-Tumbler-6-100x100.webp 100w\" sizes=\"(max-width: 1280px) 100vw, 1280px\" \/> <img decoding=\"async\" class=\"alignnone size-full wp-image-4041\" src=\"https:\/\/customizedwaterbottles.com\/wp-content\/uploads\/2025\/11\/BruMate-Era-40-oz-Tumbler-7.webp\" alt=\"Copo Brumate personalizado\" width=\"1280\" height=\"1280\" srcset=\"https:\/\/customizedwaterbottles.com\/wp-content\/uploads\/2025\/11\/BruMate-Era-40-oz-Tumbler-7.webp 1280w, https:\/\/customizedwaterbottles.com\/wp-content\/uploads\/2025\/11\/BruMate-Era-40-oz-Tumbler-7-1024x1024.webp 1024w, https:\/\/customizedwaterbottles.com\/wp-content\/uploads\/2025\/11\/BruMate-Era-40-oz-Tumbler-7-768x768.webp 768w, https:\/\/customizedwaterbottles.com\/wp-content\/uploads\/2025\/11\/BruMate-Era-40-oz-Tumbler-7-300x300.webp 300w, https:\/\/customizedwaterbottles.com\/wp-content\/uploads\/2025\/11\/BruMate-Era-40-oz-Tumbler-7-600x600.webp 600w, https:\/\/customizedwaterbottles.com\/wp-content\/uploads\/2025\/11\/BruMate-Era-40-oz-Tumbler-7-100x100.webp 100w\" sizes=\"(max-width: 1280px) 100vw, 1280px\" \/> <img decoding=\"async\" class=\"alignnone size-full wp-image-4042\" src=\"https:\/\/customizedwaterbottles.com\/wp-content\/uploads\/2025\/11\/BruMate-Era-40-oz-Tumbler-2.webp\" alt=\"Copos Brumate\" width=\"800\" height=\"800\" srcset=\"https:\/\/customizedwaterbottles.com\/wp-content\/uploads\/2025\/11\/BruMate-Era-40-oz-Tumbler-2.webp 800w, https:\/\/customizedwaterbottles.com\/wp-content\/uploads\/2025\/11\/BruMate-Era-40-oz-Tumbler-2-768x768.webp 768w, https:\/\/customizedwaterbottles.com\/wp-content\/uploads\/2025\/11\/BruMate-Era-40-oz-Tumbler-2-300x300.webp 300w, https:\/\/customizedwaterbottles.com\/wp-content\/uploads\/2025\/11\/BruMate-Era-40-oz-Tumbler-2-600x600.webp 600w, https:\/\/customizedwaterbottles.com\/wp-content\/uploads\/2025\/11\/BruMate-Era-40-oz-Tumbler-2-100x100.webp 100w\" sizes=\"(max-width: 800px) 100vw, 800px\" \/> <img decoding=\"async\" class=\"alignnone size-full wp-image-4043\" src=\"https:\/\/customizedwaterbottles.com\/wp-content\/uploads\/2025\/11\/BruMate-Era-40-oz-Tumbler-3-scaled.webp\" alt=\"Detalhes do copo Brumate com tampa amov\u00edvel Magetic \" width=\"2560\" height=\"2560\" srcset=\"https:\/\/customizedwaterbottles.com\/wp-content\/uploads\/2025\/11\/BruMate-Era-40-oz-Tumbler-3-scaled.webp 2560w, https:\/\/customizedwaterbottles.com\/wp-content\/uploads\/2025\/11\/BruMate-Era-40-oz-Tumbler-3-1024x1024.webp 1024w, https:\/\/customizedwaterbottles.com\/wp-content\/uploads\/2025\/11\/BruMate-Era-40-oz-Tumbler-3-768x768.webp 768w, https:\/\/customizedwaterbottles.com\/wp-content\/uploads\/2025\/11\/BruMate-Era-40-oz-Tumbler-3-1536x1536.webp 1536w, https:\/\/customizedwaterbottles.com\/wp-content\/uploads\/2025\/11\/BruMate-Era-40-oz-Tumbler-3-2048x2048.webp 2048w, https:\/\/customizedwaterbottles.com\/wp-content\/uploads\/2025\/11\/BruMate-Era-40-oz-Tumbler-3-300x300.webp 300w, https:\/\/customizedwaterbottles.com\/wp-content\/uploads\/2025\/11\/BruMate-Era-40-oz-Tumbler-3-600x600.webp 600w, https:\/\/customizedwaterbottles.com\/wp-content\/uploads\/2025\/11\/BruMate-Era-40-oz-Tumbler-3-100x100.webp 100w\" sizes=\"(max-width: 2560px) 100vw, 2560px\" \/> <img decoding=\"async\" class=\"alignnone size-full wp-image-4044\" src=\"https:\/\/customizedwaterbottles.com\/wp-content\/uploads\/2025\/11\/BruMate-Era-40-oz-Tumbler-4.webp\" alt=\"Copo Brumate com tampa amov\u00edvel Magetic \" width=\"1920\" height=\"1920\" srcset=\"https:\/\/customizedwaterbottles.com\/wp-content\/uploads\/2025\/11\/BruMate-Era-40-oz-Tumbler-4.webp 1920w, https:\/\/customizedwaterbottles.com\/wp-content\/uploads\/2025\/11\/BruMate-Era-40-oz-Tumbler-4-1024x1024.webp 1024w, https:\/\/customizedwaterbottles.com\/wp-content\/uploads\/2025\/11\/BruMate-Era-40-oz-Tumbler-4-768x768.webp 768w, https:\/\/customizedwaterbottles.com\/wp-content\/uploads\/2025\/11\/BruMate-Era-40-oz-Tumbler-4-1536x1536.webp 1536w, https:\/\/customizedwaterbottles.com\/wp-content\/uploads\/2025\/11\/BruMate-Era-40-oz-Tumbler-4-300x300.webp 300w, https:\/\/customizedwaterbottles.com\/wp-content\/uploads\/2025\/11\/BruMate-Era-40-oz-Tumbler-4-600x600.webp 600w, https:\/\/customizedwaterbottles.com\/wp-content\/uploads\/2025\/11\/BruMate-Era-40-oz-Tumbler-4-100x100.webp 100w\" sizes=\"(max-width: 1920px) 100vw, 1920px\" \/><\/p>\n<p>&nbsp;<\/p>","protected":false},"excerpt":{"rendered":"<h3><span style=\"color: #000000;\"><strong>\u00a0 \u00a0Carater\u00edsticas do produto:<\/strong><\/span><\/h3>\n<ul>\n<li>\n<p class=\"ds-markdown-paragraph\"><strong>1. 100% Garantia contra fugas com tecnologia \u00dc-Turn<\/strong><br \/>\nA s\u00e9rie Era \u00e9 a\u00a0<strong>apenas 100% Copo com palhinha \u00e0 prova de fugas<\/strong>\u00a0Concebida para conter de forma segura bebidas frias e gaseificadas. O seu\u00a0<strong>tecnologia \u00dc-Turn com patente pendente<\/strong>\u00a0garante uma experi\u00eancia \u00e0 prova de derrames, para que possa coloc\u00e1-lo com confian\u00e7a na sua mala e lev\u00e1-lo consigo em viagem - sem se preocupar com fugas.<\/p>\n<p class=\"ds-markdown-paragraph\"><strong>2. Palhinha de metal ColdKey para um gole sustent\u00e1vel e luxuoso<\/strong><br \/>\nExperimente o\u00a0<strong>Palhinha de a\u00e7o inoxid\u00e1vel ColdKey da s\u00e9rie Era<\/strong>, concebido para\u00a0<strong>minimizar a exposi\u00e7\u00e3o ao pl\u00e1stico<\/strong>\u00a0enquanto proporciona um gole crocante e refrescante. Coberto com um\u00a0<strong>Ponta de silicone SoftSip<\/strong>A sua forma de beber combina sustentabilidade e conforto para uma experi\u00eancia de consumo suave e luxuosa em todas as ocasi\u00f5es.<\/p>\n<p class=\"ds-markdown-paragraph\"><strong>3. Mais de 24 horas de reten\u00e7\u00e3o de frio com o isolamento BevGuard<\/strong><br \/>\nDesfrute de bebidas geladas durante todo o dia e toda a noite com o\u00a0<strong>O isolamento avan\u00e7ado BevGuard do copo Era<\/strong>. Quer se trate de caf\u00e9 gelado, \u00e1gua ou do seu refrescante preferido, este copo mant\u00e9m as bebidas frescas durante\u00a0<strong>24 horas ou mais<\/strong>.<\/p>\n<p class=\"ds-markdown-paragraph\"><strong>4. Design que pode ser lavado na m\u00e1quina de lavar loi\u00e7a e que permite guardar copos<\/strong><br \/>\nO copo Era apresenta uma\u00a0<strong>design elegante e c\u00f3nico<\/strong>\u00a0que se encaixa perfeitamente no\u00a0<strong>suportes para copos de s\u00e9rie<\/strong>. Para facilitar a limpeza, a maioria dos corpos s\u00e3o\u00a0<strong>lav\u00e1vel na m\u00e1quina de lavar lou\u00e7a<\/strong>e todas as tampas e palhinhas s\u00e3o\u00a0<strong>lav\u00e1vel na m\u00e1quina de lavar lou\u00e7a<\/strong>.<\/p>\n<p class=\"ds-markdown-paragraph\"><strong>5. Vers\u00e1til e fi\u00e1vel para utiliza\u00e7\u00e3o quotidiana<\/strong><br \/>\nDo caf\u00e9 gelado da manh\u00e3 \u00e0s bebidas espumantes da tarde, a S\u00e9rie Era foi concebida para funcionar. As suas\u00a0<strong>Garantia de estanquidade 100%<\/strong>A palhinha em a\u00e7o inoxid\u00e1vel dur\u00e1vel e o controlo de temperatura duradouro fazem dele o copo perfeito para um estilo de vida ativo e em movimento.<\/p>\n<\/li>\n<\/ul>\n<p><strong style=\"color: #000000; font-size: 20.16px;\">Servi\u00e7os personalizados:<\/strong><\/p>\n<ul>\n<li><span style=\"color: #000000;\"><strong>Log\u00f3tipo e design:<\/strong> O copo OEM da Ifun pode personalizar o log\u00f3tipo da sua marca. Podemos fazer o seu log\u00f3tipo e design com serigrafia, grava\u00e7\u00e3o a laser, transfer\u00eancia de calor, impress\u00e3o 3D, impress\u00e3o UV, etc.<\/span><\/li>\n<li><span style=\"color: #000000;\"><strong>Cor:<\/strong> As cores podem ser personalizadas de acordo com o n\u00famero de cor pantone, podemos faz\u00ea-lo com acabamento mate, pintura brilhante, revestimento em p\u00f3, etc.<\/span><\/li>\n<li><span style=\"color: #000000;\"><strong>Capacidade:<\/strong> Temos 40oz e outras capacidades que tamb\u00e9m podemos personalizar para si.<\/span><\/li>\n<li><span style=\"color: #000000;\"><strong>Tampas: <\/strong>100% Tampa estanque BPA FREE, a cor pode ser personalizada.<\/span><\/li>\n<li><span style=\"color: #000000;\"><strong>Embalagem: <\/strong>Caixa de cor, caixa branca, caixa de oferta, caixa de cart\u00e3o castanho, caixa cil\u00edndrica, etc.<\/span><\/li>\n<\/ul>","protected":false},"featured_media":4045,"comment_status":"open","ping_status":"closed","template":"","meta":[],"product_brand":[258],"product_cat":[23],"product_tag":[261],"class_list":{"0":"post-4039","1":"product","2":"type-product","3":"status-publish","4":"has-post-thumbnail","6":"product_brand-brumate-tumbler-with-magetic-detachable-lid","7":"product_cat-insulated-tumblers-mugs","8":"product_tag-brumate-era-40-oz-tumbler-with-handle-and-straw","10":"first","11":"instock","12":"shipping-taxable","13":"product-type-simple"},"yoast_head":"<!-- This site is optimized with the Yoast SEO plugin v25.4 - https:\/\/yoast.com\/wordpress\/plugins\/seo\/ -->\n<title>100% Leakproof Straw Br\u00fcMateTumbler<\/title>\n<meta name=\"description\" content=\"Custom Br\u00fcMate Tumbler Supplier: Get the guaranteed leakproof Era Series direct from our factory. Perfect for branding, it fits cup holders dishwasher-safe\" \/>\n<meta name=\"robots\" content=\"index, follow, max-snippet:-1, max-image-preview:large, max-video-preview:-1\" \/>\n<link rel=\"canonical\" href=\"https:\/\/customizedwaterbottles.com\/pt\/product\/brumate-era-40-oz-tumbler-with-handle-and-straw\/\" \/>\n<meta property=\"og:locale\" content=\"pt_PT\" \/>\n<meta property=\"og:type\" content=\"article\" \/>\n<meta property=\"og:title\" content=\"100% Leakproof Straw Br\u00fcMateTumbler\" \/>\n<meta property=\"og:description\" content=\"Custom Br\u00fcMate Tumbler Supplier: Get the guaranteed leakproof Era Series direct from our factory. Perfect for branding, it fits cup holders dishwasher-safe\" \/>\n<meta property=\"og:url\" content=\"https:\/\/customizedwaterbottles.com\/pt\/product\/brumate-era-40-oz-tumbler-with-handle-and-straw\/\" \/>\n<meta property=\"og:site_name\" content=\"iFun\" \/>\n<meta property=\"article:modified_time\" content=\"2025-11-07T05:45:17+00:00\" \/>\n<meta property=\"og:image\" content=\"https:\/\/customizedwaterbottles.com\/wp-content\/uploads\/2025\/11\/BruMate-Era-40-oz-Tumbler-1.webp\" \/>\n\t<meta property=\"og:image:width\" content=\"1500\" \/>\n\t<meta property=\"og:image:height\" content=\"1500\" \/>\n\t<meta property=\"og:image:type\" content=\"image\/webp\" \/>\n<meta name=\"twitter:card\" content=\"summary_large_image\" \/>\n<meta name=\"twitter:label1\" content=\"Tempo estimado de leitura\" \/>\n\t<meta name=\"twitter:data1\" content=\"3 minutos\" \/>\n<script type=\"application\/ld+json\" class=\"yoast-schema-graph\">{\"@context\":\"https:\/\/schema.org\",\"@graph\":[{\"@type\":\"WebPage\",\"@id\":\"https:\/\/customizedwaterbottles.com\/product\/brumate-era-40-oz-tumbler-with-handle-and-straw\/\",\"url\":\"https:\/\/customizedwaterbottles.com\/product\/brumate-era-40-oz-tumbler-with-handle-and-straw\/\",\"name\":\"100% Leakproof Straw Br\u00fcMateTumbler\",\"isPartOf\":{\"@id\":\"https:\/\/customizedwaterbottles.com\/#website\"},\"primaryImageOfPage\":{\"@id\":\"https:\/\/customizedwaterbottles.com\/product\/brumate-era-40-oz-tumbler-with-handle-and-straw\/#primaryimage\"},\"image\":{\"@id\":\"https:\/\/customizedwaterbottles.com\/product\/brumate-era-40-oz-tumbler-with-handle-and-straw\/#primaryimage\"},\"thumbnailUrl\":\"https:\/\/customizedwaterbottles.com\/wp-content\/uploads\/2025\/11\/BruMate-Era-40-oz-Tumbler-1.webp\",\"datePublished\":\"2025-11-06T07:48:36+00:00\",\"dateModified\":\"2025-11-07T05:45:17+00:00\",\"description\":\"Custom Br\u00fcMate Tumbler Supplier: Get the guaranteed leakproof Era Series direct from our factory. Perfect for branding, it fits cup holders dishwasher-safe\",\"breadcrumb\":{\"@id\":\"https:\/\/customizedwaterbottles.com\/product\/brumate-era-40-oz-tumbler-with-handle-and-straw\/#breadcrumb\"},\"inLanguage\":\"pt-PT\",\"potentialAction\":[{\"@type\":\"ReadAction\",\"target\":[\"https:\/\/customizedwaterbottles.com\/product\/brumate-era-40-oz-tumbler-with-handle-and-straw\/\"]}]},{\"@type\":\"ImageObject\",\"inLanguage\":\"pt-PT\",\"@id\":\"https:\/\/customizedwaterbottles.com\/product\/brumate-era-40-oz-tumbler-with-handle-and-straw\/#primaryimage\",\"url\":\"https:\/\/customizedwaterbottles.com\/wp-content\/uploads\/2025\/11\/BruMate-Era-40-oz-Tumbler-1.webp\",\"contentUrl\":\"https:\/\/customizedwaterbottles.com\/wp-content\/uploads\/2025\/11\/BruMate-Era-40-oz-Tumbler-1.webp\",\"width\":1500,\"height\":1500,\"caption\":\"Brumate tumbler with Magetic detachable lid\"},{\"@type\":\"BreadcrumbList\",\"@id\":\"https:\/\/customizedwaterbottles.com\/product\/brumate-era-40-oz-tumbler-with-handle-and-straw\/#breadcrumb\",\"itemListElement\":[{\"@type\":\"ListItem\",\"position\":1,\"name\":\"Home\",\"item\":\"https:\/\/customizedwaterbottles.com\/\"},{\"@type\":\"ListItem\",\"position\":2,\"name\":\"Products\",\"item\":\"https:\/\/customizedwaterbottles.com\/wholesale-drinkware-manufacturer-water-bottles-tumblers\/\"},{\"@type\":\"ListItem\",\"position\":3,\"name\":\"Br\u00fcMate Era 40 oz Tumbler with Handle and Straw 1081639T\"}]},{\"@type\":\"WebSite\",\"@id\":\"https:\/\/customizedwaterbottles.com\/#website\",\"url\":\"https:\/\/customizedwaterbottles.com\/\",\"name\":\"iFun\",\"description\":\"Water Bottles Stainless Steel Vacuum Flask\",\"potentialAction\":[{\"@type\":\"SearchAction\",\"target\":{\"@type\":\"EntryPoint\",\"urlTemplate\":\"https:\/\/customizedwaterbottles.com\/?s={search_term_string}\"},\"query-input\":{\"@type\":\"PropertyValueSpecification\",\"valueRequired\":true,\"valueName\":\"search_term_string\"}}],\"inLanguage\":\"pt-PT\"}]}<\/script>\n<!-- \/ Yoast SEO plugin. -->","yoast_head_json":{"title":"100% Leakproof Straw Br\u00fcMateTumbler","description":"Custom Br\u00fcMate Tumbler Supplier: Get the guaranteed leakproof Era Series direct from our factory. Perfect for branding, it fits cup holders dishwasher-safe","robots":{"index":"index","follow":"follow","max-snippet":"max-snippet:-1","max-image-preview":"max-image-preview:large","max-video-preview":"max-video-preview:-1"},"canonical":"https:\/\/customizedwaterbottles.com\/pt\/product\/brumate-era-40-oz-tumbler-with-handle-and-straw\/","og_locale":"pt_PT","og_type":"article","og_title":"100% Leakproof Straw Br\u00fcMateTumbler","og_description":"Custom Br\u00fcMate Tumbler Supplier: Get the guaranteed leakproof Era Series direct from our factory. Perfect for branding, it fits cup holders dishwasher-safe","og_url":"https:\/\/customizedwaterbottles.com\/pt\/product\/brumate-era-40-oz-tumbler-with-handle-and-straw\/","og_site_name":"iFun","article_modified_time":"2025-11-07T05:45:17+00:00","og_image":[{"width":1500,"height":1500,"url":"https:\/\/customizedwaterbottles.com\/wp-content\/uploads\/2025\/11\/BruMate-Era-40-oz-Tumbler-1.webp","type":"image\/webp"}],"twitter_card":"summary_large_image","twitter_misc":{"Tempo estimado de leitura":"3 minutos"},"schema":{"@context":"https:\/\/schema.org","@graph":[{"@type":"WebPage","@id":"https:\/\/customizedwaterbottles.com\/product\/brumate-era-40-oz-tumbler-with-handle-and-straw\/","url":"https:\/\/customizedwaterbottles.com\/product\/brumate-era-40-oz-tumbler-with-handle-and-straw\/","name":"100% Leakproof Straw Br\u00fcMateTumbler","isPartOf":{"@id":"https:\/\/customizedwaterbottles.com\/#website"},"primaryImageOfPage":{"@id":"https:\/\/customizedwaterbottles.com\/product\/brumate-era-40-oz-tumbler-with-handle-and-straw\/#primaryimage"},"image":{"@id":"https:\/\/customizedwaterbottles.com\/product\/brumate-era-40-oz-tumbler-with-handle-and-straw\/#primaryimage"},"thumbnailUrl":"https:\/\/customizedwaterbottles.com\/wp-content\/uploads\/2025\/11\/BruMate-Era-40-oz-Tumbler-1.webp","datePublished":"2025-11-06T07:48:36+00:00","dateModified":"2025-11-07T05:45:17+00:00","description":"Custom Br\u00fcMate Tumbler Supplier: Get the guaranteed leakproof Era Series direct from our factory. Perfect for branding, it fits cup holders dishwasher-safe","breadcrumb":{"@id":"https:\/\/customizedwaterbottles.com\/product\/brumate-era-40-oz-tumbler-with-handle-and-straw\/#breadcrumb"},"inLanguage":"pt-PT","potentialAction":[{"@type":"ReadAction","target":["https:\/\/customizedwaterbottles.com\/product\/brumate-era-40-oz-tumbler-with-handle-and-straw\/"]}]},{"@type":"ImageObject","inLanguage":"pt-PT","@id":"https:\/\/customizedwaterbottles.com\/product\/brumate-era-40-oz-tumbler-with-handle-and-straw\/#primaryimage","url":"https:\/\/customizedwaterbottles.com\/wp-content\/uploads\/2025\/11\/BruMate-Era-40-oz-Tumbler-1.webp","contentUrl":"https:\/\/customizedwaterbottles.com\/wp-content\/uploads\/2025\/11\/BruMate-Era-40-oz-Tumbler-1.webp","width":1500,"height":1500,"caption":"Brumate tumbler with Magetic detachable lid"},{"@type":"BreadcrumbList","@id":"https:\/\/customizedwaterbottles.com\/product\/brumate-era-40-oz-tumbler-with-handle-and-straw\/#breadcrumb","itemListElement":[{"@type":"ListItem","position":1,"name":"Home","item":"https:\/\/customizedwaterbottles.com\/"},{"@type":"ListItem","position":2,"name":"Products","item":"https:\/\/customizedwaterbottles.com\/wholesale-drinkware-manufacturer-water-bottles-tumblers\/"},{"@type":"ListItem","position":3,"name":"Br\u00fcMate Era 40 oz Tumbler with Handle and Straw 1081639T"}]},{"@type":"WebSite","@id":"https:\/\/customizedwaterbottles.com\/#website","url":"https:\/\/customizedwaterbottles.com\/","name":"iFun","description":"Water Bottles Stainless Steel Vacuum Flask","potentialAction":[{"@type":"SearchAction","target":{"@type":"EntryPoint","urlTemplate":"https:\/\/customizedwaterbottles.com\/?s={search_term_string}"},"query-input":{"@type":"PropertyValueSpecification","valueRequired":true,"valueName":"search_term_string"}}],"inLanguage":"pt-PT"}]}},"_links":{"self":[{"href":"https:\/\/customizedwaterbottles.com\/pt\/wp-json\/wp\/v2\/product\/4039","targetHints":{"allow":["GET"]}}],"collection":[{"href":"https:\/\/customizedwaterbottles.com\/pt\/wp-json\/wp\/v2\/product"}],"about":[{"href":"https:\/\/customizedwaterbottles.com\/pt\/wp-json\/wp\/v2\/types\/product"}],"replies":[{"embeddable":true,"href":"https:\/\/customizedwaterbottles.com\/pt\/wp-json\/wp\/v2\/comments?post=4039"}],"wp:featuredmedia":[{"embeddable":true,"href":"https:\/\/customizedwaterbottles.com\/pt\/wp-json\/wp\/v2\/media\/4045"}],"wp:attachment":[{"href":"https:\/\/customizedwaterbottles.com\/pt\/wp-json\/wp\/v2\/media?parent=4039"}],"wp:term":[{"taxonomy":"product_brand","embeddable":true,"href":"https:\/\/customizedwaterbottles.com\/pt\/wp-json\/wp\/v2\/product_brand?post=4039"},{"taxonomy":"product_cat","embeddable":true,"href":"https:\/\/customizedwaterbottles.com\/pt\/wp-json\/wp\/v2\/product_cat?post=4039"},{"taxonomy":"product_tag","embeddable":true,"href":"https:\/\/customizedwaterbottles.com\/pt\/wp-json\/wp\/v2\/product_tag?post=4039"}],"curies":[{"name":"wp","href":"https:\/\/api.w.org\/{rel}","templated":true}]}}