{"id":4121,"date":"2025-11-13T03:05:56","date_gmt":"2025-11-13T03:05:56","guid":{"rendered":"https:\/\/customizedwaterbottles.com\/?post_type=product&#038;p=4121"},"modified":"2025-11-13T03:45:27","modified_gmt":"2025-11-13T03:45:27","slug":"unbreakable-top-flip-lid-wholesale-transparent-glass-blender-bottles","status":"publish","type":"product","link":"https:\/\/customizedwaterbottles.com\/pt\/product\/unbreakable-top-flip-lid-wholesale-transparent-glass-blender-bottles\/","title":{"rendered":"Frascos de vidro transparente para liquidificadores com tampa flip inquebr\u00e1vel 1081602G"},"content":{"rendered":"<p><span style=\"color: #000000;\"><strong>\u00a0 \u00a0 \u00a0 Nome do produto: Tampa flip superior inquebr\u00e1vel Garrafas de liquidificador de vidro transparente por atacado<\/strong><strong><br \/>\n<\/strong><strong>\u00a0 \u00a0 \u00a0 Capacidade\uff1a<\/strong>400ml, 500ml, 600ml, 700ml, 1000ml<\/span><br \/>\n<span style=\"color: #000000;\"><strong>\u00a0 \u00a0 \u00a0 Material\uff1a<\/strong>Vidro com alto teor de borosilicato<\/span><br \/>\n<span style=\"color: #000000;\"><strong>\u00a0 \u00a0 \u00a0 Cor\uff1a<\/strong>Personalizado de acordo com o n\u00famero de cor pantone<\/span><br \/>\n<span style=\"color: #000000;\"><strong>\u00a0 \u00a0 \u00a0 Log\u00f3tipo\uff1a<\/strong>Impress\u00e3o serigr\u00e1fica, impress\u00e3o por transfer\u00eancia de calor, transfer\u00eancia de \u00e1gua, etc.<\/span><br \/>\n<span style=\"color: #000000;\"><strong>\u00a0 \u00a0 \u00a0 MOQ\uff1a<\/strong>100 unidades<\/span><br \/>\n<span style=\"color: #000000;\"><strong>\u00a0 \u00a0 \u00a0 Tempo de amostragem\uff1a<\/strong>3-7 dias para design personalizado<\/span><br \/>\n<span style=\"color: #000000;\"><strong>\u00a0 \u00a0 \u00a0 Certifica\u00e7\u00e3o\uff1a<\/strong>FDA, LFGB<\/span><br \/>\n<span style=\"color: #000000;\"><strong>\u00a0 \u00a0 \u00a0 Embalagem<\/strong>\uff1aCaixa branca, caixa de cor ou caixa de design personalizado<\/span><br \/>\n<span style=\"color: #000000;\"><strong>\u00a0 \u00a0 \u00a0 Capacidade de produ\u00e7\u00e3o\uff1a<\/strong>500.000 unidades por m\u00eas<\/span><br \/>\n<span style=\"color: #000000;\"><strong>\u00a0 \u00a0 \u00a0 Prazo de entrega\uff1a<\/strong>5-35dias para quantidades inferiores a 20.000pcs<\/span><\/p>\n<h2><span style=\"color: #000000;\"><strong>Porqu\u00ea escolher os frascos de vidro para liquidificadores Ifun<\/strong><strong>\uff1f<\/strong><\/span><\/h2>\n<ol>\n<li><span style=\"color: #000000;\"><strong>Certificado de Qualidade e Seguran\u00e7a<\/strong><\/span><br \/>\n<span style=\"color: #000000;\">Os nossos frascos misturadores de vidro e artigos para bebidas cumprem as normas internacionais (CE, FDA, CA65\/Prop65, LFGB), garantindo produtos sem BPA, duradouros e seguros para os seus clientes.<\/span><\/li>\n<li><span style=\"color: #000000;\"><strong>\u00a0Destaque-se com designs personalizados<br \/>\n<\/strong>A sua marca merece artigos para beber \u00fanicos que chamem a aten\u00e7\u00e3o. Com os designs elegantes e personaliz\u00e1veis da Anhui iFun, as suas garrafas de liquidificador de vidro reflectir\u00e3o a identidade da sua marca e ajud\u00e1-lo-\u00e3o a destacar-se num mercado competitivo.<\/span><\/li>\n<li><span style=\"color: #000000;\"><strong>Controlo de qualidade rigoroso<br \/>\n<\/strong>A qualidade est\u00e1 no centro do nosso processo de fabrico. A nossa equipa dedicada de inspectores garante que todas as garrafas de vidro misturador cumprem normas rigorosas antes de chegarem aos seus clientes em todo o mundo.<\/span><\/li>\n<li><span style=\"color: #000000;\"><strong>Proteger a sua marca e as suas ideias<br \/>\n<\/strong>Respeitamos a propriedade intelectual e a confidencialidade. Se necess\u00e1rio, teremos todo o gosto em assinar acordos NDA ou NNN para salvaguardar os seus projectos OEM\/ODM.<\/span><\/li>\n<li><span style=\"color: #000000;\"><strong>Produ\u00e7\u00e3o eficiente e automatizada<br \/>\n<\/strong>Especializados no fabrico de copos, utilizamos linhas de produ\u00e7\u00e3o avan\u00e7adas e tecnologias da Ind\u00fastria 4.0 para fornecer produtos rent\u00e1veis e de alta qualidade a pre\u00e7os competitivos.<\/span><\/li>\n<li><span style=\"color: #000000;\"><strong>Especializa\u00e7\u00e3o em OEM\/ODM<br \/>\n<\/strong>Os nossos engenheiros experientes, com mais de 20 anos de experi\u00eancia no fabrico de bebidas, podem transformar as suas ideias em garrafas de vidro para liquidificadores prontas para o mercado - ajudando-o a criar bestsellers.<\/span><\/li>\n<li><span style=\"color: #000000;\"><strong>Servi\u00e7os de personaliza\u00e7\u00e3o completa<br \/>\n<\/strong>Desde a moldagem at\u00e9 \u00e0 embalagem, oferecemos uma personaliza\u00e7\u00e3o de ponta a ponta para corresponder \u00e0s necessidades da sua marca:<\/span><br \/>\n<span style=\"color: #000000;\"><strong>Moldagem personalizada<\/strong> - <a style=\"color: #000000;\" href=\"https:\/\/customizedwaterbottles.com\/pt\/custom-water-bottle-mold-maker-bpa-free-vacuum-flask-oem\/\" target=\"_blank\" rel=\"noopener\">https:\/\/customizedwaterbottles.com\/custom-water-bottle-mold-maker-bpa-free-vacuum-flask-oem\/<\/a><\/span><br \/>\n<span style=\"color: #000000;\"><strong>Decora\u00e7\u00e3o personalizada<\/strong> -<a style=\"color: #000000;\" href=\"https:\/\/customizedwaterbottles.com\/pt\/graphic-design-water-bottles-custom-stainless-steel-oem\/\" target=\"_blank\" rel=\"noopener\"> https:\/\/customizedwaterbottles.com\/graphic-design-water-bottles-custom-stainless-steel-oem\/<\/a><\/span><br \/>\n<span style=\"color: #000000;\"><strong>Log\u00f3tipos e embalagens personalizados<\/strong> - <a style=\"color: #000000;\" href=\"https:\/\/customizedwaterbottles.com\/pt\/wholesale-custom-packaging-for-water-bottles-tumblers\/\" target=\"_blank\" rel=\"noopener\">https:\/\/customizedwaterbottles.com\/wholesale-custom-packaging-for-water-bottles-tumblers\/<\/a><\/span><br \/>\n<span style=\"color: #000000;\"><strong>Prenda personalizada<\/strong> - <a style=\"color: #000000;\" href=\"https:\/\/customizedwaterbottles.com\/pt\/promotional-drinkware-for-businesses-custom-branded-gifts\/\" target=\"_blank\" rel=\"noopener\">https:\/\/customizedwaterbottles.com\/promotional-drinkware-for-businesses-custom-branded-gifts\/<\/a><\/span><\/li>\n<\/ol>\n<p><span style=\"color: #000000;\">[post-link-list]<\/span><\/p>\n<p><span style=\"color: #000000;\"><img decoding=\"async\" class=\"alignnone size-medium wp-image-4124\" src=\"https:\/\/customizedwaterbottles.com\/wp-content\/uploads\/2025\/11\/glass-blender-9-scaled.webp\" alt=\"\" width=\"2560\" height=\"2560\" srcset=\"https:\/\/customizedwaterbottles.com\/wp-content\/uploads\/2025\/11\/glass-blender-9-scaled.webp 2560w, https:\/\/customizedwaterbottles.com\/wp-content\/uploads\/2025\/11\/glass-blender-9-1024x1024.webp 1024w, https:\/\/customizedwaterbottles.com\/wp-content\/uploads\/2025\/11\/glass-blender-9-768x768.webp 768w, https:\/\/customizedwaterbottles.com\/wp-content\/uploads\/2025\/11\/glass-blender-9-1536x1536.webp 1536w, https:\/\/customizedwaterbottles.com\/wp-content\/uploads\/2025\/11\/glass-blender-9-2048x2048.webp 2048w, https:\/\/customizedwaterbottles.com\/wp-content\/uploads\/2025\/11\/glass-blender-9-300x300.webp 300w, https:\/\/customizedwaterbottles.com\/wp-content\/uploads\/2025\/11\/glass-blender-9-600x600.webp 600w, https:\/\/customizedwaterbottles.com\/wp-content\/uploads\/2025\/11\/glass-blender-9-100x100.webp 100w\" sizes=\"(max-width: 2560px) 100vw, 2560px\" \/><img decoding=\"async\" class=\"alignnone size-full wp-image-4125\" src=\"https:\/\/customizedwaterbottles.com\/wp-content\/uploads\/2025\/11\/glass-blender-10.webp\" alt=\"\" width=\"720\" height=\"720\" srcset=\"https:\/\/customizedwaterbottles.com\/wp-content\/uploads\/2025\/11\/glass-blender-10.webp 720w, https:\/\/customizedwaterbottles.com\/wp-content\/uploads\/2025\/11\/glass-blender-10-300x300.webp 300w, https:\/\/customizedwaterbottles.com\/wp-content\/uploads\/2025\/11\/glass-blender-10-600x600.webp 600w, https:\/\/customizedwaterbottles.com\/wp-content\/uploads\/2025\/11\/glass-blender-10-100x100.webp 100w\" sizes=\"(max-width: 720px) 100vw, 720px\" \/><\/span><\/p>\n<p><span style=\"color: #000000;\"><img decoding=\"async\" class=\"alignnone size-full wp-image-4122\" src=\"https:\/\/customizedwaterbottles.com\/wp-content\/uploads\/2025\/11\/glass-blender-2.webp\" alt=\"\" width=\"800\" height=\"800\" srcset=\"https:\/\/customizedwaterbottles.com\/wp-content\/uploads\/2025\/11\/glass-blender-2.webp 800w, https:\/\/customizedwaterbottles.com\/wp-content\/uploads\/2025\/11\/glass-blender-2-768x768.webp 768w, https:\/\/customizedwaterbottles.com\/wp-content\/uploads\/2025\/11\/glass-blender-2-300x300.webp 300w, https:\/\/customizedwaterbottles.com\/wp-content\/uploads\/2025\/11\/glass-blender-2-600x600.webp 600w, https:\/\/customizedwaterbottles.com\/wp-content\/uploads\/2025\/11\/glass-blender-2-100x100.webp 100w\" sizes=\"(max-width: 800px) 100vw, 800px\" \/> <img decoding=\"async\" class=\"alignnone size-full wp-image-4123\" src=\"https:\/\/customizedwaterbottles.com\/wp-content\/uploads\/2025\/11\/glass-blender-3.webp\" alt=\"\" width=\"800\" height=\"800\" srcset=\"https:\/\/customizedwaterbottles.com\/wp-content\/uploads\/2025\/11\/glass-blender-3.webp 800w, https:\/\/customizedwaterbottles.com\/wp-content\/uploads\/2025\/11\/glass-blender-3-768x768.webp 768w, https:\/\/customizedwaterbottles.com\/wp-content\/uploads\/2025\/11\/glass-blender-3-300x300.webp 300w, https:\/\/customizedwaterbottles.com\/wp-content\/uploads\/2025\/11\/glass-blender-3-600x600.webp 600w, https:\/\/customizedwaterbottles.com\/wp-content\/uploads\/2025\/11\/glass-blender-3-100x100.webp 100w\" sizes=\"(max-width: 800px) 100vw, 800px\" \/> \u00a0<\/span><\/p>\n<p><span style=\"color: #000000;\"><img decoding=\"async\" class=\"alignnone size-full wp-image-4034\" src=\"https:\/\/customizedwaterbottles.com\/wp-content\/uploads\/2025\/10\/hydro-flask-china-manufacturer-.webp\" alt=\"\" width=\"800\" height=\"966\" srcset=\"https:\/\/customizedwaterbottles.com\/wp-content\/uploads\/2025\/10\/hydro-flask-china-manufacturer-.webp 800w, https:\/\/customizedwaterbottles.com\/wp-content\/uploads\/2025\/10\/hydro-flask-china-manufacturer--768x927.webp 768w, https:\/\/customizedwaterbottles.com\/wp-content\/uploads\/2025\/10\/hydro-flask-china-manufacturer--600x725.webp 600w\" sizes=\"(max-width: 800px) 100vw, 800px\" \/><img decoding=\"async\" class=\"alignnone size-full wp-image-4120\" src=\"https:\/\/customizedwaterbottles.com\/wp-content\/uploads\/2025\/11\/custom-water-bottle-workshop.webp\" alt=\"\" width=\"1690\" height=\"1847\" srcset=\"https:\/\/customizedwaterbottles.com\/wp-content\/uploads\/2025\/11\/custom-water-bottle-workshop.webp 1690w, https:\/\/customizedwaterbottles.com\/wp-content\/uploads\/2025\/11\/custom-water-bottle-workshop-937x1024.webp 937w, https:\/\/customizedwaterbottles.com\/wp-content\/uploads\/2025\/11\/custom-water-bottle-workshop-768x839.webp 768w, https:\/\/customizedwaterbottles.com\/wp-content\/uploads\/2025\/11\/custom-water-bottle-workshop-1405x1536.webp 1405w, https:\/\/customizedwaterbottles.com\/wp-content\/uploads\/2025\/11\/custom-water-bottle-workshop-600x656.webp 600w\" sizes=\"(max-width: 1690px) 100vw, 1690px\" \/><\/span><\/p>","protected":false},"excerpt":{"rendered":"<h3><span style=\"color: #000000;\"><strong>Carater\u00edsticas do produto:<\/strong><\/span><\/h3>\n<div class=\"dad65929\">\n<div class=\"_4f9bf79 d7dc56a8 _43c05b5\">\n<div class=\"ds-message _63c77b1\">\n<div class=\"ds-markdown\">\n<p class=\"ds-markdown-paragraph\"><span style=\"color: #000000;\"><strong>1. Constru\u00e7\u00e3o dur\u00e1vel e inquebr\u00e1vel<\/strong><\/span><br \/>\n<span style=\"color: #000000;\">Estas garrafas misturadoras de vidro s\u00e3o feitas de vidro borossilicato refor\u00e7ado, concebido para ser extra forte e resistente a impactos. Ao contr\u00e1rio do vidro normal, podem suportar quedas acidentais e mudan\u00e7as de temperatura, o que as torna ideais para bebidas quentes e frias.<\/span><\/p>\n<p class=\"ds-markdown-paragraph\"><span style=\"color: #000000;\"><strong>2. Design c\u00f3modo da tampa basculante superior<br data-start=\"494\" data-end=\"497\" \/><\/strong>Equipadas com uma tampa flip-top de uma m\u00e3o, estas garrafas permitem beber e verter facilmente. O fecho seguro evita fugas, enquanto a abertura de boca larga facilita a adi\u00e7\u00e3o de prote\u00ednas em p\u00f3, fruta ou cubos de gelo \u00e0s garrafas de vidro do liquidificador.<br \/>\n<\/span><\/p>\n<p class=\"ds-markdown-paragraph\"><span style=\"color: #000000;\"><strong>3. transpar\u00eancia cristalina<br data-start=\"792\" data-end=\"795\" \/><\/strong>O design de vidro transparente permite-lhe controlar facilmente a mistura da bebida e a limpeza no interior da garrafa. Tamb\u00e9m permite <em data-start=\"869\" data-end=\"892\" data-is-only-node=\"\">garrafas misturadoras de vidro<\/em> um aspeto elegante e moderno - perfeito para utilizar no gin\u00e1sio, misturar em casa ou viajar.<br \/>\n<\/span><\/p>\n<p class=\"ds-markdown-paragraph\"><span style=\"color: #000000;\"><strong>4. Componentes \u00e0 prova de fugas e sem BPA<\/strong><\/span><br \/>\n<span style=\"color: #000000;\">Cada garrafa possui um anel de silicone herm\u00e9tico e uma tampa sem BPA para garantir uma experi\u00eancia 100% \u00e0 prova de fugas. Pode transportar com confian\u00e7a os seus smoothies, batidos de prote\u00ednas ou sumos sem se preocupar com derrames na sua mala.<\/span><\/p>\n<p class=\"ds-markdown-paragraph\"><span style=\"color: #000000;\"><strong>5. Amigo do ambiente e f\u00e1cil de limpar<\/strong><\/span><br \/>\n<span style=\"color: #000000;\">Concebidas para serem sustent\u00e1veis, estas garrafas de vidro para misturadoras s\u00e3o reutiliz\u00e1veis, resistentes ao odor e f\u00e1ceis de limpar - podem ser lavadas na m\u00e1quina de lavar loi\u00e7a para sua conveni\u00eancia. S\u00e3o uma alternativa ecol\u00f3gica perfeita aos copos de pl\u00e1stico descart\u00e1veis para shakers.<\/span><\/p>\n<\/div>\n<\/div>\n<div class=\"ds-flex _0a3d93b\">\n<div class=\"ds-flex _965abe9 _54866f7\">\n<div class=\"ds-icon-button db183363\" tabindex=\"-1\" role=\"button\" aria-disabled=\"false\">\n<div class=\"ds-icon\"><span style=\"color: #000000;\"><strong style=\"font-size: 20.16px;\">Servi\u00e7os personalizados:<\/strong><\/span><\/div>\n<\/div>\n<\/div>\n<\/div>\n<\/div>\n<\/div>\n<ul>\n<li><span style=\"color: #000000;\"><strong>Log\u00f3tipo e design:<\/strong> Podemos fazer o seu log\u00f3tipo e design com serigrafia, transfer\u00eancia de calor, impress\u00e3o 3D, impress\u00e3o UV, etc.<\/span><\/li>\n<li><span style=\"color: #000000;\"><strong>Cor:<\/strong> As cores podem ser personalizadas de acordo com o n\u00famero de cor pantone.<\/span><\/li>\n<li><span style=\"color: #000000;\"><strong>Capacidade:<\/strong> Temos 400ml, 500ml, 600ml, 700ml, 1000ml, outras capacidades que tamb\u00e9m podemos personalizar para si.<\/span><\/li>\n<li><span style=\"color: #000000;\"><strong>Tampas: <\/strong>100% Tampa estanque BPA FREE, a cor pode ser personalizada.<\/span><\/li>\n<li><span style=\"color: #000000;\"><strong>Embalagem: <\/strong>Caixa de cor, caixa branca, caixa de oferta, caixa de cart\u00e3o castanho, caixa cil\u00edndrica, etc.<\/span><\/li>\n<\/ul>","protected":false},"featured_media":4126,"comment_status":"open","ping_status":"closed","template":"","meta":[],"product_brand":[267],"product_cat":[35,25],"product_tag":[252,270,51],"class_list":{"0":"post-4121","1":"product","2":"type-product","3":"status-publish","4":"has-post-thumbnail","6":"product_brand-large-capacity-vacuum-insulated-camping-kettle-ice-bucket-tumbler","7":"product_cat-glass-water-bottles","8":"product_cat-protein-shaker-bottles","9":"product_tag-blender-bottles","10":"product_tag-glass-bottles","11":"product_tag-protein-shaker-bottles","13":"first","14":"instock","15":"shipping-taxable","16":"product-type-simple"},"yoast_head":"<!-- This site is optimized with the Yoast SEO plugin v25.4 - https:\/\/yoast.com\/wordpress\/plugins\/seo\/ -->\n<title>Unbreakable Top Flip lid Wholesale Transparent Glass Blender Bottles<\/title>\n<meta name=\"description\" content=\"Hot selling transparent glass water bottles with custom color, low moq, welcome to contact for price.\" \/>\n<meta name=\"robots\" content=\"index, follow, max-snippet:-1, max-image-preview:large, max-video-preview:-1\" \/>\n<link rel=\"canonical\" href=\"https:\/\/customizedwaterbottles.com\/pt\/product\/unbreakable-top-flip-lid-wholesale-transparent-glass-blender-bottles\/\" \/>\n<meta property=\"og:locale\" content=\"pt_PT\" \/>\n<meta property=\"og:type\" content=\"article\" \/>\n<meta property=\"og:title\" content=\"Unbreakable Top Flip lid Wholesale Transparent Glass Blender Bottles\" \/>\n<meta property=\"og:description\" content=\"Hot selling transparent glass water bottles with custom color, low moq, welcome to contact for price.\" \/>\n<meta property=\"og:url\" content=\"https:\/\/customizedwaterbottles.com\/pt\/product\/unbreakable-top-flip-lid-wholesale-transparent-glass-blender-bottles\/\" \/>\n<meta property=\"og:site_name\" content=\"iFun\" \/>\n<meta property=\"article:modified_time\" content=\"2025-11-13T03:45:27+00:00\" \/>\n<meta property=\"og:image\" content=\"https:\/\/customizedwaterbottles.com\/wp-content\/uploads\/2025\/11\/glass-blender-1.webp\" \/>\n\t<meta property=\"og:image:width\" content=\"720\" \/>\n\t<meta property=\"og:image:height\" content=\"720\" \/>\n\t<meta property=\"og:image:type\" content=\"image\/webp\" \/>\n<meta name=\"twitter:card\" content=\"summary_large_image\" \/>\n<meta name=\"twitter:label1\" content=\"Tempo estimado de leitura\" \/>\n\t<meta name=\"twitter:data1\" content=\"3 minutos\" \/>\n<script type=\"application\/ld+json\" class=\"yoast-schema-graph\">{\"@context\":\"https:\/\/schema.org\",\"@graph\":[{\"@type\":\"WebPage\",\"@id\":\"https:\/\/customizedwaterbottles.com\/product\/unbreakable-top-flip-lid-wholesale-transparent-glass-blender-bottles\/\",\"url\":\"https:\/\/customizedwaterbottles.com\/product\/unbreakable-top-flip-lid-wholesale-transparent-glass-blender-bottles\/\",\"name\":\"Unbreakable Top Flip lid Wholesale Transparent Glass Blender Bottles\",\"isPartOf\":{\"@id\":\"https:\/\/customizedwaterbottles.com\/#website\"},\"primaryImageOfPage\":{\"@id\":\"https:\/\/customizedwaterbottles.com\/product\/unbreakable-top-flip-lid-wholesale-transparent-glass-blender-bottles\/#primaryimage\"},\"image\":{\"@id\":\"https:\/\/customizedwaterbottles.com\/product\/unbreakable-top-flip-lid-wholesale-transparent-glass-blender-bottles\/#primaryimage\"},\"thumbnailUrl\":\"https:\/\/customizedwaterbottles.com\/wp-content\/uploads\/2025\/11\/glass-blender-1.webp\",\"datePublished\":\"2025-11-13T03:05:56+00:00\",\"dateModified\":\"2025-11-13T03:45:27+00:00\",\"description\":\"Hot selling transparent glass water bottles with custom color, low moq, welcome to contact for price.\",\"breadcrumb\":{\"@id\":\"https:\/\/customizedwaterbottles.com\/product\/unbreakable-top-flip-lid-wholesale-transparent-glass-blender-bottles\/#breadcrumb\"},\"inLanguage\":\"pt-PT\",\"potentialAction\":[{\"@type\":\"ReadAction\",\"target\":[\"https:\/\/customizedwaterbottles.com\/product\/unbreakable-top-flip-lid-wholesale-transparent-glass-blender-bottles\/\"]}]},{\"@type\":\"ImageObject\",\"inLanguage\":\"pt-PT\",\"@id\":\"https:\/\/customizedwaterbottles.com\/product\/unbreakable-top-flip-lid-wholesale-transparent-glass-blender-bottles\/#primaryimage\",\"url\":\"https:\/\/customizedwaterbottles.com\/wp-content\/uploads\/2025\/11\/glass-blender-1.webp\",\"contentUrl\":\"https:\/\/customizedwaterbottles.com\/wp-content\/uploads\/2025\/11\/glass-blender-1.webp\",\"width\":720,\"height\":720},{\"@type\":\"BreadcrumbList\",\"@id\":\"https:\/\/customizedwaterbottles.com\/product\/unbreakable-top-flip-lid-wholesale-transparent-glass-blender-bottles\/#breadcrumb\",\"itemListElement\":[{\"@type\":\"ListItem\",\"position\":1,\"name\":\"Home\",\"item\":\"https:\/\/customizedwaterbottles.com\/\"},{\"@type\":\"ListItem\",\"position\":2,\"name\":\"Products\",\"item\":\"https:\/\/customizedwaterbottles.com\/wholesale-drinkware-manufacturer-water-bottles-tumblers\/\"},{\"@type\":\"ListItem\",\"position\":3,\"name\":\"Unbreakable Top Flip lid Wholesale Transparent Glass Blender Bottles 1081602G\"}]},{\"@type\":\"WebSite\",\"@id\":\"https:\/\/customizedwaterbottles.com\/#website\",\"url\":\"https:\/\/customizedwaterbottles.com\/\",\"name\":\"iFun\",\"description\":\"Water Bottles Stainless Steel Vacuum Flask\",\"potentialAction\":[{\"@type\":\"SearchAction\",\"target\":{\"@type\":\"EntryPoint\",\"urlTemplate\":\"https:\/\/customizedwaterbottles.com\/?s={search_term_string}\"},\"query-input\":{\"@type\":\"PropertyValueSpecification\",\"valueRequired\":true,\"valueName\":\"search_term_string\"}}],\"inLanguage\":\"pt-PT\"}]}<\/script>\n<!-- \/ Yoast SEO plugin. -->","yoast_head_json":{"title":"Unbreakable Top Flip lid Wholesale Transparent Glass Blender Bottles","description":"Hot selling transparent glass water bottles with custom color, low moq, welcome to contact for price.","robots":{"index":"index","follow":"follow","max-snippet":"max-snippet:-1","max-image-preview":"max-image-preview:large","max-video-preview":"max-video-preview:-1"},"canonical":"https:\/\/customizedwaterbottles.com\/pt\/product\/unbreakable-top-flip-lid-wholesale-transparent-glass-blender-bottles\/","og_locale":"pt_PT","og_type":"article","og_title":"Unbreakable Top Flip lid Wholesale Transparent Glass Blender Bottles","og_description":"Hot selling transparent glass water bottles with custom color, low moq, welcome to contact for price.","og_url":"https:\/\/customizedwaterbottles.com\/pt\/product\/unbreakable-top-flip-lid-wholesale-transparent-glass-blender-bottles\/","og_site_name":"iFun","article_modified_time":"2025-11-13T03:45:27+00:00","og_image":[{"width":720,"height":720,"url":"https:\/\/customizedwaterbottles.com\/wp-content\/uploads\/2025\/11\/glass-blender-1.webp","type":"image\/webp"}],"twitter_card":"summary_large_image","twitter_misc":{"Tempo estimado de leitura":"3 minutos"},"schema":{"@context":"https:\/\/schema.org","@graph":[{"@type":"WebPage","@id":"https:\/\/customizedwaterbottles.com\/product\/unbreakable-top-flip-lid-wholesale-transparent-glass-blender-bottles\/","url":"https:\/\/customizedwaterbottles.com\/product\/unbreakable-top-flip-lid-wholesale-transparent-glass-blender-bottles\/","name":"Unbreakable Top Flip lid Wholesale Transparent Glass Blender Bottles","isPartOf":{"@id":"https:\/\/customizedwaterbottles.com\/#website"},"primaryImageOfPage":{"@id":"https:\/\/customizedwaterbottles.com\/product\/unbreakable-top-flip-lid-wholesale-transparent-glass-blender-bottles\/#primaryimage"},"image":{"@id":"https:\/\/customizedwaterbottles.com\/product\/unbreakable-top-flip-lid-wholesale-transparent-glass-blender-bottles\/#primaryimage"},"thumbnailUrl":"https:\/\/customizedwaterbottles.com\/wp-content\/uploads\/2025\/11\/glass-blender-1.webp","datePublished":"2025-11-13T03:05:56+00:00","dateModified":"2025-11-13T03:45:27+00:00","description":"Hot selling transparent glass water bottles with custom color, low moq, welcome to contact for price.","breadcrumb":{"@id":"https:\/\/customizedwaterbottles.com\/product\/unbreakable-top-flip-lid-wholesale-transparent-glass-blender-bottles\/#breadcrumb"},"inLanguage":"pt-PT","potentialAction":[{"@type":"ReadAction","target":["https:\/\/customizedwaterbottles.com\/product\/unbreakable-top-flip-lid-wholesale-transparent-glass-blender-bottles\/"]}]},{"@type":"ImageObject","inLanguage":"pt-PT","@id":"https:\/\/customizedwaterbottles.com\/product\/unbreakable-top-flip-lid-wholesale-transparent-glass-blender-bottles\/#primaryimage","url":"https:\/\/customizedwaterbottles.com\/wp-content\/uploads\/2025\/11\/glass-blender-1.webp","contentUrl":"https:\/\/customizedwaterbottles.com\/wp-content\/uploads\/2025\/11\/glass-blender-1.webp","width":720,"height":720},{"@type":"BreadcrumbList","@id":"https:\/\/customizedwaterbottles.com\/product\/unbreakable-top-flip-lid-wholesale-transparent-glass-blender-bottles\/#breadcrumb","itemListElement":[{"@type":"ListItem","position":1,"name":"Home","item":"https:\/\/customizedwaterbottles.com\/"},{"@type":"ListItem","position":2,"name":"Products","item":"https:\/\/customizedwaterbottles.com\/wholesale-drinkware-manufacturer-water-bottles-tumblers\/"},{"@type":"ListItem","position":3,"name":"Unbreakable Top Flip lid Wholesale Transparent Glass Blender Bottles 1081602G"}]},{"@type":"WebSite","@id":"https:\/\/customizedwaterbottles.com\/#website","url":"https:\/\/customizedwaterbottles.com\/","name":"iFun","description":"Water Bottles Stainless Steel Vacuum Flask","potentialAction":[{"@type":"SearchAction","target":{"@type":"EntryPoint","urlTemplate":"https:\/\/customizedwaterbottles.com\/?s={search_term_string}"},"query-input":{"@type":"PropertyValueSpecification","valueRequired":true,"valueName":"search_term_string"}}],"inLanguage":"pt-PT"}]}},"_links":{"self":[{"href":"https:\/\/customizedwaterbottles.com\/pt\/wp-json\/wp\/v2\/product\/4121","targetHints":{"allow":["GET"]}}],"collection":[{"href":"https:\/\/customizedwaterbottles.com\/pt\/wp-json\/wp\/v2\/product"}],"about":[{"href":"https:\/\/customizedwaterbottles.com\/pt\/wp-json\/wp\/v2\/types\/product"}],"replies":[{"embeddable":true,"href":"https:\/\/customizedwaterbottles.com\/pt\/wp-json\/wp\/v2\/comments?post=4121"}],"wp:featuredmedia":[{"embeddable":true,"href":"https:\/\/customizedwaterbottles.com\/pt\/wp-json\/wp\/v2\/media\/4126"}],"wp:attachment":[{"href":"https:\/\/customizedwaterbottles.com\/pt\/wp-json\/wp\/v2\/media?parent=4121"}],"wp:term":[{"taxonomy":"product_brand","embeddable":true,"href":"https:\/\/customizedwaterbottles.com\/pt\/wp-json\/wp\/v2\/product_brand?post=4121"},{"taxonomy":"product_cat","embeddable":true,"href":"https:\/\/customizedwaterbottles.com\/pt\/wp-json\/wp\/v2\/product_cat?post=4121"},{"taxonomy":"product_tag","embeddable":true,"href":"https:\/\/customizedwaterbottles.com\/pt\/wp-json\/wp\/v2\/product_tag?post=4121"}],"curies":[{"name":"wp","href":"https:\/\/api.w.org\/{rel}","templated":true}]}}