{"id":4514,"date":"2025-12-16T09:29:57","date_gmt":"2025-12-16T09:29:57","guid":{"rendered":"https:\/\/customizedwaterbottles.com\/?post_type=product&#038;p=4514"},"modified":"2025-12-17T08:37:46","modified_gmt":"2025-12-17T08:37:46","slug":"32-oz-insulated-double-walled-hospital-water-cup-with-straw-and-lid","status":"publish","type":"product","link":"https:\/\/customizedwaterbottles.com\/pt\/product\/32-oz-insulated-double-walled-hospital-water-cup-with-straw-and-lid\/","title":{"rendered":"32 oz Insulated Double Walled Hospital Water Cup With Straw and Lid 10816003PB"},"content":{"rendered":"<p><span style=\"color: #000000;\"><strong>\u00a0 \u00a0 \u00a0 Product Name\uff1a32 oz Insulated Double Walled Hospital Water Cup With Straw and Lid<\/strong><strong><br \/>\n<\/strong><strong>\u00a0 \u00a0 \u00a0 Capacidade\uff1a<\/strong>32oz\/ 1000ml Portable Hospital<strong>\u00a0<\/strong>Travel Water Bottle<\/span><br \/>\n<span style=\"color: #000000;\"><strong>\u00a0 \u00a0 \u00a0 Cor\uff1a<\/strong>Custom color&amp;Logo etc.<\/span><br \/>\n<span style=\"color: #000000;\"><strong>\u00a0 \u00a0 \u00a0 Log\u00f3tipo\uff1a<\/strong>Impress\u00e3o serigr\u00e1fica, impress\u00e3o por transfer\u00eancia de calor, transfer\u00eancia de \u00e1gua, etc.<\/span><br \/>\n<span style=\"color: #000000;\"><strong>\u00a0 \u00a0 \u00a0 MOQ\uff1a<\/strong>200 unidades<\/span><br \/>\n<span style=\"color: #000000;\"><strong>\u00a0 \u00a0 \u00a0 Tempo de amostragem\uff1a<\/strong>3-7 dias para design personalizado<\/span><br \/>\n<span style=\"color: #000000;\"><strong>\u00a0 \u00a0 \u00a0 Certifica\u00e7\u00e3o\uff1a<\/strong>FDA, LFGB<\/span><br \/>\n<span style=\"color: #000000;\"><strong>\u00a0 \u00a0 \u00a0 Embalagem<\/strong>\uff1aCaixa branca, caixa de cor ou caixa de design personalizado<\/span><br \/>\n<span style=\"color: #000000;\"><strong>\u00a0 \u00a0 \u00a0 Capacidade de produ\u00e7\u00e3o\uff1a<\/strong>500.000 unidades por m\u00eas<\/span><br \/>\n<span style=\"color: #000000;\"><strong>\u00a0 \u00a0 \u00a0 Prazo de entrega\uff1a<\/strong>5-35dias para quantidades inferiores a 20.000pcs<\/span><\/p>\n<h2><span style=\"color: #000000;\"><strong>Why Choose Creative Design Hospital Water Cup \uff1f<\/strong><\/span><\/h2>\n<ol>\n<li><span style=\"color: #000000;\"><strong>Certificado de Qualidade e Seguran\u00e7a<\/strong><\/span><br \/>\n<span style=\"color: #000000;\">As nossas garrafas de \u00e1gua dobr\u00e1veis e artigos para beber cumprem as normas internacionais (CE, FDA, CA65\/Prop65, LFGB), garantindo produtos sem BPA, duradouros e seguros para os seus clientes.<\/span><\/li>\n<li><span style=\"color: #000000;\"><strong>\u00a0Destaque-se com designs personalizados<br \/>\n<\/strong>A sua marca merece artigos para beber \u00fanicos que captem a aten\u00e7\u00e3o. Com os designs elegantes e personaliz\u00e1veis da Anhui iFun, a sua garrafa t\u00e9rmica LED Smart Coffee reflectir\u00e1 a identidade da sua marca e ajud\u00e1-lo-\u00e1 a destacar-se num mercado competitivo.<\/span><\/li>\n<li><span style=\"color: #000000;\"><strong>Controlo de qualidade rigoroso<br \/>\n<\/strong>A qualidade est\u00e1 no centro do nosso processo de fabrico. A nossa equipa dedicada de inspectores garante que cada garrafa t\u00e9rmica LED Smart Coffee cumpre normas rigorosas antes de chegar aos seus clientes em todo o mundo.<\/span><\/li>\n<li><span style=\"color: #000000;\"><strong>Proteger a sua marca e as suas ideias<br \/>\n<\/strong>Respeitamos a propriedade intelectual e a confidencialidade. Se necess\u00e1rio, teremos todo o gosto em assinar acordos NDA ou NNN para salvaguardar os seus projectos OEM\/ODM.<\/span><\/li>\n<li><span style=\"color: #000000;\"><strong>Produ\u00e7\u00e3o eficiente e automatizada<br \/>\n<\/strong>Especializados no fabrico de copos, utilizamos linhas de produ\u00e7\u00e3o avan\u00e7adas e tecnologias da Ind\u00fastria 4.0 para fornecer produtos rent\u00e1veis e de alta qualidade a pre\u00e7os competitivos.<\/span><\/li>\n<li><span style=\"color: #000000;\"><strong>Especializa\u00e7\u00e3o em OEM\/ODM<br \/>\n<\/strong>Os nossos engenheiros experientes, com mais de 20 anos de experi\u00eancia no fabrico de artigos para bebidas, podem transformar as suas ideias em mini-garrafas hidro prontas para o mercado - ajudando-o a criar bestsellers.<\/span><\/li>\n<li><span style=\"color: #000000;\"><strong>Servi\u00e7os de personaliza\u00e7\u00e3o completa<br \/>\n<\/strong>Desde a moldagem at\u00e9 \u00e0 embalagem, oferecemos uma personaliza\u00e7\u00e3o de ponta a ponta para corresponder \u00e0s necessidades da sua marca:<\/span><br \/>\n<span style=\"color: #000000;\"><strong>Moldagem personalizada<\/strong> - <a style=\"color: #000000;\" href=\"https:\/\/customizedwaterbottles.com\/pt\/custom-water-bottle-mold-maker-bpa-free-vacuum-flask-oem\/\" target=\"_blank\" rel=\"noopener\">https:\/\/customizedwaterbottles.com\/custom-water-bottle-mold-maker-bpa-free-vacuum-flask-oem\/<\/a><\/span><br \/>\n<span style=\"color: #000000;\"><strong>Decora\u00e7\u00e3o personalizada<\/strong> -<a style=\"color: #000000;\" href=\"https:\/\/customizedwaterbottles.com\/pt\/graphic-design-water-bottles-custom-stainless-steel-oem\/\" target=\"_blank\" rel=\"noopener\"> https:\/\/customizedwaterbottles.com\/graphic-design-water-bottles-custom-stainless-steel-oem\/<\/a><\/span><br \/>\n<span style=\"color: #000000;\"><strong>Log\u00f3tipos e embalagens personalizados<\/strong> - <a style=\"color: #000000;\" href=\"https:\/\/customizedwaterbottles.com\/pt\/wholesale-custom-packaging-for-water-bottles-tumblers\/\" target=\"_blank\" rel=\"noopener\">https:\/\/customizedwaterbottles.com\/wholesale-custom-packaging-for-water-bottles-tumblers\/<\/a><\/span><br \/>\n<span style=\"color: #000000;\"><strong>Prenda personalizada<\/strong> - <a style=\"color: #000000;\" href=\"https:\/\/customizedwaterbottles.com\/pt\/promotional-drinkware-for-businesses-custom-branded-gifts\/\" target=\"_blank\" rel=\"noopener\">https:\/\/customizedwaterbottles.com\/promotional-drinkware-for-businesses-custom-branded-gifts\/<\/a><\/span><\/li>\n<\/ol>\n<p><!--more--><\/p>\n<p><!--more--><\/p>\n<p><span style=\"color: #000000;\">[post-link-list]<\/span><\/p>\n<p><span style=\"color: #000000;\">\u00a0\u00a0 \u00a0\u00a0<\/span><\/p>\n<p>&nbsp;<\/p>","protected":false},"excerpt":{"rendered":"<h3><span style=\"color: #000000;\"><strong>Carater\u00edsticas do produto:<\/strong><\/span><\/h3>\n<ul>\n<li><strong>32 oz Insulated Double Walled Hospital Water Cup with Straw and Lid<\/strong><\/li>\n<li><strong> Adequate Quantity and Suitable Size<\/strong>: experience convenience with our set of 4 pieces of 32 oz insulated hospital cups with lids and straws; Ideal for your daily use and replacement, this package also offers an opportunity to share with your colleagues or friends; Each cup, measuring about 4.3 x 7.7 inches\/ 10.8 x 19.5 cm and holding up to 32 oz, is designed to meet your volume requirements effortlessly<br \/>\n<strong>Enhanced Durability and Lightweight Design<\/strong>: forget about frequent replacements, our hospital mug uniquely combines plastic material; This ensures it&#8217;s not only robust but also lightweight for ease of use; The cup also incorporates a swivel lid and a bendable 28.5 cm\/ 11.2 inches straw with a lid for added functionality<br \/>\n<strong>Unmatchable Insulation Capabilities<\/strong>: step up your beverage enjoyment with our graduated hospital water bottle with straw; Thanks to its double insulation, you can keep your drinks cold for extended periods; This functional design helps you indulge in your favorite drink at your preferred temperature<br \/>\n<strong>Practical and Easy to Clean:<\/strong> our plastic water bottle with straw is easy to use and even simpler to clean; It&#8217;s dishwasher friendly, but for a pristine finish, we recommend occasional hand washing; The lid seals firmly to ensure no spills, making this cup an ideal choice for anyone in need of a handful yet practical solution<br \/>\n<strong>Versatile and Convenient for Tracking Hydration:<\/strong> whether it&#8217;s by your nightstand, at your work desk, or anywhere else you need a refreshing drink, our hospital water cup fits the bill; Moreover, with a clear scale on it, it becomes a helpful tool to keep track of your water intake, aiding your journey to better hydration and ultimately, better health<\/li>\n<li><img decoding=\"async\" class=\"alignnone size-full wp-image-4521\" src=\"https:\/\/customizedwaterbottles.com\/wp-content\/uploads\/2025\/12\/32-oz-Hospital-Water-Cup-with-Straw-and-Lid-6.webp\" alt=\"Hospital Plastic water cups\" width=\"2000\" height=\"2000\" srcset=\"https:\/\/customizedwaterbottles.com\/wp-content\/uploads\/2025\/12\/32-oz-Hospital-Water-Cup-with-Straw-and-Lid-6.webp 2000w, https:\/\/customizedwaterbottles.com\/wp-content\/uploads\/2025\/12\/32-oz-Hospital-Water-Cup-with-Straw-and-Lid-6-1024x1024.webp 1024w, https:\/\/customizedwaterbottles.com\/wp-content\/uploads\/2025\/12\/32-oz-Hospital-Water-Cup-with-Straw-and-Lid-6-768x768.webp 768w, https:\/\/customizedwaterbottles.com\/wp-content\/uploads\/2025\/12\/32-oz-Hospital-Water-Cup-with-Straw-and-Lid-6-1536x1536.webp 1536w, https:\/\/customizedwaterbottles.com\/wp-content\/uploads\/2025\/12\/32-oz-Hospital-Water-Cup-with-Straw-and-Lid-6-12x12.webp 12w, https:\/\/customizedwaterbottles.com\/wp-content\/uploads\/2025\/12\/32-oz-Hospital-Water-Cup-with-Straw-and-Lid-6-300x300.webp 300w, https:\/\/customizedwaterbottles.com\/wp-content\/uploads\/2025\/12\/32-oz-Hospital-Water-Cup-with-Straw-and-Lid-6-600x600.webp 600w, https:\/\/customizedwaterbottles.com\/wp-content\/uploads\/2025\/12\/32-oz-Hospital-Water-Cup-with-Straw-and-Lid-6-100x100.webp 100w\" sizes=\"(max-width: 2000px) 100vw, 2000px\" \/><img decoding=\"async\" class=\"alignnone size-full wp-image-4516\" src=\"https:\/\/customizedwaterbottles.com\/wp-content\/uploads\/2025\/12\/32-oz-Hospital-Water-Cup-with-Straw-and-Lid-10.webp\" alt=\"Hospital Plastic water cups\" width=\"1492\" height=\"1500\" srcset=\"https:\/\/customizedwaterbottles.com\/wp-content\/uploads\/2025\/12\/32-oz-Hospital-Water-Cup-with-Straw-and-Lid-10.webp 1492w, https:\/\/customizedwaterbottles.com\/wp-content\/uploads\/2025\/12\/32-oz-Hospital-Water-Cup-with-Straw-and-Lid-10-1019x1024.webp 1019w, https:\/\/customizedwaterbottles.com\/wp-content\/uploads\/2025\/12\/32-oz-Hospital-Water-Cup-with-Straw-and-Lid-10-768x772.webp 768w, https:\/\/customizedwaterbottles.com\/wp-content\/uploads\/2025\/12\/32-oz-Hospital-Water-Cup-with-Straw-and-Lid-10-12x12.webp 12w, https:\/\/customizedwaterbottles.com\/wp-content\/uploads\/2025\/12\/32-oz-Hospital-Water-Cup-with-Straw-and-Lid-10-600x603.webp 600w, https:\/\/customizedwaterbottles.com\/wp-content\/uploads\/2025\/12\/32-oz-Hospital-Water-Cup-with-Straw-and-Lid-10-100x100.webp 100w\" sizes=\"(max-width: 1492px) 100vw, 1492px\" \/><\/li>\n<\/ul>\n<h3><span style=\"color: #000000;\"><strong>Servi\u00e7os personalizados: \u00a0<\/strong><\/span><\/h3>\n<ul>\n<li><span style=\"color: #000000;\"><strong>Log\u00f3tipo e design:<\/strong> Ifun hydro mini bottle personaliza o log\u00f3tipo da sua marca. Podemos fazer o seu log\u00f3tipo e design com serigrafia, grava\u00e7\u00e3o a laser, transfer\u00eancia de calor, impress\u00e3o 3D, impress\u00e3o UV, etc.<\/span><\/li>\n<li><span style=\"color: #000000;\"><strong>Cor:<\/strong> As cores podem ser personalizadas de acordo com o n\u00famero de cor pantone, podemos faz\u00ea-lo com acabamento mate, pintura brilhante, revestimento em p\u00f3, etc.<\/span><\/li>\n<li><span style=\"color: #000000;\"><strong>Capacidade:<\/strong> Temos outras capacidades de 16oz que tamb\u00e9m podemos personalizar para si.<\/span><\/li>\n<li><span style=\"color: #000000;\"><strong>Tampas: <\/strong>100% Tampa estanque BPA FREE, a cor pode ser personalizada.<\/span><\/li>\n<li><span style=\"color: #000000;\"><strong>Embalagem: <\/strong>Caixa de cor, caixa branca, caixa de oferta, caixa de cart\u00e3o castanho, caixa cil\u00edndrica, etc.<\/span><\/li>\n<\/ul>","protected":false},"featured_media":4520,"comment_status":"open","ping_status":"closed","template":"","meta":[],"product_brand":[],"product_cat":[288],"product_tag":[301],"class_list":{"0":"post-4514","1":"product","2":"type-product","3":"status-publish","4":"has-post-thumbnail","6":"product_cat-plastic-water-bottles","7":"product_tag-plastic-drinkware","9":"first","10":"instock","11":"shipping-taxable","12":"product-type-simple"},"yoast_head":"<!-- This site is optimized with the Yoast SEO plugin v25.4 - https:\/\/yoast.com\/wordpress\/plugins\/seo\/ -->\n<title>32 oz Insulated Double Walled Hospital Water Cup With Straw and Lid 10816003PB - iFun<\/title>\n<meta name=\"description\" content=\"Creative Design Hospital Water Cup with Handle and Straw \u2014ideal for OEM\/ODM brands Insulated Double Walled Elderly Plastic Drinking Hospital Carafe Mug\" \/>\n<meta name=\"robots\" content=\"index, follow, max-snippet:-1, max-image-preview:large, max-video-preview:-1\" \/>\n<link rel=\"canonical\" href=\"https:\/\/customizedwaterbottles.com\/pt\/product\/32-oz-insulated-double-walled-hospital-water-cup-with-straw-and-lid\/\" \/>\n<meta property=\"og:locale\" content=\"pt_PT\" \/>\n<meta property=\"og:type\" content=\"article\" \/>\n<meta property=\"og:title\" content=\"32 oz Insulated Double Walled Hospital Water Cup With Straw and Lid 10816003PB - iFun\" \/>\n<meta property=\"og:description\" content=\"Creative Design Hospital Water Cup with Handle and Straw \u2014ideal for OEM\/ODM brands Insulated Double Walled Elderly Plastic Drinking Hospital Carafe Mug\" \/>\n<meta property=\"og:url\" content=\"https:\/\/customizedwaterbottles.com\/pt\/product\/32-oz-insulated-double-walled-hospital-water-cup-with-straw-and-lid\/\" \/>\n<meta property=\"og:site_name\" content=\"iFun\" \/>\n<meta property=\"article:modified_time\" content=\"2025-12-17T08:37:46+00:00\" \/>\n<meta property=\"og:image\" content=\"https:\/\/customizedwaterbottles.com\/wp-content\/uploads\/2025\/12\/32-oz-Hospital-Water-Cup-with-Straw-and-Lid-3.webp\" \/>\n\t<meta property=\"og:image:width\" content=\"2000\" \/>\n\t<meta property=\"og:image:height\" content=\"2000\" \/>\n\t<meta property=\"og:image:type\" content=\"image\/webp\" \/>\n<meta name=\"twitter:card\" content=\"summary_large_image\" \/>\n<meta name=\"twitter:label1\" content=\"Tempo estimado de leitura\" \/>\n\t<meta name=\"twitter:data1\" content=\"2 minutos\" \/>\n<script type=\"application\/ld+json\" class=\"yoast-schema-graph\">{\"@context\":\"https:\/\/schema.org\",\"@graph\":[{\"@type\":\"WebPage\",\"@id\":\"https:\/\/customizedwaterbottles.com\/product\/32-oz-insulated-double-walled-hospital-water-cup-with-straw-and-lid\/\",\"url\":\"https:\/\/customizedwaterbottles.com\/product\/32-oz-insulated-double-walled-hospital-water-cup-with-straw-and-lid\/\",\"name\":\"32 oz Insulated Double Walled Hospital Water Cup With Straw and Lid 10816003PB - iFun\",\"isPartOf\":{\"@id\":\"https:\/\/customizedwaterbottles.com\/#website\"},\"primaryImageOfPage\":{\"@id\":\"https:\/\/customizedwaterbottles.com\/product\/32-oz-insulated-double-walled-hospital-water-cup-with-straw-and-lid\/#primaryimage\"},\"image\":{\"@id\":\"https:\/\/customizedwaterbottles.com\/product\/32-oz-insulated-double-walled-hospital-water-cup-with-straw-and-lid\/#primaryimage\"},\"thumbnailUrl\":\"https:\/\/customizedwaterbottles.com\/wp-content\/uploads\/2025\/12\/32-oz-Hospital-Water-Cup-with-Straw-and-Lid-3.webp\",\"datePublished\":\"2025-12-16T09:29:57+00:00\",\"dateModified\":\"2025-12-17T08:37:46+00:00\",\"description\":\"Creative Design Hospital Water Cup with Handle and Straw \u2014ideal for OEM\/ODM brands Insulated Double Walled Elderly Plastic Drinking Hospital Carafe Mug\",\"breadcrumb\":{\"@id\":\"https:\/\/customizedwaterbottles.com\/product\/32-oz-insulated-double-walled-hospital-water-cup-with-straw-and-lid\/#breadcrumb\"},\"inLanguage\":\"pt-PT\",\"potentialAction\":[{\"@type\":\"ReadAction\",\"target\":[\"https:\/\/customizedwaterbottles.com\/product\/32-oz-insulated-double-walled-hospital-water-cup-with-straw-and-lid\/\"]}]},{\"@type\":\"ImageObject\",\"inLanguage\":\"pt-PT\",\"@id\":\"https:\/\/customizedwaterbottles.com\/product\/32-oz-insulated-double-walled-hospital-water-cup-with-straw-and-lid\/#primaryimage\",\"url\":\"https:\/\/customizedwaterbottles.com\/wp-content\/uploads\/2025\/12\/32-oz-Hospital-Water-Cup-with-Straw-and-Lid-3.webp\",\"contentUrl\":\"https:\/\/customizedwaterbottles.com\/wp-content\/uploads\/2025\/12\/32-oz-Hospital-Water-Cup-with-Straw-and-Lid-3.webp\",\"width\":2000,\"height\":2000,\"caption\":\"Hospital Plastic water cups\"},{\"@type\":\"BreadcrumbList\",\"@id\":\"https:\/\/customizedwaterbottles.com\/product\/32-oz-insulated-double-walled-hospital-water-cup-with-straw-and-lid\/#breadcrumb\",\"itemListElement\":[{\"@type\":\"ListItem\",\"position\":1,\"name\":\"Home\",\"item\":\"https:\/\/customizedwaterbottles.com\/\"},{\"@type\":\"ListItem\",\"position\":2,\"name\":\"Products\",\"item\":\"https:\/\/customizedwaterbottles.com\/wholesale-drinkware-manufacturer-water-bottles-tumblers\/\"},{\"@type\":\"ListItem\",\"position\":3,\"name\":\"32 oz Insulated Double Walled Hospital Water Cup With Straw and Lid 10816003PB\"}]},{\"@type\":\"WebSite\",\"@id\":\"https:\/\/customizedwaterbottles.com\/#website\",\"url\":\"https:\/\/customizedwaterbottles.com\/\",\"name\":\"iFun\",\"description\":\"Water Bottles Stainless Steel Vacuum Flask\",\"potentialAction\":[{\"@type\":\"SearchAction\",\"target\":{\"@type\":\"EntryPoint\",\"urlTemplate\":\"https:\/\/customizedwaterbottles.com\/?s={search_term_string}\"},\"query-input\":{\"@type\":\"PropertyValueSpecification\",\"valueRequired\":true,\"valueName\":\"search_term_string\"}}],\"inLanguage\":\"pt-PT\"}]}<\/script>\n<!-- \/ Yoast SEO plugin. -->","yoast_head_json":{"title":"32 oz Insulated Double Walled Hospital Water Cup With Straw and Lid 10816003PB - iFun","description":"Creative Design Hospital Water Cup with Handle and Straw \u2014ideal for OEM\/ODM brands Insulated Double Walled Elderly Plastic Drinking Hospital Carafe Mug","robots":{"index":"index","follow":"follow","max-snippet":"max-snippet:-1","max-image-preview":"max-image-preview:large","max-video-preview":"max-video-preview:-1"},"canonical":"https:\/\/customizedwaterbottles.com\/pt\/product\/32-oz-insulated-double-walled-hospital-water-cup-with-straw-and-lid\/","og_locale":"pt_PT","og_type":"article","og_title":"32 oz Insulated Double Walled Hospital Water Cup With Straw and Lid 10816003PB - iFun","og_description":"Creative Design Hospital Water Cup with Handle and Straw \u2014ideal for OEM\/ODM brands Insulated Double Walled Elderly Plastic Drinking Hospital Carafe Mug","og_url":"https:\/\/customizedwaterbottles.com\/pt\/product\/32-oz-insulated-double-walled-hospital-water-cup-with-straw-and-lid\/","og_site_name":"iFun","article_modified_time":"2025-12-17T08:37:46+00:00","og_image":[{"width":2000,"height":2000,"url":"https:\/\/customizedwaterbottles.com\/wp-content\/uploads\/2025\/12\/32-oz-Hospital-Water-Cup-with-Straw-and-Lid-3.webp","type":"image\/webp"}],"twitter_card":"summary_large_image","twitter_misc":{"Tempo estimado de leitura":"2 minutos"},"schema":{"@context":"https:\/\/schema.org","@graph":[{"@type":"WebPage","@id":"https:\/\/customizedwaterbottles.com\/product\/32-oz-insulated-double-walled-hospital-water-cup-with-straw-and-lid\/","url":"https:\/\/customizedwaterbottles.com\/product\/32-oz-insulated-double-walled-hospital-water-cup-with-straw-and-lid\/","name":"32 oz Insulated Double Walled Hospital Water Cup With Straw and Lid 10816003PB - iFun","isPartOf":{"@id":"https:\/\/customizedwaterbottles.com\/#website"},"primaryImageOfPage":{"@id":"https:\/\/customizedwaterbottles.com\/product\/32-oz-insulated-double-walled-hospital-water-cup-with-straw-and-lid\/#primaryimage"},"image":{"@id":"https:\/\/customizedwaterbottles.com\/product\/32-oz-insulated-double-walled-hospital-water-cup-with-straw-and-lid\/#primaryimage"},"thumbnailUrl":"https:\/\/customizedwaterbottles.com\/wp-content\/uploads\/2025\/12\/32-oz-Hospital-Water-Cup-with-Straw-and-Lid-3.webp","datePublished":"2025-12-16T09:29:57+00:00","dateModified":"2025-12-17T08:37:46+00:00","description":"Creative Design Hospital Water Cup with Handle and Straw \u2014ideal for OEM\/ODM brands Insulated Double Walled Elderly Plastic Drinking Hospital Carafe Mug","breadcrumb":{"@id":"https:\/\/customizedwaterbottles.com\/product\/32-oz-insulated-double-walled-hospital-water-cup-with-straw-and-lid\/#breadcrumb"},"inLanguage":"pt-PT","potentialAction":[{"@type":"ReadAction","target":["https:\/\/customizedwaterbottles.com\/product\/32-oz-insulated-double-walled-hospital-water-cup-with-straw-and-lid\/"]}]},{"@type":"ImageObject","inLanguage":"pt-PT","@id":"https:\/\/customizedwaterbottles.com\/product\/32-oz-insulated-double-walled-hospital-water-cup-with-straw-and-lid\/#primaryimage","url":"https:\/\/customizedwaterbottles.com\/wp-content\/uploads\/2025\/12\/32-oz-Hospital-Water-Cup-with-Straw-and-Lid-3.webp","contentUrl":"https:\/\/customizedwaterbottles.com\/wp-content\/uploads\/2025\/12\/32-oz-Hospital-Water-Cup-with-Straw-and-Lid-3.webp","width":2000,"height":2000,"caption":"Hospital Plastic water cups"},{"@type":"BreadcrumbList","@id":"https:\/\/customizedwaterbottles.com\/product\/32-oz-insulated-double-walled-hospital-water-cup-with-straw-and-lid\/#breadcrumb","itemListElement":[{"@type":"ListItem","position":1,"name":"Home","item":"https:\/\/customizedwaterbottles.com\/"},{"@type":"ListItem","position":2,"name":"Products","item":"https:\/\/customizedwaterbottles.com\/wholesale-drinkware-manufacturer-water-bottles-tumblers\/"},{"@type":"ListItem","position":3,"name":"32 oz Insulated Double Walled Hospital Water Cup With Straw and Lid 10816003PB"}]},{"@type":"WebSite","@id":"https:\/\/customizedwaterbottles.com\/#website","url":"https:\/\/customizedwaterbottles.com\/","name":"iFun","description":"Water Bottles Stainless Steel Vacuum Flask","potentialAction":[{"@type":"SearchAction","target":{"@type":"EntryPoint","urlTemplate":"https:\/\/customizedwaterbottles.com\/?s={search_term_string}"},"query-input":{"@type":"PropertyValueSpecification","valueRequired":true,"valueName":"search_term_string"}}],"inLanguage":"pt-PT"}]}},"_links":{"self":[{"href":"https:\/\/customizedwaterbottles.com\/pt\/wp-json\/wp\/v2\/product\/4514","targetHints":{"allow":["GET"]}}],"collection":[{"href":"https:\/\/customizedwaterbottles.com\/pt\/wp-json\/wp\/v2\/product"}],"about":[{"href":"https:\/\/customizedwaterbottles.com\/pt\/wp-json\/wp\/v2\/types\/product"}],"replies":[{"embeddable":true,"href":"https:\/\/customizedwaterbottles.com\/pt\/wp-json\/wp\/v2\/comments?post=4514"}],"wp:featuredmedia":[{"embeddable":true,"href":"https:\/\/customizedwaterbottles.com\/pt\/wp-json\/wp\/v2\/media\/4520"}],"wp:attachment":[{"href":"https:\/\/customizedwaterbottles.com\/pt\/wp-json\/wp\/v2\/media?parent=4514"}],"wp:term":[{"taxonomy":"product_brand","embeddable":true,"href":"https:\/\/customizedwaterbottles.com\/pt\/wp-json\/wp\/v2\/product_brand?post=4514"},{"taxonomy":"product_cat","embeddable":true,"href":"https:\/\/customizedwaterbottles.com\/pt\/wp-json\/wp\/v2\/product_cat?post=4514"},{"taxonomy":"product_tag","embeddable":true,"href":"https:\/\/customizedwaterbottles.com\/pt\/wp-json\/wp\/v2\/product_tag?post=4514"}],"curies":[{"name":"wp","href":"https:\/\/api.w.org\/{rel}","templated":true}]}}