{"id":4994,"date":"2026-01-09T06:20:00","date_gmt":"2026-01-09T06:20:00","guid":{"rendered":"https:\/\/customizedwaterbottles.com\/?post_type=product&#038;p=4994"},"modified":"2026-01-09T06:48:14","modified_gmt":"2026-01-09T06:48:14","slug":"brand-fifa-world-cup-2026-edition-32ozstainless-steel-sports-water-bottle","status":"publish","type":"product","link":"https:\/\/customizedwaterbottles.com\/pt\/product\/brand-fifa-world-cup-2026-edition-32ozstainless-steel-sports-water-bottle\/","title":{"rendered":"Marca FIFA World Cup 2026 Edition Garrafa de \u00e1gua desportiva de 32 oz em a\u00e7o inoxid\u00e1vel 1081642W"},"content":{"rendered":"<p><span style=\"color: #000000;\"><strong>\u00a0 \u00a0 \u00a0 Nome do produto\uff1a Garrafas de \u00e1gua personalizadas para a Copa do Mundo FIFA 2026<\/strong><strong><br \/>\n<\/strong><strong>\u00a0 \u00a0 \u00a0 Capacidade\uff1a<\/strong>32 on\u00e7as<\/span><br \/>\n<span style=\"color: #000000;\"><strong>\u00a0 \u00a0 \u00a0 Cor\uff1a<\/strong>Pintura brilhante, pintura mate, revestimento em p\u00f3, etc.<\/span><br \/>\n<span style=\"color: #000000;\"><strong>\u00a0 \u00a0 \u00a0 Log\u00f3tipo\uff1a<\/strong>Impress\u00e3o serigr\u00e1fica, impress\u00e3o por transfer\u00eancia t\u00e9rmica, grava\u00e7\u00e3o a laser, transfer\u00eancia de \u00e1gua, etc.<\/span><br \/>\n<span style=\"color: #000000;\"><strong>\u00a0 \u00a0 \u00a0 MOQ\uff1a<\/strong>500 unidades<\/span><br \/>\n<span style=\"color: #000000;\"><strong>\u00a0 \u00a0 \u00a0 Tempo de amostragem\uff1a<\/strong>3-7 dias para design personalizado<\/span><br \/>\n<span style=\"color: #000000;\"><strong>\u00a0 \u00a0 \u00a0 Certifica\u00e7\u00e3o\uff1a<\/strong>FDA, LFGB<\/span><br \/>\n<span style=\"color: #000000;\"><strong>\u00a0 \u00a0 \u00a0 Embalagem<\/strong>\uff1aCaixa branca, caixa de cor ou caixa de design personalizado<\/span><br \/>\n<span style=\"color: #000000;\"><strong>\u00a0 \u00a0 \u00a0 Capacidade de produ\u00e7\u00e3o\uff1a<\/strong>500.000 unidades por m\u00eas<\/span><br \/>\n<span style=\"color: #000000;\"><strong>\u00a0 \u00a0 \u00a0 Prazo de entrega\uff1a<\/strong>5-25dias para quantidades inferiores a 20.000pcs<\/span><\/p>\n<p><img decoding=\"async\" class=\"alignnone size-full wp-image-5000\" src=\"https:\/\/customizedwaterbottles.com\/wp-content\/uploads\/2026\/01\/Brand-FIFA-World-Cup-2026-Edition-32ozStainless-Steel-Sports-Water-Bottles-5.webp\" alt=\"Garrafas de \u00e1gua para o Campeonato do Mundo\" width=\"720\" height=\"720\" srcset=\"https:\/\/customizedwaterbottles.com\/wp-content\/uploads\/2026\/01\/Brand-FIFA-World-Cup-2026-Edition-32ozStainless-Steel-Sports-Water-Bottles-5.webp 720w, https:\/\/customizedwaterbottles.com\/wp-content\/uploads\/2026\/01\/Brand-FIFA-World-Cup-2026-Edition-32ozStainless-Steel-Sports-Water-Bottles-5-12x12.webp 12w, https:\/\/customizedwaterbottles.com\/wp-content\/uploads\/2026\/01\/Brand-FIFA-World-Cup-2026-Edition-32ozStainless-Steel-Sports-Water-Bottles-5-300x300.webp 300w, https:\/\/customizedwaterbottles.com\/wp-content\/uploads\/2026\/01\/Brand-FIFA-World-Cup-2026-Edition-32ozStainless-Steel-Sports-Water-Bottles-5-600x600.webp 600w, https:\/\/customizedwaterbottles.com\/wp-content\/uploads\/2026\/01\/Brand-FIFA-World-Cup-2026-Edition-32ozStainless-Steel-Sports-Water-Bottles-5-100x100.webp 100w\" sizes=\"(max-width: 720px) 100vw, 720px\" \/><\/p>\n<p><img decoding=\"async\" class=\"alignnone size-full wp-image-4999\" src=\"https:\/\/customizedwaterbottles.com\/wp-content\/uploads\/2026\/01\/Brand-FIFA-World-Cup-2026-Edition-32ozStainless-Steel-Sports-Water-Bottles-4.webp\" alt=\"Garrafas de \u00e1gua para o Campeonato do Mundo\" width=\"800\" height=\"800\" srcset=\"https:\/\/customizedwaterbottles.com\/wp-content\/uploads\/2026\/01\/Brand-FIFA-World-Cup-2026-Edition-32ozStainless-Steel-Sports-Water-Bottles-4.webp 800w, https:\/\/customizedwaterbottles.com\/wp-content\/uploads\/2026\/01\/Brand-FIFA-World-Cup-2026-Edition-32ozStainless-Steel-Sports-Water-Bottles-4-768x768.webp 768w, https:\/\/customizedwaterbottles.com\/wp-content\/uploads\/2026\/01\/Brand-FIFA-World-Cup-2026-Edition-32ozStainless-Steel-Sports-Water-Bottles-4-12x12.webp 12w, https:\/\/customizedwaterbottles.com\/wp-content\/uploads\/2026\/01\/Brand-FIFA-World-Cup-2026-Edition-32ozStainless-Steel-Sports-Water-Bottles-4-300x300.webp 300w, https:\/\/customizedwaterbottles.com\/wp-content\/uploads\/2026\/01\/Brand-FIFA-World-Cup-2026-Edition-32ozStainless-Steel-Sports-Water-Bottles-4-600x600.webp 600w, https:\/\/customizedwaterbottles.com\/wp-content\/uploads\/2026\/01\/Brand-FIFA-World-Cup-2026-Edition-32ozStainless-Steel-Sports-Water-Bottles-4-100x100.webp 100w\" sizes=\"(max-width: 800px) 100vw, 800px\" \/><img decoding=\"async\" class=\"alignnone size-full wp-image-4998\" src=\"https:\/\/customizedwaterbottles.com\/wp-content\/uploads\/2026\/01\/Brand-FIFA-World-Cup-2026-Edition-32ozStainless-Steel-Sports-Water-Bottles-3.webp\" alt=\"Garrafas de \u00e1gua para o Campeonato do Mundo\" width=\"1200\" height=\"1200\" srcset=\"https:\/\/customizedwaterbottles.com\/wp-content\/uploads\/2026\/01\/Brand-FIFA-World-Cup-2026-Edition-32ozStainless-Steel-Sports-Water-Bottles-3.webp 1200w, https:\/\/customizedwaterbottles.com\/wp-content\/uploads\/2026\/01\/Brand-FIFA-World-Cup-2026-Edition-32ozStainless-Steel-Sports-Water-Bottles-3-1024x1024.webp 1024w, https:\/\/customizedwaterbottles.com\/wp-content\/uploads\/2026\/01\/Brand-FIFA-World-Cup-2026-Edition-32ozStainless-Steel-Sports-Water-Bottles-3-768x768.webp 768w, https:\/\/customizedwaterbottles.com\/wp-content\/uploads\/2026\/01\/Brand-FIFA-World-Cup-2026-Edition-32ozStainless-Steel-Sports-Water-Bottles-3-12x12.webp 12w, https:\/\/customizedwaterbottles.com\/wp-content\/uploads\/2026\/01\/Brand-FIFA-World-Cup-2026-Edition-32ozStainless-Steel-Sports-Water-Bottles-3-300x300.webp 300w, https:\/\/customizedwaterbottles.com\/wp-content\/uploads\/2026\/01\/Brand-FIFA-World-Cup-2026-Edition-32ozStainless-Steel-Sports-Water-Bottles-3-600x600.webp 600w, https:\/\/customizedwaterbottles.com\/wp-content\/uploads\/2026\/01\/Brand-FIFA-World-Cup-2026-Edition-32ozStainless-Steel-Sports-Water-Bottles-3-100x100.webp 100w\" sizes=\"(max-width: 1200px) 100vw, 1200px\" \/><\/p>\n<p>&nbsp;<\/p>\n<h2><span style=\"color: #000000;\"><strong>Por que escolher a garrafa de \u00e1gua para f\u00e3s de futebol da Copa do Mundo FIFA 2026\uff1f<\/strong><\/span><\/h2>\n<ol>\n<li><span style=\"color: #000000;\"><strong>Certificado de Qualidade e Seguran\u00e7a<\/strong><\/span><br \/>\n<span style=\"color: #000000;\">A nossa garrafa de \u00e1gua Autospout, garrafas de \u00e1gua e artigos para beber cumprem as normas internacionais (CE, FDA, CA65\/Prop65, LFGB), garantindo produtos sem BPA, duradouros e seguros para os seus clientes.<\/span><\/li>\n<li><span style=\"color: #000000;\"><strong>\u00a0Destaque-se com designs personalizados<br \/>\n<\/strong>A sua marca merece artigos para beber \u00fanicos que chamem a aten\u00e7\u00e3o. Com os designs elegantes e personaliz\u00e1veis da Anhui iFun, a sua Garrafa de \u00e1gua de metal com bico autom\u00e1tico reflectir\u00e1 a identidade da sua marca e ajud\u00e1-lo-\u00e1 a destacar-se num mercado competitivo.<\/span><\/li>\n<li><span style=\"color: #000000;\"><strong>Controlo de qualidade rigoroso<br \/>\n<\/strong>A qualidade est\u00e1 no centro do nosso processo de fabrico. A nossa equipa dedicada de inspectores garante que cada garrafa de \u00e1gua Metal Autospout cumpre normas rigorosas antes de chegar aos seus clientes em todo o mundo.<\/span><\/li>\n<li><span style=\"color: #000000;\"><strong>Proteger a sua marca e as suas ideias<br \/>\n<\/strong>Respeitamos a propriedade intelectual e a confidencialidade. Se necess\u00e1rio, teremos todo o gosto em assinar acordos NDA ou NNN para salvaguardar os seus projectos OEM\/ODM.<\/span><\/li>\n<li><span style=\"color: #000000;\"><strong>Produ\u00e7\u00e3o eficiente e automatizada<br \/>\n<\/strong>Especializados no fabrico de copos, utilizamos linhas de produ\u00e7\u00e3o avan\u00e7adas e tecnologias da Ind\u00fastria 4.0 para fornecer produtos rent\u00e1veis e de alta qualidade a pre\u00e7os competitivos.<\/span><\/li>\n<li><span style=\"color: #000000;\"><strong>Especializa\u00e7\u00e3o em OEM\/ODM<br \/>\n<\/strong>Os nossos engenheiros experientes, com mais de 20 anos de experi\u00eancia no fabrico de artigos para bebidas, podem transformar as suas ideias em mini-garrafas hidro prontas para o mercado - ajudando-o a criar bestsellers.<\/span><\/li>\n<li><span style=\"color: #000000;\"><strong>Servi\u00e7os de personaliza\u00e7\u00e3o completa<br \/>\n<\/strong>Desde a moldagem at\u00e9 \u00e0 embalagem, oferecemos uma personaliza\u00e7\u00e3o de ponta a ponta para corresponder \u00e0s necessidades da sua marca:<\/span><br \/>\n<span style=\"color: #000000;\"><strong>Moldagem personalizada<\/strong> - <a style=\"color: #000000;\" href=\"https:\/\/customizedwaterbottles.com\/pt\/custom-water-bottle-mold-maker-bpa-free-vacuum-flask-oem\/\" target=\"_blank\" rel=\"noopener\">https:\/\/customizedwaterbottles.com\/custom-water-bottle-mold-maker-bpa-free-vacuum-flask-oem\/<\/a><\/span><br \/>\n<span style=\"color: #000000;\"><strong>Decora\u00e7\u00e3o personalizada<\/strong> -<a style=\"color: #000000;\" href=\"https:\/\/customizedwaterbottles.com\/pt\/graphic-design-water-bottles-custom-stainless-steel-oem\/\" target=\"_blank\" rel=\"noopener\"> https:\/\/customizedwaterbottles.com\/graphic-design-water-bottles-custom-stainless-steel-oem\/<\/a><\/span><br \/>\n<span style=\"color: #000000;\"><strong>Log\u00f3tipos e embalagens personalizados<\/strong> - <a style=\"color: #000000;\" href=\"https:\/\/customizedwaterbottles.com\/pt\/wholesale-custom-packaging-for-water-bottles-tumblers\/\" target=\"_blank\" rel=\"noopener\">https:\/\/customizedwaterbottles.com\/wholesale-custom-packaging-for-water-bottles-tumblers\/<\/a><\/span><br \/>\n<span style=\"color: #000000;\"><strong>Prenda personalizada<\/strong> - <a style=\"color: #000000;\" href=\"https:\/\/customizedwaterbottles.com\/pt\/promotional-drinkware-for-businesses-custom-branded-gifts\/\" target=\"_blank\" rel=\"noopener\">https:\/\/customizedwaterbottles.com\/promotional-drinkware-for-businesses-custom-branded-gifts\/<\/a><\/span><\/li>\n<\/ol>\n<p><span style=\"color: #000000;\">[post-link-list]<\/span><\/p>\n<p><span style=\"color: #000000;\">\u00a0\u00a0 \u00a0 \u00a0<\/span><\/p>","protected":false},"excerpt":{"rendered":"<h3><strong><span style=\"color: #000000;\">Carater\u00edsticas do produto:<\/span><\/strong><\/h3>\n<p>Marca FIFA World Cup 2026 Edition Garrafa de \u00e1gua desportiva de 32 oz em a\u00e7o inoxid\u00e1vel<\/p>\n<ul class=\"a-unordered-list a-vertical a-spacing-mini\">\n<li class=\"a-spacing-mini\"><span class=\"a-list-item\">Dur\u00e1veis e vers\u00e1teis: Estas garrafas de \u00e1gua s\u00e3o feitas de a\u00e7o inoxid\u00e1vel de qualidade alimentar de primeira qualidade. Dispon\u00edveis com uma tampa de palha ou uma tampa de caneca, escolha a que melhor se adapta \u00e0s suas necessidades. Perfeitas como garrafa de \u00e1gua para gin\u00e1sio, garrafa de \u00e1gua para viagem ou para uso quotidiano.<\/span><\/li>\n<li class=\"a-spacing-mini\"><span class=\"a-list-item\">Isolamento de parede dupla: A nossa garrafa de \u00e1gua isolada de 32 oz mant\u00e9m as bebidas frias at\u00e9 24 horas e quentes at\u00e9 12 horas. Ideal para todas as esta\u00e7\u00f5es, \u00e9 a melhor garrafa de \u00e1gua para manter a temperatura da sua bebida.<\/span><\/li>\n<li class=\"a-spacing-mini\"><span class=\"a-list-item\">Variedade de tamanhos: Estas garrafas de \u00e1gua est\u00e3o dispon\u00edveis em tr\u00eas tamanhos para satisfazer as suas necessidades: 26 oz, 32 oz e 40 oz. O tamanho de 26 oz \u00e9 compat\u00edvel com o suporte para copos, o que o torna um excelente companheiro de viagem. A garrafa de \u00e1gua de 40 oz \u00e9 perfeita para quem precisa de mais hidrata\u00e7\u00e3o.<\/span><\/li>\n<li class=\"a-spacing-mini\"><span class=\"a-list-item\">\u00c0 prova de fugas e derrames: Garrafas isoladas concebidas com uma tampa \u00e0 prova de fugas e de derrames. Cada tampa de garrafa tem uma pega de transporte integrada para facilitar o transporte. A garrafa de \u00e1gua com palhinha \u00e9 uma op\u00e7\u00e3o pr\u00e1tica para pessoas activas.<\/span><\/li>\n<li class=\"a-spacing-mini\"><span class=\"a-list-item\">Alta qualidade e estilo: Uma garrafa isolada de alta qualidade com uma tampa e bota de cor a condizer. Inclui uma bota de borracha protetora para maior durabilidade. Escolha a nossa garrafa de \u00e1gua cantil para uma combina\u00e7\u00e3o de estilo e praticidade.<\/span><\/li>\n<\/ul>\n<h3><strong>Servi\u00e7os personalizados: \u00a0<\/strong><\/h3>\n<ul>\n<li><strong>Log\u00f3tipo e design:<\/strong> Ifun Garrafas de \u00e1gua personalizadas para o Campeonato do Mundo FIFA 2026 com o log\u00f3tipo da sua marca. Podemos fazer o seu log\u00f3tipo e design com serigrafia, grava\u00e7\u00e3o a laser, transfer\u00eancia de calor, impress\u00e3o 3D, impress\u00e3o UV, etc.<\/li>\n<li><strong>Cor:<\/strong> As cores podem ser personalizadas de acordo com o n\u00famero de cor pantone, podemos faz\u00ea-lo com acabamento mate, pintura brilhante, revestimento em p\u00f3, etc.<\/li>\n<li><strong>Capacidade:<\/strong> Temos garrafas de \u00e1gua desportivas de 32 oz da marca para a FIFT WORLD CUP, outra capacidade que tamb\u00e9m podemos personalizar para si.<\/li>\n<li><strong>Tampas: <\/strong>100% Tampa estanque BPA FREE, a cor pode ser personalizada.<\/li>\n<li><strong>Embalagem: <\/strong>Caixa de cor, caixa branca, caixa de oferta, caixa de cart\u00e3o castanho, caixa cil\u00edndrica, etc.<\/li>\n<\/ul>","protected":false},"featured_media":4996,"comment_status":"open","ping_status":"closed","template":"","meta":[],"product_brand":[],"product_cat":[24],"product_tag":[304],"class_list":{"0":"post-4994","1":"product","2":"type-product","3":"status-publish","4":"has-post-thumbnail","6":"product_cat-water-bottles","7":"product_tag-fifa-world-cup-2026-water-bottles","9":"first","10":"instock","11":"shipping-taxable","12":"product-type-simple"},"yoast_head":"<!-- This site is optimized with the Yoast SEO plugin v25.4 - https:\/\/yoast.com\/wordpress\/plugins\/seo\/ -->\n<title>FIFA World Cup 2026 Soccer Fan Water Bottle<\/title>\n<meta name=\"description\" content=\"Stay hydrated while cheering at the FIFA World Cup 2026. Discover the best soccer fan custom logo Brand BPA-free Stainless Steel Sports Water Bottle\" \/>\n<meta name=\"robots\" content=\"index, follow, max-snippet:-1, max-image-preview:large, max-video-preview:-1\" \/>\n<link rel=\"canonical\" href=\"https:\/\/customizedwaterbottles.com\/pt\/product\/brand-fifa-world-cup-2026-edition-32ozstainless-steel-sports-water-bottle\/\" \/>\n<meta property=\"og:locale\" content=\"pt_PT\" \/>\n<meta property=\"og:type\" content=\"article\" \/>\n<meta property=\"og:title\" content=\"FIFA World Cup 2026 Soccer Fan Water Bottle\" \/>\n<meta property=\"og:description\" content=\"Stay hydrated while cheering at the FIFA World Cup 2026. Discover the best soccer fan custom logo Brand BPA-free Stainless Steel Sports Water Bottle\" \/>\n<meta property=\"og:url\" content=\"https:\/\/customizedwaterbottles.com\/pt\/product\/brand-fifa-world-cup-2026-edition-32ozstainless-steel-sports-water-bottle\/\" \/>\n<meta property=\"og:site_name\" content=\"iFun\" \/>\n<meta property=\"article:modified_time\" content=\"2026-01-09T06:48:14+00:00\" \/>\n<meta property=\"og:image\" content=\"https:\/\/customizedwaterbottles.com\/wp-content\/uploads\/2026\/01\/Brand-FIFA-World-Cup-2026-Edition-32ozStainless-Steel-Sports-Water-Bottles-1.webp\" \/>\n\t<meta property=\"og:image:width\" content=\"1200\" \/>\n\t<meta property=\"og:image:height\" content=\"896\" \/>\n\t<meta property=\"og:image:type\" content=\"image\/webp\" \/>\n<meta name=\"twitter:card\" content=\"summary_large_image\" \/>\n<meta name=\"twitter:label1\" content=\"Tempo estimado de leitura\" \/>\n\t<meta name=\"twitter:data1\" content=\"2 minutos\" \/>\n<script type=\"application\/ld+json\" class=\"yoast-schema-graph\">{\"@context\":\"https:\/\/schema.org\",\"@graph\":[{\"@type\":\"WebPage\",\"@id\":\"https:\/\/customizedwaterbottles.com\/product\/brand-fifa-world-cup-2026-edition-32ozstainless-steel-sports-water-bottle\/\",\"url\":\"https:\/\/customizedwaterbottles.com\/product\/brand-fifa-world-cup-2026-edition-32ozstainless-steel-sports-water-bottle\/\",\"name\":\"FIFA World Cup 2026 Soccer Fan Water Bottle\",\"isPartOf\":{\"@id\":\"https:\/\/customizedwaterbottles.com\/#website\"},\"primaryImageOfPage\":{\"@id\":\"https:\/\/customizedwaterbottles.com\/product\/brand-fifa-world-cup-2026-edition-32ozstainless-steel-sports-water-bottle\/#primaryimage\"},\"image\":{\"@id\":\"https:\/\/customizedwaterbottles.com\/product\/brand-fifa-world-cup-2026-edition-32ozstainless-steel-sports-water-bottle\/#primaryimage\"},\"thumbnailUrl\":\"https:\/\/customizedwaterbottles.com\/wp-content\/uploads\/2026\/01\/Brand-FIFA-World-Cup-2026-Edition-32ozStainless-Steel-Sports-Water-Bottles-1.webp\",\"datePublished\":\"2026-01-09T06:20:00+00:00\",\"dateModified\":\"2026-01-09T06:48:14+00:00\",\"description\":\"Stay hydrated while cheering at the FIFA World Cup 2026. Discover the best soccer fan custom logo Brand BPA-free Stainless Steel Sports Water Bottle\",\"breadcrumb\":{\"@id\":\"https:\/\/customizedwaterbottles.com\/product\/brand-fifa-world-cup-2026-edition-32ozstainless-steel-sports-water-bottle\/#breadcrumb\"},\"inLanguage\":\"pt-PT\",\"potentialAction\":[{\"@type\":\"ReadAction\",\"target\":[\"https:\/\/customizedwaterbottles.com\/product\/brand-fifa-world-cup-2026-edition-32ozstainless-steel-sports-water-bottle\/\"]}]},{\"@type\":\"ImageObject\",\"inLanguage\":\"pt-PT\",\"@id\":\"https:\/\/customizedwaterbottles.com\/product\/brand-fifa-world-cup-2026-edition-32ozstainless-steel-sports-water-bottle\/#primaryimage\",\"url\":\"https:\/\/customizedwaterbottles.com\/wp-content\/uploads\/2026\/01\/Brand-FIFA-World-Cup-2026-Edition-32ozStainless-Steel-Sports-Water-Bottles-1.webp\",\"contentUrl\":\"https:\/\/customizedwaterbottles.com\/wp-content\/uploads\/2026\/01\/Brand-FIFA-World-Cup-2026-Edition-32ozStainless-Steel-Sports-Water-Bottles-1.webp\",\"width\":1200,\"height\":896,\"caption\":\"World cup water bottles\"},{\"@type\":\"BreadcrumbList\",\"@id\":\"https:\/\/customizedwaterbottles.com\/product\/brand-fifa-world-cup-2026-edition-32ozstainless-steel-sports-water-bottle\/#breadcrumb\",\"itemListElement\":[{\"@type\":\"ListItem\",\"position\":1,\"name\":\"Home\",\"item\":\"https:\/\/customizedwaterbottles.com\/\"},{\"@type\":\"ListItem\",\"position\":2,\"name\":\"Products\",\"item\":\"https:\/\/customizedwaterbottles.com\/wholesale-drinkware-manufacturer-water-bottles-tumblers\/\"},{\"@type\":\"ListItem\",\"position\":3,\"name\":\"Brand FIFA World Cup 2026 Edition 32oz Stainless Steel Sports Water Bottle 1081642W\"}]},{\"@type\":\"WebSite\",\"@id\":\"https:\/\/customizedwaterbottles.com\/#website\",\"url\":\"https:\/\/customizedwaterbottles.com\/\",\"name\":\"iFun\",\"description\":\"Water Bottles Stainless Steel Vacuum Flask\",\"potentialAction\":[{\"@type\":\"SearchAction\",\"target\":{\"@type\":\"EntryPoint\",\"urlTemplate\":\"https:\/\/customizedwaterbottles.com\/?s={search_term_string}\"},\"query-input\":{\"@type\":\"PropertyValueSpecification\",\"valueRequired\":true,\"valueName\":\"search_term_string\"}}],\"inLanguage\":\"pt-PT\"}]}<\/script>\n<!-- \/ Yoast SEO plugin. -->","yoast_head_json":{"title":"FIFA World Cup 2026 Soccer Fan Water Bottle","description":"Stay hydrated while cheering at the FIFA World Cup 2026. Discover the best soccer fan custom logo Brand BPA-free Stainless Steel Sports Water Bottle","robots":{"index":"index","follow":"follow","max-snippet":"max-snippet:-1","max-image-preview":"max-image-preview:large","max-video-preview":"max-video-preview:-1"},"canonical":"https:\/\/customizedwaterbottles.com\/pt\/product\/brand-fifa-world-cup-2026-edition-32ozstainless-steel-sports-water-bottle\/","og_locale":"pt_PT","og_type":"article","og_title":"FIFA World Cup 2026 Soccer Fan Water Bottle","og_description":"Stay hydrated while cheering at the FIFA World Cup 2026. Discover the best soccer fan custom logo Brand BPA-free Stainless Steel Sports Water Bottle","og_url":"https:\/\/customizedwaterbottles.com\/pt\/product\/brand-fifa-world-cup-2026-edition-32ozstainless-steel-sports-water-bottle\/","og_site_name":"iFun","article_modified_time":"2026-01-09T06:48:14+00:00","og_image":[{"width":1200,"height":896,"url":"https:\/\/customizedwaterbottles.com\/wp-content\/uploads\/2026\/01\/Brand-FIFA-World-Cup-2026-Edition-32ozStainless-Steel-Sports-Water-Bottles-1.webp","type":"image\/webp"}],"twitter_card":"summary_large_image","twitter_misc":{"Tempo estimado de leitura":"2 minutos"},"schema":{"@context":"https:\/\/schema.org","@graph":[{"@type":"WebPage","@id":"https:\/\/customizedwaterbottles.com\/product\/brand-fifa-world-cup-2026-edition-32ozstainless-steel-sports-water-bottle\/","url":"https:\/\/customizedwaterbottles.com\/product\/brand-fifa-world-cup-2026-edition-32ozstainless-steel-sports-water-bottle\/","name":"FIFA World Cup 2026 Soccer Fan Water Bottle","isPartOf":{"@id":"https:\/\/customizedwaterbottles.com\/#website"},"primaryImageOfPage":{"@id":"https:\/\/customizedwaterbottles.com\/product\/brand-fifa-world-cup-2026-edition-32ozstainless-steel-sports-water-bottle\/#primaryimage"},"image":{"@id":"https:\/\/customizedwaterbottles.com\/product\/brand-fifa-world-cup-2026-edition-32ozstainless-steel-sports-water-bottle\/#primaryimage"},"thumbnailUrl":"https:\/\/customizedwaterbottles.com\/wp-content\/uploads\/2026\/01\/Brand-FIFA-World-Cup-2026-Edition-32ozStainless-Steel-Sports-Water-Bottles-1.webp","datePublished":"2026-01-09T06:20:00+00:00","dateModified":"2026-01-09T06:48:14+00:00","description":"Stay hydrated while cheering at the FIFA World Cup 2026. Discover the best soccer fan custom logo Brand BPA-free Stainless Steel Sports Water Bottle","breadcrumb":{"@id":"https:\/\/customizedwaterbottles.com\/product\/brand-fifa-world-cup-2026-edition-32ozstainless-steel-sports-water-bottle\/#breadcrumb"},"inLanguage":"pt-PT","potentialAction":[{"@type":"ReadAction","target":["https:\/\/customizedwaterbottles.com\/product\/brand-fifa-world-cup-2026-edition-32ozstainless-steel-sports-water-bottle\/"]}]},{"@type":"ImageObject","inLanguage":"pt-PT","@id":"https:\/\/customizedwaterbottles.com\/product\/brand-fifa-world-cup-2026-edition-32ozstainless-steel-sports-water-bottle\/#primaryimage","url":"https:\/\/customizedwaterbottles.com\/wp-content\/uploads\/2026\/01\/Brand-FIFA-World-Cup-2026-Edition-32ozStainless-Steel-Sports-Water-Bottles-1.webp","contentUrl":"https:\/\/customizedwaterbottles.com\/wp-content\/uploads\/2026\/01\/Brand-FIFA-World-Cup-2026-Edition-32ozStainless-Steel-Sports-Water-Bottles-1.webp","width":1200,"height":896,"caption":"World cup water bottles"},{"@type":"BreadcrumbList","@id":"https:\/\/customizedwaterbottles.com\/product\/brand-fifa-world-cup-2026-edition-32ozstainless-steel-sports-water-bottle\/#breadcrumb","itemListElement":[{"@type":"ListItem","position":1,"name":"Home","item":"https:\/\/customizedwaterbottles.com\/"},{"@type":"ListItem","position":2,"name":"Products","item":"https:\/\/customizedwaterbottles.com\/wholesale-drinkware-manufacturer-water-bottles-tumblers\/"},{"@type":"ListItem","position":3,"name":"Brand FIFA World Cup 2026 Edition 32oz Stainless Steel Sports Water Bottle 1081642W"}]},{"@type":"WebSite","@id":"https:\/\/customizedwaterbottles.com\/#website","url":"https:\/\/customizedwaterbottles.com\/","name":"iFun","description":"Water Bottles Stainless Steel Vacuum Flask","potentialAction":[{"@type":"SearchAction","target":{"@type":"EntryPoint","urlTemplate":"https:\/\/customizedwaterbottles.com\/?s={search_term_string}"},"query-input":{"@type":"PropertyValueSpecification","valueRequired":true,"valueName":"search_term_string"}}],"inLanguage":"pt-PT"}]}},"_links":{"self":[{"href":"https:\/\/customizedwaterbottles.com\/pt\/wp-json\/wp\/v2\/product\/4994","targetHints":{"allow":["GET"]}}],"collection":[{"href":"https:\/\/customizedwaterbottles.com\/pt\/wp-json\/wp\/v2\/product"}],"about":[{"href":"https:\/\/customizedwaterbottles.com\/pt\/wp-json\/wp\/v2\/types\/product"}],"replies":[{"embeddable":true,"href":"https:\/\/customizedwaterbottles.com\/pt\/wp-json\/wp\/v2\/comments?post=4994"}],"wp:featuredmedia":[{"embeddable":true,"href":"https:\/\/customizedwaterbottles.com\/pt\/wp-json\/wp\/v2\/media\/4996"}],"wp:attachment":[{"href":"https:\/\/customizedwaterbottles.com\/pt\/wp-json\/wp\/v2\/media?parent=4994"}],"wp:term":[{"taxonomy":"product_brand","embeddable":true,"href":"https:\/\/customizedwaterbottles.com\/pt\/wp-json\/wp\/v2\/product_brand?post=4994"},{"taxonomy":"product_cat","embeddable":true,"href":"https:\/\/customizedwaterbottles.com\/pt\/wp-json\/wp\/v2\/product_cat?post=4994"},{"taxonomy":"product_tag","embeddable":true,"href":"https:\/\/customizedwaterbottles.com\/pt\/wp-json\/wp\/v2\/product_tag?post=4994"}],"curies":[{"name":"wp","href":"https:\/\/api.w.org\/{rel}","templated":true}]}}